{"id":5749,"date":"2026-03-30T23:41:58","date_gmt":"2026-03-30T23:41:58","guid":{"rendered":"https:\/\/plastimex.mx\/?post_type=product&#038;p=5749"},"modified":"2026-04-07T17:56:32","modified_gmt":"2026-04-07T17:56:32","slug":"envase-pead-3-l-cubeta","status":"publish","type":"product","link":"https:\/\/plastimex.mx\/es_mx\/product\/envase-pead-3-l-cubeta\/","title":{"rendered":"Envase PEAD 3 L Cubeta"},"content":{"rendered":"<h4><strong>Envase PEAD 3 L Cubeta<\/strong><\/h4>\n<p><strong>Tapa R-183 mm<\/strong><\/p>\n<p><em>Ideal para Polvos<\/em><\/p>\n<p class=\"font-claude-response-body break-words whitespace-normal leading-[1.7]\">El\u00a0<strong>envase PEAD 3 L, <\/strong>Cubeta tiene alta resistencia y est\u00e1 fabricado en Polietileno de Alta Densidad (PEAD), adem\u00e1s de estar dise\u00f1ado para el almacenamiento y distribuci\u00f3n de polvos, productos cosm\u00e9ticos, farmac\u00e9uticos y art\u00edculos de limpieza.<\/p>\n<p class=\"font-claude-response-body break-words whitespace-normal leading-[1.7]\">Su asa integrada facilita el manejo y traslado del producto, mientras que su boca amplia con rosca R-183 mm asegura un cierre herm\u00e9tico y seguro.<\/p>\n<p class=\"font-claude-response-body break-words whitespace-normal leading-[1.7]\"><strong>Especificaciones t\u00e9cnicas:<\/strong><\/p>\n<p>Altura: 166 \u00b1 1 mm<\/p>\n<p>Di\u00e1metro: 186 \u00b1 2 mm<\/p>\n<p>Gramaje: 125 \u00b1 3 g<\/p>\n<p class=\"p1\"><b>Compatible con:<\/b><\/p>\n<p><strong><a href=\"https:\/\/maxipet.net\/productos\/tapas\/product\/315-tapa-cubeta-rosca-183mm-cintillo-seguridad\">Tapa para Cubeta R-183 mm<\/a><\/strong><\/p>\n<p>(Se vende por separado)<\/p>\n<p>&nbsp;<\/p>\n<p><strong>Colores de l\u00ednea<\/strong><\/p>\n<div class=\"contenedor-iconos-producto\">\n<div><img decoding=\"async\" class=\"\" src=\"https:\/\/maxipet.net\/images\/iconosprod\/colores\/blanco.webp\" alt=\"Blanco\" width=\"46\" height=\"46\" \/> Blanco\u00a0 \u00a0 <img decoding=\"async\" class=\"\" src=\"https:\/\/maxipet.net\/images\/iconosprod\/colores\/natural.webp\" alt=\"Natural\" width=\"45\" height=\"45\" \/> Natural<\/div>\n<div><\/div>\n<\/div>\n<p>&nbsp;<\/p>\n<p><strong>Ideal para uso<\/strong><\/p>\n<div class=\"contenedor-iconos-producto\">\n<div><img decoding=\"async\" class=\"\" src=\"https:\/\/maxipet.net\/images\/iconosprod\/usos\/cosmetico.webp\" alt=\"Cosm\u00e9tico\" width=\"45\" height=\"45\" \/> Cosm\u00e9tico\u00a0 \u00a0 \u00a0 <img loading=\"lazy\" decoding=\"async\" class=\"\" src=\"https:\/\/maxipet.net\/images\/iconosprod\/usos\/farmaceutico.webp\" alt=\"Farmac\u00e9utico\" width=\"45\" height=\"45\" \/> Farmac\u00e9utico\u00a0 \u00a0 \u00a0\u00a0 <img loading=\"lazy\" decoding=\"async\" class=\"\" src=\"https:\/\/maxipet.net\/images\/iconosprod\/usos\/limpieza.webp\" alt=\"Limpieza\" width=\"38\" height=\"38\" \/> Limpieza\u00a0 \u00a0 \u00a0\u00a0 <img loading=\"lazy\" decoding=\"async\" class=\"\" src=\"https:\/\/maxipet.net\/images\/iconosprod\/usos\/polvos.webp\" alt=\"Polvos\" width=\"38\" height=\"38\" \/>\u00a0Polvos<\/div>\n<div><\/div>\n<\/div>\n<p>&nbsp;<\/p>\n<p><strong>Paquete<\/strong><\/p>\n<p>106 cm de largo x 55 cm de ancho y una altura de 26 cm<\/p>\n<p>Peso: 4.7 kg<\/p>\n<p>&nbsp;<\/p>\n","protected":false},"excerpt":{"rendered":"<h4><strong>Envase PEAD 3 L Cubeta<\/strong><\/h4>\n","protected":false},"featured_media":5752,"template":"","meta":{"_acf_changed":false,"_joinchat":[]},"product_brand":[],"product_cat":[170],"product_tag":[],"class_list":{"0":"post-5749","1":"product","2":"type-product","3":"status-publish","4":"has-post-thumbnail","6":"product_cat-pead","8":"first","9":"instock","10":"shipping-taxable","11":"purchasable","12":"product-type-simple"},"acf":[],"yoast_head":"<!-- This site is optimized with the Yoast SEO plugin v26.3 - https:\/\/yoast.com\/wordpress\/plugins\/seo\/ -->\n<title>Envase PEAD 3 L Cubeta - Plastimex<\/title>\n<meta name=\"description\" content=\"El envase PEAD 3 L, Cubeta, es perfecto para almacenar y conservar polvos. Compatible con tapa de 183 mm. Solicita una cotizaci\u00f3n.\" \/>\n<meta name=\"robots\" content=\"index, follow, max-snippet:-1, max-image-preview:large, max-video-preview:-1\" \/>\n<link rel=\"canonical\" href=\"https:\/\/plastimex.mx\/es_mx\/product\/envase-pead-3-l-cubeta\/\" \/>\n<meta property=\"og:locale\" content=\"es_MX\" \/>\n<meta property=\"og:type\" content=\"article\" \/>\n<meta property=\"og:title\" content=\"Envase PEAD 3 L Cubeta - Plastimex\" \/>\n<meta property=\"og:description\" content=\"El envase PEAD 3 L, Cubeta, es perfecto para almacenar y conservar polvos. Compatible con tapa de 183 mm. Solicita una cotizaci\u00f3n.\" \/>\n<meta property=\"og:url\" content=\"https:\/\/plastimex.mx\/es_mx\/product\/envase-pead-3-l-cubeta\/\" \/>\n<meta property=\"og:site_name\" content=\"Plastimex\" \/>\n<meta property=\"article:modified_time\" content=\"2026-04-07T17:56:32+00:00\" \/>\n<meta property=\"og:image\" content=\"https:\/\/plastimex.mx\/wp-content\/uploads\/2026\/03\/Envase-PEAD-3-litros-Cubeta-Plastimex.jpg.jpeg\" \/>\n\t<meta property=\"og:image:width\" content=\"386\" \/>\n\t<meta property=\"og:image:height\" content=\"622\" \/>\n\t<meta property=\"og:image:type\" content=\"image\/jpeg\" \/>\n<meta name=\"twitter:card\" content=\"summary_large_image\" \/>\n<meta name=\"twitter:label1\" content=\"Tiempo de lectura\" \/>\n\t<meta name=\"twitter:data1\" content=\"3 minutos\" \/>\n<script type=\"application\/ld+json\" class=\"yoast-schema-graph\">{\"@context\":\"https:\/\/schema.org\",\"@graph\":[{\"@type\":\"WebPage\",\"@id\":\"https:\/\/plastimex.mx\/product\/envase-pead-3-l-cubeta\/\",\"url\":\"https:\/\/plastimex.mx\/product\/envase-pead-3-l-cubeta\/\",\"name\":\"Envase PEAD 3 L Cubeta - Plastimex\",\"isPartOf\":{\"@id\":\"https:\/\/plastimex.mx\/#website\"},\"primaryImageOfPage\":{\"@id\":\"https:\/\/plastimex.mx\/product\/envase-pead-3-l-cubeta\/#primaryimage\"},\"image\":{\"@id\":\"https:\/\/plastimex.mx\/product\/envase-pead-3-l-cubeta\/#primaryimage\"},\"thumbnailUrl\":\"https:\/\/plastimex.mx\/wp-content\/uploads\/2026\/03\/Envase-PEAD-3-litros-Cubeta-Plastimex.jpg.jpeg\",\"datePublished\":\"2026-03-30T23:41:58+00:00\",\"dateModified\":\"2026-04-07T17:56:32+00:00\",\"description\":\"El envase PEAD 3 L, Cubeta, es perfecto para almacenar y conservar polvos. Compatible con tapa de 183 mm. Solicita una cotizaci\u00f3n.\",\"breadcrumb\":{\"@id\":\"https:\/\/plastimex.mx\/product\/envase-pead-3-l-cubeta\/#breadcrumb\"},\"inLanguage\":\"es\",\"potentialAction\":[{\"@type\":\"ReadAction\",\"target\":[\"https:\/\/plastimex.mx\/product\/envase-pead-3-l-cubeta\/\"]}]},{\"@type\":\"ImageObject\",\"inLanguage\":\"es\",\"@id\":\"https:\/\/plastimex.mx\/product\/envase-pead-3-l-cubeta\/#primaryimage\",\"url\":\"https:\/\/plastimex.mx\/wp-content\/uploads\/2026\/03\/Envase-PEAD-3-litros-Cubeta-Plastimex.jpg.jpeg\",\"contentUrl\":\"https:\/\/plastimex.mx\/wp-content\/uploads\/2026\/03\/Envase-PEAD-3-litros-Cubeta-Plastimex.jpg.jpeg\",\"width\":386,\"height\":622,\"caption\":\"Envase PEAD 3 litros Cubeta - Plastimex\"},{\"@type\":\"BreadcrumbList\",\"@id\":\"https:\/\/plastimex.mx\/product\/envase-pead-3-l-cubeta\/#breadcrumb\",\"itemListElement\":[{\"@type\":\"ListItem\",\"position\":1,\"name\":\"Home\",\"item\":\"https:\/\/plastimex.mx\/\"},{\"@type\":\"ListItem\",\"position\":2,\"name\":\"Shop\",\"item\":\"https:\/\/plastimex.mx\/es_mx\/shop\/\"},{\"@type\":\"ListItem\",\"position\":3,\"name\":\"Envase PEAD 3 L Cubeta\"}]},{\"@type\":\"WebSite\",\"@id\":\"https:\/\/plastimex.mx\/#website\",\"url\":\"https:\/\/plastimex.mx\/\",\"name\":\"Plastimex\",\"description\":\"Plastimex\",\"publisher\":{\"@id\":\"https:\/\/plastimex.mx\/#organization\"},\"potentialAction\":[{\"@type\":\"SearchAction\",\"target\":{\"@type\":\"EntryPoint\",\"urlTemplate\":\"https:\/\/plastimex.mx\/?s={search_term_string}\"},\"query-input\":{\"@type\":\"PropertyValueSpecification\",\"valueRequired\":true,\"valueName\":\"search_term_string\"}}],\"inLanguage\":\"es\"},{\"@type\":\"Organization\",\"@id\":\"https:\/\/plastimex.mx\/#organization\",\"name\":\"Plastimex\",\"url\":\"https:\/\/plastimex.mx\/\",\"logo\":{\"@type\":\"ImageObject\",\"inLanguage\":\"es\",\"@id\":\"https:\/\/plastimex.mx\/#\/schema\/logo\/image\/\",\"url\":\"https:\/\/plastimex.mx\/wp-content\/uploads\/2020\/02\/Plastimex-RGB.png\",\"contentUrl\":\"https:\/\/plastimex.mx\/wp-content\/uploads\/2020\/02\/Plastimex-RGB.png\",\"width\":540,\"height\":171,\"caption\":\"Plastimex\"},\"image\":{\"@id\":\"https:\/\/plastimex.mx\/#\/schema\/logo\/image\/\"}}]}<\/script>\n<!-- \/ Yoast SEO plugin. -->","yoast_head_json":{"title":"Envase PEAD 3 L Cubeta - Plastimex","description":"El envase PEAD 3 L, Cubeta, es perfecto para almacenar y conservar polvos. Compatible con tapa de 183 mm. Solicita una cotizaci\u00f3n.","robots":{"index":"index","follow":"follow","max-snippet":"max-snippet:-1","max-image-preview":"max-image-preview:large","max-video-preview":"max-video-preview:-1"},"canonical":"https:\/\/plastimex.mx\/es_mx\/product\/envase-pead-3-l-cubeta\/","og_locale":"es_MX","og_type":"article","og_title":"Envase PEAD 3 L Cubeta - Plastimex","og_description":"El envase PEAD 3 L, Cubeta, es perfecto para almacenar y conservar polvos. Compatible con tapa de 183 mm. Solicita una cotizaci\u00f3n.","og_url":"https:\/\/plastimex.mx\/es_mx\/product\/envase-pead-3-l-cubeta\/","og_site_name":"Plastimex","article_modified_time":"2026-04-07T17:56:32+00:00","og_image":[{"width":386,"height":622,"url":"https:\/\/plastimex.mx\/wp-content\/uploads\/2026\/03\/Envase-PEAD-3-litros-Cubeta-Plastimex.jpg.jpeg","type":"image\/jpeg"}],"twitter_card":"summary_large_image","twitter_misc":{"Tiempo de lectura":"3 minutos"},"schema":{"@context":"https:\/\/schema.org","@graph":[{"@type":"WebPage","@id":"https:\/\/plastimex.mx\/product\/envase-pead-3-l-cubeta\/","url":"https:\/\/plastimex.mx\/product\/envase-pead-3-l-cubeta\/","name":"Envase PEAD 3 L Cubeta - Plastimex","isPartOf":{"@id":"https:\/\/plastimex.mx\/#website"},"primaryImageOfPage":{"@id":"https:\/\/plastimex.mx\/product\/envase-pead-3-l-cubeta\/#primaryimage"},"image":{"@id":"https:\/\/plastimex.mx\/product\/envase-pead-3-l-cubeta\/#primaryimage"},"thumbnailUrl":"https:\/\/plastimex.mx\/wp-content\/uploads\/2026\/03\/Envase-PEAD-3-litros-Cubeta-Plastimex.jpg.jpeg","datePublished":"2026-03-30T23:41:58+00:00","dateModified":"2026-04-07T17:56:32+00:00","description":"El envase PEAD 3 L, Cubeta, es perfecto para almacenar y conservar polvos. Compatible con tapa de 183 mm. Solicita una cotizaci\u00f3n.","breadcrumb":{"@id":"https:\/\/plastimex.mx\/product\/envase-pead-3-l-cubeta\/#breadcrumb"},"inLanguage":"es","potentialAction":[{"@type":"ReadAction","target":["https:\/\/plastimex.mx\/product\/envase-pead-3-l-cubeta\/"]}]},{"@type":"ImageObject","inLanguage":"es","@id":"https:\/\/plastimex.mx\/product\/envase-pead-3-l-cubeta\/#primaryimage","url":"https:\/\/plastimex.mx\/wp-content\/uploads\/2026\/03\/Envase-PEAD-3-litros-Cubeta-Plastimex.jpg.jpeg","contentUrl":"https:\/\/plastimex.mx\/wp-content\/uploads\/2026\/03\/Envase-PEAD-3-litros-Cubeta-Plastimex.jpg.jpeg","width":386,"height":622,"caption":"Envase PEAD 3 litros Cubeta - Plastimex"},{"@type":"BreadcrumbList","@id":"https:\/\/plastimex.mx\/product\/envase-pead-3-l-cubeta\/#breadcrumb","itemListElement":[{"@type":"ListItem","position":1,"name":"Home","item":"https:\/\/plastimex.mx\/"},{"@type":"ListItem","position":2,"name":"Shop","item":"https:\/\/plastimex.mx\/es_mx\/shop\/"},{"@type":"ListItem","position":3,"name":"Envase PEAD 3 L Cubeta"}]},{"@type":"WebSite","@id":"https:\/\/plastimex.mx\/#website","url":"https:\/\/plastimex.mx\/","name":"Plastimex","description":"Plastimex","publisher":{"@id":"https:\/\/plastimex.mx\/#organization"},"potentialAction":[{"@type":"SearchAction","target":{"@type":"EntryPoint","urlTemplate":"https:\/\/plastimex.mx\/?s={search_term_string}"},"query-input":{"@type":"PropertyValueSpecification","valueRequired":true,"valueName":"search_term_string"}}],"inLanguage":"es"},{"@type":"Organization","@id":"https:\/\/plastimex.mx\/#organization","name":"Plastimex","url":"https:\/\/plastimex.mx\/","logo":{"@type":"ImageObject","inLanguage":"es","@id":"https:\/\/plastimex.mx\/#\/schema\/logo\/image\/","url":"https:\/\/plastimex.mx\/wp-content\/uploads\/2020\/02\/Plastimex-RGB.png","contentUrl":"https:\/\/plastimex.mx\/wp-content\/uploads\/2020\/02\/Plastimex-RGB.png","width":540,"height":171,"caption":"Plastimex"},"image":{"@id":"https:\/\/plastimex.mx\/#\/schema\/logo\/image\/"}}]}},"_links":{"self":[{"href":"https:\/\/plastimex.mx\/es_mx\/wp-json\/wp\/v2\/product\/5749","targetHints":{"allow":["GET"]}}],"collection":[{"href":"https:\/\/plastimex.mx\/es_mx\/wp-json\/wp\/v2\/product"}],"about":[{"href":"https:\/\/plastimex.mx\/es_mx\/wp-json\/wp\/v2\/types\/product"}],"wp:featuredmedia":[{"embeddable":true,"href":"https:\/\/plastimex.mx\/es_mx\/wp-json\/wp\/v2\/media\/5752"}],"wp:attachment":[{"href":"https:\/\/plastimex.mx\/es_mx\/wp-json\/wp\/v2\/media?parent=5749"}],"wp:term":[{"taxonomy":"product_brand","embeddable":true,"href":"https:\/\/plastimex.mx\/es_mx\/wp-json\/wp\/v2\/product_brand?post=5749"},{"taxonomy":"product_cat","embeddable":true,"href":"https:\/\/plastimex.mx\/es_mx\/wp-json\/wp\/v2\/product_cat?post=5749"},{"taxonomy":"product_tag","embeddable":true,"href":"https:\/\/plastimex.mx\/es_mx\/wp-json\/wp\/v2\/product_tag?post=5749"}],"curies":[{"name":"wp","href":"https:\/\/api.w.org\/{rel}","templated":true}]}}