{"id":4898,"date":"2021-02-27T21:51:37","date_gmt":"2021-02-27T21:51:37","guid":{"rendered":"https:\/\/plastimex.mx\/?post_type=product&#038;p=4898"},"modified":"2026-04-07T17:51:15","modified_gmt":"2026-04-07T17:51:15","slug":"envase-pead-500-ml-misil","status":"publish","type":"product","link":"https:\/\/plastimex.mx\/es_mx\/product\/envase-pead-500-ml-misil\/","title":{"rendered":"Envase PEAD 500 ml Misil"},"content":{"rendered":"<h4><strong>Envase PEAD 500 ml Misil<\/strong><\/h4>\n<p><span style=\"color: #333333;\"><strong>Tapa R-50 mm<\/strong><\/span><\/p>\n<p><em>Resistencia y durabilidad en formato compacto<\/em><\/p>\n<p>El\u00a0<strong>envase PEAD 500 ml, <\/strong>Misil, es una botella que cuenta con un\u00a0dise\u00f1o liso que te permite personalizar\u00a0tu productos, facilitando la colocaci\u00f3n\u00a0de una etiqueta. Adem\u00e1s, ofrece una\u00a0excelente seguridad para almacenar\u00a0y transportar agroqu\u00edmicos.<\/p>\n<p><strong>Especificaciones t\u00e9cnicas:<\/strong><\/p>\n<p>Altura:\u00a0 195 \u00b1 1.5 mm<\/p>\n<p>Di\u00e1metro: 72 \u00b1 0.7 mm<\/p>\n<p>Gramaje: 54 \u00b1 2.5 g<\/p>\n<p class=\"p1\"><b><strong>Compatible con<\/strong>:<\/b><\/p>\n<p><strong><a href=\"https:\/\/maxipet.net\/productos\/tapas\/product\/50-tapa-rosca-50mm-liner-induccion-pead\">Tapa R-50 mm con Liner de inducci\u00f3n Plateado<\/a><\/strong><\/p>\n<p><strong><a href=\"https:\/\/maxipet.net\/productos\/tapas\/product\/195-tapa-rosca-50mm-liner-induccion-valvula-ventilacion-pead\">Tapa R-50 mm con Liner de inducci\u00f3n Plateado y v\u00e1lvula de ventilaci\u00f3n<\/a><\/strong><\/p>\n<p>(Se venden por separado)<\/p>\n<p><strong>Colores de l\u00ednea<\/strong><\/p>\n<div class=\"contenedor-iconos-producto\">\n<div><img decoding=\"async\" class=\"\" src=\"https:\/\/maxipet.net\/images\/iconosprod\/colores\/blanco.webp\" alt=\"Blanco\" width=\"45\" height=\"45\" \/> Blanco\u00a0 \u00a0 \u00a0<img decoding=\"async\" class=\"\" src=\"https:\/\/maxipet.net\/images\/iconosprod\/colores\/natural.webp\" alt=\"Natural\" width=\"45\" height=\"45\" \/> Natural<\/div>\n<\/div>\n<div><\/div>\n<div>\n<p><strong>Ideal para uso<\/strong><\/p>\n<p><img decoding=\"async\" class=\"\" style=\"font-style: inherit; font-weight: inherit;\" src=\"https:\/\/maxipet.net\/images\/iconosprod\/usos\/agroquimicos.webp\" alt=\"Agroqu\u00edmicos\" width=\"45\" height=\"45\" \/><span style=\"font-size: 16px;\"> Agroqu\u00edmicos\u00a0 \u00a0 \u00a0<\/span><img loading=\"lazy\" decoding=\"async\" class=\"\" style=\"font-style: inherit; font-weight: inherit;\" src=\"https:\/\/maxipet.net\/images\/iconosprod\/usos\/alimenticio.webp\" alt=\"Alimenticio\" width=\"45\" height=\"45\" \/><span style=\"font-size: 16px;\"> Alimenticio\u00a0 \u00a0 <\/span><img loading=\"lazy\" decoding=\"async\" class=\"\" style=\"font-style: inherit; font-weight: inherit;\" src=\"https:\/\/maxipet.net\/images\/iconosprod\/usos\/farmaceutico.webp\" alt=\"Farmac\u00e9utico\" width=\"40\" height=\"40\" \/><span style=\"font-size: 16px;\"> Farmac\u00e9utico\u00a0 \u00a0 \u00a0<\/span><img loading=\"lazy\" decoding=\"async\" class=\"\" style=\"font-style: inherit; font-weight: inherit;\" src=\"https:\/\/maxipet.net\/images\/iconosprod\/usos\/limpieza.webp\" alt=\"Limpieza\" width=\"45\" height=\"45\" \/><span style=\"font-size: 16px;\"> Limpieza<\/span><\/p>\n<div class=\"contenedor-iconos-producto\">\n<div><img loading=\"lazy\" decoding=\"async\" class=\"\" src=\"https:\/\/maxipet.net\/images\/iconosprod\/usos\/quimicos.webp\" alt=\"Qu\u00edmicos\" width=\"45\" height=\"45\" \/>\u00a0Qu\u00edmicos<\/div>\n<\/div>\n<\/div>\n<div><\/div>\n<div>\n<p class=\"p1\"><b>Paquete<\/b><\/p>\n<p>93 cm de largo x 58 cm de ancho y una altura de 19.5 cm<\/p>\n<p>Peso: 6 kg<\/p>\n<p><img loading=\"lazy\" decoding=\"async\" class=\"\" src=\"https:\/\/maxipet.net\/images\/Misil_500_FINAL.webp\" alt=\"Misil 500 FINAL\" width=\"414\" height=\"345\" \/><\/p>\n<\/div>\n","protected":false},"excerpt":{"rendered":"<h4><strong>Envase PEAD 500 ml Misil<\/strong><\/h4>\n","protected":false},"featured_media":5921,"template":"","meta":{"_acf_changed":false,"_joinchat":[]},"product_brand":[],"product_cat":[170],"product_tag":[],"class_list":{"0":"post-4898","1":"product","2":"type-product","3":"status-publish","4":"has-post-thumbnail","6":"product_cat-pead","8":"first","9":"instock","10":"shipping-taxable","11":"purchasable","12":"product-type-simple"},"acf":[],"yoast_head":"<!-- This site is optimized with the Yoast SEO plugin v26.3 - https:\/\/yoast.com\/wordpress\/plugins\/seo\/ -->\n<title>Envase PEAD 500 ml Misil - Plastimex<\/title>\n<meta name=\"description\" content=\"El envase PEAD 500 ml, Misil, es apto para productos qu\u00edmicos, farmac\u00e9uticos y alimenticios. Compatible con tapa de 50 mm. Solicita una cotizaci\u00f3n.\" \/>\n<meta name=\"robots\" content=\"index, follow, max-snippet:-1, max-image-preview:large, max-video-preview:-1\" \/>\n<link rel=\"canonical\" href=\"https:\/\/plastimex.mx\/es_mx\/product\/envase-pead-500-ml-misil\/\" \/>\n<meta property=\"og:locale\" content=\"es_MX\" \/>\n<meta property=\"og:type\" content=\"article\" \/>\n<meta property=\"og:title\" content=\"Envase PEAD 500 ml Misil - Plastimex\" \/>\n<meta property=\"og:description\" content=\"El envase PEAD 500 ml, Misil, es apto para productos qu\u00edmicos, farmac\u00e9uticos y alimenticios. Compatible con tapa de 50 mm. Solicita una cotizaci\u00f3n.\" \/>\n<meta property=\"og:url\" content=\"https:\/\/plastimex.mx\/es_mx\/product\/envase-pead-500-ml-misil\/\" \/>\n<meta property=\"og:site_name\" content=\"Plastimex\" \/>\n<meta property=\"article:modified_time\" content=\"2026-04-07T17:51:15+00:00\" \/>\n<meta property=\"og:image\" content=\"https:\/\/plastimex.mx\/wp-content\/uploads\/2021\/02\/Envase-PEAD-500-ml-Misil-Plastimex-1.png\" \/>\n\t<meta property=\"og:image:width\" content=\"386\" \/>\n\t<meta property=\"og:image:height\" content=\"622\" \/>\n\t<meta property=\"og:image:type\" content=\"image\/png\" \/>\n<meta name=\"twitter:card\" content=\"summary_large_image\" \/>\n<meta name=\"twitter:label1\" content=\"Tiempo de lectura\" \/>\n\t<meta name=\"twitter:data1\" content=\"3 minutos\" \/>\n<script type=\"application\/ld+json\" class=\"yoast-schema-graph\">{\"@context\":\"https:\/\/schema.org\",\"@graph\":[{\"@type\":\"WebPage\",\"@id\":\"https:\/\/plastimex.mx\/product\/envase-pead-500-ml-misil\/\",\"url\":\"https:\/\/plastimex.mx\/product\/envase-pead-500-ml-misil\/\",\"name\":\"Envase PEAD 500 ml Misil - Plastimex\",\"isPartOf\":{\"@id\":\"https:\/\/plastimex.mx\/#website\"},\"primaryImageOfPage\":{\"@id\":\"https:\/\/plastimex.mx\/product\/envase-pead-500-ml-misil\/#primaryimage\"},\"image\":{\"@id\":\"https:\/\/plastimex.mx\/product\/envase-pead-500-ml-misil\/#primaryimage\"},\"thumbnailUrl\":\"https:\/\/plastimex.mx\/wp-content\/uploads\/2021\/02\/Envase-PEAD-500-ml-Misil-Plastimex-1.png\",\"datePublished\":\"2021-02-27T21:51:37+00:00\",\"dateModified\":\"2026-04-07T17:51:15+00:00\",\"description\":\"El envase PEAD 500 ml, Misil, es apto para productos qu\u00edmicos, farmac\u00e9uticos y alimenticios. Compatible con tapa de 50 mm. Solicita una cotizaci\u00f3n.\",\"breadcrumb\":{\"@id\":\"https:\/\/plastimex.mx\/product\/envase-pead-500-ml-misil\/#breadcrumb\"},\"inLanguage\":\"es\",\"potentialAction\":[{\"@type\":\"ReadAction\",\"target\":[\"https:\/\/plastimex.mx\/product\/envase-pead-500-ml-misil\/\"]}]},{\"@type\":\"ImageObject\",\"inLanguage\":\"es\",\"@id\":\"https:\/\/plastimex.mx\/product\/envase-pead-500-ml-misil\/#primaryimage\",\"url\":\"https:\/\/plastimex.mx\/wp-content\/uploads\/2021\/02\/Envase-PEAD-500-ml-Misil-Plastimex-1.png\",\"contentUrl\":\"https:\/\/plastimex.mx\/wp-content\/uploads\/2021\/02\/Envase-PEAD-500-ml-Misil-Plastimex-1.png\",\"width\":386,\"height\":622,\"caption\":\"Envase PEAD 500 ml Misil - Plastimex\"},{\"@type\":\"BreadcrumbList\",\"@id\":\"https:\/\/plastimex.mx\/product\/envase-pead-500-ml-misil\/#breadcrumb\",\"itemListElement\":[{\"@type\":\"ListItem\",\"position\":1,\"name\":\"Home\",\"item\":\"https:\/\/plastimex.mx\/\"},{\"@type\":\"ListItem\",\"position\":2,\"name\":\"Shop\",\"item\":\"https:\/\/plastimex.mx\/es_mx\/shop\/\"},{\"@type\":\"ListItem\",\"position\":3,\"name\":\"Envase PEAD 500 ml Misil\"}]},{\"@type\":\"WebSite\",\"@id\":\"https:\/\/plastimex.mx\/#website\",\"url\":\"https:\/\/plastimex.mx\/\",\"name\":\"Plastimex\",\"description\":\"Plastimex\",\"publisher\":{\"@id\":\"https:\/\/plastimex.mx\/#organization\"},\"potentialAction\":[{\"@type\":\"SearchAction\",\"target\":{\"@type\":\"EntryPoint\",\"urlTemplate\":\"https:\/\/plastimex.mx\/?s={search_term_string}\"},\"query-input\":{\"@type\":\"PropertyValueSpecification\",\"valueRequired\":true,\"valueName\":\"search_term_string\"}}],\"inLanguage\":\"es\"},{\"@type\":\"Organization\",\"@id\":\"https:\/\/plastimex.mx\/#organization\",\"name\":\"Plastimex\",\"url\":\"https:\/\/plastimex.mx\/\",\"logo\":{\"@type\":\"ImageObject\",\"inLanguage\":\"es\",\"@id\":\"https:\/\/plastimex.mx\/#\/schema\/logo\/image\/\",\"url\":\"https:\/\/plastimex.mx\/wp-content\/uploads\/2020\/02\/Plastimex-RGB.png\",\"contentUrl\":\"https:\/\/plastimex.mx\/wp-content\/uploads\/2020\/02\/Plastimex-RGB.png\",\"width\":540,\"height\":171,\"caption\":\"Plastimex\"},\"image\":{\"@id\":\"https:\/\/plastimex.mx\/#\/schema\/logo\/image\/\"}}]}<\/script>\n<!-- \/ Yoast SEO plugin. -->","yoast_head_json":{"title":"Envase PEAD 500 ml Misil - Plastimex","description":"El envase PEAD 500 ml, Misil, es apto para productos qu\u00edmicos, farmac\u00e9uticos y alimenticios. Compatible con tapa de 50 mm. Solicita una cotizaci\u00f3n.","robots":{"index":"index","follow":"follow","max-snippet":"max-snippet:-1","max-image-preview":"max-image-preview:large","max-video-preview":"max-video-preview:-1"},"canonical":"https:\/\/plastimex.mx\/es_mx\/product\/envase-pead-500-ml-misil\/","og_locale":"es_MX","og_type":"article","og_title":"Envase PEAD 500 ml Misil - Plastimex","og_description":"El envase PEAD 500 ml, Misil, es apto para productos qu\u00edmicos, farmac\u00e9uticos y alimenticios. Compatible con tapa de 50 mm. Solicita una cotizaci\u00f3n.","og_url":"https:\/\/plastimex.mx\/es_mx\/product\/envase-pead-500-ml-misil\/","og_site_name":"Plastimex","article_modified_time":"2026-04-07T17:51:15+00:00","og_image":[{"width":386,"height":622,"url":"https:\/\/plastimex.mx\/wp-content\/uploads\/2021\/02\/Envase-PEAD-500-ml-Misil-Plastimex-1.png","type":"image\/png"}],"twitter_card":"summary_large_image","twitter_misc":{"Tiempo de lectura":"3 minutos"},"schema":{"@context":"https:\/\/schema.org","@graph":[{"@type":"WebPage","@id":"https:\/\/plastimex.mx\/product\/envase-pead-500-ml-misil\/","url":"https:\/\/plastimex.mx\/product\/envase-pead-500-ml-misil\/","name":"Envase PEAD 500 ml Misil - Plastimex","isPartOf":{"@id":"https:\/\/plastimex.mx\/#website"},"primaryImageOfPage":{"@id":"https:\/\/plastimex.mx\/product\/envase-pead-500-ml-misil\/#primaryimage"},"image":{"@id":"https:\/\/plastimex.mx\/product\/envase-pead-500-ml-misil\/#primaryimage"},"thumbnailUrl":"https:\/\/plastimex.mx\/wp-content\/uploads\/2021\/02\/Envase-PEAD-500-ml-Misil-Plastimex-1.png","datePublished":"2021-02-27T21:51:37+00:00","dateModified":"2026-04-07T17:51:15+00:00","description":"El envase PEAD 500 ml, Misil, es apto para productos qu\u00edmicos, farmac\u00e9uticos y alimenticios. Compatible con tapa de 50 mm. Solicita una cotizaci\u00f3n.","breadcrumb":{"@id":"https:\/\/plastimex.mx\/product\/envase-pead-500-ml-misil\/#breadcrumb"},"inLanguage":"es","potentialAction":[{"@type":"ReadAction","target":["https:\/\/plastimex.mx\/product\/envase-pead-500-ml-misil\/"]}]},{"@type":"ImageObject","inLanguage":"es","@id":"https:\/\/plastimex.mx\/product\/envase-pead-500-ml-misil\/#primaryimage","url":"https:\/\/plastimex.mx\/wp-content\/uploads\/2021\/02\/Envase-PEAD-500-ml-Misil-Plastimex-1.png","contentUrl":"https:\/\/plastimex.mx\/wp-content\/uploads\/2021\/02\/Envase-PEAD-500-ml-Misil-Plastimex-1.png","width":386,"height":622,"caption":"Envase PEAD 500 ml Misil - Plastimex"},{"@type":"BreadcrumbList","@id":"https:\/\/plastimex.mx\/product\/envase-pead-500-ml-misil\/#breadcrumb","itemListElement":[{"@type":"ListItem","position":1,"name":"Home","item":"https:\/\/plastimex.mx\/"},{"@type":"ListItem","position":2,"name":"Shop","item":"https:\/\/plastimex.mx\/es_mx\/shop\/"},{"@type":"ListItem","position":3,"name":"Envase PEAD 500 ml Misil"}]},{"@type":"WebSite","@id":"https:\/\/plastimex.mx\/#website","url":"https:\/\/plastimex.mx\/","name":"Plastimex","description":"Plastimex","publisher":{"@id":"https:\/\/plastimex.mx\/#organization"},"potentialAction":[{"@type":"SearchAction","target":{"@type":"EntryPoint","urlTemplate":"https:\/\/plastimex.mx\/?s={search_term_string}"},"query-input":{"@type":"PropertyValueSpecification","valueRequired":true,"valueName":"search_term_string"}}],"inLanguage":"es"},{"@type":"Organization","@id":"https:\/\/plastimex.mx\/#organization","name":"Plastimex","url":"https:\/\/plastimex.mx\/","logo":{"@type":"ImageObject","inLanguage":"es","@id":"https:\/\/plastimex.mx\/#\/schema\/logo\/image\/","url":"https:\/\/plastimex.mx\/wp-content\/uploads\/2020\/02\/Plastimex-RGB.png","contentUrl":"https:\/\/plastimex.mx\/wp-content\/uploads\/2020\/02\/Plastimex-RGB.png","width":540,"height":171,"caption":"Plastimex"},"image":{"@id":"https:\/\/plastimex.mx\/#\/schema\/logo\/image\/"}}]}},"_links":{"self":[{"href":"https:\/\/plastimex.mx\/es_mx\/wp-json\/wp\/v2\/product\/4898","targetHints":{"allow":["GET"]}}],"collection":[{"href":"https:\/\/plastimex.mx\/es_mx\/wp-json\/wp\/v2\/product"}],"about":[{"href":"https:\/\/plastimex.mx\/es_mx\/wp-json\/wp\/v2\/types\/product"}],"wp:featuredmedia":[{"embeddable":true,"href":"https:\/\/plastimex.mx\/es_mx\/wp-json\/wp\/v2\/media\/5921"}],"wp:attachment":[{"href":"https:\/\/plastimex.mx\/es_mx\/wp-json\/wp\/v2\/media?parent=4898"}],"wp:term":[{"taxonomy":"product_brand","embeddable":true,"href":"https:\/\/plastimex.mx\/es_mx\/wp-json\/wp\/v2\/product_brand?post=4898"},{"taxonomy":"product_cat","embeddable":true,"href":"https:\/\/plastimex.mx\/es_mx\/wp-json\/wp\/v2\/product_cat?post=4898"},{"taxonomy":"product_tag","embeddable":true,"href":"https:\/\/plastimex.mx\/es_mx\/wp-json\/wp\/v2\/product_tag?post=4898"}],"curies":[{"name":"wp","href":"https:\/\/api.w.org\/{rel}","templated":true}]}}