{"id":4890,"date":"2021-05-14T16:04:46","date_gmt":"2021-05-14T16:04:46","guid":{"rendered":"https:\/\/plastimex.mx\/?post_type=product&#038;p=4890"},"modified":"2026-04-22T19:52:54","modified_gmt":"2026-04-22T19:52:54","slug":"garrafa-pead-1-l-rosca-36mm","status":"publish","type":"product","link":"https:\/\/plastimex.mx\/es_mx\/product\/garrafa-pead-1-l-rosca-36mm\/","title":{"rendered":"Garrafa PEAD 1 L R36mm"},"content":{"rendered":"<h4><strong>Garrafa PEAD 1 L R36mm<\/strong><\/h4>\n<p><strong><span style=\"color: #333333;\">Tapa R-36 mm<\/span><\/strong><\/p>\n<p><em>Compacta y r\u00edgida, ideal para detergentes, productos de limpieza y qu\u00edmicos<\/em><\/p>\n<p>La <strong>garrafa PEAD 1 L<\/strong>, R36mm, es perfecta si buscas un dise\u00f1o ergon\u00f3mico. Cuenta con una asa para mayor comodidad y practicidad, adem\u00e1s, su tama\u00f1o permite ahorrar espacio.<\/p>\n<p>Es la opci\u00f3n m\u00e1s compacta de nuestra l\u00ednea de garrafas. Fabricada en Polietileno de Alta Densidad (PEAD), combina resistencia al impacto con una estructura r\u00edgida ideal para productos que pudieran ser corrosivos. Su asa integrada facilita el manejo y traslado.<\/p>\n<p><strong>Especificaciones t\u00e9cnicas:<\/strong><\/p>\n<p>Altura: 191.5 \u00b1 1 mm<\/p>\n<p>Ancho: 62.5 \u00b1 1 mm<\/p>\n<p>Largo: 136.5 \u00b1 1 mm<\/p>\n<p>Gramaje: 87 \u00b1 3 g<\/p>\n<p class=\"p1\"><b>Compatible con:<\/b><\/p>\n<p><strong><a href=\"https:\/\/plastimex.mx\/es_mx\/product\/tapa-rosca-36-mm-liner-espumado\/\">Tapa R-36 mm con Liner Espumado<\/a><\/strong><\/p>\n<p><strong><a href=\"https:\/\/plastimex.mx\/es_mx\/product\/tapa-rosca-36-mm-liner-induccion-pead\/\">Tapa R-36 mm con Liner de inducci\u00f3n Plateado<\/a><\/strong><\/p>\n<p><strong><a href=\"https:\/\/plastimex.mx\/es_mx\/product\/tapa-rosca-36-mm-liner-induccion-valvula-ventilacion-pead\/\">Tapa R-36 mm con Liner de inducci\u00f3n Plateado y v\u00e1lvula de ventilaci\u00f3n<\/a><\/strong><\/p>\n<p>(Se vende por separado)<\/p>\n<p>&nbsp;<\/p>\n<p><strong>Colores de l\u00ednea<\/strong><\/p>\n<div class=\"contenedor-iconos-producto\">\n<div><img decoding=\"async\" class=\"\" src=\"https:\/\/maxipet.net\/images\/iconosprod\/colores\/blanco.webp\" alt=\"Blanco\" width=\"46\" height=\"46\" \/> Blanco\u00a0 \u00a0 \u00a0<img decoding=\"async\" class=\"\" src=\"https:\/\/maxipet.net\/images\/iconosprod\/colores\/natural.webp\" alt=\"Natural\" width=\"45\" height=\"45\" \/>\u00a0Natural<\/div>\n<\/div>\n<div><\/div>\n<div>\n<p>&nbsp;<\/p>\n<p><strong>Ideal para uso<\/strong><\/p>\n<div class=\"contenedor-iconos-producto\">\n<div>\n<p><img decoding=\"async\" class=\"\" src=\"https:\/\/maxipet.net\/images\/iconosprod\/usos\/alimenticio.webp\" alt=\"Alimenticio\" width=\"45\" height=\"45\" \/> Alimenticio\u00a0 \u00a0 <img loading=\"lazy\" decoding=\"async\" class=\"\" src=\"https:\/\/maxipet.net\/images\/iconosprod\/usos\/automotriz.webp\" alt=\"Automotriz\" width=\"39\" height=\"39\" \/> Automotriz\u00a0 \u00a0 \u00a0<img loading=\"lazy\" decoding=\"async\" class=\"\" src=\"https:\/\/maxipet.net\/images\/iconosprod\/usos\/cosmetico.webp\" alt=\"Cosm\u00e9tico\" width=\"40\" height=\"40\" \/> Cosm\u00e9tico\u00a0 \u00a0 \u00a0<img loading=\"lazy\" decoding=\"async\" class=\"\" src=\"https:\/\/maxipet.net\/images\/iconosprod\/usos\/farmaceutico.webp\" alt=\"Farmac\u00e9utico\" width=\"39\" height=\"39\" \/> Farmac\u00e9utico<\/p>\n<p><img loading=\"lazy\" decoding=\"async\" class=\"\" src=\"https:\/\/maxipet.net\/images\/iconosprod\/usos\/quimicos.webp\" alt=\"Qu\u00edmicos\" width=\"40\" height=\"40\" \/>\u00a0Qu\u00edmicos<\/p>\n<\/div>\n<\/div>\n<\/div>\n<div><\/div>\n<div>\n<p class=\"p1\"><b><br \/>\nPaquete<\/b><\/p>\n<p>82 cm de largo x 61 cm de ancho y una altura de 19 cm<\/p>\n<p>Peso: 5.5 kg<\/p>\n<\/div>\n<p><img decoding=\"async\" src=\"https:\/\/maxipet.net\/media\/pso\/s\/img\/images\/garrafa_1l.png.webp\" alt=\"garrafa 1l\" \/><\/p>\n","protected":false},"excerpt":{"rendered":"<h4><strong>Garrafa PEAD 1 L R36mm<\/strong><\/h4>\n","protected":false},"featured_media":5824,"template":"","meta":{"_acf_changed":false,"_joinchat":[]},"product_brand":[],"product_cat":[170],"product_tag":[],"class_list":{"0":"post-4890","1":"product","2":"type-product","3":"status-publish","4":"has-post-thumbnail","6":"product_cat-pead","8":"first","9":"instock","10":"shipping-taxable","11":"purchasable","12":"product-type-simple"},"acf":[],"yoast_head":"<!-- This site is optimized with the Yoast SEO plugin v27.4 - https:\/\/yoast.com\/product\/yoast-seo-wordpress\/ -->\n<title>Garrafa PEAD 1 L R36mm - Plastimex<\/title>\n<meta name=\"description\" content=\"La garrafa PEAD 1 L, R36mm, est\u00e1 dise\u00f1ada para qu\u00edmicos, f\u00e1rmacos, cosm\u00e9ticos o alimentos y es compatible con tapa de 36 mm. Solicita una cotizaci\u00f3n.\" \/>\n<meta name=\"robots\" content=\"index, follow, max-snippet:-1, max-image-preview:large, max-video-preview:-1\" \/>\n<link rel=\"canonical\" href=\"https:\/\/plastimex.mx\/es_mx\/product\/garrafa-pead-1-l-rosca-36mm\/\" \/>\n<meta property=\"og:locale\" content=\"es_MX\" \/>\n<meta property=\"og:type\" content=\"article\" \/>\n<meta property=\"og:title\" content=\"Garrafa PEAD 1 L R36mm - Plastimex\" \/>\n<meta property=\"og:description\" content=\"La garrafa PEAD 1 L, R36mm, est\u00e1 dise\u00f1ada para qu\u00edmicos, f\u00e1rmacos, cosm\u00e9ticos o alimentos y es compatible con tapa de 36 mm. Solicita una cotizaci\u00f3n.\" \/>\n<meta property=\"og:url\" content=\"https:\/\/plastimex.mx\/es_mx\/product\/garrafa-pead-1-l-rosca-36mm\/\" \/>\n<meta property=\"og:site_name\" content=\"Plastimex\" \/>\n<meta property=\"article:modified_time\" content=\"2026-04-22T19:52:54+00:00\" \/>\n<meta property=\"og:image\" content=\"https:\/\/plastimex.mx\/wp-content\/uploads\/2021\/05\/Garrafa-PEAD-1-litro-R-36-mm-Plastimex-1.png\" \/>\n\t<meta property=\"og:image:width\" content=\"386\" \/>\n\t<meta property=\"og:image:height\" content=\"622\" \/>\n\t<meta property=\"og:image:type\" content=\"image\/png\" \/>\n<meta name=\"twitter:card\" content=\"summary_large_image\" \/>\n<meta name=\"twitter:label1\" content=\"Tiempo de lectura\" \/>\n\t<meta name=\"twitter:data1\" content=\"3 minutos\" \/>\n<script type=\"application\/ld+json\" class=\"yoast-schema-graph\">{\"@context\":\"https:\\\/\\\/schema.org\",\"@graph\":[{\"@type\":\"WebPage\",\"@id\":\"https:\\\/\\\/plastimex.mx\\\/product\\\/garrafa-pead-1-l-rosca-36mm\\\/\",\"url\":\"https:\\\/\\\/plastimex.mx\\\/product\\\/garrafa-pead-1-l-rosca-36mm\\\/\",\"name\":\"Garrafa PEAD 1 L R36mm - Plastimex\",\"isPartOf\":{\"@id\":\"https:\\\/\\\/plastimex.mx\\\/#website\"},\"primaryImageOfPage\":{\"@id\":\"https:\\\/\\\/plastimex.mx\\\/product\\\/garrafa-pead-1-l-rosca-36mm\\\/#primaryimage\"},\"image\":{\"@id\":\"https:\\\/\\\/plastimex.mx\\\/product\\\/garrafa-pead-1-l-rosca-36mm\\\/#primaryimage\"},\"thumbnailUrl\":\"https:\\\/\\\/plastimex.mx\\\/wp-content\\\/uploads\\\/2021\\\/05\\\/Garrafa-PEAD-1-litro-R-36-mm-Plastimex-1.png\",\"datePublished\":\"2021-05-14T16:04:46+00:00\",\"dateModified\":\"2026-04-22T19:52:54+00:00\",\"description\":\"La garrafa PEAD 1 L, R36mm, est\u00e1 dise\u00f1ada para qu\u00edmicos, f\u00e1rmacos, cosm\u00e9ticos o alimentos y es compatible con tapa de 36 mm. Solicita una cotizaci\u00f3n.\",\"breadcrumb\":{\"@id\":\"https:\\\/\\\/plastimex.mx\\\/product\\\/garrafa-pead-1-l-rosca-36mm\\\/#breadcrumb\"},\"inLanguage\":\"es\",\"potentialAction\":[{\"@type\":\"ReadAction\",\"target\":[\"https:\\\/\\\/plastimex.mx\\\/product\\\/garrafa-pead-1-l-rosca-36mm\\\/\"]}]},{\"@type\":\"ImageObject\",\"inLanguage\":\"es\",\"@id\":\"https:\\\/\\\/plastimex.mx\\\/product\\\/garrafa-pead-1-l-rosca-36mm\\\/#primaryimage\",\"url\":\"https:\\\/\\\/plastimex.mx\\\/wp-content\\\/uploads\\\/2021\\\/05\\\/Garrafa-PEAD-1-litro-R-36-mm-Plastimex-1.png\",\"contentUrl\":\"https:\\\/\\\/plastimex.mx\\\/wp-content\\\/uploads\\\/2021\\\/05\\\/Garrafa-PEAD-1-litro-R-36-mm-Plastimex-1.png\",\"width\":386,\"height\":622,\"caption\":\"Garrafa PEAD 1 litro R-36 mm - Maxipet\"},{\"@type\":\"BreadcrumbList\",\"@id\":\"https:\\\/\\\/plastimex.mx\\\/product\\\/garrafa-pead-1-l-rosca-36mm\\\/#breadcrumb\",\"itemListElement\":[{\"@type\":\"ListItem\",\"position\":1,\"name\":\"Home\",\"item\":\"https:\\\/\\\/plastimex.mx\\\/\"},{\"@type\":\"ListItem\",\"position\":2,\"name\":\"Shop\",\"item\":\"https:\\\/\\\/plastimex.mx\\\/es_mx\\\/shop\\\/\"},{\"@type\":\"ListItem\",\"position\":3,\"name\":\"Garrafa PEAD 1 L R36mm\"}]},{\"@type\":\"WebSite\",\"@id\":\"https:\\\/\\\/plastimex.mx\\\/#website\",\"url\":\"https:\\\/\\\/plastimex.mx\\\/\",\"name\":\"Plastimex\",\"description\":\"Plastimex\",\"publisher\":{\"@id\":\"https:\\\/\\\/plastimex.mx\\\/#organization\"},\"potentialAction\":[{\"@type\":\"SearchAction\",\"target\":{\"@type\":\"EntryPoint\",\"urlTemplate\":\"https:\\\/\\\/plastimex.mx\\\/?s={search_term_string}\"},\"query-input\":{\"@type\":\"PropertyValueSpecification\",\"valueRequired\":true,\"valueName\":\"search_term_string\"}}],\"inLanguage\":\"es\"},{\"@type\":\"Organization\",\"@id\":\"https:\\\/\\\/plastimex.mx\\\/#organization\",\"name\":\"Plastimex\",\"url\":\"https:\\\/\\\/plastimex.mx\\\/\",\"logo\":{\"@type\":\"ImageObject\",\"inLanguage\":\"es\",\"@id\":\"https:\\\/\\\/plastimex.mx\\\/#\\\/schema\\\/logo\\\/image\\\/\",\"url\":\"https:\\\/\\\/plastimex.mx\\\/wp-content\\\/uploads\\\/2020\\\/02\\\/Plastimex-RGB.png\",\"contentUrl\":\"https:\\\/\\\/plastimex.mx\\\/wp-content\\\/uploads\\\/2020\\\/02\\\/Plastimex-RGB.png\",\"width\":540,\"height\":171,\"caption\":\"Plastimex\"},\"image\":{\"@id\":\"https:\\\/\\\/plastimex.mx\\\/#\\\/schema\\\/logo\\\/image\\\/\"}}]}<\/script>\n<!-- \/ Yoast SEO plugin. -->","yoast_head_json":{"title":"Garrafa PEAD 1 L R36mm - Plastimex","description":"La garrafa PEAD 1 L, R36mm, est\u00e1 dise\u00f1ada para qu\u00edmicos, f\u00e1rmacos, cosm\u00e9ticos o alimentos y es compatible con tapa de 36 mm. Solicita una cotizaci\u00f3n.","robots":{"index":"index","follow":"follow","max-snippet":"max-snippet:-1","max-image-preview":"max-image-preview:large","max-video-preview":"max-video-preview:-1"},"canonical":"https:\/\/plastimex.mx\/es_mx\/product\/garrafa-pead-1-l-rosca-36mm\/","og_locale":"es_MX","og_type":"article","og_title":"Garrafa PEAD 1 L R36mm - Plastimex","og_description":"La garrafa PEAD 1 L, R36mm, est\u00e1 dise\u00f1ada para qu\u00edmicos, f\u00e1rmacos, cosm\u00e9ticos o alimentos y es compatible con tapa de 36 mm. Solicita una cotizaci\u00f3n.","og_url":"https:\/\/plastimex.mx\/es_mx\/product\/garrafa-pead-1-l-rosca-36mm\/","og_site_name":"Plastimex","article_modified_time":"2026-04-22T19:52:54+00:00","og_image":[{"width":386,"height":622,"url":"https:\/\/plastimex.mx\/wp-content\/uploads\/2021\/05\/Garrafa-PEAD-1-litro-R-36-mm-Plastimex-1.png","type":"image\/png"}],"twitter_card":"summary_large_image","twitter_misc":{"Tiempo de lectura":"3 minutos"},"schema":{"@context":"https:\/\/schema.org","@graph":[{"@type":"WebPage","@id":"https:\/\/plastimex.mx\/product\/garrafa-pead-1-l-rosca-36mm\/","url":"https:\/\/plastimex.mx\/product\/garrafa-pead-1-l-rosca-36mm\/","name":"Garrafa PEAD 1 L R36mm - Plastimex","isPartOf":{"@id":"https:\/\/plastimex.mx\/#website"},"primaryImageOfPage":{"@id":"https:\/\/plastimex.mx\/product\/garrafa-pead-1-l-rosca-36mm\/#primaryimage"},"image":{"@id":"https:\/\/plastimex.mx\/product\/garrafa-pead-1-l-rosca-36mm\/#primaryimage"},"thumbnailUrl":"https:\/\/plastimex.mx\/wp-content\/uploads\/2021\/05\/Garrafa-PEAD-1-litro-R-36-mm-Plastimex-1.png","datePublished":"2021-05-14T16:04:46+00:00","dateModified":"2026-04-22T19:52:54+00:00","description":"La garrafa PEAD 1 L, R36mm, est\u00e1 dise\u00f1ada para qu\u00edmicos, f\u00e1rmacos, cosm\u00e9ticos o alimentos y es compatible con tapa de 36 mm. Solicita una cotizaci\u00f3n.","breadcrumb":{"@id":"https:\/\/plastimex.mx\/product\/garrafa-pead-1-l-rosca-36mm\/#breadcrumb"},"inLanguage":"es","potentialAction":[{"@type":"ReadAction","target":["https:\/\/plastimex.mx\/product\/garrafa-pead-1-l-rosca-36mm\/"]}]},{"@type":"ImageObject","inLanguage":"es","@id":"https:\/\/plastimex.mx\/product\/garrafa-pead-1-l-rosca-36mm\/#primaryimage","url":"https:\/\/plastimex.mx\/wp-content\/uploads\/2021\/05\/Garrafa-PEAD-1-litro-R-36-mm-Plastimex-1.png","contentUrl":"https:\/\/plastimex.mx\/wp-content\/uploads\/2021\/05\/Garrafa-PEAD-1-litro-R-36-mm-Plastimex-1.png","width":386,"height":622,"caption":"Garrafa PEAD 1 litro R-36 mm - Maxipet"},{"@type":"BreadcrumbList","@id":"https:\/\/plastimex.mx\/product\/garrafa-pead-1-l-rosca-36mm\/#breadcrumb","itemListElement":[{"@type":"ListItem","position":1,"name":"Home","item":"https:\/\/plastimex.mx\/"},{"@type":"ListItem","position":2,"name":"Shop","item":"https:\/\/plastimex.mx\/es_mx\/shop\/"},{"@type":"ListItem","position":3,"name":"Garrafa PEAD 1 L R36mm"}]},{"@type":"WebSite","@id":"https:\/\/plastimex.mx\/#website","url":"https:\/\/plastimex.mx\/","name":"Plastimex","description":"Plastimex","publisher":{"@id":"https:\/\/plastimex.mx\/#organization"},"potentialAction":[{"@type":"SearchAction","target":{"@type":"EntryPoint","urlTemplate":"https:\/\/plastimex.mx\/?s={search_term_string}"},"query-input":{"@type":"PropertyValueSpecification","valueRequired":true,"valueName":"search_term_string"}}],"inLanguage":"es"},{"@type":"Organization","@id":"https:\/\/plastimex.mx\/#organization","name":"Plastimex","url":"https:\/\/plastimex.mx\/","logo":{"@type":"ImageObject","inLanguage":"es","@id":"https:\/\/plastimex.mx\/#\/schema\/logo\/image\/","url":"https:\/\/plastimex.mx\/wp-content\/uploads\/2020\/02\/Plastimex-RGB.png","contentUrl":"https:\/\/plastimex.mx\/wp-content\/uploads\/2020\/02\/Plastimex-RGB.png","width":540,"height":171,"caption":"Plastimex"},"image":{"@id":"https:\/\/plastimex.mx\/#\/schema\/logo\/image\/"}}]}},"_links":{"self":[{"href":"https:\/\/plastimex.mx\/es_mx\/wp-json\/wp\/v2\/product\/4890","targetHints":{"allow":["GET"]}}],"collection":[{"href":"https:\/\/plastimex.mx\/es_mx\/wp-json\/wp\/v2\/product"}],"about":[{"href":"https:\/\/plastimex.mx\/es_mx\/wp-json\/wp\/v2\/types\/product"}],"wp:featuredmedia":[{"embeddable":true,"href":"https:\/\/plastimex.mx\/es_mx\/wp-json\/wp\/v2\/media\/5824"}],"wp:attachment":[{"href":"https:\/\/plastimex.mx\/es_mx\/wp-json\/wp\/v2\/media?parent=4890"}],"wp:term":[{"taxonomy":"product_brand","embeddable":true,"href":"https:\/\/plastimex.mx\/es_mx\/wp-json\/wp\/v2\/product_brand?post=4890"},{"taxonomy":"product_cat","embeddable":true,"href":"https:\/\/plastimex.mx\/es_mx\/wp-json\/wp\/v2\/product_cat?post=4890"},{"taxonomy":"product_tag","embeddable":true,"href":"https:\/\/plastimex.mx\/es_mx\/wp-json\/wp\/v2\/product_tag?post=4890"}],"curies":[{"name":"wp","href":"https:\/\/api.w.org\/{rel}","templated":true}]}}