{"id":1626,"date":"2021-08-10T23:04:25","date_gmt":"2021-08-10T23:04:25","guid":{"rendered":"https:\/\/plastimex.us\/?post_type=product&#038;p=1626"},"modified":"2026-04-09T16:17:05","modified_gmt":"2026-04-09T16:17:05","slug":"tapa-rosca-50-mm-liner-induccion-pead","status":"publish","type":"product","link":"https:\/\/plastimex.mx\/es_mx\/product\/tapa-rosca-50-mm-liner-induccion-pead\/","title":{"rendered":"Tapa Rosca 50 mm Liner de inducci\u00f3n plateado"},"content":{"rendered":"<h4><span data-sheets-root=\"1\"><strong>Tapa Rosca 50 mm<\/strong> <\/span><\/h4>\n<p><span style=\"color: #000000;\"><strong>Liner de inducci\u00f3n plateado<\/strong><\/span><\/p>\n<p><em>Sellado herm\u00e9tico seguro<\/em><\/p>\n<p>La<strong> tapa<\/strong> <strong>rosca 50 mm<\/strong> est\u00e1 fabricada con Polietileno de Alta Densidad (PEAD) e incluye un <strong>Liner<\/strong><strong>\u00a0de inducci\u00f3n<\/strong><strong> plateado <\/strong>el cual proporciona un sellado herm\u00e9tico compatible con l\u00edneas de producci\u00f3n modernas y requisitos de seguridad.<\/p>\n<p><strong>Especificaciones t\u00e9cnicas:<\/strong><\/p>\n<p>Di\u00e1metro: 50 \u00b1 0.5 mm<\/p>\n<p>Gramaje: 10.1 \u00b1 0.5 g<\/p>\n<p><strong>Compatible con:<\/strong><\/p>\n<p><strong><a href=\"https:\/\/plastimex.mx\/es_mx\/product\/envase-pead-250-ml-misil\/\">Envase de PEAD Misil 250 ml<\/a><\/strong><\/p>\n<p><strong><a href=\"https:\/\/plastimex.mx\/es_mx\/product\/envase-pead-500-ml-misil\/\">Envase de PEAD Misil 500 ml<\/a><\/strong><\/p>\n<p><strong><a href=\"https:\/\/plastimex.mx\/es_mx\/product\/envase-pead-1-l-misil\/\">Envase de PEAD Misil 1 L<\/a><\/strong><\/p>\n<p><strong><a href=\"https:\/\/plastimex.mx\/es_mx\/product\/envase-pead-1-l-misil-light-anillado\/\">Envase de PEAD Misil-Light Anillado 1 L<\/a><\/strong><\/p>\n<p>(Se venden por separado)<\/p>\n<p>&nbsp;<\/p>\n<p><strong>Colores de l\u00ednea<\/strong><\/p>\n<div class=\"contenedor-iconos-producto\">\n<div><img decoding=\"async\" class=\"\" src=\"https:\/\/maxipet.net\/images\/iconosprod\/colores\/azul.webp\" alt=\"Azul\" width=\"45\" height=\"45\" \/>\u00a0Azul\u00a0 \u00a0 \u00a0<img decoding=\"async\" class=\"\" src=\"https:\/\/maxipet.net\/images\/iconosprod\/colores\/blanco.webp\" alt=\"Blanco\" width=\"45\" height=\"45\" \/>\u00a0Blanco\u00a0 \u00a0 \u00a0<img decoding=\"async\" class=\"\" src=\"https:\/\/maxipet.net\/images\/iconosprod\/colores\/negro.webp\" alt=\"Negro\" width=\"45\" height=\"45\" \/>\u00a0Negro\u00a0 \u00a0 \u00a0<img loading=\"lazy\" decoding=\"async\" class=\"\" src=\"https:\/\/maxipet.net\/images\/iconosprod\/colores\/rojo.webp\" alt=\"Rojo\" width=\"45\" height=\"45\" \/>\u00a0Rojo<\/div>\n<div><\/div>\n<div><img loading=\"lazy\" decoding=\"async\" class=\"\" src=\"https:\/\/maxipet.net\/images\/iconosprod\/colores\/verde.webp\" alt=\"Verde\" width=\"45\" height=\"45\" \/>\u00a0Verde<\/div>\n<\/div>\n<p>&nbsp;<\/p>\n<p><strong>Ideal para uso<\/strong><\/p>\n<div class=\"contenedor-iconos-producto\">\n<div><img loading=\"lazy\" decoding=\"async\" class=\"\" src=\"https:\/\/maxipet.net\/images\/iconosprod\/usos\/agroquimicos.webp\" alt=\"Agroqu\u00edmicos\" width=\"45\" height=\"45\" \/> Agroqu\u00edmicos\u00a0 \u00a0 \u00a0<img loading=\"lazy\" decoding=\"async\" class=\"\" src=\"https:\/\/maxipet.net\/images\/iconosprod\/usos\/automotriz.webp\" alt=\"Automotriz\" width=\"45\" height=\"45\" \/> Automotriz\u00a0 \u00a0 \u00a0<img loading=\"lazy\" decoding=\"async\" class=\"\" src=\"https:\/\/maxipet.net\/images\/iconosprod\/usos\/fertilizantes.webp\" alt=\"Fertilizantes\" width=\"45\" height=\"45\" \/> Fertilizantes\u00a0 \u00a0 \u00a0<img loading=\"lazy\" decoding=\"async\" class=\"\" src=\"https:\/\/maxipet.net\/images\/iconosprod\/usos\/liquidos.webp\" alt=\"L\u00edquidos\" width=\"45\" height=\"45\" \/> L\u00edquidos<\/div>\n<div><\/div>\n<div><img loading=\"lazy\" decoding=\"async\" class=\"\" src=\"https:\/\/maxipet.net\/images\/iconosprod\/usos\/quimicos.webp\" alt=\"Qu\u00edmicos\" width=\"45\" height=\"45\" \/>\u00a0Qu\u00edmicos<\/div>\n<\/div>\n<p>&nbsp;<\/p>\n<div class=\"contenedor-imagen-pellet\">\n<p><strong>Paquete<\/strong><\/p>\n<p>58 cm de largo x 39 cm de ancho y una altura de 38 cm<\/p>\n<p>Peso: 11.5 kg<\/p>\n<p><img decoding=\"async\" src=\"https:\/\/maxipet.net\/media\/pso\/s\/img\/images\/caaj_nuevas_medidas.png.webp\" alt=\"caaj_nuevas_medidas.png\" \/><\/p>\n<\/div>\n<p>&nbsp;<\/p>\n","protected":false},"excerpt":{"rendered":"<h4><strong>Tapa Rosca 50 mm Liner de inducci\u00f3n plateado<\/strong><\/h4>\n","protected":false},"featured_media":6025,"template":"","meta":{"_acf_changed":false,"site-sidebar-layout":"default","site-content-layout":"default","ast-site-content-layout":"default","site-content-style":"default","site-sidebar-style":"default","ast-global-header-display":"","ast-banner-title-visibility":"","ast-main-header-display":"","ast-hfb-above-header-display":"","ast-hfb-below-header-display":"","ast-hfb-mobile-header-display":"","site-post-title":"","ast-breadcrumbs-content":"","ast-featured-img":"","footer-sml-layout":"","ast-disable-related-posts":"","theme-transparent-header-meta":"default","adv-header-id-meta":"","stick-header-meta":"default","header-above-stick-meta":"","header-main-stick-meta":"","header-below-stick-meta":"","astra-migrate-meta-layouts":"default","ast-page-background-enabled":"default","ast-page-background-meta":{"desktop":{"background-color":"var(--ast-global-color-4)","background-image":"","background-repeat":"repeat","background-position":"center center","background-size":"auto","background-attachment":"scroll","background-type":"","background-media":"","overlay-type":"","overlay-color":"","overlay-opacity":"","overlay-gradient":""},"tablet":{"background-color":"","background-image":"","background-repeat":"repeat","background-position":"center center","background-size":"auto","background-attachment":"scroll","background-type":"","background-media":"","overlay-type":"","overlay-color":"","overlay-opacity":"","overlay-gradient":""},"mobile":{"background-color":"","background-image":"","background-repeat":"repeat","background-position":"center center","background-size":"auto","background-attachment":"scroll","background-type":"","background-media":"","overlay-type":"","overlay-color":"","overlay-opacity":"","overlay-gradient":""}},"ast-content-background-meta":{"desktop":{"background-color":"var(--ast-global-color-5)","background-image":"","background-repeat":"repeat","background-position":"center center","background-size":"auto","background-attachment":"scroll","background-type":"","background-media":"","overlay-type":"","overlay-color":"","overlay-opacity":"","overlay-gradient":""},"tablet":{"background-color":"var(--ast-global-color-5)","background-image":"","background-repeat":"repeat","background-position":"center center","background-size":"auto","background-attachment":"scroll","background-type":"","background-media":"","overlay-type":"","overlay-color":"","overlay-opacity":"","overlay-gradient":""},"mobile":{"background-color":"var(--ast-global-color-5)","background-image":"","background-repeat":"repeat","background-position":"center center","background-size":"auto","background-attachment":"scroll","background-type":"","background-media":"","overlay-type":"","overlay-color":"","overlay-opacity":"","overlay-gradient":""}},"_joinchat":[]},"product_brand":[],"product_cat":[169],"product_tag":[],"class_list":{"0":"post-1626","1":"product","2":"type-product","3":"status-publish","4":"has-post-thumbnail","6":"product_cat-tapas","7":"desktop-align-left","8":"tablet-align-left","9":"mobile-align-left","11":"first","12":"instock","13":"shipping-taxable","14":"purchasable","15":"product-type-simple"},"acf":[],"yoast_head":"<!-- This site is optimized with the Yoast SEO plugin v27.5 - https:\/\/yoast.com\/product\/yoast-seo-wordpress\/ -->\n<title>Tapa Rosca 50 mm Liner de inducci\u00f3n plateado - Plastimex<\/title>\n<meta name=\"description\" content=\"La tapa rosca 50 mm con Liner de inducci\u00f3n plateado es perfecta para envases con un di\u00e1metro de corona de 50 mm. Solicita una cotizaci\u00f3n.\" \/>\n<meta name=\"robots\" content=\"index, follow, max-snippet:-1, max-image-preview:large, max-video-preview:-1\" \/>\n<link rel=\"canonical\" href=\"https:\/\/plastimex.mx\/es_mx\/product\/tapa-rosca-50-mm-liner-induccion-pead\/\" \/>\n<meta property=\"og:locale\" content=\"es_MX\" \/>\n<meta property=\"og:type\" content=\"article\" \/>\n<meta property=\"og:title\" content=\"Tapa Rosca 50 mm Liner de inducci\u00f3n plateado - Plastimex\" \/>\n<meta property=\"og:description\" content=\"La tapa rosca 50 mm con Liner de inducci\u00f3n plateado es perfecta para envases con un di\u00e1metro de corona de 50 mm. Solicita una cotizaci\u00f3n.\" \/>\n<meta property=\"og:url\" content=\"https:\/\/plastimex.mx\/es_mx\/product\/tapa-rosca-50-mm-liner-induccion-pead\/\" \/>\n<meta property=\"og:site_name\" content=\"Plastimex\" \/>\n<meta property=\"article:modified_time\" content=\"2026-04-09T16:17:05+00:00\" \/>\n<meta property=\"og:image\" content=\"https:\/\/plastimex.mx\/wp-content\/uploads\/2021\/08\/Tapa-Rosca-50-mm-Liner-Plateado-de-induccion-Plastimex-1.png\" \/>\n\t<meta property=\"og:image:width\" content=\"386\" \/>\n\t<meta property=\"og:image:height\" content=\"622\" \/>\n\t<meta property=\"og:image:type\" content=\"image\/png\" \/>\n<meta name=\"twitter:card\" content=\"summary_large_image\" \/>\n<meta name=\"twitter:label1\" content=\"Tiempo de lectura\" \/>\n\t<meta name=\"twitter:data1\" content=\"3 minutos\" \/>\n<script type=\"application\/ld+json\" class=\"yoast-schema-graph\">{\"@context\":\"https:\\\/\\\/schema.org\",\"@graph\":[{\"@type\":\"WebPage\",\"@id\":\"https:\\\/\\\/plastimex.mx\\\/product\\\/tapa-rosca-50-mm-liner-induccion-pead\\\/\",\"url\":\"https:\\\/\\\/plastimex.mx\\\/product\\\/tapa-rosca-50-mm-liner-induccion-pead\\\/\",\"name\":\"Tapa Rosca 50 mm Liner de inducci\u00f3n plateado - Plastimex\",\"isPartOf\":{\"@id\":\"https:\\\/\\\/plastimex.mx\\\/#website\"},\"primaryImageOfPage\":{\"@id\":\"https:\\\/\\\/plastimex.mx\\\/product\\\/tapa-rosca-50-mm-liner-induccion-pead\\\/#primaryimage\"},\"image\":{\"@id\":\"https:\\\/\\\/plastimex.mx\\\/product\\\/tapa-rosca-50-mm-liner-induccion-pead\\\/#primaryimage\"},\"thumbnailUrl\":\"https:\\\/\\\/plastimex.mx\\\/wp-content\\\/uploads\\\/2021\\\/08\\\/Tapa-Rosca-50-mm-Liner-Plateado-de-induccion-Plastimex-1.png\",\"datePublished\":\"2021-08-10T23:04:25+00:00\",\"dateModified\":\"2026-04-09T16:17:05+00:00\",\"description\":\"La tapa rosca 50 mm con Liner de inducci\u00f3n plateado es perfecta para envases con un di\u00e1metro de corona de 50 mm. Solicita una cotizaci\u00f3n.\",\"breadcrumb\":{\"@id\":\"https:\\\/\\\/plastimex.mx\\\/product\\\/tapa-rosca-50-mm-liner-induccion-pead\\\/#breadcrumb\"},\"inLanguage\":\"es\",\"potentialAction\":[{\"@type\":\"ReadAction\",\"target\":[\"https:\\\/\\\/plastimex.mx\\\/product\\\/tapa-rosca-50-mm-liner-induccion-pead\\\/\"]}]},{\"@type\":\"ImageObject\",\"inLanguage\":\"es\",\"@id\":\"https:\\\/\\\/plastimex.mx\\\/product\\\/tapa-rosca-50-mm-liner-induccion-pead\\\/#primaryimage\",\"url\":\"https:\\\/\\\/plastimex.mx\\\/wp-content\\\/uploads\\\/2021\\\/08\\\/Tapa-Rosca-50-mm-Liner-Plateado-de-induccion-Plastimex-1.png\",\"contentUrl\":\"https:\\\/\\\/plastimex.mx\\\/wp-content\\\/uploads\\\/2021\\\/08\\\/Tapa-Rosca-50-mm-Liner-Plateado-de-induccion-Plastimex-1.png\",\"width\":386,\"height\":622,\"caption\":\"Tapa Rosca 50 mm Liner Plateado de inducci\u00f3n - Plastimex\"},{\"@type\":\"BreadcrumbList\",\"@id\":\"https:\\\/\\\/plastimex.mx\\\/product\\\/tapa-rosca-50-mm-liner-induccion-pead\\\/#breadcrumb\",\"itemListElement\":[{\"@type\":\"ListItem\",\"position\":1,\"name\":\"Home\",\"item\":\"https:\\\/\\\/plastimex.mx\\\/\"},{\"@type\":\"ListItem\",\"position\":2,\"name\":\"Shop\",\"item\":\"https:\\\/\\\/plastimex.mx\\\/es_mx\\\/shop\\\/\"},{\"@type\":\"ListItem\",\"position\":3,\"name\":\"Tapa Rosca 50 mm Liner de inducci\u00f3n plateado\"}]},{\"@type\":\"WebSite\",\"@id\":\"https:\\\/\\\/plastimex.mx\\\/#website\",\"url\":\"https:\\\/\\\/plastimex.mx\\\/\",\"name\":\"Plastimex\",\"description\":\"Plastimex\",\"publisher\":{\"@id\":\"https:\\\/\\\/plastimex.mx\\\/#organization\"},\"potentialAction\":[{\"@type\":\"SearchAction\",\"target\":{\"@type\":\"EntryPoint\",\"urlTemplate\":\"https:\\\/\\\/plastimex.mx\\\/?s={search_term_string}\"},\"query-input\":{\"@type\":\"PropertyValueSpecification\",\"valueRequired\":true,\"valueName\":\"search_term_string\"}}],\"inLanguage\":\"es\"},{\"@type\":\"Organization\",\"@id\":\"https:\\\/\\\/plastimex.mx\\\/#organization\",\"name\":\"Plastimex\",\"url\":\"https:\\\/\\\/plastimex.mx\\\/\",\"logo\":{\"@type\":\"ImageObject\",\"inLanguage\":\"es\",\"@id\":\"https:\\\/\\\/plastimex.mx\\\/#\\\/schema\\\/logo\\\/image\\\/\",\"url\":\"https:\\\/\\\/plastimex.mx\\\/wp-content\\\/uploads\\\/2020\\\/02\\\/Plastimex-RGB.png\",\"contentUrl\":\"https:\\\/\\\/plastimex.mx\\\/wp-content\\\/uploads\\\/2020\\\/02\\\/Plastimex-RGB.png\",\"width\":540,\"height\":171,\"caption\":\"Plastimex\"},\"image\":{\"@id\":\"https:\\\/\\\/plastimex.mx\\\/#\\\/schema\\\/logo\\\/image\\\/\"}}]}<\/script>\n<!-- \/ Yoast SEO plugin. -->","yoast_head_json":{"title":"Tapa Rosca 50 mm Liner de inducci\u00f3n plateado - Plastimex","description":"La tapa rosca 50 mm con Liner de inducci\u00f3n plateado es perfecta para envases con un di\u00e1metro de corona de 50 mm. Solicita una cotizaci\u00f3n.","robots":{"index":"index","follow":"follow","max-snippet":"max-snippet:-1","max-image-preview":"max-image-preview:large","max-video-preview":"max-video-preview:-1"},"canonical":"https:\/\/plastimex.mx\/es_mx\/product\/tapa-rosca-50-mm-liner-induccion-pead\/","og_locale":"es_MX","og_type":"article","og_title":"Tapa Rosca 50 mm Liner de inducci\u00f3n plateado - Plastimex","og_description":"La tapa rosca 50 mm con Liner de inducci\u00f3n plateado es perfecta para envases con un di\u00e1metro de corona de 50 mm. Solicita una cotizaci\u00f3n.","og_url":"https:\/\/plastimex.mx\/es_mx\/product\/tapa-rosca-50-mm-liner-induccion-pead\/","og_site_name":"Plastimex","article_modified_time":"2026-04-09T16:17:05+00:00","og_image":[{"width":386,"height":622,"url":"https:\/\/plastimex.mx\/wp-content\/uploads\/2021\/08\/Tapa-Rosca-50-mm-Liner-Plateado-de-induccion-Plastimex-1.png","type":"image\/png"}],"twitter_card":"summary_large_image","twitter_misc":{"Tiempo de lectura":"3 minutos"},"schema":{"@context":"https:\/\/schema.org","@graph":[{"@type":"WebPage","@id":"https:\/\/plastimex.mx\/product\/tapa-rosca-50-mm-liner-induccion-pead\/","url":"https:\/\/plastimex.mx\/product\/tapa-rosca-50-mm-liner-induccion-pead\/","name":"Tapa Rosca 50 mm Liner de inducci\u00f3n plateado - Plastimex","isPartOf":{"@id":"https:\/\/plastimex.mx\/#website"},"primaryImageOfPage":{"@id":"https:\/\/plastimex.mx\/product\/tapa-rosca-50-mm-liner-induccion-pead\/#primaryimage"},"image":{"@id":"https:\/\/plastimex.mx\/product\/tapa-rosca-50-mm-liner-induccion-pead\/#primaryimage"},"thumbnailUrl":"https:\/\/plastimex.mx\/wp-content\/uploads\/2021\/08\/Tapa-Rosca-50-mm-Liner-Plateado-de-induccion-Plastimex-1.png","datePublished":"2021-08-10T23:04:25+00:00","dateModified":"2026-04-09T16:17:05+00:00","description":"La tapa rosca 50 mm con Liner de inducci\u00f3n plateado es perfecta para envases con un di\u00e1metro de corona de 50 mm. Solicita una cotizaci\u00f3n.","breadcrumb":{"@id":"https:\/\/plastimex.mx\/product\/tapa-rosca-50-mm-liner-induccion-pead\/#breadcrumb"},"inLanguage":"es","potentialAction":[{"@type":"ReadAction","target":["https:\/\/plastimex.mx\/product\/tapa-rosca-50-mm-liner-induccion-pead\/"]}]},{"@type":"ImageObject","inLanguage":"es","@id":"https:\/\/plastimex.mx\/product\/tapa-rosca-50-mm-liner-induccion-pead\/#primaryimage","url":"https:\/\/plastimex.mx\/wp-content\/uploads\/2021\/08\/Tapa-Rosca-50-mm-Liner-Plateado-de-induccion-Plastimex-1.png","contentUrl":"https:\/\/plastimex.mx\/wp-content\/uploads\/2021\/08\/Tapa-Rosca-50-mm-Liner-Plateado-de-induccion-Plastimex-1.png","width":386,"height":622,"caption":"Tapa Rosca 50 mm Liner Plateado de inducci\u00f3n - Plastimex"},{"@type":"BreadcrumbList","@id":"https:\/\/plastimex.mx\/product\/tapa-rosca-50-mm-liner-induccion-pead\/#breadcrumb","itemListElement":[{"@type":"ListItem","position":1,"name":"Home","item":"https:\/\/plastimex.mx\/"},{"@type":"ListItem","position":2,"name":"Shop","item":"https:\/\/plastimex.mx\/es_mx\/shop\/"},{"@type":"ListItem","position":3,"name":"Tapa Rosca 50 mm Liner de inducci\u00f3n plateado"}]},{"@type":"WebSite","@id":"https:\/\/plastimex.mx\/#website","url":"https:\/\/plastimex.mx\/","name":"Plastimex","description":"Plastimex","publisher":{"@id":"https:\/\/plastimex.mx\/#organization"},"potentialAction":[{"@type":"SearchAction","target":{"@type":"EntryPoint","urlTemplate":"https:\/\/plastimex.mx\/?s={search_term_string}"},"query-input":{"@type":"PropertyValueSpecification","valueRequired":true,"valueName":"search_term_string"}}],"inLanguage":"es"},{"@type":"Organization","@id":"https:\/\/plastimex.mx\/#organization","name":"Plastimex","url":"https:\/\/plastimex.mx\/","logo":{"@type":"ImageObject","inLanguage":"es","@id":"https:\/\/plastimex.mx\/#\/schema\/logo\/image\/","url":"https:\/\/plastimex.mx\/wp-content\/uploads\/2020\/02\/Plastimex-RGB.png","contentUrl":"https:\/\/plastimex.mx\/wp-content\/uploads\/2020\/02\/Plastimex-RGB.png","width":540,"height":171,"caption":"Plastimex"},"image":{"@id":"https:\/\/plastimex.mx\/#\/schema\/logo\/image\/"}}]}},"_links":{"self":[{"href":"https:\/\/plastimex.mx\/es_mx\/wp-json\/wp\/v2\/product\/1626","targetHints":{"allow":["GET"]}}],"collection":[{"href":"https:\/\/plastimex.mx\/es_mx\/wp-json\/wp\/v2\/product"}],"about":[{"href":"https:\/\/plastimex.mx\/es_mx\/wp-json\/wp\/v2\/types\/product"}],"wp:featuredmedia":[{"embeddable":true,"href":"https:\/\/plastimex.mx\/es_mx\/wp-json\/wp\/v2\/media\/6025"}],"wp:attachment":[{"href":"https:\/\/plastimex.mx\/es_mx\/wp-json\/wp\/v2\/media?parent=1626"}],"wp:term":[{"taxonomy":"product_brand","embeddable":true,"href":"https:\/\/plastimex.mx\/es_mx\/wp-json\/wp\/v2\/product_brand?post=1626"},{"taxonomy":"product_cat","embeddable":true,"href":"https:\/\/plastimex.mx\/es_mx\/wp-json\/wp\/v2\/product_cat?post=1626"},{"taxonomy":"product_tag","embeddable":true,"href":"https:\/\/plastimex.mx\/es_mx\/wp-json\/wp\/v2\/product_tag?post=1626"}],"curies":[{"name":"wp","href":"https:\/\/api.w.org\/{rel}","templated":true}]}}