{"id":1577,"date":"2021-05-05T21:25:35","date_gmt":"2021-05-05T21:25:35","guid":{"rendered":"https:\/\/plastimex.us\/?post_type=product&#038;p=1577"},"modified":"2026-04-09T14:53:48","modified_gmt":"2026-04-09T14:53:48","slug":"envase-pead-1-l-misil-light-anillado","status":"publish","type":"product","link":"https:\/\/plastimex.mx\/es_mx\/product\/envase-pead-1-l-misil-light-anillado\/","title":{"rendered":"Envase PEAD 1 L Misil-Light Anillado"},"content":{"rendered":"<h4><strong>Envase PEAD 1 L Misil-Light Anillado<\/strong><\/h4>\n<p><span style=\"color: #333333;\"><strong>Tapa R-50 mm<\/strong><\/span><\/p>\n<p><em>Mayor agarre y menor peso<\/em><\/p>\n<p>El\u00a0<strong>envase PEAD 1 L, <\/strong>Misil-Light, es una botella fabricada para almacenar y transportar productos que requieren mayor seguridad. La estructura de su cuerpo anillado permite que sea m\u00e1s resistente y de f\u00e1cil sujeci\u00f3n. Adem\u00e1s, su construcci\u00f3n optimizada reduce el gramaje sin sacrificar resistencia estructural, por lo que es ideal para aquellas marcas que requieren de una funcionalidad premium en su l\u00ednea de productos.<\/p>\n<p>Es perfecto para m\u00faltiples aplicaciones industriales, sobre todo si se busca resistencia y ligereza a la vez. Con este envase no solo ahorrar\u00e1s almacenamiento, sino tambi\u00e9n peso, lo que se traduce en un menor gasto de transportaci\u00f3n y log\u00edstica. Es compatible con tapas cuya rosca sea de 50 mm.<\/p>\n<p><strong>Especificaciones t\u00e9cnicas:<\/strong><\/p>\n<p>Altura: 232.5 \u00b1 1 mm<\/p>\n<p>Di\u00e1metro: 85 \u00b1 1 mm<\/p>\n<p>Gramaje:\u00a070 \u00b1 3 g<\/p>\n<p><b>Compatible con:<\/b><\/p>\n<p><strong><a href=\"https:\/\/plastimex.mx\/es_mx\/product\/tapa-rosca-50-mm-liner-induccion-pead\/\">Tapa R-50 mm con Liner de inducci\u00f3n Plateado<\/a><\/strong><\/p>\n<p><strong><a href=\"https:\/\/plastimex.mx\/es_mx\/product\/tapa-rosca-50-mm-liner-induccion-valvula-ventilacion-pead\/\">Tapa R-50 mm con Liner de inducci\u00f3n Plateado y v\u00e1lvula de ventilaci\u00f3n<\/a><\/strong><\/p>\n<p>(Se venden por separado)<\/p>\n<p>&nbsp;<\/p>\n<p><strong>Colores de l\u00ednea<\/strong><\/p>\n<div class=\"contenedor-iconos-producto\">\n<div><img decoding=\"async\" class=\"\" src=\"https:\/\/maxipet.net\/images\/iconosprod\/colores\/blanco.webp\" alt=\"Blanco\" width=\"46\" height=\"46\" \/> Blanco<\/div>\n<div><\/div>\n<\/div>\n<p>&nbsp;<\/p>\n<p><strong>Ideal para uso<\/strong><\/p>\n<p><img decoding=\"async\" class=\"\" style=\"font-style: inherit; font-weight: inherit;\" src=\"https:\/\/maxipet.net\/images\/iconosprod\/usos\/agroquimicos.webp\" alt=\"Agroqu\u00edmicos\" width=\"45\" height=\"45\" \/><span style=\"font-size: 16px;\"> Agroqu\u00edmicos\u00a0 \u00a0 <img decoding=\"async\" class=\"\" src=\"https:\/\/maxipet.net\/images\/iconosprod\/usos\/alimenticio.webp\" alt=\"Alimenticio\" width=\"45\" height=\"45\" \/> Alimenticio\u00a0 \u00a0 \u00a0<\/span><img loading=\"lazy\" decoding=\"async\" class=\"\" style=\"font-style: inherit; font-weight: inherit;\" src=\"https:\/\/maxipet.net\/images\/iconosprod\/usos\/bebida.webp\" alt=\"Bebida\" width=\"46\" height=\"46\" \/><span style=\"font-size: 16px;\"> Bebidas\u00a0 \u00a0 <img loading=\"lazy\" decoding=\"async\" class=\"\" src=\"https:\/\/maxipet.net\/images\/iconosprod\/usos\/farmaceutico.webp\" alt=\"Farmac\u00e9utico\" width=\"40\" height=\"40\" \/> Farmac\u00e9utico<\/span><\/p>\n<p><img loading=\"lazy\" decoding=\"async\" class=\"\" style=\"font-style: inherit; font-weight: inherit;\" src=\"https:\/\/maxipet.net\/images\/iconosprod\/usos\/naturista.webp\" alt=\"Naturista\" width=\"47\" height=\"47\" \/><span style=\"font-size: 16px;\"> Naturista\u00a0 \u00a0 \u00a0 \u00a0 \u00a0 \u00a0 <\/span><img loading=\"lazy\" decoding=\"async\" class=\"\" style=\"font-style: inherit; font-weight: inherit;\" src=\"https:\/\/maxipet.net\/images\/iconosprod\/usos\/quimicos.webp\" alt=\"Qu\u00edmicos\" width=\"45\" height=\"45\" \/><span style=\"font-size: 16px;\"> Qu\u00edmicos<\/span><\/p>\n<p><strong style=\"font-size: 16px;\"><br \/>\nPaquete<\/strong><\/p>\n<div class=\"contenedor-imagen-pellet\">\n<p>91 cm de largo x 60 cm de ancho y una altura de 24 cm<\/p>\n<p>Peso: 5.5 kg<\/p>\n<\/div>\n<p><img decoding=\"async\" src=\"https:\/\/maxipet.net\/media\/pso\/s\/img\/images\/MISIL_1L.png.webp\" alt=\"MISIL 1L\" \/><\/p>\n","protected":false},"excerpt":{"rendered":"<h4><strong>Envase PEAD 1 L Misil-Light Anillado<\/strong><\/h4>\n","protected":false},"featured_media":6243,"template":"","meta":{"_acf_changed":false,"site-sidebar-layout":"default","site-content-layout":"default","ast-site-content-layout":"default","site-content-style":"default","site-sidebar-style":"default","ast-global-header-display":"","ast-banner-title-visibility":"","ast-main-header-display":"","ast-hfb-above-header-display":"","ast-hfb-below-header-display":"","ast-hfb-mobile-header-display":"","site-post-title":"","ast-breadcrumbs-content":"","ast-featured-img":"","footer-sml-layout":"","ast-disable-related-posts":"","theme-transparent-header-meta":"default","adv-header-id-meta":"","stick-header-meta":"default","header-above-stick-meta":"","header-main-stick-meta":"","header-below-stick-meta":"","astra-migrate-meta-layouts":"default","ast-page-background-enabled":"default","ast-page-background-meta":{"desktop":{"background-color":"var(--ast-global-color-4)","background-image":"","background-repeat":"repeat","background-position":"center center","background-size":"auto","background-attachment":"scroll","background-type":"","background-media":"","overlay-type":"","overlay-color":"","overlay-opacity":"","overlay-gradient":""},"tablet":{"background-color":"","background-image":"","background-repeat":"repeat","background-position":"center center","background-size":"auto","background-attachment":"scroll","background-type":"","background-media":"","overlay-type":"","overlay-color":"","overlay-opacity":"","overlay-gradient":""},"mobile":{"background-color":"","background-image":"","background-repeat":"repeat","background-position":"center center","background-size":"auto","background-attachment":"scroll","background-type":"","background-media":"","overlay-type":"","overlay-color":"","overlay-opacity":"","overlay-gradient":""}},"ast-content-background-meta":{"desktop":{"background-color":"var(--ast-global-color-5)","background-image":"","background-repeat":"repeat","background-position":"center center","background-size":"auto","background-attachment":"scroll","background-type":"","background-media":"","overlay-type":"","overlay-color":"","overlay-opacity":"","overlay-gradient":""},"tablet":{"background-color":"var(--ast-global-color-5)","background-image":"","background-repeat":"repeat","background-position":"center center","background-size":"auto","background-attachment":"scroll","background-type":"","background-media":"","overlay-type":"","overlay-color":"","overlay-opacity":"","overlay-gradient":""},"mobile":{"background-color":"var(--ast-global-color-5)","background-image":"","background-repeat":"repeat","background-position":"center center","background-size":"auto","background-attachment":"scroll","background-type":"","background-media":"","overlay-type":"","overlay-color":"","overlay-opacity":"","overlay-gradient":""}},"_joinchat":[]},"product_brand":[],"product_cat":[170],"product_tag":[],"class_list":{"0":"post-1577","1":"product","2":"type-product","3":"status-publish","4":"has-post-thumbnail","6":"product_cat-pead","7":"desktop-align-left","8":"tablet-align-left","9":"mobile-align-left","11":"first","12":"instock","13":"shipping-taxable","14":"purchasable","15":"product-type-simple"},"acf":[],"yoast_head":"<!-- This site is optimized with the Yoast SEO plugin v27.5 - https:\/\/yoast.com\/product\/yoast-seo-wordpress\/ -->\n<title>Envase PEAD 1 L Misil-Light Anillado - Plastimex<\/title>\n<meta name=\"description\" content=\"El envase PEAD 1 L, Misil-Light Anillado, es apto para qu\u00edmicos, f\u00e1rmacos y alimentos. Compatible con tapa de 50 mm. Solicita una cotizaci\u00f3n.\" \/>\n<meta name=\"robots\" content=\"index, follow, max-snippet:-1, max-image-preview:large, max-video-preview:-1\" \/>\n<link rel=\"canonical\" href=\"https:\/\/plastimex.mx\/es_mx\/product\/envase-pead-1-l-misil-light-anillado\/\" \/>\n<meta property=\"og:locale\" content=\"es_MX\" \/>\n<meta property=\"og:type\" content=\"article\" \/>\n<meta property=\"og:title\" content=\"Envase PEAD 1 L Misil-Light Anillado - Plastimex\" \/>\n<meta property=\"og:description\" content=\"El envase PEAD 1 L, Misil-Light Anillado, es apto para qu\u00edmicos, f\u00e1rmacos y alimentos. Compatible con tapa de 50 mm. Solicita una cotizaci\u00f3n.\" \/>\n<meta property=\"og:url\" content=\"https:\/\/plastimex.mx\/es_mx\/product\/envase-pead-1-l-misil-light-anillado\/\" \/>\n<meta property=\"og:site_name\" content=\"Plastimex\" \/>\n<meta property=\"article:modified_time\" content=\"2026-04-09T14:53:48+00:00\" \/>\n<meta property=\"og:image\" content=\"https:\/\/plastimex.mx\/wp-content\/uploads\/2021\/05\/Envase-PEAD-1-litro-Misil-Light-Anillado-Plastimex-1-1.png\" \/>\n\t<meta property=\"og:image:width\" content=\"386\" \/>\n\t<meta property=\"og:image:height\" content=\"622\" \/>\n\t<meta property=\"og:image:type\" content=\"image\/png\" \/>\n<meta name=\"twitter:card\" content=\"summary_large_image\" \/>\n<meta name=\"twitter:label1\" content=\"Tiempo de lectura\" \/>\n\t<meta name=\"twitter:data1\" content=\"3 minutos\" \/>\n<script type=\"application\/ld+json\" class=\"yoast-schema-graph\">{\"@context\":\"https:\\\/\\\/schema.org\",\"@graph\":[{\"@type\":\"WebPage\",\"@id\":\"https:\\\/\\\/plastimex.mx\\\/product\\\/envase-pead-1-l-misil-light-anillado\\\/\",\"url\":\"https:\\\/\\\/plastimex.mx\\\/product\\\/envase-pead-1-l-misil-light-anillado\\\/\",\"name\":\"Envase PEAD 1 L Misil-Light Anillado - Plastimex\",\"isPartOf\":{\"@id\":\"https:\\\/\\\/plastimex.mx\\\/#website\"},\"primaryImageOfPage\":{\"@id\":\"https:\\\/\\\/plastimex.mx\\\/product\\\/envase-pead-1-l-misil-light-anillado\\\/#primaryimage\"},\"image\":{\"@id\":\"https:\\\/\\\/plastimex.mx\\\/product\\\/envase-pead-1-l-misil-light-anillado\\\/#primaryimage\"},\"thumbnailUrl\":\"https:\\\/\\\/plastimex.mx\\\/wp-content\\\/uploads\\\/2021\\\/05\\\/Envase-PEAD-1-litro-Misil-Light-Anillado-Plastimex-1-1.png\",\"datePublished\":\"2021-05-05T21:25:35+00:00\",\"dateModified\":\"2026-04-09T14:53:48+00:00\",\"description\":\"El envase PEAD 1 L, Misil-Light Anillado, es apto para qu\u00edmicos, f\u00e1rmacos y alimentos. Compatible con tapa de 50 mm. Solicita una cotizaci\u00f3n.\",\"breadcrumb\":{\"@id\":\"https:\\\/\\\/plastimex.mx\\\/product\\\/envase-pead-1-l-misil-light-anillado\\\/#breadcrumb\"},\"inLanguage\":\"es\",\"potentialAction\":[{\"@type\":\"ReadAction\",\"target\":[\"https:\\\/\\\/plastimex.mx\\\/product\\\/envase-pead-1-l-misil-light-anillado\\\/\"]}]},{\"@type\":\"ImageObject\",\"inLanguage\":\"es\",\"@id\":\"https:\\\/\\\/plastimex.mx\\\/product\\\/envase-pead-1-l-misil-light-anillado\\\/#primaryimage\",\"url\":\"https:\\\/\\\/plastimex.mx\\\/wp-content\\\/uploads\\\/2021\\\/05\\\/Envase-PEAD-1-litro-Misil-Light-Anillado-Plastimex-1-1.png\",\"contentUrl\":\"https:\\\/\\\/plastimex.mx\\\/wp-content\\\/uploads\\\/2021\\\/05\\\/Envase-PEAD-1-litro-Misil-Light-Anillado-Plastimex-1-1.png\",\"width\":386,\"height\":622,\"caption\":\"Envase PEAD 1 litro Misil-Light Anillado - Plastimex\"},{\"@type\":\"BreadcrumbList\",\"@id\":\"https:\\\/\\\/plastimex.mx\\\/product\\\/envase-pead-1-l-misil-light-anillado\\\/#breadcrumb\",\"itemListElement\":[{\"@type\":\"ListItem\",\"position\":1,\"name\":\"Home\",\"item\":\"https:\\\/\\\/plastimex.mx\\\/\"},{\"@type\":\"ListItem\",\"position\":2,\"name\":\"Shop\",\"item\":\"https:\\\/\\\/plastimex.mx\\\/es_mx\\\/shop\\\/\"},{\"@type\":\"ListItem\",\"position\":3,\"name\":\"Envase PEAD 1 L Misil-Light Anillado\"}]},{\"@type\":\"WebSite\",\"@id\":\"https:\\\/\\\/plastimex.mx\\\/#website\",\"url\":\"https:\\\/\\\/plastimex.mx\\\/\",\"name\":\"Plastimex\",\"description\":\"Plastimex\",\"publisher\":{\"@id\":\"https:\\\/\\\/plastimex.mx\\\/#organization\"},\"potentialAction\":[{\"@type\":\"SearchAction\",\"target\":{\"@type\":\"EntryPoint\",\"urlTemplate\":\"https:\\\/\\\/plastimex.mx\\\/?s={search_term_string}\"},\"query-input\":{\"@type\":\"PropertyValueSpecification\",\"valueRequired\":true,\"valueName\":\"search_term_string\"}}],\"inLanguage\":\"es\"},{\"@type\":\"Organization\",\"@id\":\"https:\\\/\\\/plastimex.mx\\\/#organization\",\"name\":\"Plastimex\",\"url\":\"https:\\\/\\\/plastimex.mx\\\/\",\"logo\":{\"@type\":\"ImageObject\",\"inLanguage\":\"es\",\"@id\":\"https:\\\/\\\/plastimex.mx\\\/#\\\/schema\\\/logo\\\/image\\\/\",\"url\":\"https:\\\/\\\/plastimex.mx\\\/wp-content\\\/uploads\\\/2020\\\/02\\\/Plastimex-RGB.png\",\"contentUrl\":\"https:\\\/\\\/plastimex.mx\\\/wp-content\\\/uploads\\\/2020\\\/02\\\/Plastimex-RGB.png\",\"width\":540,\"height\":171,\"caption\":\"Plastimex\"},\"image\":{\"@id\":\"https:\\\/\\\/plastimex.mx\\\/#\\\/schema\\\/logo\\\/image\\\/\"}}]}<\/script>\n<!-- \/ Yoast SEO plugin. -->","yoast_head_json":{"title":"Envase PEAD 1 L Misil-Light Anillado - Plastimex","description":"El envase PEAD 1 L, Misil-Light Anillado, es apto para qu\u00edmicos, f\u00e1rmacos y alimentos. Compatible con tapa de 50 mm. Solicita una cotizaci\u00f3n.","robots":{"index":"index","follow":"follow","max-snippet":"max-snippet:-1","max-image-preview":"max-image-preview:large","max-video-preview":"max-video-preview:-1"},"canonical":"https:\/\/plastimex.mx\/es_mx\/product\/envase-pead-1-l-misil-light-anillado\/","og_locale":"es_MX","og_type":"article","og_title":"Envase PEAD 1 L Misil-Light Anillado - Plastimex","og_description":"El envase PEAD 1 L, Misil-Light Anillado, es apto para qu\u00edmicos, f\u00e1rmacos y alimentos. Compatible con tapa de 50 mm. Solicita una cotizaci\u00f3n.","og_url":"https:\/\/plastimex.mx\/es_mx\/product\/envase-pead-1-l-misil-light-anillado\/","og_site_name":"Plastimex","article_modified_time":"2026-04-09T14:53:48+00:00","og_image":[{"width":386,"height":622,"url":"https:\/\/plastimex.mx\/wp-content\/uploads\/2021\/05\/Envase-PEAD-1-litro-Misil-Light-Anillado-Plastimex-1-1.png","type":"image\/png"}],"twitter_card":"summary_large_image","twitter_misc":{"Tiempo de lectura":"3 minutos"},"schema":{"@context":"https:\/\/schema.org","@graph":[{"@type":"WebPage","@id":"https:\/\/plastimex.mx\/product\/envase-pead-1-l-misil-light-anillado\/","url":"https:\/\/plastimex.mx\/product\/envase-pead-1-l-misil-light-anillado\/","name":"Envase PEAD 1 L Misil-Light Anillado - Plastimex","isPartOf":{"@id":"https:\/\/plastimex.mx\/#website"},"primaryImageOfPage":{"@id":"https:\/\/plastimex.mx\/product\/envase-pead-1-l-misil-light-anillado\/#primaryimage"},"image":{"@id":"https:\/\/plastimex.mx\/product\/envase-pead-1-l-misil-light-anillado\/#primaryimage"},"thumbnailUrl":"https:\/\/plastimex.mx\/wp-content\/uploads\/2021\/05\/Envase-PEAD-1-litro-Misil-Light-Anillado-Plastimex-1-1.png","datePublished":"2021-05-05T21:25:35+00:00","dateModified":"2026-04-09T14:53:48+00:00","description":"El envase PEAD 1 L, Misil-Light Anillado, es apto para qu\u00edmicos, f\u00e1rmacos y alimentos. Compatible con tapa de 50 mm. Solicita una cotizaci\u00f3n.","breadcrumb":{"@id":"https:\/\/plastimex.mx\/product\/envase-pead-1-l-misil-light-anillado\/#breadcrumb"},"inLanguage":"es","potentialAction":[{"@type":"ReadAction","target":["https:\/\/plastimex.mx\/product\/envase-pead-1-l-misil-light-anillado\/"]}]},{"@type":"ImageObject","inLanguage":"es","@id":"https:\/\/plastimex.mx\/product\/envase-pead-1-l-misil-light-anillado\/#primaryimage","url":"https:\/\/plastimex.mx\/wp-content\/uploads\/2021\/05\/Envase-PEAD-1-litro-Misil-Light-Anillado-Plastimex-1-1.png","contentUrl":"https:\/\/plastimex.mx\/wp-content\/uploads\/2021\/05\/Envase-PEAD-1-litro-Misil-Light-Anillado-Plastimex-1-1.png","width":386,"height":622,"caption":"Envase PEAD 1 litro Misil-Light Anillado - Plastimex"},{"@type":"BreadcrumbList","@id":"https:\/\/plastimex.mx\/product\/envase-pead-1-l-misil-light-anillado\/#breadcrumb","itemListElement":[{"@type":"ListItem","position":1,"name":"Home","item":"https:\/\/plastimex.mx\/"},{"@type":"ListItem","position":2,"name":"Shop","item":"https:\/\/plastimex.mx\/es_mx\/shop\/"},{"@type":"ListItem","position":3,"name":"Envase PEAD 1 L Misil-Light Anillado"}]},{"@type":"WebSite","@id":"https:\/\/plastimex.mx\/#website","url":"https:\/\/plastimex.mx\/","name":"Plastimex","description":"Plastimex","publisher":{"@id":"https:\/\/plastimex.mx\/#organization"},"potentialAction":[{"@type":"SearchAction","target":{"@type":"EntryPoint","urlTemplate":"https:\/\/plastimex.mx\/?s={search_term_string}"},"query-input":{"@type":"PropertyValueSpecification","valueRequired":true,"valueName":"search_term_string"}}],"inLanguage":"es"},{"@type":"Organization","@id":"https:\/\/plastimex.mx\/#organization","name":"Plastimex","url":"https:\/\/plastimex.mx\/","logo":{"@type":"ImageObject","inLanguage":"es","@id":"https:\/\/plastimex.mx\/#\/schema\/logo\/image\/","url":"https:\/\/plastimex.mx\/wp-content\/uploads\/2020\/02\/Plastimex-RGB.png","contentUrl":"https:\/\/plastimex.mx\/wp-content\/uploads\/2020\/02\/Plastimex-RGB.png","width":540,"height":171,"caption":"Plastimex"},"image":{"@id":"https:\/\/plastimex.mx\/#\/schema\/logo\/image\/"}}]}},"_links":{"self":[{"href":"https:\/\/plastimex.mx\/es_mx\/wp-json\/wp\/v2\/product\/1577","targetHints":{"allow":["GET"]}}],"collection":[{"href":"https:\/\/plastimex.mx\/es_mx\/wp-json\/wp\/v2\/product"}],"about":[{"href":"https:\/\/plastimex.mx\/es_mx\/wp-json\/wp\/v2\/types\/product"}],"wp:featuredmedia":[{"embeddable":true,"href":"https:\/\/plastimex.mx\/es_mx\/wp-json\/wp\/v2\/media\/6243"}],"wp:attachment":[{"href":"https:\/\/plastimex.mx\/es_mx\/wp-json\/wp\/v2\/media?parent=1577"}],"wp:term":[{"taxonomy":"product_brand","embeddable":true,"href":"https:\/\/plastimex.mx\/es_mx\/wp-json\/wp\/v2\/product_brand?post=1577"},{"taxonomy":"product_cat","embeddable":true,"href":"https:\/\/plastimex.mx\/es_mx\/wp-json\/wp\/v2\/product_cat?post=1577"},{"taxonomy":"product_tag","embeddable":true,"href":"https:\/\/plastimex.mx\/es_mx\/wp-json\/wp\/v2\/product_tag?post=1577"}],"curies":[{"name":"wp","href":"https:\/\/api.w.org\/{rel}","templated":true}]}}