{"id":1571,"date":"2021-06-07T21:34:36","date_gmt":"2021-06-07T21:34:36","guid":{"rendered":"https:\/\/plastimex.us\/?post_type=product&#038;p=1571"},"modified":"2026-04-20T15:57:08","modified_gmt":"2026-04-20T15:57:08","slug":"envase-pead-10-l-bidon","status":"publish","type":"product","link":"https:\/\/plastimex.mx\/es_mx\/product\/envase-pead-10-l-bidon\/","title":{"rendered":"Envase PEAD 10 L Bid\u00f3n"},"content":{"rendered":"<h4><strong>Envase PEAD 10 L Bid\u00f3n<\/strong><\/h4>\n<p><span style=\"color: #333333;\"><strong>Tapa R-53 mm<\/strong><\/span><\/p>\n<p><em>Resistencia industrial para distribuci\u00f3n a granel<\/em><\/p>\n<p>El\u00a0<strong>envase PEAD 10 L, <\/strong>Bid\u00f3n, cuenta con un dise\u00f1o estibable con soportes\u00a0de antideslizamiento que brindan\u00a0mayor estabilidad y seguridad. Tiene\u00a0un asa que facilita su manejo y una\u00a0mirilla para visualizar su contenido.<\/p>\n<p><strong>Especificaciones t\u00e9cnicas:<\/strong><\/p>\n<p>Altura: 311 \u00b1 5 mm<\/p>\n<p>Ancho: 197 \u00b1 5 mm<\/p>\n<p>Largo: 233 \u00b1 5 mm<\/p>\n<p>Gramaje:\u00a0450 \u00b1 20 g \/ 500 \u00b1 20 g<\/p>\n<p><b>Compatible con:<\/b><\/p>\n<p><strong><a href=\"https:\/\/plastimex.mx\/es_mx\/product\/tapa-bidon-rosca-53-mm-liner-induccion-cintillo-seguridad-pead\/\">Tapa R-53 mm con Liner de inducci\u00f3n Plateado y cintillo de seguridad<\/a><\/strong><\/p>\n<p><strong><a href=\"https:\/\/plastimex.mx\/es_mx\/product\/tapa-bidon-rosca-53-mm-liner-espumado-cintillo-seguridad\/\">Tapa R-53 mm con Liner espumado y cintillo de seguridad<\/a><\/strong><\/p>\n<p><strong><a href=\"https:\/\/plastimex.mx\/es_mx\/product\/tapa-bidon-rosca-53-mm-liner-espumado-cintillo-seguridad-arandela\/\">Tapa R-53 mm Arandela con Liner espumado y cintillo de seguridad<\/a><\/strong><\/p>\n<p><strong><a href=\"https:\/\/plastimex.mx\/es_mx\/product\/tapa-bidon-rosca-53-mm-liner-espumado-valvula-ventilacion-cintillo-seguridad-arandela\/\">Tapa R-53 mm Arandela con Liner espumado, v\u00e1lvula de ventilaci\u00f3n y cintillo de seguridad<\/a><\/strong><\/p>\n<p><strong><a href=\"https:\/\/plastimex.mx\/es_mx\/product\/tapa-dispensadora-grifo-rosca-53-mm-liner-espumado\/\">Tapa R-53 mm Dispensadora\u00a0Grifo<\/a><\/strong><\/p>\n<p><strong><a href=\"https:\/\/plastimex.mx\/es_mx\/product\/antiglu-rosca-53-mm\/\">Antigl\u00fa R-53 mm\u00a0<\/a><\/strong><\/p>\n<p>(Se venden por separado)<\/p>\n<p>&nbsp;<\/p>\n<p><strong>Colores de l\u00ednea<\/strong><\/p>\n<div class=\"contenedor-iconos-producto\">\n<div><img decoding=\"async\" class=\"\" src=\"https:\/\/maxipet.net\/images\/iconosprod\/colores\/blanco.webp\" alt=\"Blanco\" width=\"46\" height=\"46\" \/> Blanco\u00a0 \u00a0 \u00a0<img decoding=\"async\" class=\"\" src=\"https:\/\/maxipet.net\/images\/iconosprod\/colores\/natural.webp\" alt=\"Natural\" width=\"46\" height=\"46\" \/> Natural<\/div>\n<div><\/div>\n<\/div>\n<p>&nbsp;<\/p>\n<p><strong>Ideal para uso<\/strong><\/p>\n<div class=\"contenedor-iconos-producto\">\n<div>\n<p><img decoding=\"async\" class=\"\" src=\"https:\/\/maxipet.net\/images\/iconosprod\/usos\/agroquimicos.webp\" alt=\"Agroqu\u00edmicos\" width=\"45\" height=\"45\" \/>\u00a0Agroqu\u00edmicos\u00a0 \u00a0\u00a0<img loading=\"lazy\" decoding=\"async\" class=\"\" src=\"https:\/\/maxipet.net\/images\/iconosprod\/usos\/alimenticio.webp\" alt=\"Alimenticio\" width=\"45\" height=\"45\" \/>\u00a0Alimenticio\u00a0 \u00a0 \u00a0<img loading=\"lazy\" decoding=\"async\" class=\"\" src=\"https:\/\/maxipet.net\/images\/iconosprod\/usos\/automotriz.webp\" alt=\"Automotriz\" width=\"45\" height=\"45\" \/>\u00a0Automotriz\u00a0 \u00a0 \u00a0<img loading=\"lazy\" decoding=\"async\" class=\"\" src=\"https:\/\/maxipet.net\/images\/iconosprod\/usos\/cosmetico.webp\" alt=\"Cosm\u00e9tico\" width=\"44\" height=\"44\" \/>\u00a0Cosm\u00e9tico<\/p>\n<p><img loading=\"lazy\" decoding=\"async\" class=\"\" src=\"https:\/\/maxipet.net\/images\/iconosprod\/usos\/farmaceutico.webp\" alt=\"Farmac\u00e9utico\" width=\"40\" height=\"40\" \/>\u00a0Farmac\u00e9utico\u00a0 \u00a0 \u00a0<img loading=\"lazy\" decoding=\"async\" class=\"\" src=\"https:\/\/maxipet.net\/images\/iconosprod\/usos\/limpieza.webp\" alt=\"Limpieza\" width=\"45\" height=\"45\" \/>\u00a0Limpieza\u00a0 \u00a0 \u00a0 \u00a0 \u00a0\u00a0<img loading=\"lazy\" decoding=\"async\" class=\"\" src=\"https:\/\/maxipet.net\/images\/iconosprod\/usos\/quimicos.webp\" alt=\"Qu\u00edmicos\" width=\"45\" height=\"45\" \/>\u00a0Qu\u00edmicos<\/p>\n<\/div>\n<div><\/div>\n<\/div>\n<p>&nbsp;<\/p>\n<p><strong>Paquete<\/strong><\/p>\n<p>100 cm de largo x 46 cm de ancho y una altura de 31 cm<\/p>\n<p>Peso:\u00a05.5\u00a0kg\u00a0\/\u00a06.3 kg<\/p>\n","protected":false},"excerpt":{"rendered":"<h4><strong>Envase PEAD 10 L Bid\u00f3n<\/strong><\/h4>\n","protected":false},"featured_media":5851,"template":"","meta":{"_acf_changed":false,"site-sidebar-layout":"default","site-content-layout":"default","ast-site-content-layout":"default","site-content-style":"default","site-sidebar-style":"default","ast-global-header-display":"","ast-banner-title-visibility":"","ast-main-header-display":"","ast-hfb-above-header-display":"","ast-hfb-below-header-display":"","ast-hfb-mobile-header-display":"","site-post-title":"","ast-breadcrumbs-content":"","ast-featured-img":"","footer-sml-layout":"","ast-disable-related-posts":"","theme-transparent-header-meta":"default","adv-header-id-meta":"","stick-header-meta":"default","header-above-stick-meta":"","header-main-stick-meta":"","header-below-stick-meta":"","astra-migrate-meta-layouts":"default","ast-page-background-enabled":"default","ast-page-background-meta":{"desktop":{"background-color":"var(--ast-global-color-4)","background-image":"","background-repeat":"repeat","background-position":"center center","background-size":"auto","background-attachment":"scroll","background-type":"","background-media":"","overlay-type":"","overlay-color":"","overlay-opacity":"","overlay-gradient":""},"tablet":{"background-color":"","background-image":"","background-repeat":"repeat","background-position":"center center","background-size":"auto","background-attachment":"scroll","background-type":"","background-media":"","overlay-type":"","overlay-color":"","overlay-opacity":"","overlay-gradient":""},"mobile":{"background-color":"","background-image":"","background-repeat":"repeat","background-position":"center center","background-size":"auto","background-attachment":"scroll","background-type":"","background-media":"","overlay-type":"","overlay-color":"","overlay-opacity":"","overlay-gradient":""}},"ast-content-background-meta":{"desktop":{"background-color":"var(--ast-global-color-5)","background-image":"","background-repeat":"repeat","background-position":"center center","background-size":"auto","background-attachment":"scroll","background-type":"","background-media":"","overlay-type":"","overlay-color":"","overlay-opacity":"","overlay-gradient":""},"tablet":{"background-color":"var(--ast-global-color-5)","background-image":"","background-repeat":"repeat","background-position":"center center","background-size":"auto","background-attachment":"scroll","background-type":"","background-media":"","overlay-type":"","overlay-color":"","overlay-opacity":"","overlay-gradient":""},"mobile":{"background-color":"var(--ast-global-color-5)","background-image":"","background-repeat":"repeat","background-position":"center center","background-size":"auto","background-attachment":"scroll","background-type":"","background-media":"","overlay-type":"","overlay-color":"","overlay-opacity":"","overlay-gradient":""}},"_joinchat":[]},"product_brand":[],"product_cat":[170],"product_tag":[],"class_list":{"0":"post-1571","1":"product","2":"type-product","3":"status-publish","4":"has-post-thumbnail","6":"product_cat-pead","7":"desktop-align-left","8":"tablet-align-left","9":"mobile-align-left","11":"first","12":"instock","13":"shipping-taxable","14":"purchasable","15":"product-type-simple"},"acf":[],"yoast_head":"<!-- This site is optimized with the Yoast SEO plugin v27.5 - https:\/\/yoast.com\/product\/yoast-seo-wordpress\/ -->\n<title>Envase PEAD 10 L Bid\u00f3n - Plastimex<\/title>\n<meta name=\"description\" content=\"El envase PEAD 10 L, Bid\u00f3n, es ideal para productos qu\u00edmicos, farmac\u00e9uticos y alimenticios. Compatible con tapa de 53 mm. Solicita una cotizaci\u00f3n.\" \/>\n<meta name=\"robots\" content=\"index, follow, max-snippet:-1, max-image-preview:large, max-video-preview:-1\" \/>\n<link rel=\"canonical\" href=\"https:\/\/plastimex.mx\/es_mx\/product\/envase-pead-10-l-bidon\/\" \/>\n<meta property=\"og:locale\" content=\"es_MX\" \/>\n<meta property=\"og:type\" content=\"article\" \/>\n<meta property=\"og:title\" content=\"Envase PEAD 10 L Bid\u00f3n - Plastimex\" \/>\n<meta property=\"og:description\" content=\"El envase PEAD 10 L, Bid\u00f3n, es ideal para productos qu\u00edmicos, farmac\u00e9uticos y alimenticios. Compatible con tapa de 53 mm. Solicita una cotizaci\u00f3n.\" \/>\n<meta property=\"og:url\" content=\"https:\/\/plastimex.mx\/es_mx\/product\/envase-pead-10-l-bidon\/\" \/>\n<meta property=\"og:site_name\" content=\"Plastimex\" \/>\n<meta property=\"article:modified_time\" content=\"2026-04-20T15:57:08+00:00\" \/>\n<meta property=\"og:image\" content=\"https:\/\/plastimex.mx\/wp-content\/uploads\/2021\/06\/Bidon-PEAD-10-litros-Plastimex-1.png\" \/>\n\t<meta property=\"og:image:width\" content=\"386\" \/>\n\t<meta property=\"og:image:height\" content=\"622\" \/>\n\t<meta property=\"og:image:type\" content=\"image\/png\" \/>\n<meta name=\"twitter:card\" content=\"summary_large_image\" \/>\n<meta name=\"twitter:label1\" content=\"Tiempo de lectura\" \/>\n\t<meta name=\"twitter:data1\" content=\"3 minutos\" \/>\n<script type=\"application\/ld+json\" class=\"yoast-schema-graph\">{\"@context\":\"https:\\\/\\\/schema.org\",\"@graph\":[{\"@type\":\"WebPage\",\"@id\":\"https:\\\/\\\/plastimex.mx\\\/product\\\/envase-pead-10-l-bidon\\\/\",\"url\":\"https:\\\/\\\/plastimex.mx\\\/product\\\/envase-pead-10-l-bidon\\\/\",\"name\":\"Envase PEAD 10 L Bid\u00f3n - Plastimex\",\"isPartOf\":{\"@id\":\"https:\\\/\\\/plastimex.mx\\\/#website\"},\"primaryImageOfPage\":{\"@id\":\"https:\\\/\\\/plastimex.mx\\\/product\\\/envase-pead-10-l-bidon\\\/#primaryimage\"},\"image\":{\"@id\":\"https:\\\/\\\/plastimex.mx\\\/product\\\/envase-pead-10-l-bidon\\\/#primaryimage\"},\"thumbnailUrl\":\"https:\\\/\\\/plastimex.mx\\\/wp-content\\\/uploads\\\/2021\\\/06\\\/Bidon-PEAD-10-litros-Plastimex-1.png\",\"datePublished\":\"2021-06-07T21:34:36+00:00\",\"dateModified\":\"2026-04-20T15:57:08+00:00\",\"description\":\"El envase PEAD 10 L, Bid\u00f3n, es ideal para productos qu\u00edmicos, farmac\u00e9uticos y alimenticios. Compatible con tapa de 53 mm. Solicita una cotizaci\u00f3n.\",\"breadcrumb\":{\"@id\":\"https:\\\/\\\/plastimex.mx\\\/product\\\/envase-pead-10-l-bidon\\\/#breadcrumb\"},\"inLanguage\":\"es\",\"potentialAction\":[{\"@type\":\"ReadAction\",\"target\":[\"https:\\\/\\\/plastimex.mx\\\/product\\\/envase-pead-10-l-bidon\\\/\"]}]},{\"@type\":\"ImageObject\",\"inLanguage\":\"es\",\"@id\":\"https:\\\/\\\/plastimex.mx\\\/product\\\/envase-pead-10-l-bidon\\\/#primaryimage\",\"url\":\"https:\\\/\\\/plastimex.mx\\\/wp-content\\\/uploads\\\/2021\\\/06\\\/Bidon-PEAD-10-litros-Plastimex-1.png\",\"contentUrl\":\"https:\\\/\\\/plastimex.mx\\\/wp-content\\\/uploads\\\/2021\\\/06\\\/Bidon-PEAD-10-litros-Plastimex-1.png\",\"width\":386,\"height\":622,\"caption\":\"Bid\u00f3n PEAD 10 litros - Plastimex\"},{\"@type\":\"BreadcrumbList\",\"@id\":\"https:\\\/\\\/plastimex.mx\\\/product\\\/envase-pead-10-l-bidon\\\/#breadcrumb\",\"itemListElement\":[{\"@type\":\"ListItem\",\"position\":1,\"name\":\"Home\",\"item\":\"https:\\\/\\\/plastimex.mx\\\/\"},{\"@type\":\"ListItem\",\"position\":2,\"name\":\"Shop\",\"item\":\"https:\\\/\\\/plastimex.mx\\\/es_mx\\\/shop\\\/\"},{\"@type\":\"ListItem\",\"position\":3,\"name\":\"Envase PEAD 10 L Bid\u00f3n\"}]},{\"@type\":\"WebSite\",\"@id\":\"https:\\\/\\\/plastimex.mx\\\/#website\",\"url\":\"https:\\\/\\\/plastimex.mx\\\/\",\"name\":\"Plastimex\",\"description\":\"Plastimex\",\"publisher\":{\"@id\":\"https:\\\/\\\/plastimex.mx\\\/#organization\"},\"potentialAction\":[{\"@type\":\"SearchAction\",\"target\":{\"@type\":\"EntryPoint\",\"urlTemplate\":\"https:\\\/\\\/plastimex.mx\\\/?s={search_term_string}\"},\"query-input\":{\"@type\":\"PropertyValueSpecification\",\"valueRequired\":true,\"valueName\":\"search_term_string\"}}],\"inLanguage\":\"es\"},{\"@type\":\"Organization\",\"@id\":\"https:\\\/\\\/plastimex.mx\\\/#organization\",\"name\":\"Plastimex\",\"url\":\"https:\\\/\\\/plastimex.mx\\\/\",\"logo\":{\"@type\":\"ImageObject\",\"inLanguage\":\"es\",\"@id\":\"https:\\\/\\\/plastimex.mx\\\/#\\\/schema\\\/logo\\\/image\\\/\",\"url\":\"https:\\\/\\\/plastimex.mx\\\/wp-content\\\/uploads\\\/2020\\\/02\\\/Plastimex-RGB.png\",\"contentUrl\":\"https:\\\/\\\/plastimex.mx\\\/wp-content\\\/uploads\\\/2020\\\/02\\\/Plastimex-RGB.png\",\"width\":540,\"height\":171,\"caption\":\"Plastimex\"},\"image\":{\"@id\":\"https:\\\/\\\/plastimex.mx\\\/#\\\/schema\\\/logo\\\/image\\\/\"}}]}<\/script>\n<!-- \/ Yoast SEO plugin. -->","yoast_head_json":{"title":"Envase PEAD 10 L Bid\u00f3n - Plastimex","description":"El envase PEAD 10 L, Bid\u00f3n, es ideal para productos qu\u00edmicos, farmac\u00e9uticos y alimenticios. Compatible con tapa de 53 mm. Solicita una cotizaci\u00f3n.","robots":{"index":"index","follow":"follow","max-snippet":"max-snippet:-1","max-image-preview":"max-image-preview:large","max-video-preview":"max-video-preview:-1"},"canonical":"https:\/\/plastimex.mx\/es_mx\/product\/envase-pead-10-l-bidon\/","og_locale":"es_MX","og_type":"article","og_title":"Envase PEAD 10 L Bid\u00f3n - Plastimex","og_description":"El envase PEAD 10 L, Bid\u00f3n, es ideal para productos qu\u00edmicos, farmac\u00e9uticos y alimenticios. Compatible con tapa de 53 mm. Solicita una cotizaci\u00f3n.","og_url":"https:\/\/plastimex.mx\/es_mx\/product\/envase-pead-10-l-bidon\/","og_site_name":"Plastimex","article_modified_time":"2026-04-20T15:57:08+00:00","og_image":[{"width":386,"height":622,"url":"https:\/\/plastimex.mx\/wp-content\/uploads\/2021\/06\/Bidon-PEAD-10-litros-Plastimex-1.png","type":"image\/png"}],"twitter_card":"summary_large_image","twitter_misc":{"Tiempo de lectura":"3 minutos"},"schema":{"@context":"https:\/\/schema.org","@graph":[{"@type":"WebPage","@id":"https:\/\/plastimex.mx\/product\/envase-pead-10-l-bidon\/","url":"https:\/\/plastimex.mx\/product\/envase-pead-10-l-bidon\/","name":"Envase PEAD 10 L Bid\u00f3n - Plastimex","isPartOf":{"@id":"https:\/\/plastimex.mx\/#website"},"primaryImageOfPage":{"@id":"https:\/\/plastimex.mx\/product\/envase-pead-10-l-bidon\/#primaryimage"},"image":{"@id":"https:\/\/plastimex.mx\/product\/envase-pead-10-l-bidon\/#primaryimage"},"thumbnailUrl":"https:\/\/plastimex.mx\/wp-content\/uploads\/2021\/06\/Bidon-PEAD-10-litros-Plastimex-1.png","datePublished":"2021-06-07T21:34:36+00:00","dateModified":"2026-04-20T15:57:08+00:00","description":"El envase PEAD 10 L, Bid\u00f3n, es ideal para productos qu\u00edmicos, farmac\u00e9uticos y alimenticios. Compatible con tapa de 53 mm. Solicita una cotizaci\u00f3n.","breadcrumb":{"@id":"https:\/\/plastimex.mx\/product\/envase-pead-10-l-bidon\/#breadcrumb"},"inLanguage":"es","potentialAction":[{"@type":"ReadAction","target":["https:\/\/plastimex.mx\/product\/envase-pead-10-l-bidon\/"]}]},{"@type":"ImageObject","inLanguage":"es","@id":"https:\/\/plastimex.mx\/product\/envase-pead-10-l-bidon\/#primaryimage","url":"https:\/\/plastimex.mx\/wp-content\/uploads\/2021\/06\/Bidon-PEAD-10-litros-Plastimex-1.png","contentUrl":"https:\/\/plastimex.mx\/wp-content\/uploads\/2021\/06\/Bidon-PEAD-10-litros-Plastimex-1.png","width":386,"height":622,"caption":"Bid\u00f3n PEAD 10 litros - Plastimex"},{"@type":"BreadcrumbList","@id":"https:\/\/plastimex.mx\/product\/envase-pead-10-l-bidon\/#breadcrumb","itemListElement":[{"@type":"ListItem","position":1,"name":"Home","item":"https:\/\/plastimex.mx\/"},{"@type":"ListItem","position":2,"name":"Shop","item":"https:\/\/plastimex.mx\/es_mx\/shop\/"},{"@type":"ListItem","position":3,"name":"Envase PEAD 10 L Bid\u00f3n"}]},{"@type":"WebSite","@id":"https:\/\/plastimex.mx\/#website","url":"https:\/\/plastimex.mx\/","name":"Plastimex","description":"Plastimex","publisher":{"@id":"https:\/\/plastimex.mx\/#organization"},"potentialAction":[{"@type":"SearchAction","target":{"@type":"EntryPoint","urlTemplate":"https:\/\/plastimex.mx\/?s={search_term_string}"},"query-input":{"@type":"PropertyValueSpecification","valueRequired":true,"valueName":"search_term_string"}}],"inLanguage":"es"},{"@type":"Organization","@id":"https:\/\/plastimex.mx\/#organization","name":"Plastimex","url":"https:\/\/plastimex.mx\/","logo":{"@type":"ImageObject","inLanguage":"es","@id":"https:\/\/plastimex.mx\/#\/schema\/logo\/image\/","url":"https:\/\/plastimex.mx\/wp-content\/uploads\/2020\/02\/Plastimex-RGB.png","contentUrl":"https:\/\/plastimex.mx\/wp-content\/uploads\/2020\/02\/Plastimex-RGB.png","width":540,"height":171,"caption":"Plastimex"},"image":{"@id":"https:\/\/plastimex.mx\/#\/schema\/logo\/image\/"}}]}},"_links":{"self":[{"href":"https:\/\/plastimex.mx\/es_mx\/wp-json\/wp\/v2\/product\/1571","targetHints":{"allow":["GET"]}}],"collection":[{"href":"https:\/\/plastimex.mx\/es_mx\/wp-json\/wp\/v2\/product"}],"about":[{"href":"https:\/\/plastimex.mx\/es_mx\/wp-json\/wp\/v2\/types\/product"}],"wp:featuredmedia":[{"embeddable":true,"href":"https:\/\/plastimex.mx\/es_mx\/wp-json\/wp\/v2\/media\/5851"}],"wp:attachment":[{"href":"https:\/\/plastimex.mx\/es_mx\/wp-json\/wp\/v2\/media?parent=1571"}],"wp:term":[{"taxonomy":"product_brand","embeddable":true,"href":"https:\/\/plastimex.mx\/es_mx\/wp-json\/wp\/v2\/product_brand?post=1571"},{"taxonomy":"product_cat","embeddable":true,"href":"https:\/\/plastimex.mx\/es_mx\/wp-json\/wp\/v2\/product_cat?post=1571"},{"taxonomy":"product_tag","embeddable":true,"href":"https:\/\/plastimex.mx\/es_mx\/wp-json\/wp\/v2\/product_tag?post=1571"}],"curies":[{"name":"wp","href":"https:\/\/api.w.org\/{rel}","templated":true}]}}