{"id":1564,"date":"2021-04-14T21:18:23","date_gmt":"2021-04-14T21:18:23","guid":{"rendered":"https:\/\/plastimex.us\/?post_type=product&#038;p=1564"},"modified":"2026-04-08T23:38:18","modified_gmt":"2026-04-08T23:38:18","slug":"garrafa-de-pet-5-l-maxi-garrafa","status":"publish","type":"product","link":"https:\/\/plastimex.mx\/es_mx\/product\/garrafa-de-pet-5-l-maxi-garrafa\/","title":{"rendered":"Garrafa PET 5 L MaxiGarrafa"},"content":{"rendered":"<h4><strong>Garrafa PET 5 L MaxiGarrafa<\/strong><\/h4>\n<p><span style=\"color: #333333;\"><strong><span dir=\"auto\" style=\"vertical-align: inherit;\"><span dir=\"auto\" style=\"vertical-align: inherit;\">Tapa R-48 mm<\/span><\/span><\/strong><\/span><\/p>\n<p class=\"font-claude-response-body break-words whitespace-normal leading-[1.7]\"><em>Resistencia y seguridad para l\u00edquidos, limpieza y m\u00e1s<\/em><\/p>\n<p class=\"font-claude-response-body break-words whitespace-normal leading-[1.7]\">La<strong> garrafa PET 5 L, <\/strong>MaxiGarrafa, es el envase de gran capacidad perfecto para quienes buscan seguridad y resistencia. Su dise\u00f1o cil\u00edndrico y anillado fortalece el cuerpo de la garrafa, otorg\u00e1ndole excelente resistencia estructural que evita el colapso durante el almacenamiento y transportaci\u00f3n.<\/p>\n<p class=\"font-claude-response-body break-words whitespace-normal leading-[1.7]\">Fabricada en Tereftalato de Polietileno (PET) virgen; su acabado transparente permite visualizar el nivel del producto en todo momento. Su boca amplia de rosca de 48 mm facilita el llenado y vaciado, mientras que su compatibilidad con asa de 48 mm mejora el manejo y ergonom\u00eda del producto terminado.<\/p>\n<p><strong>Especificaciones t\u00e9cnicas:<\/strong><\/p>\n<p>Altura: 314 \u00b1 1 mm<\/p>\n<p>Di\u00e1metro: 167.1 \u00b1 1 mm<\/p>\n<p>Gramaje:\u00a0121.5 \u00b1 1 g<\/p>\n<p class=\"font-claude-response-body break-words whitespace-normal leading-[1.7]\"><b>Compatible con:<\/b><\/p>\n<p><strong><a href=\"https:\/\/plastimex.mx\/es_mx\/product\/tapa-rosca-48-mm-linerless-cintillo-seguridad\/\">Tapa R-48 mm Linerless con cintillo de seguridad<\/a><\/strong><\/p>\n<p><strong><a href=\"https:\/\/plastimex.mx\/es_mx\/product\/asa-rosca-48-mm-50-mm\/\">Asa R-48 mm<\/a><\/strong><\/p>\n<p>(Se venden por separado)<\/p>\n<p><strong><br \/>\nColores de l\u00ednea<\/strong><\/p>\n<div class=\"contenedor-iconos-producto\">\n<div><img decoding=\"async\" class=\"\" src=\"https:\/\/maxipet.net\/images\/iconosprod\/colores\/transparente.webp\" alt=\"Transparente\" width=\"39\" height=\"39\" \/><span dir=\"auto\" style=\"vertical-align: inherit;\"><span dir=\"auto\" style=\"vertical-align: inherit;\">\u00a0Transparente<\/span><\/span><\/div>\n<\/div>\n<p>&nbsp;<\/p>\n<p><strong>Ideal para uso<\/strong><\/p>\n<p><img decoding=\"async\" class=\"\" style=\"font-style: inherit; font-weight: inherit;\" src=\"https:\/\/maxipet.net\/images\/iconosprod\/usos\/alimenticio.webp\" alt=\"Alimenticio\" width=\"38\" height=\"38\" \/><span style=\"font-size: 16px;\"> Alimenticio\u00a0 \u00a0 \u00a0<\/span><img decoding=\"async\" class=\"\" style=\"font-style: inherit; font-weight: inherit;\" src=\"https:\/\/maxipet.net\/images\/iconosprod\/usos\/bebida.webp\" alt=\"Bebida\" width=\"38\" height=\"38\" \/><span style=\"font-size: 16px;\"> Bebidas\u00a0 \u00a0 \u00a0<\/span><img loading=\"lazy\" decoding=\"async\" class=\"\" style=\"font-style: inherit; font-weight: inherit;\" src=\"https:\/\/maxipet.net\/images\/iconosprod\/usos\/farmaceutico.webp\" alt=\"Farmac\u00e9utico\" width=\"40\" height=\"40\" \/><span style=\"font-size: 16px;\"> Farmac\u00e9utico\u00a0 \u00a0 <\/span><img loading=\"lazy\" decoding=\"async\" class=\"\" style=\"font-style: inherit; font-weight: inherit;\" src=\"https:\/\/maxipet.net\/images\/iconosprod\/usos\/limpieza.webp\" alt=\"Limpieza\" width=\"39\" height=\"39\" \/><span style=\"font-size: 16px;\"> Limpieza<\/span><\/p>\n<p><img loading=\"lazy\" decoding=\"async\" class=\"\" src=\"https:\/\/maxipet.net\/images\/iconosprod\/usos\/liquidos.webp\" alt=\"l\u00edquidos\" width=\"39\" height=\"39\" \/> L\u00edquidos\u00a0 \u00a0 \u00a0 \u00a0 \u00a0 \u00a0<img loading=\"lazy\" decoding=\"async\" class=\"\" src=\"https:\/\/maxipet.net\/images\/iconosprod\/usos\/naturista.webp\" alt=\"Naturista\" width=\"38\" height=\"38\" \/> Naturista\u00a0 \u00a0 \u00a0<img loading=\"lazy\" decoding=\"async\" class=\"\" src=\"https:\/\/maxipet.net\/images\/iconosprod\/usos\/quimicos.webp\" alt=\"Qu\u00edmicos\" width=\"38\" height=\"38\" \/>\u00a0Qu\u00edmico<\/p>\n<p><strong><br \/>\nPaquete<\/strong><\/p>\n<p>120 cm de largo x 100 cm de ancho y una altura de 95 cm<\/p>\n<p>Peso: 15 kg<\/p>\n<p><img loading=\"lazy\" decoding=\"async\" class=\"\" src=\"https:\/\/maxipet.net\/images\/productos\/pallets\/pet\/Maxi-Garrafa-con-medida.webp\" alt=\"\" width=\"423\" height=\"329\" \/><\/p>\n","protected":false},"excerpt":{"rendered":"<h4><strong>Garrafa PET 5 L MaxiGarrafa<\/strong><\/h4>\n","protected":false},"featured_media":5744,"template":"","meta":{"_acf_changed":false,"site-sidebar-layout":"default","site-content-layout":"default","ast-site-content-layout":"default","site-content-style":"default","site-sidebar-style":"default","ast-global-header-display":"","ast-banner-title-visibility":"","ast-main-header-display":"","ast-hfb-above-header-display":"","ast-hfb-below-header-display":"","ast-hfb-mobile-header-display":"","site-post-title":"","ast-breadcrumbs-content":"","ast-featured-img":"","footer-sml-layout":"","ast-disable-related-posts":"","theme-transparent-header-meta":"default","adv-header-id-meta":"","stick-header-meta":"default","header-above-stick-meta":"","header-main-stick-meta":"","header-below-stick-meta":"","astra-migrate-meta-layouts":"default","ast-page-background-enabled":"default","ast-page-background-meta":{"desktop":{"background-color":"var(--ast-global-color-4)","background-image":"","background-repeat":"repeat","background-position":"center center","background-size":"auto","background-attachment":"scroll","background-type":"","background-media":"","overlay-type":"","overlay-color":"","overlay-opacity":"","overlay-gradient":""},"tablet":{"background-color":"","background-image":"","background-repeat":"repeat","background-position":"center center","background-size":"auto","background-attachment":"scroll","background-type":"","background-media":"","overlay-type":"","overlay-color":"","overlay-opacity":"","overlay-gradient":""},"mobile":{"background-color":"","background-image":"","background-repeat":"repeat","background-position":"center center","background-size":"auto","background-attachment":"scroll","background-type":"","background-media":"","overlay-type":"","overlay-color":"","overlay-opacity":"","overlay-gradient":""}},"ast-content-background-meta":{"desktop":{"background-color":"var(--ast-global-color-5)","background-image":"","background-repeat":"repeat","background-position":"center center","background-size":"auto","background-attachment":"scroll","background-type":"","background-media":"","overlay-type":"","overlay-color":"","overlay-opacity":"","overlay-gradient":""},"tablet":{"background-color":"var(--ast-global-color-5)","background-image":"","background-repeat":"repeat","background-position":"center center","background-size":"auto","background-attachment":"scroll","background-type":"","background-media":"","overlay-type":"","overlay-color":"","overlay-opacity":"","overlay-gradient":""},"mobile":{"background-color":"var(--ast-global-color-5)","background-image":"","background-repeat":"repeat","background-position":"center center","background-size":"auto","background-attachment":"scroll","background-type":"","background-media":"","overlay-type":"","overlay-color":"","overlay-opacity":"","overlay-gradient":""}},"_joinchat":[]},"product_brand":[],"product_cat":[25],"product_tag":[],"class_list":{"0":"post-1564","1":"product","2":"type-product","3":"status-publish","4":"has-post-thumbnail","6":"product_cat-pet","7":"desktop-align-left","8":"tablet-align-left","9":"mobile-align-left","11":"first","12":"instock","13":"shipping-taxable","14":"purchasable","15":"product-type-simple"},"acf":[],"yoast_head":"<!-- This site is optimized with the Yoast SEO plugin v27.5 - https:\/\/yoast.com\/product\/yoast-seo-wordpress\/ -->\n<title>Garrafa PET 5 L MaxiGarrafa - Plastimex<\/title>\n<meta name=\"description\" content=\"La garrafa PET 5 L, MaxiGarrafa, es ideal para productos qu\u00edmicos, farmac\u00e9uticos y alimenticios. Compatible con tapa de 48 mm. Solicita una cotizaci\u00f3n.\" \/>\n<meta name=\"robots\" content=\"index, follow, max-snippet:-1, max-image-preview:large, max-video-preview:-1\" \/>\n<link rel=\"canonical\" href=\"https:\/\/plastimex.mx\/es_mx\/product\/garrafa-de-pet-5-l-maxi-garrafa\/\" \/>\n<meta property=\"og:locale\" content=\"es_MX\" \/>\n<meta property=\"og:type\" content=\"article\" \/>\n<meta property=\"og:title\" content=\"Garrafa PET 5 L MaxiGarrafa - Plastimex\" \/>\n<meta property=\"og:description\" content=\"La garrafa PET 5 L, MaxiGarrafa, es ideal para productos qu\u00edmicos, farmac\u00e9uticos y alimenticios. Compatible con tapa de 48 mm. Solicita una cotizaci\u00f3n.\" \/>\n<meta property=\"og:url\" content=\"https:\/\/plastimex.mx\/es_mx\/product\/garrafa-de-pet-5-l-maxi-garrafa\/\" \/>\n<meta property=\"og:site_name\" content=\"Plastimex\" \/>\n<meta property=\"article:modified_time\" content=\"2026-04-08T23:38:18+00:00\" \/>\n<meta property=\"og:image\" content=\"https:\/\/plastimex.mx\/wp-content\/uploads\/2021\/04\/Envase-PET-5-L-Maxi-Garrafa-Plastimex-2.png\" \/>\n\t<meta property=\"og:image:width\" content=\"386\" \/>\n\t<meta property=\"og:image:height\" content=\"622\" \/>\n\t<meta property=\"og:image:type\" content=\"image\/png\" \/>\n<meta name=\"twitter:card\" content=\"summary_large_image\" \/>\n<meta name=\"twitter:label1\" content=\"Tiempo de lectura\" \/>\n\t<meta name=\"twitter:data1\" content=\"3 minutos\" \/>\n<script type=\"application\/ld+json\" class=\"yoast-schema-graph\">{\"@context\":\"https:\\\/\\\/schema.org\",\"@graph\":[{\"@type\":\"WebPage\",\"@id\":\"https:\\\/\\\/plastimex.mx\\\/product\\\/garrafa-de-pet-5-l-maxi-garrafa\\\/\",\"url\":\"https:\\\/\\\/plastimex.mx\\\/product\\\/garrafa-de-pet-5-l-maxi-garrafa\\\/\",\"name\":\"Garrafa PET 5 L MaxiGarrafa - Plastimex\",\"isPartOf\":{\"@id\":\"https:\\\/\\\/plastimex.mx\\\/#website\"},\"primaryImageOfPage\":{\"@id\":\"https:\\\/\\\/plastimex.mx\\\/product\\\/garrafa-de-pet-5-l-maxi-garrafa\\\/#primaryimage\"},\"image\":{\"@id\":\"https:\\\/\\\/plastimex.mx\\\/product\\\/garrafa-de-pet-5-l-maxi-garrafa\\\/#primaryimage\"},\"thumbnailUrl\":\"https:\\\/\\\/plastimex.mx\\\/wp-content\\\/uploads\\\/2021\\\/04\\\/Envase-PET-5-L-Maxi-Garrafa-Plastimex-2.png\",\"datePublished\":\"2021-04-14T21:18:23+00:00\",\"dateModified\":\"2026-04-08T23:38:18+00:00\",\"description\":\"La garrafa PET 5 L, MaxiGarrafa, es ideal para productos qu\u00edmicos, farmac\u00e9uticos y alimenticios. Compatible con tapa de 48 mm. Solicita una cotizaci\u00f3n.\",\"breadcrumb\":{\"@id\":\"https:\\\/\\\/plastimex.mx\\\/product\\\/garrafa-de-pet-5-l-maxi-garrafa\\\/#breadcrumb\"},\"inLanguage\":\"es\",\"potentialAction\":[{\"@type\":\"ReadAction\",\"target\":[\"https:\\\/\\\/plastimex.mx\\\/product\\\/garrafa-de-pet-5-l-maxi-garrafa\\\/\"]}]},{\"@type\":\"ImageObject\",\"inLanguage\":\"es\",\"@id\":\"https:\\\/\\\/plastimex.mx\\\/product\\\/garrafa-de-pet-5-l-maxi-garrafa\\\/#primaryimage\",\"url\":\"https:\\\/\\\/plastimex.mx\\\/wp-content\\\/uploads\\\/2021\\\/04\\\/Envase-PET-5-L-Maxi-Garrafa-Plastimex-2.png\",\"contentUrl\":\"https:\\\/\\\/plastimex.mx\\\/wp-content\\\/uploads\\\/2021\\\/04\\\/Envase-PET-5-L-Maxi-Garrafa-Plastimex-2.png\",\"width\":386,\"height\":622,\"caption\":\"Envase PET 5 L Maxi-Garrafa - Plastimex 2\"},{\"@type\":\"BreadcrumbList\",\"@id\":\"https:\\\/\\\/plastimex.mx\\\/product\\\/garrafa-de-pet-5-l-maxi-garrafa\\\/#breadcrumb\",\"itemListElement\":[{\"@type\":\"ListItem\",\"position\":1,\"name\":\"Home\",\"item\":\"https:\\\/\\\/plastimex.mx\\\/\"},{\"@type\":\"ListItem\",\"position\":2,\"name\":\"Shop\",\"item\":\"https:\\\/\\\/plastimex.mx\\\/es_mx\\\/shop\\\/\"},{\"@type\":\"ListItem\",\"position\":3,\"name\":\"Garrafa PET 5 L MaxiGarrafa\"}]},{\"@type\":\"WebSite\",\"@id\":\"https:\\\/\\\/plastimex.mx\\\/#website\",\"url\":\"https:\\\/\\\/plastimex.mx\\\/\",\"name\":\"Plastimex\",\"description\":\"Plastimex\",\"publisher\":{\"@id\":\"https:\\\/\\\/plastimex.mx\\\/#organization\"},\"potentialAction\":[{\"@type\":\"SearchAction\",\"target\":{\"@type\":\"EntryPoint\",\"urlTemplate\":\"https:\\\/\\\/plastimex.mx\\\/?s={search_term_string}\"},\"query-input\":{\"@type\":\"PropertyValueSpecification\",\"valueRequired\":true,\"valueName\":\"search_term_string\"}}],\"inLanguage\":\"es\"},{\"@type\":\"Organization\",\"@id\":\"https:\\\/\\\/plastimex.mx\\\/#organization\",\"name\":\"Plastimex\",\"url\":\"https:\\\/\\\/plastimex.mx\\\/\",\"logo\":{\"@type\":\"ImageObject\",\"inLanguage\":\"es\",\"@id\":\"https:\\\/\\\/plastimex.mx\\\/#\\\/schema\\\/logo\\\/image\\\/\",\"url\":\"https:\\\/\\\/plastimex.mx\\\/wp-content\\\/uploads\\\/2020\\\/02\\\/Plastimex-RGB.png\",\"contentUrl\":\"https:\\\/\\\/plastimex.mx\\\/wp-content\\\/uploads\\\/2020\\\/02\\\/Plastimex-RGB.png\",\"width\":540,\"height\":171,\"caption\":\"Plastimex\"},\"image\":{\"@id\":\"https:\\\/\\\/plastimex.mx\\\/#\\\/schema\\\/logo\\\/image\\\/\"}}]}<\/script>\n<!-- \/ Yoast SEO plugin. -->","yoast_head_json":{"title":"Garrafa PET 5 L MaxiGarrafa - Plastimex","description":"La garrafa PET 5 L, MaxiGarrafa, es ideal para productos qu\u00edmicos, farmac\u00e9uticos y alimenticios. Compatible con tapa de 48 mm. Solicita una cotizaci\u00f3n.","robots":{"index":"index","follow":"follow","max-snippet":"max-snippet:-1","max-image-preview":"max-image-preview:large","max-video-preview":"max-video-preview:-1"},"canonical":"https:\/\/plastimex.mx\/es_mx\/product\/garrafa-de-pet-5-l-maxi-garrafa\/","og_locale":"es_MX","og_type":"article","og_title":"Garrafa PET 5 L MaxiGarrafa - Plastimex","og_description":"La garrafa PET 5 L, MaxiGarrafa, es ideal para productos qu\u00edmicos, farmac\u00e9uticos y alimenticios. Compatible con tapa de 48 mm. Solicita una cotizaci\u00f3n.","og_url":"https:\/\/plastimex.mx\/es_mx\/product\/garrafa-de-pet-5-l-maxi-garrafa\/","og_site_name":"Plastimex","article_modified_time":"2026-04-08T23:38:18+00:00","og_image":[{"width":386,"height":622,"url":"https:\/\/plastimex.mx\/wp-content\/uploads\/2021\/04\/Envase-PET-5-L-Maxi-Garrafa-Plastimex-2.png","type":"image\/png"}],"twitter_card":"summary_large_image","twitter_misc":{"Tiempo de lectura":"3 minutos"},"schema":{"@context":"https:\/\/schema.org","@graph":[{"@type":"WebPage","@id":"https:\/\/plastimex.mx\/product\/garrafa-de-pet-5-l-maxi-garrafa\/","url":"https:\/\/plastimex.mx\/product\/garrafa-de-pet-5-l-maxi-garrafa\/","name":"Garrafa PET 5 L MaxiGarrafa - Plastimex","isPartOf":{"@id":"https:\/\/plastimex.mx\/#website"},"primaryImageOfPage":{"@id":"https:\/\/plastimex.mx\/product\/garrafa-de-pet-5-l-maxi-garrafa\/#primaryimage"},"image":{"@id":"https:\/\/plastimex.mx\/product\/garrafa-de-pet-5-l-maxi-garrafa\/#primaryimage"},"thumbnailUrl":"https:\/\/plastimex.mx\/wp-content\/uploads\/2021\/04\/Envase-PET-5-L-Maxi-Garrafa-Plastimex-2.png","datePublished":"2021-04-14T21:18:23+00:00","dateModified":"2026-04-08T23:38:18+00:00","description":"La garrafa PET 5 L, MaxiGarrafa, es ideal para productos qu\u00edmicos, farmac\u00e9uticos y alimenticios. Compatible con tapa de 48 mm. Solicita una cotizaci\u00f3n.","breadcrumb":{"@id":"https:\/\/plastimex.mx\/product\/garrafa-de-pet-5-l-maxi-garrafa\/#breadcrumb"},"inLanguage":"es","potentialAction":[{"@type":"ReadAction","target":["https:\/\/plastimex.mx\/product\/garrafa-de-pet-5-l-maxi-garrafa\/"]}]},{"@type":"ImageObject","inLanguage":"es","@id":"https:\/\/plastimex.mx\/product\/garrafa-de-pet-5-l-maxi-garrafa\/#primaryimage","url":"https:\/\/plastimex.mx\/wp-content\/uploads\/2021\/04\/Envase-PET-5-L-Maxi-Garrafa-Plastimex-2.png","contentUrl":"https:\/\/plastimex.mx\/wp-content\/uploads\/2021\/04\/Envase-PET-5-L-Maxi-Garrafa-Plastimex-2.png","width":386,"height":622,"caption":"Envase PET 5 L Maxi-Garrafa - Plastimex 2"},{"@type":"BreadcrumbList","@id":"https:\/\/plastimex.mx\/product\/garrafa-de-pet-5-l-maxi-garrafa\/#breadcrumb","itemListElement":[{"@type":"ListItem","position":1,"name":"Home","item":"https:\/\/plastimex.mx\/"},{"@type":"ListItem","position":2,"name":"Shop","item":"https:\/\/plastimex.mx\/es_mx\/shop\/"},{"@type":"ListItem","position":3,"name":"Garrafa PET 5 L MaxiGarrafa"}]},{"@type":"WebSite","@id":"https:\/\/plastimex.mx\/#website","url":"https:\/\/plastimex.mx\/","name":"Plastimex","description":"Plastimex","publisher":{"@id":"https:\/\/plastimex.mx\/#organization"},"potentialAction":[{"@type":"SearchAction","target":{"@type":"EntryPoint","urlTemplate":"https:\/\/plastimex.mx\/?s={search_term_string}"},"query-input":{"@type":"PropertyValueSpecification","valueRequired":true,"valueName":"search_term_string"}}],"inLanguage":"es"},{"@type":"Organization","@id":"https:\/\/plastimex.mx\/#organization","name":"Plastimex","url":"https:\/\/plastimex.mx\/","logo":{"@type":"ImageObject","inLanguage":"es","@id":"https:\/\/plastimex.mx\/#\/schema\/logo\/image\/","url":"https:\/\/plastimex.mx\/wp-content\/uploads\/2020\/02\/Plastimex-RGB.png","contentUrl":"https:\/\/plastimex.mx\/wp-content\/uploads\/2020\/02\/Plastimex-RGB.png","width":540,"height":171,"caption":"Plastimex"},"image":{"@id":"https:\/\/plastimex.mx\/#\/schema\/logo\/image\/"}}]}},"_links":{"self":[{"href":"https:\/\/plastimex.mx\/es_mx\/wp-json\/wp\/v2\/product\/1564","targetHints":{"allow":["GET"]}}],"collection":[{"href":"https:\/\/plastimex.mx\/es_mx\/wp-json\/wp\/v2\/product"}],"about":[{"href":"https:\/\/plastimex.mx\/es_mx\/wp-json\/wp\/v2\/types\/product"}],"wp:featuredmedia":[{"embeddable":true,"href":"https:\/\/plastimex.mx\/es_mx\/wp-json\/wp\/v2\/media\/5744"}],"wp:attachment":[{"href":"https:\/\/plastimex.mx\/es_mx\/wp-json\/wp\/v2\/media?parent=1564"}],"wp:term":[{"taxonomy":"product_brand","embeddable":true,"href":"https:\/\/plastimex.mx\/es_mx\/wp-json\/wp\/v2\/product_brand?post=1564"},{"taxonomy":"product_cat","embeddable":true,"href":"https:\/\/plastimex.mx\/es_mx\/wp-json\/wp\/v2\/product_cat?post=1564"},{"taxonomy":"product_tag","embeddable":true,"href":"https:\/\/plastimex.mx\/es_mx\/wp-json\/wp\/v2\/product_tag?post=1564"}],"curies":[{"name":"wp","href":"https:\/\/api.w.org\/{rel}","templated":true}]}}