{"id":1561,"date":"2021-04-01T21:13:40","date_gmt":"2021-04-01T21:13:40","guid":{"rendered":"https:\/\/plastimex.us\/?post_type=product&#038;p=1561"},"modified":"2026-03-31T17:26:18","modified_gmt":"2026-03-31T17:26:18","slug":"envase-de-pet-1-l-boston","status":"publish","type":"product","link":"https:\/\/plastimex.mx\/es_mx\/product\/envase-de-pet-1-l-boston\/","title":{"rendered":"Envase de PET 1 L Boston"},"content":{"rendered":"<h4><strong>Envase de PET 1 L Boston<\/strong><\/h4>\n<p><span style=\"color: #333333;\"><strong>Tapa R-28 mm<\/strong><\/span><\/p>\n<p><em>Ergon\u00f3mico y vers\u00e1til para cosm\u00e9tica, limpieza y m\u00e1s<\/em><\/p>\n<p>El\u00a0<strong>envase de PET 1 L, <\/strong>Boston,\u00a0es una botella disponible en cuello corto y cuello largo que se caracteriza por su dise\u00f1o redondeado, convirti\u00e9ndolo en el ideal si buscas practicidad y comodidad. Su textura lisa facilita el etiquetado, por lo que podr\u00e1s personalizar tu producto.<\/p>\n<p>Se caracteriza por su dise\u00f1o redondeado\u00a0y\u00a0ergon\u00f3mico, convirti\u00e9ndolo en el ideal si buscas practicidad y comodidad. Su textura lisa facilita el etiquetado lo cual te permite personalizarlo. Es muy com\u00fan encontrarlo en productos que se relacionan con la industria de belleza y cuidado personal.<\/p>\n<p><strong>Especificaciones t\u00e9cnicas:<\/strong><\/p>\n<p>Altura: 257\u00a0 \u00b1 1 mm<\/p>\n<p>Di\u00e1metro: 78 \u00b1 1 mm<\/p>\n<p>Gramaje: 35.4 \u00b1 0.5 g<\/p>\n<p><strong>Compatible con:<\/strong><\/p>\n<p><strong><a href=\"https:\/\/maxipet.net\/productos\/tapas\/product\/196-tapa-rosca-28mm-linerless-cintillo-seguridad-cuello-corto\">Tapa R-28 mm Cuello corto Linerless con\u00a0cintillo de seguridad<\/a><\/strong><\/p>\n<p><strong><a href=\"https:\/\/maxipet.net\/productos\/tapas\/product\/297-tapa-rosca-28mm-linerless-cintillo-seguridad-cuello-largo\">Tapa R-28 mm Cuello largo Linerless con cintillo de seguridad<\/a><\/strong><\/p>\n<p><strong><a href=\"https:\/\/maxipet.net\/productos\/tapas\/product\/218-tapa-disctop-rosca-28mm-linerless\">Tapa R-28 mm Disc Top Linerless<\/a><\/strong><\/p>\n<p><strong><a href=\"https:\/\/maxipet.net\/productos\/tapas\/product\/207-tapa-fliptop-rosca-28mm-linerless\">Tapa R-28 mm Flip Top Linerless<\/a><\/strong><\/p>\n<p><strong><a href=\"https:\/\/maxipet.net\/productos\/tapas\/product\/224-tapa-silla-montar-rosca-28mm-liner-espumado\">Tapa R-28 mm Silla de montar<\/a><\/strong><\/p>\n<p>(Se venden por separado)<\/p>\n<p><strong><br \/>\nColores de l\u00ednea<\/strong><\/p>\n<div class=\"contenedor-iconos-producto\">\n<div><img decoding=\"async\" class=\"\" src=\"https:\/\/maxipet.net\/images\/iconosprod\/colores\/transparente.webp\" alt=\"Transparente\" width=\"38\" height=\"38\" \/>\u00a0Transparente<\/div>\n<\/div>\n<p>&nbsp;<\/p>\n<p><strong>Ideal para uso<\/strong><\/p>\n<div class=\"contenedor-iconos-producto\">\n<div>\n<p>\u00a0<img decoding=\"async\" class=\"\" src=\"https:\/\/maxipet.net\/images\/iconosprod\/usos\/alimenticio.webp\" alt=\"Alimenticio\" width=\"38\" height=\"38\" \/> Alimenticio\u00a0 \u00a0 \u00a0<img decoding=\"async\" class=\"\" src=\"https:\/\/maxipet.net\/images\/iconosprod\/usos\/bebida.webp\" alt=\"Bebida\" width=\"38\" height=\"38\" \/> Bebidas\u00a0 \u00a0 \u00a0<img loading=\"lazy\" decoding=\"async\" class=\"\" src=\"https:\/\/maxipet.net\/images\/iconosprod\/usos\/cosmetico.webp\" alt=\"Cosm\u00e9tico\" width=\"39\" height=\"39\" \/> Cosm\u00e9tico\u00a0 \u00a0 <img loading=\"lazy\" decoding=\"async\" class=\"\" src=\"https:\/\/maxipet.net\/images\/iconosprod\/usos\/farmaceutico.webp\" alt=\"Farmac\u00e9utico\" width=\"40\" height=\"40\" \/>\u00a0Farmac\u00e9utico<\/p>\n<p><img loading=\"lazy\" decoding=\"async\" class=\"\" src=\"https:\/\/maxipet.net\/images\/iconosprod\/usos\/limpieza.webp\" alt=\"Limpieza\" width=\"39\" height=\"39\" \/> Limpieza\u00a0 \u00a0 \u00a0 \u00a0 \u00a0 <img loading=\"lazy\" decoding=\"async\" class=\"\" src=\"https:\/\/maxipet.net\/images\/iconosprod\/usos\/veterinario.webp\" alt=\"Veterinario\" width=\"38\" height=\"38\" \/> Veterinario<\/p>\n<p><strong style=\"font-size: 16px;\"><br \/>\nPaquete<\/strong><\/p>\n<\/div>\n<\/div>\n<p>86 cm de largo x 70 cm de ancho y una altura de 25.7 cm de alto<\/p>\n<p>Peso: 4.5 kg<\/p>\n<p><img loading=\"lazy\" decoding=\"async\" class=\"\" src=\"https:\/\/maxipet.net\/images\/boston-con-medidas--01.webp\" alt=\"boston con medidas 01\" width=\"455\" height=\"255\" \/><\/p>\n","protected":false},"excerpt":{"rendered":"<h4>Envase de PET 1 L Boston<\/h4>\n","protected":false},"featured_media":5776,"template":"","meta":{"_acf_changed":false,"_joinchat":[]},"product_brand":[],"product_cat":[25],"product_tag":[],"class_list":{"0":"post-1561","1":"product","2":"type-product","3":"status-publish","4":"has-post-thumbnail","6":"product_cat-pet","8":"first","9":"instock","10":"shipping-taxable","11":"purchasable","12":"product-type-simple"},"acf":[],"yoast_head":"<!-- This site is optimized with the Yoast SEO plugin v26.3 - https:\/\/yoast.com\/wordpress\/plugins\/seo\/ -->\n<title>Envase de PET 1 L Boston - Plastimex<\/title>\n<meta name=\"description\" content=\"El envase de PET 1 L, Boston, es ideal para productos de la Industria cosm\u00e9tica. Compatible con tapa de 28 mm. Solicita una cotizaci\u00f3n.\" \/>\n<meta name=\"robots\" content=\"index, follow, max-snippet:-1, max-image-preview:large, max-video-preview:-1\" \/>\n<link rel=\"canonical\" href=\"https:\/\/plastimex.mx\/es_mx\/product\/envase-de-pet-1-l-boston\/\" \/>\n<meta property=\"og:locale\" content=\"es_MX\" \/>\n<meta property=\"og:type\" content=\"article\" \/>\n<meta property=\"og:title\" content=\"Envase de PET 1 L Boston - Plastimex\" \/>\n<meta property=\"og:description\" content=\"El envase de PET 1 L, Boston, es ideal para productos de la Industria cosm\u00e9tica. Compatible con tapa de 28 mm. Solicita una cotizaci\u00f3n.\" \/>\n<meta property=\"og:url\" content=\"https:\/\/plastimex.mx\/es_mx\/product\/envase-de-pet-1-l-boston\/\" \/>\n<meta property=\"og:site_name\" content=\"Plastimex\" \/>\n<meta property=\"article:modified_time\" content=\"2026-03-31T17:26:18+00:00\" \/>\n<meta property=\"og:image\" content=\"https:\/\/plastimex.mx\/wp-content\/uploads\/2021\/04\/Envase-PET-1-L-Boston-Plastimex-1.png\" \/>\n\t<meta property=\"og:image:width\" content=\"386\" \/>\n\t<meta property=\"og:image:height\" content=\"622\" \/>\n\t<meta property=\"og:image:type\" content=\"image\/png\" \/>\n<meta name=\"twitter:card\" content=\"summary_large_image\" \/>\n<meta name=\"twitter:label1\" content=\"Tiempo de lectura\" \/>\n\t<meta name=\"twitter:data1\" content=\"3 minutos\" \/>\n<script type=\"application\/ld+json\" class=\"yoast-schema-graph\">{\"@context\":\"https:\/\/schema.org\",\"@graph\":[{\"@type\":\"WebPage\",\"@id\":\"https:\/\/plastimex.mx\/product\/envase-de-pet-1-l-boston\/\",\"url\":\"https:\/\/plastimex.mx\/product\/envase-de-pet-1-l-boston\/\",\"name\":\"Envase de PET 1 L Boston - Plastimex\",\"isPartOf\":{\"@id\":\"https:\/\/plastimex.mx\/#website\"},\"primaryImageOfPage\":{\"@id\":\"https:\/\/plastimex.mx\/product\/envase-de-pet-1-l-boston\/#primaryimage\"},\"image\":{\"@id\":\"https:\/\/plastimex.mx\/product\/envase-de-pet-1-l-boston\/#primaryimage\"},\"thumbnailUrl\":\"https:\/\/plastimex.mx\/wp-content\/uploads\/2021\/04\/Envase-PET-1-L-Boston-Plastimex-1.png\",\"datePublished\":\"2021-04-01T21:13:40+00:00\",\"dateModified\":\"2026-03-31T17:26:18+00:00\",\"description\":\"El envase de PET 1 L, Boston, es ideal para productos de la Industria cosm\u00e9tica. Compatible con tapa de 28 mm. Solicita una cotizaci\u00f3n.\",\"breadcrumb\":{\"@id\":\"https:\/\/plastimex.mx\/product\/envase-de-pet-1-l-boston\/#breadcrumb\"},\"inLanguage\":\"es\",\"potentialAction\":[{\"@type\":\"ReadAction\",\"target\":[\"https:\/\/plastimex.mx\/product\/envase-de-pet-1-l-boston\/\"]}]},{\"@type\":\"ImageObject\",\"inLanguage\":\"es\",\"@id\":\"https:\/\/plastimex.mx\/product\/envase-de-pet-1-l-boston\/#primaryimage\",\"url\":\"https:\/\/plastimex.mx\/wp-content\/uploads\/2021\/04\/Envase-PET-1-L-Boston-Plastimex-1.png\",\"contentUrl\":\"https:\/\/plastimex.mx\/wp-content\/uploads\/2021\/04\/Envase-PET-1-L-Boston-Plastimex-1.png\",\"width\":386,\"height\":622},{\"@type\":\"BreadcrumbList\",\"@id\":\"https:\/\/plastimex.mx\/product\/envase-de-pet-1-l-boston\/#breadcrumb\",\"itemListElement\":[{\"@type\":\"ListItem\",\"position\":1,\"name\":\"Home\",\"item\":\"https:\/\/plastimex.mx\/\"},{\"@type\":\"ListItem\",\"position\":2,\"name\":\"Shop\",\"item\":\"https:\/\/plastimex.mx\/es_mx\/shop\/\"},{\"@type\":\"ListItem\",\"position\":3,\"name\":\"Envase de PET 1 L Boston\"}]},{\"@type\":\"WebSite\",\"@id\":\"https:\/\/plastimex.mx\/#website\",\"url\":\"https:\/\/plastimex.mx\/\",\"name\":\"Plastimex\",\"description\":\"Plastimex\",\"publisher\":{\"@id\":\"https:\/\/plastimex.mx\/#organization\"},\"potentialAction\":[{\"@type\":\"SearchAction\",\"target\":{\"@type\":\"EntryPoint\",\"urlTemplate\":\"https:\/\/plastimex.mx\/?s={search_term_string}\"},\"query-input\":{\"@type\":\"PropertyValueSpecification\",\"valueRequired\":true,\"valueName\":\"search_term_string\"}}],\"inLanguage\":\"es\"},{\"@type\":\"Organization\",\"@id\":\"https:\/\/plastimex.mx\/#organization\",\"name\":\"Plastimex\",\"url\":\"https:\/\/plastimex.mx\/\",\"logo\":{\"@type\":\"ImageObject\",\"inLanguage\":\"es\",\"@id\":\"https:\/\/plastimex.mx\/#\/schema\/logo\/image\/\",\"url\":\"https:\/\/plastimex.mx\/wp-content\/uploads\/2020\/02\/Plastimex-RGB.png\",\"contentUrl\":\"https:\/\/plastimex.mx\/wp-content\/uploads\/2020\/02\/Plastimex-RGB.png\",\"width\":540,\"height\":171,\"caption\":\"Plastimex\"},\"image\":{\"@id\":\"https:\/\/plastimex.mx\/#\/schema\/logo\/image\/\"}}]}<\/script>\n<!-- \/ Yoast SEO plugin. -->","yoast_head_json":{"title":"Envase de PET 1 L Boston - Plastimex","description":"El envase de PET 1 L, Boston, es ideal para productos de la Industria cosm\u00e9tica. Compatible con tapa de 28 mm. Solicita una cotizaci\u00f3n.","robots":{"index":"index","follow":"follow","max-snippet":"max-snippet:-1","max-image-preview":"max-image-preview:large","max-video-preview":"max-video-preview:-1"},"canonical":"https:\/\/plastimex.mx\/es_mx\/product\/envase-de-pet-1-l-boston\/","og_locale":"es_MX","og_type":"article","og_title":"Envase de PET 1 L Boston - Plastimex","og_description":"El envase de PET 1 L, Boston, es ideal para productos de la Industria cosm\u00e9tica. Compatible con tapa de 28 mm. Solicita una cotizaci\u00f3n.","og_url":"https:\/\/plastimex.mx\/es_mx\/product\/envase-de-pet-1-l-boston\/","og_site_name":"Plastimex","article_modified_time":"2026-03-31T17:26:18+00:00","og_image":[{"width":386,"height":622,"url":"https:\/\/plastimex.mx\/wp-content\/uploads\/2021\/04\/Envase-PET-1-L-Boston-Plastimex-1.png","type":"image\/png"}],"twitter_card":"summary_large_image","twitter_misc":{"Tiempo de lectura":"3 minutos"},"schema":{"@context":"https:\/\/schema.org","@graph":[{"@type":"WebPage","@id":"https:\/\/plastimex.mx\/product\/envase-de-pet-1-l-boston\/","url":"https:\/\/plastimex.mx\/product\/envase-de-pet-1-l-boston\/","name":"Envase de PET 1 L Boston - Plastimex","isPartOf":{"@id":"https:\/\/plastimex.mx\/#website"},"primaryImageOfPage":{"@id":"https:\/\/plastimex.mx\/product\/envase-de-pet-1-l-boston\/#primaryimage"},"image":{"@id":"https:\/\/plastimex.mx\/product\/envase-de-pet-1-l-boston\/#primaryimage"},"thumbnailUrl":"https:\/\/plastimex.mx\/wp-content\/uploads\/2021\/04\/Envase-PET-1-L-Boston-Plastimex-1.png","datePublished":"2021-04-01T21:13:40+00:00","dateModified":"2026-03-31T17:26:18+00:00","description":"El envase de PET 1 L, Boston, es ideal para productos de la Industria cosm\u00e9tica. Compatible con tapa de 28 mm. Solicita una cotizaci\u00f3n.","breadcrumb":{"@id":"https:\/\/plastimex.mx\/product\/envase-de-pet-1-l-boston\/#breadcrumb"},"inLanguage":"es","potentialAction":[{"@type":"ReadAction","target":["https:\/\/plastimex.mx\/product\/envase-de-pet-1-l-boston\/"]}]},{"@type":"ImageObject","inLanguage":"es","@id":"https:\/\/plastimex.mx\/product\/envase-de-pet-1-l-boston\/#primaryimage","url":"https:\/\/plastimex.mx\/wp-content\/uploads\/2021\/04\/Envase-PET-1-L-Boston-Plastimex-1.png","contentUrl":"https:\/\/plastimex.mx\/wp-content\/uploads\/2021\/04\/Envase-PET-1-L-Boston-Plastimex-1.png","width":386,"height":622},{"@type":"BreadcrumbList","@id":"https:\/\/plastimex.mx\/product\/envase-de-pet-1-l-boston\/#breadcrumb","itemListElement":[{"@type":"ListItem","position":1,"name":"Home","item":"https:\/\/plastimex.mx\/"},{"@type":"ListItem","position":2,"name":"Shop","item":"https:\/\/plastimex.mx\/es_mx\/shop\/"},{"@type":"ListItem","position":3,"name":"Envase de PET 1 L Boston"}]},{"@type":"WebSite","@id":"https:\/\/plastimex.mx\/#website","url":"https:\/\/plastimex.mx\/","name":"Plastimex","description":"Plastimex","publisher":{"@id":"https:\/\/plastimex.mx\/#organization"},"potentialAction":[{"@type":"SearchAction","target":{"@type":"EntryPoint","urlTemplate":"https:\/\/plastimex.mx\/?s={search_term_string}"},"query-input":{"@type":"PropertyValueSpecification","valueRequired":true,"valueName":"search_term_string"}}],"inLanguage":"es"},{"@type":"Organization","@id":"https:\/\/plastimex.mx\/#organization","name":"Plastimex","url":"https:\/\/plastimex.mx\/","logo":{"@type":"ImageObject","inLanguage":"es","@id":"https:\/\/plastimex.mx\/#\/schema\/logo\/image\/","url":"https:\/\/plastimex.mx\/wp-content\/uploads\/2020\/02\/Plastimex-RGB.png","contentUrl":"https:\/\/plastimex.mx\/wp-content\/uploads\/2020\/02\/Plastimex-RGB.png","width":540,"height":171,"caption":"Plastimex"},"image":{"@id":"https:\/\/plastimex.mx\/#\/schema\/logo\/image\/"}}]}},"_links":{"self":[{"href":"https:\/\/plastimex.mx\/es_mx\/wp-json\/wp\/v2\/product\/1561","targetHints":{"allow":["GET"]}}],"collection":[{"href":"https:\/\/plastimex.mx\/es_mx\/wp-json\/wp\/v2\/product"}],"about":[{"href":"https:\/\/plastimex.mx\/es_mx\/wp-json\/wp\/v2\/types\/product"}],"wp:featuredmedia":[{"embeddable":true,"href":"https:\/\/plastimex.mx\/es_mx\/wp-json\/wp\/v2\/media\/5776"}],"wp:attachment":[{"href":"https:\/\/plastimex.mx\/es_mx\/wp-json\/wp\/v2\/media?parent=1561"}],"wp:term":[{"taxonomy":"product_brand","embeddable":true,"href":"https:\/\/plastimex.mx\/es_mx\/wp-json\/wp\/v2\/product_brand?post=1561"},{"taxonomy":"product_cat","embeddable":true,"href":"https:\/\/plastimex.mx\/es_mx\/wp-json\/wp\/v2\/product_cat?post=1561"},{"taxonomy":"product_tag","embeddable":true,"href":"https:\/\/plastimex.mx\/es_mx\/wp-json\/wp\/v2\/product_tag?post=1561"}],"curies":[{"name":"wp","href":"https:\/\/api.w.org\/{rel}","templated":true}]}}