{"id":1559,"date":"2021-03-24T20:07:56","date_gmt":"2021-03-24T20:07:56","guid":{"rendered":"https:\/\/plastimex.us\/?post_type=product&#038;p=1559"},"modified":"2026-04-07T22:49:43","modified_gmt":"2026-04-07T22:49:43","slug":"envase-de-pet-1-l-multimax","status":"publish","type":"product","link":"https:\/\/plastimex.mx\/es_mx\/product\/envase-de-pet-1-l-multimax\/","title":{"rendered":"Envase de PET 1 L Multimax"},"content":{"rendered":"<h4><strong>Envase de PET 1 L Multimax<\/strong><\/h4>\n<p><span style=\"color: #333333\"><strong>Tapa R-28 mm<\/strong><\/span><\/p>\n<p><em>Resistencia y versatilidad para m\u00faltiples industrias<\/em><\/p>\n<p>El\u00a0<strong>envase de PET 1 L, <\/strong>Multimax,\u00a0es una botella disponible en cuello corto y cuello largo que cuenta con un dise\u00f1o ondulado y ergon\u00f3mico al centro para una f\u00e1cil sujeci\u00f3n. Adem\u00e1s, tiene excelente resistencia al colapso y es una perfecta opci\u00f3n para envasar productos de limpieza.<\/p>\n<p>Dise\u00f1ado para aplicaciones que exigen robustez y confiabilidad. Su cuerpo reforzado lo hace especialmente apto para aceites, productos de limpieza, qu\u00edmicos de baja agresividad e industria automotriz o de mantenimiento.\u00a0Su dise\u00f1o permite una log\u00edstica eficiente con buen apilado y estabilidad en transportaci\u00f3n.<\/p>\n<p><strong>Especificaciones t\u00e9cnicas:<\/strong><\/p>\n<p>Altura: 235.5 \u00b1 1 mm<\/p>\n<p>Di\u00e1metro: 87 \u00b1 1 mm<\/p>\n<p>Gramaje: 26.5 \u00b1 0.5 g<\/p>\n<p><b>Compatible con:<\/b><\/p>\n<p><strong><a href=\"https:\/\/plastimex.mx\/es_mx\/product\/tapa-rosca-28-mm-linerless-cintillo-seguridad-cuello-corto\/\">Tapa R-28 mm Cuello corto Linerless con\u00a0cintillo de seguridad<\/a><\/strong><\/p>\n<p><strong><a href=\"https:\/\/plastimex.mx\/es_mx\/product\/tapa-rosca-28-mm-linerless-cintillo-seguridad-cuello-largo\/\">Tapa R-28 mm Cuello largo Linerless con cintillo de seguridad<\/a><\/strong><\/p>\n<p>(Se venden por separado)<\/p>\n<p>&nbsp;<\/p>\n<p><strong>Colores de l\u00ednea<\/strong><\/p>\n<div class=\"contenedor-iconos-producto\">\n<div><img decoding=\"async\" class=\"\" src=\"https:\/\/maxipet.net\/images\/iconosprod\/colores\/transparente.webp\" alt=\"Transparente\" width=\"36\" height=\"36\" \/>\u00a0Transparente<\/div>\n<\/div>\n<p>&nbsp;<\/p>\n<p><strong>Ideal para uso<\/strong><\/p>\n<div class=\"contenedor-iconos-producto\">\n<div><img decoding=\"async\" class=\"\" style=\"font-style: inherit;font-weight: inherit\" src=\"https:\/\/maxipet.net\/images\/iconosprod\/usos\/alimenticio.webp\" alt=\"Alimenticio\" width=\"38\" height=\"38\" \/><span style=\"font-size: 16px\"> Alimenticio\u00a0 \u00a0 \u00a0<\/span><img decoding=\"async\" class=\"\" style=\"font-style: inherit;font-weight: inherit\" src=\"https:\/\/maxipet.net\/images\/iconosprod\/usos\/bebida.webp\" alt=\"Bebida\" width=\"38\" height=\"38\" \/><span style=\"font-size: 16px\">\u00a0Bebidas\u00a0 \u00a0 <\/span><img loading=\"lazy\" decoding=\"async\" class=\"\" style=\"font-style: inherit;font-weight: inherit\" src=\"https:\/\/maxipet.net\/images\/iconosprod\/usos\/jabones.webp\" alt=\"Jabones liquidos\" width=\"39\" height=\"39\" \/><span style=\"font-size: 16px\"> Jabones liquidos\u00a0 \u00a0 \u00a0\u00a0<\/span><img loading=\"lazy\" decoding=\"async\" class=\"\" style=\"font-style: inherit;font-weight: inherit\" src=\"https:\/\/maxipet.net\/images\/iconosprod\/usos\/limpieza.webp\" alt=\"Limpieza\" width=\"38\" height=\"38\" \/><span style=\"font-size: 16px\"> Limpieza<\/span><\/div>\n<div>\n<p><img loading=\"lazy\" decoding=\"async\" class=\"\" src=\"https:\/\/maxipet.net\/images\/iconosprod\/usos\/naturista.webp\" alt=\"Naturista\" width=\"39\" height=\"39\" \/>\u00a0Naturista<\/p>\n<\/div>\n<\/div>\n<p>&nbsp;<\/p>\n<p><strong>Paquete<\/strong><\/p>\n<p>74 cm de largo x 85 cm de ancho y una altura de 24 cm<\/p>\n<p>Peso: 2.8 kg<\/p>\n<p><img decoding=\"async\" src=\"https:\/\/maxipet.net\/media\/pso\/s\/img\/images\/multimax-medidas.png.webp\" alt=\"multimax medidas\" \/><\/p>\n","protected":false},"excerpt":{"rendered":"<h4><strong>Envase de PET 1 L Multimax<\/strong><\/h4>\n","protected":false},"featured_media":5759,"template":"","meta":{"_acf_changed":false,"_joinchat":[]},"product_brand":[],"product_cat":[25],"product_tag":[],"class_list":{"0":"post-1559","1":"product","2":"type-product","3":"status-publish","4":"has-post-thumbnail","6":"product_cat-pet","8":"first","9":"instock","10":"shipping-taxable","11":"purchasable","12":"product-type-simple"},"acf":[],"yoast_head":"<!-- This site is optimized with the Yoast SEO plugin v26.3 - https:\/\/yoast.com\/wordpress\/plugins\/seo\/ -->\n<title>Envase de PET 1 L Multimax - Plastimex<\/title>\n<meta name=\"description\" content=\"El envase de PET 1 L, Multimax, es apropiado para productos de limpieza o alimenticios, como bebidas. Compatible con tapa de 28 mm. Solicita una cotizaci\u00f3n.\" \/>\n<meta name=\"robots\" content=\"index, follow, max-snippet:-1, max-image-preview:large, max-video-preview:-1\" \/>\n<link rel=\"canonical\" href=\"https:\/\/plastimex.mx\/es_mx\/product\/envase-de-pet-1-l-multimax\/\" \/>\n<meta property=\"og:locale\" content=\"es_MX\" \/>\n<meta property=\"og:type\" content=\"article\" \/>\n<meta property=\"og:title\" content=\"Envase de PET 1 L Multimax - Plastimex\" \/>\n<meta property=\"og:description\" content=\"El envase de PET 1 L, Multimax, es apropiado para productos de limpieza o alimenticios, como bebidas. Compatible con tapa de 28 mm. Solicita una cotizaci\u00f3n.\" \/>\n<meta property=\"og:url\" content=\"https:\/\/plastimex.mx\/es_mx\/product\/envase-de-pet-1-l-multimax\/\" \/>\n<meta property=\"og:site_name\" content=\"Plastimex\" \/>\n<meta property=\"article:modified_time\" content=\"2026-04-07T22:49:43+00:00\" \/>\n<meta property=\"og:image\" content=\"https:\/\/plastimex.mx\/wp-content\/uploads\/2021\/03\/Envase-PET-1-L-Multimax-Plastimex-1.png\" \/>\n\t<meta property=\"og:image:width\" content=\"386\" \/>\n\t<meta property=\"og:image:height\" content=\"622\" \/>\n\t<meta property=\"og:image:type\" content=\"image\/png\" \/>\n<meta name=\"twitter:card\" content=\"summary_large_image\" \/>\n<meta name=\"twitter:label1\" content=\"Tiempo de lectura\" \/>\n\t<meta name=\"twitter:data1\" content=\"3 minutos\" \/>\n<script type=\"application\/ld+json\" class=\"yoast-schema-graph\">{\"@context\":\"https:\/\/schema.org\",\"@graph\":[{\"@type\":\"WebPage\",\"@id\":\"https:\/\/plastimex.mx\/product\/envase-de-pet-1-l-multimax\/\",\"url\":\"https:\/\/plastimex.mx\/product\/envase-de-pet-1-l-multimax\/\",\"name\":\"Envase de PET 1 L Multimax - Plastimex\",\"isPartOf\":{\"@id\":\"https:\/\/plastimex.mx\/#website\"},\"primaryImageOfPage\":{\"@id\":\"https:\/\/plastimex.mx\/product\/envase-de-pet-1-l-multimax\/#primaryimage\"},\"image\":{\"@id\":\"https:\/\/plastimex.mx\/product\/envase-de-pet-1-l-multimax\/#primaryimage\"},\"thumbnailUrl\":\"https:\/\/plastimex.mx\/wp-content\/uploads\/2021\/03\/Envase-PET-1-L-Multimax-Plastimex-1.png\",\"datePublished\":\"2021-03-24T20:07:56+00:00\",\"dateModified\":\"2026-04-07T22:49:43+00:00\",\"description\":\"El envase de PET 1 L, Multimax, es apropiado para productos de limpieza o alimenticios, como bebidas. Compatible con tapa de 28 mm. Solicita una cotizaci\u00f3n.\",\"breadcrumb\":{\"@id\":\"https:\/\/plastimex.mx\/product\/envase-de-pet-1-l-multimax\/#breadcrumb\"},\"inLanguage\":\"es\",\"potentialAction\":[{\"@type\":\"ReadAction\",\"target\":[\"https:\/\/plastimex.mx\/product\/envase-de-pet-1-l-multimax\/\"]}]},{\"@type\":\"ImageObject\",\"inLanguage\":\"es\",\"@id\":\"https:\/\/plastimex.mx\/product\/envase-de-pet-1-l-multimax\/#primaryimage\",\"url\":\"https:\/\/plastimex.mx\/wp-content\/uploads\/2021\/03\/Envase-PET-1-L-Multimax-Plastimex-1.png\",\"contentUrl\":\"https:\/\/plastimex.mx\/wp-content\/uploads\/2021\/03\/Envase-PET-1-L-Multimax-Plastimex-1.png\",\"width\":386,\"height\":622,\"caption\":\"Envase PET 1 L Multimax - Plastimex 1\"},{\"@type\":\"BreadcrumbList\",\"@id\":\"https:\/\/plastimex.mx\/product\/envase-de-pet-1-l-multimax\/#breadcrumb\",\"itemListElement\":[{\"@type\":\"ListItem\",\"position\":1,\"name\":\"Home\",\"item\":\"https:\/\/plastimex.mx\/\"},{\"@type\":\"ListItem\",\"position\":2,\"name\":\"Shop\",\"item\":\"https:\/\/plastimex.mx\/es_mx\/shop\/\"},{\"@type\":\"ListItem\",\"position\":3,\"name\":\"Envase de PET 1 L Multimax\"}]},{\"@type\":\"WebSite\",\"@id\":\"https:\/\/plastimex.mx\/#website\",\"url\":\"https:\/\/plastimex.mx\/\",\"name\":\"Plastimex\",\"description\":\"Plastimex\",\"publisher\":{\"@id\":\"https:\/\/plastimex.mx\/#organization\"},\"potentialAction\":[{\"@type\":\"SearchAction\",\"target\":{\"@type\":\"EntryPoint\",\"urlTemplate\":\"https:\/\/plastimex.mx\/?s={search_term_string}\"},\"query-input\":{\"@type\":\"PropertyValueSpecification\",\"valueRequired\":true,\"valueName\":\"search_term_string\"}}],\"inLanguage\":\"es\"},{\"@type\":\"Organization\",\"@id\":\"https:\/\/plastimex.mx\/#organization\",\"name\":\"Plastimex\",\"url\":\"https:\/\/plastimex.mx\/\",\"logo\":{\"@type\":\"ImageObject\",\"inLanguage\":\"es\",\"@id\":\"https:\/\/plastimex.mx\/#\/schema\/logo\/image\/\",\"url\":\"https:\/\/plastimex.mx\/wp-content\/uploads\/2020\/02\/Plastimex-RGB.png\",\"contentUrl\":\"https:\/\/plastimex.mx\/wp-content\/uploads\/2020\/02\/Plastimex-RGB.png\",\"width\":540,\"height\":171,\"caption\":\"Plastimex\"},\"image\":{\"@id\":\"https:\/\/plastimex.mx\/#\/schema\/logo\/image\/\"}}]}<\/script>\n<!-- \/ Yoast SEO plugin. -->","yoast_head_json":{"title":"Envase de PET 1 L Multimax - Plastimex","description":"El envase de PET 1 L, Multimax, es apropiado para productos de limpieza o alimenticios, como bebidas. Compatible con tapa de 28 mm. Solicita una cotizaci\u00f3n.","robots":{"index":"index","follow":"follow","max-snippet":"max-snippet:-1","max-image-preview":"max-image-preview:large","max-video-preview":"max-video-preview:-1"},"canonical":"https:\/\/plastimex.mx\/es_mx\/product\/envase-de-pet-1-l-multimax\/","og_locale":"es_MX","og_type":"article","og_title":"Envase de PET 1 L Multimax - Plastimex","og_description":"El envase de PET 1 L, Multimax, es apropiado para productos de limpieza o alimenticios, como bebidas. Compatible con tapa de 28 mm. Solicita una cotizaci\u00f3n.","og_url":"https:\/\/plastimex.mx\/es_mx\/product\/envase-de-pet-1-l-multimax\/","og_site_name":"Plastimex","article_modified_time":"2026-04-07T22:49:43+00:00","og_image":[{"width":386,"height":622,"url":"https:\/\/plastimex.mx\/wp-content\/uploads\/2021\/03\/Envase-PET-1-L-Multimax-Plastimex-1.png","type":"image\/png"}],"twitter_card":"summary_large_image","twitter_misc":{"Tiempo de lectura":"3 minutos"},"schema":{"@context":"https:\/\/schema.org","@graph":[{"@type":"WebPage","@id":"https:\/\/plastimex.mx\/product\/envase-de-pet-1-l-multimax\/","url":"https:\/\/plastimex.mx\/product\/envase-de-pet-1-l-multimax\/","name":"Envase de PET 1 L Multimax - Plastimex","isPartOf":{"@id":"https:\/\/plastimex.mx\/#website"},"primaryImageOfPage":{"@id":"https:\/\/plastimex.mx\/product\/envase-de-pet-1-l-multimax\/#primaryimage"},"image":{"@id":"https:\/\/plastimex.mx\/product\/envase-de-pet-1-l-multimax\/#primaryimage"},"thumbnailUrl":"https:\/\/plastimex.mx\/wp-content\/uploads\/2021\/03\/Envase-PET-1-L-Multimax-Plastimex-1.png","datePublished":"2021-03-24T20:07:56+00:00","dateModified":"2026-04-07T22:49:43+00:00","description":"El envase de PET 1 L, Multimax, es apropiado para productos de limpieza o alimenticios, como bebidas. Compatible con tapa de 28 mm. Solicita una cotizaci\u00f3n.","breadcrumb":{"@id":"https:\/\/plastimex.mx\/product\/envase-de-pet-1-l-multimax\/#breadcrumb"},"inLanguage":"es","potentialAction":[{"@type":"ReadAction","target":["https:\/\/plastimex.mx\/product\/envase-de-pet-1-l-multimax\/"]}]},{"@type":"ImageObject","inLanguage":"es","@id":"https:\/\/plastimex.mx\/product\/envase-de-pet-1-l-multimax\/#primaryimage","url":"https:\/\/plastimex.mx\/wp-content\/uploads\/2021\/03\/Envase-PET-1-L-Multimax-Plastimex-1.png","contentUrl":"https:\/\/plastimex.mx\/wp-content\/uploads\/2021\/03\/Envase-PET-1-L-Multimax-Plastimex-1.png","width":386,"height":622,"caption":"Envase PET 1 L Multimax - Plastimex 1"},{"@type":"BreadcrumbList","@id":"https:\/\/plastimex.mx\/product\/envase-de-pet-1-l-multimax\/#breadcrumb","itemListElement":[{"@type":"ListItem","position":1,"name":"Home","item":"https:\/\/plastimex.mx\/"},{"@type":"ListItem","position":2,"name":"Shop","item":"https:\/\/plastimex.mx\/es_mx\/shop\/"},{"@type":"ListItem","position":3,"name":"Envase de PET 1 L Multimax"}]},{"@type":"WebSite","@id":"https:\/\/plastimex.mx\/#website","url":"https:\/\/plastimex.mx\/","name":"Plastimex","description":"Plastimex","publisher":{"@id":"https:\/\/plastimex.mx\/#organization"},"potentialAction":[{"@type":"SearchAction","target":{"@type":"EntryPoint","urlTemplate":"https:\/\/plastimex.mx\/?s={search_term_string}"},"query-input":{"@type":"PropertyValueSpecification","valueRequired":true,"valueName":"search_term_string"}}],"inLanguage":"es"},{"@type":"Organization","@id":"https:\/\/plastimex.mx\/#organization","name":"Plastimex","url":"https:\/\/plastimex.mx\/","logo":{"@type":"ImageObject","inLanguage":"es","@id":"https:\/\/plastimex.mx\/#\/schema\/logo\/image\/","url":"https:\/\/plastimex.mx\/wp-content\/uploads\/2020\/02\/Plastimex-RGB.png","contentUrl":"https:\/\/plastimex.mx\/wp-content\/uploads\/2020\/02\/Plastimex-RGB.png","width":540,"height":171,"caption":"Plastimex"},"image":{"@id":"https:\/\/plastimex.mx\/#\/schema\/logo\/image\/"}}]}},"_links":{"self":[{"href":"https:\/\/plastimex.mx\/es_mx\/wp-json\/wp\/v2\/product\/1559","targetHints":{"allow":["GET"]}}],"collection":[{"href":"https:\/\/plastimex.mx\/es_mx\/wp-json\/wp\/v2\/product"}],"about":[{"href":"https:\/\/plastimex.mx\/es_mx\/wp-json\/wp\/v2\/types\/product"}],"wp:featuredmedia":[{"embeddable":true,"href":"https:\/\/plastimex.mx\/es_mx\/wp-json\/wp\/v2\/media\/5759"}],"wp:attachment":[{"href":"https:\/\/plastimex.mx\/es_mx\/wp-json\/wp\/v2\/media?parent=1559"}],"wp:term":[{"taxonomy":"product_brand","embeddable":true,"href":"https:\/\/plastimex.mx\/es_mx\/wp-json\/wp\/v2\/product_brand?post=1559"},{"taxonomy":"product_cat","embeddable":true,"href":"https:\/\/plastimex.mx\/es_mx\/wp-json\/wp\/v2\/product_cat?post=1559"},{"taxonomy":"product_tag","embeddable":true,"href":"https:\/\/plastimex.mx\/es_mx\/wp-json\/wp\/v2\/product_tag?post=1559"}],"curies":[{"name":"wp","href":"https:\/\/api.w.org\/{rel}","templated":true}]}}