{"id":1551,"date":"2021-03-15T19:08:24","date_gmt":"2021-03-15T19:08:24","guid":{"rendered":"https:\/\/plastimex.us\/?post_type=product&#038;p=1551"},"modified":"2026-04-07T17:57:07","modified_gmt":"2026-04-07T17:57:07","slug":"envase-de-pet-650-ml-trigger","status":"publish","type":"product","link":"https:\/\/plastimex.mx\/es_mx\/product\/envase-de-pet-650-ml-trigger\/","title":{"rendered":"Envase de PET 650 ml  Trigger"},"content":{"rendered":"<h4><strong>Envase de PET 650 ml Trigger<\/strong><\/h4>\n<p><span style=\"color: #333333\"><strong>Tapa R-28 mm<\/strong><\/span><\/p>\n<p><em>Ergon\u00f3mico e ideal para productos de limpieza y rociado<\/em><\/p>\n<p class=\"font-claude-response-body break-words whitespace-normal leading-[1.7]\">El <strong>envase de PET 650 ml, <\/strong>Trigger, cuenta con un dise\u00f1o pr\u00e1ctico y ergon\u00f3mico pensado para facilitar su uso en aplicaciones por rociado. Fabricado en Tereftalato de Polietileno (PET) virgen de alta calidad, ofrece excelente resistencia a impactos y productos qu\u00edmicos, manteniendo el contenido seguro y protegido en todo momento.<\/p>\n<p class=\"font-claude-response-body break-words whitespace-normal leading-[1.7]\">Su forma est\u00e1 especialmente dise\u00f1ada para trabajar en conjunto con una gatillera spray, convirti\u00e9ndolo en la opci\u00f3n perfecta para envasar productos de limpieza, soluciones automotrices y productos veterinarios que requieren una aplicaci\u00f3n precisa y controlada mediante atomizador.<\/p>\n<p><strong>Especificaciones t\u00e9cnicas:<\/strong><\/p>\n<p>Altura: 210.5 \u00b1 1 mm<\/p>\n<p>Di\u00e1metro: 99 \u00b1 1 mm<\/p>\n<p>Gramaje: 35.4 \u00b1 1 g<\/p>\n<p><b>Compatible con:<\/b><\/p>\n<p><strong><a href=\"https:\/\/plastimex.mx\/es_mx\/product\/tapa-atomizador-rosca-28-mm-gatillera-liner-polietileno-espumado\/\">Tapa R-28 mm Atomizador Gatillera<\/a><\/strong><\/p>\n<p>(Se vende por separado)<\/p>\n<p><strong><br \/>\nColores de l\u00ednea<\/strong><\/p>\n<div class=\"contenedor-iconos-producto\">\n<div>\n<p><img decoding=\"async\" class=\"\" src=\"https:\/\/maxipet.net\/images\/iconosprod\/colores\/transparente.webp\" alt=\"Transparente\" width=\"38\" height=\"38\" \/> Transparente<\/p>\n<p><strong style=\"font-size: 16px\"><br \/>\nIdeal para uso<\/strong><\/p>\n<p><img decoding=\"async\" class=\"\" style=\"font-style: inherit;font-weight: inherit\" src=\"https:\/\/maxipet.net\/images\/iconosprod\/usos\/automotriz.webp\" alt=\"Automotriz\" width=\"38\" height=\"38\" \/><span style=\"font-size: 16px\"> Automotriz\u00a0 \u00a0 \u00a0<\/span><img decoding=\"async\" class=\"\" style=\"font-style: inherit;font-weight: inherit\" src=\"https:\/\/maxipet.net\/images\/iconosprod\/usos\/limpieza.webp\" alt=\"Limpieza\" width=\"38\" height=\"38\" \/><span style=\"font-size: 16px\"> Limpieza\u00a0 \u00a0 \u00a0<\/span><img loading=\"lazy\" decoding=\"async\" class=\"\" style=\"font-style: inherit;font-weight: inherit\" src=\"https:\/\/maxipet.net\/images\/iconosprod\/usos\/veterinario.webp\" alt=\"Veterinario\" width=\"37\" height=\"37\" \/><span style=\"font-size: 16px\">\u00a0Veterinario<\/span><\/p>\n<\/div>\n<\/div>\n<div class=\"contenedor-iconos-producto\">\n<div><\/div>\n<\/div>\n<p>&nbsp;<\/p>\n<p><strong>Paquete<\/strong><\/p>\n<p>101 cm de largo x 119 cm de ancho y una altura de 85 cm<\/p>\n<p>Peso: 25.3 kg<\/p>\n<p><img decoding=\"async\" src=\"https:\/\/maxipet.net\/media\/pso\/s\/img\/images\/trigger-con-medidas.png.webp\" alt=\"trigger con medidas\" \/><\/p>\n","protected":false},"excerpt":{"rendered":"<h4><strong>Envase de PET 650 ml Trigger<\/strong><\/h4>\n<p>&nbsp;<\/p>\n","protected":false},"featured_media":6236,"template":"","meta":{"_acf_changed":false,"_joinchat":[]},"product_brand":[],"product_cat":[25],"product_tag":[],"class_list":{"0":"post-1551","1":"product","2":"type-product","3":"status-publish","4":"has-post-thumbnail","6":"product_cat-pet","8":"first","9":"instock","10":"shipping-taxable","11":"purchasable","12":"product-type-simple"},"acf":[],"yoast_head":"<!-- This site is optimized with the Yoast SEO plugin v26.3 - https:\/\/yoast.com\/wordpress\/plugins\/seo\/ -->\n<title>Envase de PET 650 ml Trigger - Plastimex<\/title>\n<meta name=\"description\" content=\"El envase de PET 650 ml, Trigger, es ideal para productos que requieran ser aplicados por rociado. Compatible con tapa de 28 mm. Solicita una cotizaci\u00f3n.\" \/>\n<meta name=\"robots\" content=\"index, follow, max-snippet:-1, max-image-preview:large, max-video-preview:-1\" \/>\n<link rel=\"canonical\" href=\"https:\/\/plastimex.mx\/es_mx\/product\/envase-de-pet-650-ml-trigger\/\" \/>\n<meta property=\"og:locale\" content=\"es_MX\" \/>\n<meta property=\"og:type\" content=\"article\" \/>\n<meta property=\"og:title\" content=\"Envase de PET 650 ml Trigger - Plastimex\" \/>\n<meta property=\"og:description\" content=\"El envase de PET 650 ml, Trigger, es ideal para productos que requieran ser aplicados por rociado. Compatible con tapa de 28 mm. Solicita una cotizaci\u00f3n.\" \/>\n<meta property=\"og:url\" content=\"https:\/\/plastimex.mx\/es_mx\/product\/envase-de-pet-650-ml-trigger\/\" \/>\n<meta property=\"og:site_name\" content=\"Plastimex\" \/>\n<meta property=\"article:modified_time\" content=\"2026-04-07T17:57:07+00:00\" \/>\n<meta property=\"og:image\" content=\"https:\/\/plastimex.mx\/wp-content\/uploads\/2021\/03\/Envase-PET-650-ml-Trigger-Plastimex-1_.png\" \/>\n\t<meta property=\"og:image:width\" content=\"386\" \/>\n\t<meta property=\"og:image:height\" content=\"622\" \/>\n\t<meta property=\"og:image:type\" content=\"image\/png\" \/>\n<meta name=\"twitter:card\" content=\"summary_large_image\" \/>\n<meta name=\"twitter:label1\" content=\"Tiempo de lectura\" \/>\n\t<meta name=\"twitter:data1\" content=\"2 minutos\" \/>\n<script type=\"application\/ld+json\" class=\"yoast-schema-graph\">{\"@context\":\"https:\/\/schema.org\",\"@graph\":[{\"@type\":\"WebPage\",\"@id\":\"https:\/\/plastimex.mx\/product\/envase-de-pet-650-ml-trigger\/\",\"url\":\"https:\/\/plastimex.mx\/product\/envase-de-pet-650-ml-trigger\/\",\"name\":\"Envase de PET 650 ml Trigger - Plastimex\",\"isPartOf\":{\"@id\":\"https:\/\/plastimex.mx\/#website\"},\"primaryImageOfPage\":{\"@id\":\"https:\/\/plastimex.mx\/product\/envase-de-pet-650-ml-trigger\/#primaryimage\"},\"image\":{\"@id\":\"https:\/\/plastimex.mx\/product\/envase-de-pet-650-ml-trigger\/#primaryimage\"},\"thumbnailUrl\":\"https:\/\/plastimex.mx\/wp-content\/uploads\/2021\/03\/Envase-PET-650-ml-Trigger-Plastimex-1_.png\",\"datePublished\":\"2021-03-15T19:08:24+00:00\",\"dateModified\":\"2026-04-07T17:57:07+00:00\",\"description\":\"El envase de PET 650 ml, Trigger, es ideal para productos que requieran ser aplicados por rociado. Compatible con tapa de 28 mm. Solicita una cotizaci\u00f3n.\",\"breadcrumb\":{\"@id\":\"https:\/\/plastimex.mx\/product\/envase-de-pet-650-ml-trigger\/#breadcrumb\"},\"inLanguage\":\"es\",\"potentialAction\":[{\"@type\":\"ReadAction\",\"target\":[\"https:\/\/plastimex.mx\/product\/envase-de-pet-650-ml-trigger\/\"]}]},{\"@type\":\"ImageObject\",\"inLanguage\":\"es\",\"@id\":\"https:\/\/plastimex.mx\/product\/envase-de-pet-650-ml-trigger\/#primaryimage\",\"url\":\"https:\/\/plastimex.mx\/wp-content\/uploads\/2021\/03\/Envase-PET-650-ml-Trigger-Plastimex-1_.png\",\"contentUrl\":\"https:\/\/plastimex.mx\/wp-content\/uploads\/2021\/03\/Envase-PET-650-ml-Trigger-Plastimex-1_.png\",\"width\":386,\"height\":622,\"caption\":\"Envase PET 650 ml Trigger - Plastimex\"},{\"@type\":\"BreadcrumbList\",\"@id\":\"https:\/\/plastimex.mx\/product\/envase-de-pet-650-ml-trigger\/#breadcrumb\",\"itemListElement\":[{\"@type\":\"ListItem\",\"position\":1,\"name\":\"Home\",\"item\":\"https:\/\/plastimex.mx\/\"},{\"@type\":\"ListItem\",\"position\":2,\"name\":\"Shop\",\"item\":\"https:\/\/plastimex.mx\/es_mx\/shop\/\"},{\"@type\":\"ListItem\",\"position\":3,\"name\":\"Envase de PET 650 ml Trigger\"}]},{\"@type\":\"WebSite\",\"@id\":\"https:\/\/plastimex.mx\/#website\",\"url\":\"https:\/\/plastimex.mx\/\",\"name\":\"Plastimex\",\"description\":\"Plastimex\",\"publisher\":{\"@id\":\"https:\/\/plastimex.mx\/#organization\"},\"potentialAction\":[{\"@type\":\"SearchAction\",\"target\":{\"@type\":\"EntryPoint\",\"urlTemplate\":\"https:\/\/plastimex.mx\/?s={search_term_string}\"},\"query-input\":{\"@type\":\"PropertyValueSpecification\",\"valueRequired\":true,\"valueName\":\"search_term_string\"}}],\"inLanguage\":\"es\"},{\"@type\":\"Organization\",\"@id\":\"https:\/\/plastimex.mx\/#organization\",\"name\":\"Plastimex\",\"url\":\"https:\/\/plastimex.mx\/\",\"logo\":{\"@type\":\"ImageObject\",\"inLanguage\":\"es\",\"@id\":\"https:\/\/plastimex.mx\/#\/schema\/logo\/image\/\",\"url\":\"https:\/\/plastimex.mx\/wp-content\/uploads\/2020\/02\/Plastimex-RGB.png\",\"contentUrl\":\"https:\/\/plastimex.mx\/wp-content\/uploads\/2020\/02\/Plastimex-RGB.png\",\"width\":540,\"height\":171,\"caption\":\"Plastimex\"},\"image\":{\"@id\":\"https:\/\/plastimex.mx\/#\/schema\/logo\/image\/\"}}]}<\/script>\n<!-- \/ Yoast SEO plugin. -->","yoast_head_json":{"title":"Envase de PET 650 ml Trigger - Plastimex","description":"El envase de PET 650 ml, Trigger, es ideal para productos que requieran ser aplicados por rociado. Compatible con tapa de 28 mm. Solicita una cotizaci\u00f3n.","robots":{"index":"index","follow":"follow","max-snippet":"max-snippet:-1","max-image-preview":"max-image-preview:large","max-video-preview":"max-video-preview:-1"},"canonical":"https:\/\/plastimex.mx\/es_mx\/product\/envase-de-pet-650-ml-trigger\/","og_locale":"es_MX","og_type":"article","og_title":"Envase de PET 650 ml Trigger - Plastimex","og_description":"El envase de PET 650 ml, Trigger, es ideal para productos que requieran ser aplicados por rociado. Compatible con tapa de 28 mm. Solicita una cotizaci\u00f3n.","og_url":"https:\/\/plastimex.mx\/es_mx\/product\/envase-de-pet-650-ml-trigger\/","og_site_name":"Plastimex","article_modified_time":"2026-04-07T17:57:07+00:00","og_image":[{"width":386,"height":622,"url":"https:\/\/plastimex.mx\/wp-content\/uploads\/2021\/03\/Envase-PET-650-ml-Trigger-Plastimex-1_.png","type":"image\/png"}],"twitter_card":"summary_large_image","twitter_misc":{"Tiempo de lectura":"2 minutos"},"schema":{"@context":"https:\/\/schema.org","@graph":[{"@type":"WebPage","@id":"https:\/\/plastimex.mx\/product\/envase-de-pet-650-ml-trigger\/","url":"https:\/\/plastimex.mx\/product\/envase-de-pet-650-ml-trigger\/","name":"Envase de PET 650 ml Trigger - Plastimex","isPartOf":{"@id":"https:\/\/plastimex.mx\/#website"},"primaryImageOfPage":{"@id":"https:\/\/plastimex.mx\/product\/envase-de-pet-650-ml-trigger\/#primaryimage"},"image":{"@id":"https:\/\/plastimex.mx\/product\/envase-de-pet-650-ml-trigger\/#primaryimage"},"thumbnailUrl":"https:\/\/plastimex.mx\/wp-content\/uploads\/2021\/03\/Envase-PET-650-ml-Trigger-Plastimex-1_.png","datePublished":"2021-03-15T19:08:24+00:00","dateModified":"2026-04-07T17:57:07+00:00","description":"El envase de PET 650 ml, Trigger, es ideal para productos que requieran ser aplicados por rociado. Compatible con tapa de 28 mm. Solicita una cotizaci\u00f3n.","breadcrumb":{"@id":"https:\/\/plastimex.mx\/product\/envase-de-pet-650-ml-trigger\/#breadcrumb"},"inLanguage":"es","potentialAction":[{"@type":"ReadAction","target":["https:\/\/plastimex.mx\/product\/envase-de-pet-650-ml-trigger\/"]}]},{"@type":"ImageObject","inLanguage":"es","@id":"https:\/\/plastimex.mx\/product\/envase-de-pet-650-ml-trigger\/#primaryimage","url":"https:\/\/plastimex.mx\/wp-content\/uploads\/2021\/03\/Envase-PET-650-ml-Trigger-Plastimex-1_.png","contentUrl":"https:\/\/plastimex.mx\/wp-content\/uploads\/2021\/03\/Envase-PET-650-ml-Trigger-Plastimex-1_.png","width":386,"height":622,"caption":"Envase PET 650 ml Trigger - Plastimex"},{"@type":"BreadcrumbList","@id":"https:\/\/plastimex.mx\/product\/envase-de-pet-650-ml-trigger\/#breadcrumb","itemListElement":[{"@type":"ListItem","position":1,"name":"Home","item":"https:\/\/plastimex.mx\/"},{"@type":"ListItem","position":2,"name":"Shop","item":"https:\/\/plastimex.mx\/es_mx\/shop\/"},{"@type":"ListItem","position":3,"name":"Envase de PET 650 ml Trigger"}]},{"@type":"WebSite","@id":"https:\/\/plastimex.mx\/#website","url":"https:\/\/plastimex.mx\/","name":"Plastimex","description":"Plastimex","publisher":{"@id":"https:\/\/plastimex.mx\/#organization"},"potentialAction":[{"@type":"SearchAction","target":{"@type":"EntryPoint","urlTemplate":"https:\/\/plastimex.mx\/?s={search_term_string}"},"query-input":{"@type":"PropertyValueSpecification","valueRequired":true,"valueName":"search_term_string"}}],"inLanguage":"es"},{"@type":"Organization","@id":"https:\/\/plastimex.mx\/#organization","name":"Plastimex","url":"https:\/\/plastimex.mx\/","logo":{"@type":"ImageObject","inLanguage":"es","@id":"https:\/\/plastimex.mx\/#\/schema\/logo\/image\/","url":"https:\/\/plastimex.mx\/wp-content\/uploads\/2020\/02\/Plastimex-RGB.png","contentUrl":"https:\/\/plastimex.mx\/wp-content\/uploads\/2020\/02\/Plastimex-RGB.png","width":540,"height":171,"caption":"Plastimex"},"image":{"@id":"https:\/\/plastimex.mx\/#\/schema\/logo\/image\/"}}]}},"_links":{"self":[{"href":"https:\/\/plastimex.mx\/es_mx\/wp-json\/wp\/v2\/product\/1551","targetHints":{"allow":["GET"]}}],"collection":[{"href":"https:\/\/plastimex.mx\/es_mx\/wp-json\/wp\/v2\/product"}],"about":[{"href":"https:\/\/plastimex.mx\/es_mx\/wp-json\/wp\/v2\/types\/product"}],"wp:featuredmedia":[{"embeddable":true,"href":"https:\/\/plastimex.mx\/es_mx\/wp-json\/wp\/v2\/media\/6236"}],"wp:attachment":[{"href":"https:\/\/plastimex.mx\/es_mx\/wp-json\/wp\/v2\/media?parent=1551"}],"wp:term":[{"taxonomy":"product_brand","embeddable":true,"href":"https:\/\/plastimex.mx\/es_mx\/wp-json\/wp\/v2\/product_brand?post=1551"},{"taxonomy":"product_cat","embeddable":true,"href":"https:\/\/plastimex.mx\/es_mx\/wp-json\/wp\/v2\/product_cat?post=1551"},{"taxonomy":"product_tag","embeddable":true,"href":"https:\/\/plastimex.mx\/es_mx\/wp-json\/wp\/v2\/product_tag?post=1551"}],"curies":[{"name":"wp","href":"https:\/\/api.w.org\/{rel}","templated":true}]}}