{"id":6156,"date":"2026-03-31T20:13:28","date_gmt":"2026-03-31T20:13:28","guid":{"rendered":"https:\/\/plastimex.mx\/?post_type=product&#038;p=6156"},"modified":"2026-04-09T16:06:11","modified_gmt":"2026-04-09T16:06:11","slug":"tapa-rosca-36-mm-liner-induccion-valvula-ventilacion-pead","status":"publish","type":"product","link":"https:\/\/plastimex.mx\/en\/product\/tapa-rosca-36-mm-liner-induccion-valvula-ventilacion-pead\/","title":{"rendered":"Tapa Rosca 36 mm Liner de inducci\u00f3n ventilado"},"content":{"rendered":"<h4><span data-sheets-root=\"1\"><strong>Tapa Rosca 36 mm<\/strong> <\/span><\/h4>\n<p><span style=\"color: #000000;\"><strong>Liner de inducci\u00f3n plateado con v\u00e1lvula de ventilaci\u00f3n<\/strong><\/span><\/p>\n<p><em>Para l\u00edquidos y limpiadores<\/em><\/p>\n<p>La <strong>tapa rosca 36 mm<\/strong> est\u00e1 fabricada con resina de Polietileno de Alta Densidad (PEAD), adem\u00e1s de Polipropileno (PP). Se realiza mediante moldeo por inyecci\u00f3n y enlainado autom\u00e1tico.<\/p>\n<p>Cuenta con un <strong>Liner de inducci\u00f3n plateado y v\u00e1lvula de ventilaci\u00f3n<\/strong> ideal para productos que generan gases.<\/p>\n<p><strong>Especificaciones t\u00e9cnicas:<\/strong><\/p>\n<p>Altura: 14.9\u00a0\u00b1 0.2 mm<\/p>\n<p>Di\u00e1metro: 36 \u00b1 0.5 mm<\/p>\n<p>Gramaje: 3 \u00b1 0.2 g<\/p>\n<p><strong>Compatible with:\u00a0<\/strong><\/p>\n<p><strong><a href=\"https:\/\/plastimex.mx\/en\/product\/garrafa-pead-1-l-rosca-36mm\/\">Envase de PEAD Garrafa 1 L<\/a><\/strong><\/p>\n<p><strong><a href=\"https:\/\/plastimex.mx\/en\/product\/garrafa-pead-1-galon-cilindrica-rosca-36mm-37mm\/\">Envase de PEAD Garrafa Cil\u00edndrica 1 Gal\u00f3n (3.78 L)<\/a><\/strong><\/p>\n<p><strong><a href=\"https:\/\/plastimex.mx\/en\/product\/garrafa-pead-4-l-cilindrica-rosca-36mm-37mm\/\">Envase de PEAD Garrafa Cil\u00edndrica 4 L<\/a><\/strong><\/p>\n<p>(Caps are sold separately)<\/p>\n<p>&nbsp;<\/p>\n<p><strong>Available Colors:<\/strong><\/p>\n<div class=\"contenedor-iconos-producto\"><img decoding=\"async\" class=\"\" src=\"https:\/\/maxipet.net\/images\/iconosprod\/colores\/blanco.webp\" alt=\"Blanco\" width=\"45\" height=\"45\" \/> White\u00a0 \u00a0 \u00a0<img decoding=\"async\" class=\"\" src=\"https:\/\/maxipet.net\/images\/iconosprod\/colores\/natural.webp\" alt=\"Natural\" width=\"47\" height=\"47\" \/> Natural\u00a0 \u00a0 \u00a0<img decoding=\"async\" class=\"\" src=\"https:\/\/maxipet.net\/images\/iconosprod\/colores\/negro.webp\" alt=\"Negro\" width=\"45\" height=\"45\" \/>\u00a0Negro<\/div>\n<p>&nbsp;<\/p>\n<p><strong>Ideal for Use in:<\/strong><\/p>\n<div class=\"contenedor-iconos-producto\"><img loading=\"lazy\" decoding=\"async\" class=\"\" src=\"https:\/\/maxipet.net\/images\/iconosprod\/usos\/farmaceutico.webp\" alt=\"Farmac\u00e9utico\" width=\"46\" height=\"46\" \/> Pharmaceuticals\u00a0 \u00a0 \u00a0<img loading=\"lazy\" decoding=\"async\" class=\"\" src=\"https:\/\/maxipet.net\/images\/iconosprod\/usos\/limpieza.webp\" alt=\"Limpieza\" width=\"45\" height=\"45\" \/> Cleaning\u00a0 \u00a0 \u00a0<img loading=\"lazy\" decoding=\"async\" class=\"\" src=\"https:\/\/maxipet.net\/images\/iconosprod\/usos\/liquidos.webp\" alt=\"L\u00edquidos\" width=\"45\" height=\"45\" \/> Liquids\u00a0 \u00a0 \u00a0 <img loading=\"lazy\" decoding=\"async\" class=\"\" src=\"https:\/\/maxipet.net\/images\/iconosprod\/usos\/naturista.webp\" alt=\"Naturista\" width=\"45\" height=\"45\" \/>\u00a0Natural<\/div>\n<p>&nbsp;<\/p>\n<div class=\"contenedor-imagen-pellet\">\n<p><strong>Paquete<\/strong><\/p>\n<p>58 cm de largo x 39 cm de ancho y una altura de 38 cm<\/p>\n<p>Peso: 8.9 kg<\/p>\n<p><img decoding=\"async\" src=\"https:\/\/maxipet.net\/media\/pso\/s\/img\/images\/caaj_nuevas_medidas.png.webp\" alt=\"caaj_nuevas_medidas.png\" \/><\/p>\n<\/div>","protected":false},"excerpt":{"rendered":"<h4><strong>Tapa Rosca 36 mm Liner de inducci\u00f3n plateado con v\u00e1lvula de ventilaci\u00f3n<\/strong><\/h4>","protected":false},"featured_media":6163,"template":"","meta":{"_acf_changed":false,"_joinchat":[]},"product_brand":[],"product_cat":[169],"product_tag":[],"class_list":{"0":"post-6156","1":"product","2":"type-product","3":"status-publish","4":"has-post-thumbnail","6":"product_cat-tapas","8":"first","9":"instock","10":"shipping-taxable","11":"purchasable","12":"product-type-simple"},"acf":[],"yoast_head":"<!-- This site is optimized with the Yoast SEO plugin v26.3 - https:\/\/yoast.com\/wordpress\/plugins\/seo\/ -->\n<title>Tapa Rosca 36 mm Liner de inducci\u00f3n ventilado - Plastimex<\/title>\n<meta name=\"description\" content=\"La tapa rosca 36 mm con Liner de inducci\u00f3n plateado y v\u00e1lvula de ventilaci\u00f3n es perfecta para envases con di\u00e1metro de corona 36 mm. Solicita una cotizaci\u00f3n.\" \/>\n<meta name=\"robots\" content=\"index, follow, max-snippet:-1, max-image-preview:large, max-video-preview:-1\" \/>\n<link rel=\"canonical\" href=\"https:\/\/plastimex.mx\/en\/product\/tapa-rosca-36-mm-liner-induccion-valvula-ventilacion-pead\/\" \/>\n<meta property=\"og:locale\" content=\"en_US\" \/>\n<meta property=\"og:type\" content=\"article\" \/>\n<meta property=\"og:title\" content=\"Tapa Rosca 36 mm Liner de inducci\u00f3n ventilado - Plastimex\" \/>\n<meta property=\"og:description\" content=\"La tapa rosca 36 mm con Liner de inducci\u00f3n plateado y v\u00e1lvula de ventilaci\u00f3n es perfecta para envases con di\u00e1metro de corona 36 mm. Solicita una cotizaci\u00f3n.\" \/>\n<meta property=\"og:url\" content=\"https:\/\/plastimex.mx\/en\/product\/tapa-rosca-36-mm-liner-induccion-valvula-ventilacion-pead\/\" \/>\n<meta property=\"og:site_name\" content=\"Plastimex\" \/>\n<meta property=\"article:modified_time\" content=\"2026-04-09T16:06:11+00:00\" \/>\n<meta property=\"og:image\" content=\"https:\/\/plastimex.mx\/wp-content\/uploads\/2026\/03\/Tapa-Rosca-36-mm-Liner-Plateado-de-induccion-Plastimex-1.png\" \/>\n\t<meta property=\"og:image:width\" content=\"386\" \/>\n\t<meta property=\"og:image:height\" content=\"622\" \/>\n\t<meta property=\"og:image:type\" content=\"image\/png\" \/>\n<meta name=\"twitter:card\" content=\"summary_large_image\" \/>\n<meta name=\"twitter:label1\" content=\"Est. reading time\" \/>\n\t<meta name=\"twitter:data1\" content=\"3 minutes\" \/>\n<script type=\"application\/ld+json\" class=\"yoast-schema-graph\">{\"@context\":\"https:\/\/schema.org\",\"@graph\":[{\"@type\":\"WebPage\",\"@id\":\"https:\/\/plastimex.mx\/product\/tapa-rosca-36-mm-liner-induccion-valvula-ventilacion-pead\/\",\"url\":\"https:\/\/plastimex.mx\/product\/tapa-rosca-36-mm-liner-induccion-valvula-ventilacion-pead\/\",\"name\":\"Tapa Rosca 36 mm Liner de inducci\u00f3n ventilado - Plastimex\",\"isPartOf\":{\"@id\":\"https:\/\/plastimex.mx\/#website\"},\"primaryImageOfPage\":{\"@id\":\"https:\/\/plastimex.mx\/product\/tapa-rosca-36-mm-liner-induccion-valvula-ventilacion-pead\/#primaryimage\"},\"image\":{\"@id\":\"https:\/\/plastimex.mx\/product\/tapa-rosca-36-mm-liner-induccion-valvula-ventilacion-pead\/#primaryimage\"},\"thumbnailUrl\":\"https:\/\/plastimex.mx\/wp-content\/uploads\/2026\/03\/Tapa-Rosca-36-mm-Liner-Plateado-de-induccion-Plastimex-1.png\",\"datePublished\":\"2026-03-31T20:13:28+00:00\",\"dateModified\":\"2026-04-09T16:06:11+00:00\",\"description\":\"La tapa rosca 36 mm con Liner de inducci\u00f3n plateado y v\u00e1lvula de ventilaci\u00f3n es perfecta para envases con di\u00e1metro de corona 36 mm. Solicita una cotizaci\u00f3n.\",\"breadcrumb\":{\"@id\":\"https:\/\/plastimex.mx\/product\/tapa-rosca-36-mm-liner-induccion-valvula-ventilacion-pead\/#breadcrumb\"},\"inLanguage\":\"en-US\",\"potentialAction\":[{\"@type\":\"ReadAction\",\"target\":[\"https:\/\/plastimex.mx\/product\/tapa-rosca-36-mm-liner-induccion-valvula-ventilacion-pead\/\"]}]},{\"@type\":\"ImageObject\",\"inLanguage\":\"en-US\",\"@id\":\"https:\/\/plastimex.mx\/product\/tapa-rosca-36-mm-liner-induccion-valvula-ventilacion-pead\/#primaryimage\",\"url\":\"https:\/\/plastimex.mx\/wp-content\/uploads\/2026\/03\/Tapa-Rosca-36-mm-Liner-Plateado-de-induccion-Plastimex-1.png\",\"contentUrl\":\"https:\/\/plastimex.mx\/wp-content\/uploads\/2026\/03\/Tapa-Rosca-36-mm-Liner-Plateado-de-induccion-Plastimex-1.png\",\"width\":386,\"height\":622,\"caption\":\"Tapa Rosca 36 mm Liner Plateado de inducci\u00f3n con v\u00e1lvula de ventilaci\u00f3n - Plastimex\"},{\"@type\":\"BreadcrumbList\",\"@id\":\"https:\/\/plastimex.mx\/product\/tapa-rosca-36-mm-liner-induccion-valvula-ventilacion-pead\/#breadcrumb\",\"itemListElement\":[{\"@type\":\"ListItem\",\"position\":1,\"name\":\"Home\",\"item\":\"https:\/\/plastimex.mx\/\"},{\"@type\":\"ListItem\",\"position\":2,\"name\":\"Shop\",\"item\":\"https:\/\/plastimex.mx\/es_mx\/shop\/\"},{\"@type\":\"ListItem\",\"position\":3,\"name\":\"Tapa Rosca 36 mm Liner de inducci\u00f3n ventilado\"}]},{\"@type\":\"WebSite\",\"@id\":\"https:\/\/plastimex.mx\/#website\",\"url\":\"https:\/\/plastimex.mx\/\",\"name\":\"Plastimex\",\"description\":\"Plastimex\",\"publisher\":{\"@id\":\"https:\/\/plastimex.mx\/#organization\"},\"potentialAction\":[{\"@type\":\"SearchAction\",\"target\":{\"@type\":\"EntryPoint\",\"urlTemplate\":\"https:\/\/plastimex.mx\/?s={search_term_string}\"},\"query-input\":{\"@type\":\"PropertyValueSpecification\",\"valueRequired\":true,\"valueName\":\"search_term_string\"}}],\"inLanguage\":\"en-US\"},{\"@type\":\"Organization\",\"@id\":\"https:\/\/plastimex.mx\/#organization\",\"name\":\"Plastimex\",\"url\":\"https:\/\/plastimex.mx\/\",\"logo\":{\"@type\":\"ImageObject\",\"inLanguage\":\"en-US\",\"@id\":\"https:\/\/plastimex.mx\/#\/schema\/logo\/image\/\",\"url\":\"https:\/\/plastimex.mx\/wp-content\/uploads\/2020\/02\/Plastimex-RGB.png\",\"contentUrl\":\"https:\/\/plastimex.mx\/wp-content\/uploads\/2020\/02\/Plastimex-RGB.png\",\"width\":540,\"height\":171,\"caption\":\"Plastimex\"},\"image\":{\"@id\":\"https:\/\/plastimex.mx\/#\/schema\/logo\/image\/\"}}]}<\/script>\n<!-- \/ Yoast SEO plugin. -->","yoast_head_json":{"title":"Tapa Rosca 36 mm Liner de inducci\u00f3n ventilado - Plastimex","description":"La tapa rosca 36 mm con Liner de inducci\u00f3n plateado y v\u00e1lvula de ventilaci\u00f3n es perfecta para envases con di\u00e1metro de corona 36 mm. Solicita una cotizaci\u00f3n.","robots":{"index":"index","follow":"follow","max-snippet":"max-snippet:-1","max-image-preview":"max-image-preview:large","max-video-preview":"max-video-preview:-1"},"canonical":"https:\/\/plastimex.mx\/en\/product\/tapa-rosca-36-mm-liner-induccion-valvula-ventilacion-pead\/","og_locale":"en_US","og_type":"article","og_title":"Tapa Rosca 36 mm Liner de inducci\u00f3n ventilado - Plastimex","og_description":"La tapa rosca 36 mm con Liner de inducci\u00f3n plateado y v\u00e1lvula de ventilaci\u00f3n es perfecta para envases con di\u00e1metro de corona 36 mm. Solicita una cotizaci\u00f3n.","og_url":"https:\/\/plastimex.mx\/en\/product\/tapa-rosca-36-mm-liner-induccion-valvula-ventilacion-pead\/","og_site_name":"Plastimex","article_modified_time":"2026-04-09T16:06:11+00:00","og_image":[{"width":386,"height":622,"url":"https:\/\/plastimex.mx\/wp-content\/uploads\/2026\/03\/Tapa-Rosca-36-mm-Liner-Plateado-de-induccion-Plastimex-1.png","type":"image\/png"}],"twitter_card":"summary_large_image","twitter_misc":{"Est. reading time":"3 minutes"},"schema":{"@context":"https:\/\/schema.org","@graph":[{"@type":"WebPage","@id":"https:\/\/plastimex.mx\/product\/tapa-rosca-36-mm-liner-induccion-valvula-ventilacion-pead\/","url":"https:\/\/plastimex.mx\/product\/tapa-rosca-36-mm-liner-induccion-valvula-ventilacion-pead\/","name":"Tapa Rosca 36 mm Liner de inducci\u00f3n ventilado - Plastimex","isPartOf":{"@id":"https:\/\/plastimex.mx\/#website"},"primaryImageOfPage":{"@id":"https:\/\/plastimex.mx\/product\/tapa-rosca-36-mm-liner-induccion-valvula-ventilacion-pead\/#primaryimage"},"image":{"@id":"https:\/\/plastimex.mx\/product\/tapa-rosca-36-mm-liner-induccion-valvula-ventilacion-pead\/#primaryimage"},"thumbnailUrl":"https:\/\/plastimex.mx\/wp-content\/uploads\/2026\/03\/Tapa-Rosca-36-mm-Liner-Plateado-de-induccion-Plastimex-1.png","datePublished":"2026-03-31T20:13:28+00:00","dateModified":"2026-04-09T16:06:11+00:00","description":"La tapa rosca 36 mm con Liner de inducci\u00f3n plateado y v\u00e1lvula de ventilaci\u00f3n es perfecta para envases con di\u00e1metro de corona 36 mm. Solicita una cotizaci\u00f3n.","breadcrumb":{"@id":"https:\/\/plastimex.mx\/product\/tapa-rosca-36-mm-liner-induccion-valvula-ventilacion-pead\/#breadcrumb"},"inLanguage":"en-US","potentialAction":[{"@type":"ReadAction","target":["https:\/\/plastimex.mx\/product\/tapa-rosca-36-mm-liner-induccion-valvula-ventilacion-pead\/"]}]},{"@type":"ImageObject","inLanguage":"en-US","@id":"https:\/\/plastimex.mx\/product\/tapa-rosca-36-mm-liner-induccion-valvula-ventilacion-pead\/#primaryimage","url":"https:\/\/plastimex.mx\/wp-content\/uploads\/2026\/03\/Tapa-Rosca-36-mm-Liner-Plateado-de-induccion-Plastimex-1.png","contentUrl":"https:\/\/plastimex.mx\/wp-content\/uploads\/2026\/03\/Tapa-Rosca-36-mm-Liner-Plateado-de-induccion-Plastimex-1.png","width":386,"height":622,"caption":"Tapa Rosca 36 mm Liner Plateado de inducci\u00f3n con v\u00e1lvula de ventilaci\u00f3n - Plastimex"},{"@type":"BreadcrumbList","@id":"https:\/\/plastimex.mx\/product\/tapa-rosca-36-mm-liner-induccion-valvula-ventilacion-pead\/#breadcrumb","itemListElement":[{"@type":"ListItem","position":1,"name":"Home","item":"https:\/\/plastimex.mx\/"},{"@type":"ListItem","position":2,"name":"Shop","item":"https:\/\/plastimex.mx\/es_mx\/shop\/"},{"@type":"ListItem","position":3,"name":"Tapa Rosca 36 mm Liner de inducci\u00f3n ventilado"}]},{"@type":"WebSite","@id":"https:\/\/plastimex.mx\/#website","url":"https:\/\/plastimex.mx\/","name":"Plastimex","description":"Plastimex","publisher":{"@id":"https:\/\/plastimex.mx\/#organization"},"potentialAction":[{"@type":"SearchAction","target":{"@type":"EntryPoint","urlTemplate":"https:\/\/plastimex.mx\/?s={search_term_string}"},"query-input":{"@type":"PropertyValueSpecification","valueRequired":true,"valueName":"search_term_string"}}],"inLanguage":"en-US"},{"@type":"Organization","@id":"https:\/\/plastimex.mx\/#organization","name":"Plastimex","url":"https:\/\/plastimex.mx\/","logo":{"@type":"ImageObject","inLanguage":"en-US","@id":"https:\/\/plastimex.mx\/#\/schema\/logo\/image\/","url":"https:\/\/plastimex.mx\/wp-content\/uploads\/2020\/02\/Plastimex-RGB.png","contentUrl":"https:\/\/plastimex.mx\/wp-content\/uploads\/2020\/02\/Plastimex-RGB.png","width":540,"height":171,"caption":"Plastimex"},"image":{"@id":"https:\/\/plastimex.mx\/#\/schema\/logo\/image\/"}}]}},"_links":{"self":[{"href":"https:\/\/plastimex.mx\/en\/wp-json\/wp\/v2\/product\/6156","targetHints":{"allow":["GET"]}}],"collection":[{"href":"https:\/\/plastimex.mx\/en\/wp-json\/wp\/v2\/product"}],"about":[{"href":"https:\/\/plastimex.mx\/en\/wp-json\/wp\/v2\/types\/product"}],"wp:featuredmedia":[{"embeddable":true,"href":"https:\/\/plastimex.mx\/en\/wp-json\/wp\/v2\/media\/6163"}],"wp:attachment":[{"href":"https:\/\/plastimex.mx\/en\/wp-json\/wp\/v2\/media?parent=6156"}],"wp:term":[{"taxonomy":"product_brand","embeddable":true,"href":"https:\/\/plastimex.mx\/en\/wp-json\/wp\/v2\/product_brand?post=6156"},{"taxonomy":"product_cat","embeddable":true,"href":"https:\/\/plastimex.mx\/en\/wp-json\/wp\/v2\/product_cat?post=6156"},{"taxonomy":"product_tag","embeddable":true,"href":"https:\/\/plastimex.mx\/en\/wp-json\/wp\/v2\/product_tag?post=6156"}],"curies":[{"name":"wp","href":"https:\/\/api.w.org\/{rel}","templated":true}]}}