{"id":5750,"date":"2026-03-30T23:42:48","date_gmt":"2026-03-30T23:42:48","guid":{"rendered":"https:\/\/plastimex.mx\/?post_type=product&#038;p=5750"},"modified":"2026-04-09T15:20:58","modified_gmt":"2026-04-09T15:20:58","slug":"envase-pead-10-l-supertank-short","status":"publish","type":"product","link":"https:\/\/plastimex.mx\/en\/product\/envase-pead-10-l-supertank-short\/","title":{"rendered":"Envase PEAD 10 L Supertank Short"},"content":{"rendered":"<div id=\"hikashop_product_description_main\" class=\"hikashop_product_description_main\">\n<h4><strong>Envase PEAD 10 L Supertank Short<\/strong><\/h4>\n<p><span style=\"color: #333333;\"><strong>Cap R-53 mm<\/strong><\/span><\/p>\n<p><em>M\u00e1xima rigidez para uso industrial<\/em><\/p>\n<p>El\u00a0<strong>envase PEAD 10 L,<\/strong> Supertank Short, es un bid\u00f3n que incorpora un asa en la parte superior para facilitar su transportaci\u00f3n y una mirilla que permite visualizar el contenido. Tiene un dise\u00f1o con soportes antideslizamiento para mayor establidad.<\/p>\n<p>Su gran resistencia lo hace totalmente perfecto para industrias que requieren almacenar, transportar y distribuir productos qu\u00edmicos en grandes cantidades de forma segura y con m\u00e1xima integridad.<\/p>\n<p><strong>Especificaciones t\u00e9cnicas:<\/strong><\/p>\n<p>Altura: 286\u00a0\u00b1 5 mm<\/p>\n<p>Ancho: 196 \u00b1 5 mm<\/p>\n<p>Largo: 251 \u00b1 5 mm<\/p>\n<p>Gramaje: 500 \u00b1 20 g \/ 700 \u00b1 20 g<\/p>\n<p><strong>Compatible with:<\/strong><\/p>\n<p><strong><a href=\"https:\/\/plastimex.mx\/en\/product\/tapa-bidon-rosca-53-mm-liner-induccion-cintillo-seguridad-pead\/\">Tapa R-53 mm con Liner de inducci\u00f3n Plateado y cintillo de seguridad<\/a><\/strong><\/p>\n<p><strong><a href=\"https:\/\/plastimex.mx\/en\/product\/tapa-bidon-rosca-53-mm-liner-espumado-cintillo-seguridad\/\">Tapa R-53 mm con Liner espumado y cintillo de seguridad<\/a><\/strong><\/p>\n<p><strong><a href=\"https:\/\/plastimex.mx\/en\/product\/tapa-bidon-rosca-53-mm-liner-espumado-cintillo-seguridad-arandela\/\">Tapa R-53 mm Arandela con Liner espumado y cintillo de seguridad<\/a><\/strong><\/p>\n<p><strong><a href=\"https:\/\/plastimex.mx\/en\/product\/tapa-bidon-rosca-53-mm-liner-espumado-valvula-ventilacion-cintillo-seguridad-arandela\/\">Tapa R-53 mm Arandela con Liner espumado, v\u00e1lvula de ventilaci\u00f3n y cintillo de seguridad<\/a><\/strong><\/p>\n<p><strong><a href=\"https:\/\/plastimex.mx\/en\/product\/tapa-dispensadora-grifo-rosca-53-mm-liner-espumado\/\">Tapa R-53 mm Dispensadora\u00a0Grifo<\/a><\/strong><\/p>\n<p><strong><a href=\"https:\/\/plastimex.mx\/en\/product\/antiglu-rosca-53-mm\/\">Antigl\u00fa R-53 mm\u00a0<\/a><\/strong><\/p>\n<p>(Caps are sold separately)<\/p>\n<\/div>\n<p>&nbsp;<\/p>\n<p><strong>Available Colors:<\/strong><\/p>\n<div class=\"contenedor-iconos-producto\">\n<div><img decoding=\"async\" class=\"\" src=\"https:\/\/maxipet.net\/images\/iconosprod\/colores\/blanco.webp\" alt=\"Blanco\" width=\"46\" height=\"46\" \/> White\u00a0 \u00a0 \u00a0<img decoding=\"async\" class=\"\" src=\"https:\/\/maxipet.net\/images\/iconosprod\/colores\/natural.webp\" alt=\"Natural\" width=\"45\" height=\"45\" \/> Natural<\/div>\n<div><\/div>\n<\/div>\n<p>&nbsp;<\/p>\n<p><strong>Ideal for Use in:<\/strong><\/p>\n<p><img decoding=\"async\" class=\"\" style=\"font-style: inherit; font-weight: inherit;\" src=\"https:\/\/maxipet.net\/images\/iconosprod\/usos\/alimenticio.webp\" alt=\"Alimenticio\" width=\"45\" height=\"45\" \/><span style=\"font-size: 16px;\"> Food\u00a0 \u00a0 \u00a0<\/span><img loading=\"lazy\" decoding=\"async\" class=\"\" style=\"font-style: inherit; font-weight: inherit;\" src=\"https:\/\/maxipet.net\/images\/iconosprod\/usos\/farmaceutico.webp\" alt=\"Farmac\u00e9utico\" width=\"45\" height=\"45\" \/><span style=\"font-size: 16px;\"> Pharmaceuticals\u00a0 \u00a0 \u00a0<\/span><img loading=\"lazy\" decoding=\"async\" class=\"\" style=\"font-style: inherit; font-weight: inherit;\" src=\"https:\/\/maxipet.net\/images\/iconosprod\/usos\/quimicos.webp\" alt=\"Qu\u00edmicos\" width=\"45\" height=\"45\" \/><span style=\"font-size: 16px;\"> Chemicals<\/span><\/p>\n<div class=\"contenedor-imagen-pellet\">\n<p>&nbsp;<\/p>\n<p><strong>Paquete<\/strong><\/p>\n<p>99 cm de largo x 58.5 cm de ancho y una altura de 29 cm<\/p>\n<p>Peso: 6.3 kg \/ 8.6 kg<\/p>\n<p>&nbsp;<\/p>\n<\/div>","protected":false},"excerpt":{"rendered":"<h4><strong>Envase PEAD 10 L Supertank Short<\/strong><\/h4>","protected":false},"featured_media":6194,"template":"","meta":{"_acf_changed":false,"_joinchat":[]},"product_brand":[],"product_cat":[170],"product_tag":[],"class_list":{"0":"post-5750","1":"product","2":"type-product","3":"status-publish","4":"has-post-thumbnail","6":"product_cat-pead","8":"first","9":"instock","10":"shipping-taxable","11":"purchasable","12":"product-type-simple"},"acf":[],"yoast_head":"<!-- This site is optimized with the Yoast SEO plugin v26.3 - https:\/\/yoast.com\/wordpress\/plugins\/seo\/ -->\n<title>Envase PEAD 10 L Supertank Short - Plastimex<\/title>\n<meta name=\"description\" content=\"El envase de PEAD 10 L, Supertank Short, es ideal para qu\u00edmicos, farmac\u00e9uticos y alimenticios. Compatible con tapa de 53 mm. Solicita una cotizaci\u00f3n.\" \/>\n<meta name=\"robots\" content=\"index, follow, max-snippet:-1, max-image-preview:large, max-video-preview:-1\" \/>\n<link rel=\"canonical\" href=\"https:\/\/plastimex.mx\/en\/product\/envase-pead-10-l-supertank-short\/\" \/>\n<meta property=\"og:locale\" content=\"en_US\" \/>\n<meta property=\"og:type\" content=\"article\" \/>\n<meta property=\"og:title\" content=\"Envase PEAD 10 L Supertank Short - Plastimex\" \/>\n<meta property=\"og:description\" content=\"El envase de PEAD 10 L, Supertank Short, es ideal para qu\u00edmicos, farmac\u00e9uticos y alimenticios. Compatible con tapa de 53 mm. Solicita una cotizaci\u00f3n.\" \/>\n<meta property=\"og:url\" content=\"https:\/\/plastimex.mx\/en\/product\/envase-pead-10-l-supertank-short\/\" \/>\n<meta property=\"og:site_name\" content=\"Plastimex\" \/>\n<meta property=\"article:modified_time\" content=\"2026-04-09T15:20:58+00:00\" \/>\n<meta property=\"og:image\" content=\"https:\/\/plastimex.mx\/wp-content\/uploads\/2026\/03\/Bidon-PEAD-10-litros-Supertank-Short-Plastimex-1.png\" \/>\n\t<meta property=\"og:image:width\" content=\"386\" \/>\n\t<meta property=\"og:image:height\" content=\"622\" \/>\n\t<meta property=\"og:image:type\" content=\"image\/png\" \/>\n<meta name=\"twitter:card\" content=\"summary_large_image\" \/>\n<meta name=\"twitter:label1\" content=\"Est. reading time\" \/>\n\t<meta name=\"twitter:data1\" content=\"3 minutes\" \/>\n<script type=\"application\/ld+json\" class=\"yoast-schema-graph\">{\"@context\":\"https:\/\/schema.org\",\"@graph\":[{\"@type\":\"WebPage\",\"@id\":\"https:\/\/plastimex.mx\/product\/envase-pead-10-l-supertank-short\/\",\"url\":\"https:\/\/plastimex.mx\/product\/envase-pead-10-l-supertank-short\/\",\"name\":\"Envase PEAD 10 L Supertank Short - Plastimex\",\"isPartOf\":{\"@id\":\"https:\/\/plastimex.mx\/#website\"},\"primaryImageOfPage\":{\"@id\":\"https:\/\/plastimex.mx\/product\/envase-pead-10-l-supertank-short\/#primaryimage\"},\"image\":{\"@id\":\"https:\/\/plastimex.mx\/product\/envase-pead-10-l-supertank-short\/#primaryimage\"},\"thumbnailUrl\":\"https:\/\/plastimex.mx\/wp-content\/uploads\/2026\/03\/Bidon-PEAD-10-litros-Supertank-Short-Plastimex-1.png\",\"datePublished\":\"2026-03-30T23:42:48+00:00\",\"dateModified\":\"2026-04-09T15:20:58+00:00\",\"description\":\"El envase de PEAD 10 L, Supertank Short, es ideal para qu\u00edmicos, farmac\u00e9uticos y alimenticios. Compatible con tapa de 53 mm. Solicita una cotizaci\u00f3n.\",\"breadcrumb\":{\"@id\":\"https:\/\/plastimex.mx\/product\/envase-pead-10-l-supertank-short\/#breadcrumb\"},\"inLanguage\":\"en-US\",\"potentialAction\":[{\"@type\":\"ReadAction\",\"target\":[\"https:\/\/plastimex.mx\/product\/envase-pead-10-l-supertank-short\/\"]}]},{\"@type\":\"ImageObject\",\"inLanguage\":\"en-US\",\"@id\":\"https:\/\/plastimex.mx\/product\/envase-pead-10-l-supertank-short\/#primaryimage\",\"url\":\"https:\/\/plastimex.mx\/wp-content\/uploads\/2026\/03\/Bidon-PEAD-10-litros-Supertank-Short-Plastimex-1.png\",\"contentUrl\":\"https:\/\/plastimex.mx\/wp-content\/uploads\/2026\/03\/Bidon-PEAD-10-litros-Supertank-Short-Plastimex-1.png\",\"width\":386,\"height\":622,\"caption\":\"Bid\u00f3n PEAD 10 litros Supertank Short - Plastimex\"},{\"@type\":\"BreadcrumbList\",\"@id\":\"https:\/\/plastimex.mx\/product\/envase-pead-10-l-supertank-short\/#breadcrumb\",\"itemListElement\":[{\"@type\":\"ListItem\",\"position\":1,\"name\":\"Home\",\"item\":\"https:\/\/plastimex.mx\/\"},{\"@type\":\"ListItem\",\"position\":2,\"name\":\"Shop\",\"item\":\"https:\/\/plastimex.mx\/es_mx\/shop\/\"},{\"@type\":\"ListItem\",\"position\":3,\"name\":\"Envase PEAD 10 L Supertank Short\"}]},{\"@type\":\"WebSite\",\"@id\":\"https:\/\/plastimex.mx\/#website\",\"url\":\"https:\/\/plastimex.mx\/\",\"name\":\"Plastimex\",\"description\":\"Plastimex\",\"publisher\":{\"@id\":\"https:\/\/plastimex.mx\/#organization\"},\"potentialAction\":[{\"@type\":\"SearchAction\",\"target\":{\"@type\":\"EntryPoint\",\"urlTemplate\":\"https:\/\/plastimex.mx\/?s={search_term_string}\"},\"query-input\":{\"@type\":\"PropertyValueSpecification\",\"valueRequired\":true,\"valueName\":\"search_term_string\"}}],\"inLanguage\":\"en-US\"},{\"@type\":\"Organization\",\"@id\":\"https:\/\/plastimex.mx\/#organization\",\"name\":\"Plastimex\",\"url\":\"https:\/\/plastimex.mx\/\",\"logo\":{\"@type\":\"ImageObject\",\"inLanguage\":\"en-US\",\"@id\":\"https:\/\/plastimex.mx\/#\/schema\/logo\/image\/\",\"url\":\"https:\/\/plastimex.mx\/wp-content\/uploads\/2020\/02\/Plastimex-RGB.png\",\"contentUrl\":\"https:\/\/plastimex.mx\/wp-content\/uploads\/2020\/02\/Plastimex-RGB.png\",\"width\":540,\"height\":171,\"caption\":\"Plastimex\"},\"image\":{\"@id\":\"https:\/\/plastimex.mx\/#\/schema\/logo\/image\/\"}}]}<\/script>\n<!-- \/ Yoast SEO plugin. -->","yoast_head_json":{"title":"Envase PEAD 10 L Supertank Short - Plastimex","description":"El envase de PEAD 10 L, Supertank Short, es ideal para qu\u00edmicos, farmac\u00e9uticos y alimenticios. Compatible con tapa de 53 mm. Solicita una cotizaci\u00f3n.","robots":{"index":"index","follow":"follow","max-snippet":"max-snippet:-1","max-image-preview":"max-image-preview:large","max-video-preview":"max-video-preview:-1"},"canonical":"https:\/\/plastimex.mx\/en\/product\/envase-pead-10-l-supertank-short\/","og_locale":"en_US","og_type":"article","og_title":"Envase PEAD 10 L Supertank Short - Plastimex","og_description":"El envase de PEAD 10 L, Supertank Short, es ideal para qu\u00edmicos, farmac\u00e9uticos y alimenticios. Compatible con tapa de 53 mm. Solicita una cotizaci\u00f3n.","og_url":"https:\/\/plastimex.mx\/en\/product\/envase-pead-10-l-supertank-short\/","og_site_name":"Plastimex","article_modified_time":"2026-04-09T15:20:58+00:00","og_image":[{"width":386,"height":622,"url":"https:\/\/plastimex.mx\/wp-content\/uploads\/2026\/03\/Bidon-PEAD-10-litros-Supertank-Short-Plastimex-1.png","type":"image\/png"}],"twitter_card":"summary_large_image","twitter_misc":{"Est. reading time":"3 minutes"},"schema":{"@context":"https:\/\/schema.org","@graph":[{"@type":"WebPage","@id":"https:\/\/plastimex.mx\/product\/envase-pead-10-l-supertank-short\/","url":"https:\/\/plastimex.mx\/product\/envase-pead-10-l-supertank-short\/","name":"Envase PEAD 10 L Supertank Short - Plastimex","isPartOf":{"@id":"https:\/\/plastimex.mx\/#website"},"primaryImageOfPage":{"@id":"https:\/\/plastimex.mx\/product\/envase-pead-10-l-supertank-short\/#primaryimage"},"image":{"@id":"https:\/\/plastimex.mx\/product\/envase-pead-10-l-supertank-short\/#primaryimage"},"thumbnailUrl":"https:\/\/plastimex.mx\/wp-content\/uploads\/2026\/03\/Bidon-PEAD-10-litros-Supertank-Short-Plastimex-1.png","datePublished":"2026-03-30T23:42:48+00:00","dateModified":"2026-04-09T15:20:58+00:00","description":"El envase de PEAD 10 L, Supertank Short, es ideal para qu\u00edmicos, farmac\u00e9uticos y alimenticios. Compatible con tapa de 53 mm. Solicita una cotizaci\u00f3n.","breadcrumb":{"@id":"https:\/\/plastimex.mx\/product\/envase-pead-10-l-supertank-short\/#breadcrumb"},"inLanguage":"en-US","potentialAction":[{"@type":"ReadAction","target":["https:\/\/plastimex.mx\/product\/envase-pead-10-l-supertank-short\/"]}]},{"@type":"ImageObject","inLanguage":"en-US","@id":"https:\/\/plastimex.mx\/product\/envase-pead-10-l-supertank-short\/#primaryimage","url":"https:\/\/plastimex.mx\/wp-content\/uploads\/2026\/03\/Bidon-PEAD-10-litros-Supertank-Short-Plastimex-1.png","contentUrl":"https:\/\/plastimex.mx\/wp-content\/uploads\/2026\/03\/Bidon-PEAD-10-litros-Supertank-Short-Plastimex-1.png","width":386,"height":622,"caption":"Bid\u00f3n PEAD 10 litros Supertank Short - Plastimex"},{"@type":"BreadcrumbList","@id":"https:\/\/plastimex.mx\/product\/envase-pead-10-l-supertank-short\/#breadcrumb","itemListElement":[{"@type":"ListItem","position":1,"name":"Home","item":"https:\/\/plastimex.mx\/"},{"@type":"ListItem","position":2,"name":"Shop","item":"https:\/\/plastimex.mx\/es_mx\/shop\/"},{"@type":"ListItem","position":3,"name":"Envase PEAD 10 L Supertank Short"}]},{"@type":"WebSite","@id":"https:\/\/plastimex.mx\/#website","url":"https:\/\/plastimex.mx\/","name":"Plastimex","description":"Plastimex","publisher":{"@id":"https:\/\/plastimex.mx\/#organization"},"potentialAction":[{"@type":"SearchAction","target":{"@type":"EntryPoint","urlTemplate":"https:\/\/plastimex.mx\/?s={search_term_string}"},"query-input":{"@type":"PropertyValueSpecification","valueRequired":true,"valueName":"search_term_string"}}],"inLanguage":"en-US"},{"@type":"Organization","@id":"https:\/\/plastimex.mx\/#organization","name":"Plastimex","url":"https:\/\/plastimex.mx\/","logo":{"@type":"ImageObject","inLanguage":"en-US","@id":"https:\/\/plastimex.mx\/#\/schema\/logo\/image\/","url":"https:\/\/plastimex.mx\/wp-content\/uploads\/2020\/02\/Plastimex-RGB.png","contentUrl":"https:\/\/plastimex.mx\/wp-content\/uploads\/2020\/02\/Plastimex-RGB.png","width":540,"height":171,"caption":"Plastimex"},"image":{"@id":"https:\/\/plastimex.mx\/#\/schema\/logo\/image\/"}}]}},"_links":{"self":[{"href":"https:\/\/plastimex.mx\/en\/wp-json\/wp\/v2\/product\/5750","targetHints":{"allow":["GET"]}}],"collection":[{"href":"https:\/\/plastimex.mx\/en\/wp-json\/wp\/v2\/product"}],"about":[{"href":"https:\/\/plastimex.mx\/en\/wp-json\/wp\/v2\/types\/product"}],"wp:featuredmedia":[{"embeddable":true,"href":"https:\/\/plastimex.mx\/en\/wp-json\/wp\/v2\/media\/6194"}],"wp:attachment":[{"href":"https:\/\/plastimex.mx\/en\/wp-json\/wp\/v2\/media?parent=5750"}],"wp:term":[{"taxonomy":"product_brand","embeddable":true,"href":"https:\/\/plastimex.mx\/en\/wp-json\/wp\/v2\/product_brand?post=5750"},{"taxonomy":"product_cat","embeddable":true,"href":"https:\/\/plastimex.mx\/en\/wp-json\/wp\/v2\/product_cat?post=5750"},{"taxonomy":"product_tag","embeddable":true,"href":"https:\/\/plastimex.mx\/en\/wp-json\/wp\/v2\/product_tag?post=5750"}],"curies":[{"name":"wp","href":"https:\/\/api.w.org\/{rel}","templated":true}]}}