{"id":5185,"date":"2025-05-07T22:23:46","date_gmt":"2025-05-07T22:23:46","guid":{"rendered":"https:\/\/plastimex.mx\/?post_type=product&#038;p=5185"},"modified":"2026-04-07T17:45:45","modified_gmt":"2026-04-07T17:45:45","slug":"envase-de-pet-1-l-multiusos","status":"publish","type":"product","link":"https:\/\/plastimex.mx\/en\/product\/envase-de-pet-1-l-multiusos\/","title":{"rendered":"Envase de PET 1 L  Multiusos"},"content":{"rendered":"<h4><strong>Envase de PET 1 L Multiusos<\/strong><\/h4>\n<p><span style=\"color: #333333;\"><strong>Cap R-28 mm<\/strong><\/span><\/p>\n<p><em>Resistente y ergon\u00f3mico para limpieza, alimentos y m\u00e1s<\/em><\/p>\n<p class=\"font-claude-response-body break-words whitespace-normal leading-[1.7]\">El<strong> envase de PET 1 L, <\/strong>Multiusos, cuenta con un dise\u00f1o anillado y ergon\u00f3mico que garantiza una f\u00e1cil sujeci\u00f3n y manejo. Fabricado en Tereftalato de Polietileno (PET) de alta calidad, ofrece excelente resistencia al colapso, manteniendo el contenido seguro y protegido en todo momento.<\/p>\n<p class=\"font-claude-response-body break-words whitespace-normal leading-[1.7]\">Su versatilidad lo convierte en la opci\u00f3n ideal para envasar productos de limpieza, bebidas, jabones l\u00edquidos y productos naturistas. Disponible con cuello corto o largo seg\u00fan las necesidades de tu l\u00ednea de producci\u00f3n, adapt\u00e1ndose a distintos procesos de llenado y distribuci\u00f3n.<\/p>\n<p><strong>Technical specifications:<\/strong><\/p>\n<p>Altura: 266.5 \u00b1 1 mm<\/p>\n<p>Di\u00e1metro: 78 \u00b1 1 mm<\/p>\n<p>Gramaje: 26.5 \u00b1 0.3 g<\/p>\n<p><b>Compatible with:<\/b><\/p>\n<p><strong><a href=\"https:\/\/plastimex.mx\/en\/product\/tapa-rosca-28-mm-linerless-cintillo-seguridad-cuello-corto\/\">Tapa R-28 mm Cuello corto Linerless con\u00a0cintillo de seguridad<\/a><\/strong><\/p>\n<p><strong><a href=\"https:\/\/plastimex.mx\/en\/product\/tapa-rosca-28-mm-linerless-cintillo-seguridad-cuello-largo\/\">Tapa R-28 mm Cuello largo Linerless con cintillo de seguridad<\/a><\/strong><\/p>\n<p><strong><a href=\"https:\/\/plastimex.mx\/en\/product\/tapa-disctop-rosca-28-mm-linerless\/\">Tapa R-28 mm Disc Top Linerless<\/a><\/strong><\/p>\n<p><strong><a href=\"https:\/\/plastimex.mx\/en\/product\/tapa-fliptop-rosca-28-mm-linerless\/\">Tapa R-28 mm Flip Top Linerless<\/a><\/strong><\/p>\n<p><strong><a href=\"https:\/\/plastimex.mx\/en\/product\/tapa-silla-montar-rosca-28-mm-liner-espumado\/\">Tapa R-28 mm Silla de montar<\/a><\/strong><\/p>\n<p>(Caps are sold separately)<\/p>\n<p>&nbsp;<\/p>\n<p><strong>Available Colors:<\/strong><\/p>\n<div class=\"contenedor-iconos-producto\">\n<div><img decoding=\"async\" class=\"\" src=\"https:\/\/maxipet.net\/images\/iconosprod\/colores\/transparente.webp\" alt=\"Transparente\" width=\"36\" height=\"36\" \/>\u00a0Transparent<\/div>\n<\/div>\n<p>&nbsp;<\/p>\n<p><strong>Ideal for Use in:<\/strong><\/p>\n<div>\n<p><img decoding=\"async\" class=\"\" style=\"font-style: inherit; font-weight: inherit;\" src=\"https:\/\/maxipet.net\/images\/iconosprod\/usos\/alimenticio.webp\" alt=\"Alimenticio\" width=\"38\" height=\"38\" \/><span style=\"font-size: 16px;\"> Food\u00a0 \u00a0 \u00a0<\/span><img decoding=\"async\" class=\"\" style=\"font-style: inherit; font-weight: inherit;\" src=\"https:\/\/maxipet.net\/images\/iconosprod\/usos\/bebida.webp\" alt=\"Bebida\" width=\"38\" height=\"38\" \/><span style=\"font-size: 16px;\">\u00a0Bebidas\u00a0 \u00a0\u00a0<\/span><img loading=\"lazy\" decoding=\"async\" class=\"\" style=\"font-style: inherit; font-weight: inherit;\" src=\"https:\/\/maxipet.net\/images\/iconosprod\/usos\/cosmetico.webp\" alt=\"Cosm\u00e9tico\" width=\"40\" height=\"40\" \/><span style=\"font-size: 16px;\"> Cosmetics\u00a0 \u00a0 \u00a0<\/span><img loading=\"lazy\" decoding=\"async\" class=\"\" style=\"font-style: inherit; font-weight: inherit;\" src=\"https:\/\/maxipet.net\/images\/iconosprod\/usos\/farmaceutico.webp\" alt=\"Farmac\u00e9utico\" width=\"40\" height=\"40\" \/><span style=\"font-size: 16px;\"> Pharmaceuticals<\/span><\/p>\n<p><img loading=\"lazy\" decoding=\"async\" class=\"\" style=\"font-style: inherit; font-weight: inherit;\" src=\"https:\/\/maxipet.net\/images\/iconosprod\/usos\/jabones.webp\" alt=\"Jabones liquidos\" width=\"39\" height=\"39\" \/><span style=\"font-size: 16px;\"> Jabones liquidos <\/span><img loading=\"lazy\" decoding=\"async\" class=\"\" style=\"font-style: inherit; font-weight: inherit;\" src=\"https:\/\/maxipet.net\/images\/iconosprod\/usos\/limpieza.webp\" alt=\"Limpieza\" width=\"38\" height=\"38\" \/><span style=\"font-size: 16px;\"> Cleaning\u00a0 \u00a0 <\/span><img loading=\"lazy\" decoding=\"async\" class=\"\" style=\"font-style: inherit; font-weight: inherit;\" src=\"https:\/\/maxipet.net\/images\/iconosprod\/usos\/naturista.webp\" alt=\"Naturista\" width=\"39\" height=\"39\" \/><span style=\"font-size: 16px;\">\u00a0Natural \u00a0 \u00a0 \u00a0<\/span><img loading=\"lazy\" decoding=\"async\" class=\"\" style=\"font-style: inherit; font-weight: inherit;\" src=\"https:\/\/maxipet.net\/images\/iconosprod\/usos\/quimicos.webp\" alt=\"Qu\u00edmicos\" width=\"38\" height=\"38\" \/><span style=\"font-size: 16px;\"> Qu\u00edmico<\/span><\/p>\n<\/div>\n<div class=\"contenedor-iconos-producto\">\n<div><\/div>\n<div><\/div>\n<\/div>\n<p>&nbsp;<\/p>\n<p><strong>Package<\/strong><\/p>\n<p>86 cm de largo x 70 cm de ancho y una altura de 26.7 cm<\/p>\n<p>Peso: 3.5 kg<\/p>","protected":false},"excerpt":{"rendered":"<h4><strong>Envase de PET 1 L Multiusos<\/strong><\/h4>","protected":false},"featured_media":6006,"template":"","meta":{"_acf_changed":false,"site-sidebar-layout":"default","site-content-layout":"default","ast-site-content-layout":"default","site-content-style":"default","site-sidebar-style":"default","ast-global-header-display":"","ast-banner-title-visibility":"","ast-main-header-display":"","ast-hfb-above-header-display":"","ast-hfb-below-header-display":"","ast-hfb-mobile-header-display":"","site-post-title":"","ast-breadcrumbs-content":"","ast-featured-img":"","footer-sml-layout":"","ast-disable-related-posts":"","theme-transparent-header-meta":"default","adv-header-id-meta":"","stick-header-meta":"default","header-above-stick-meta":"","header-main-stick-meta":"","header-below-stick-meta":"","astra-migrate-meta-layouts":"default","ast-page-background-enabled":"default","ast-page-background-meta":{"desktop":{"background-color":"var(--ast-global-color-4)","background-image":"","background-repeat":"repeat","background-position":"center center","background-size":"auto","background-attachment":"scroll","background-type":"","background-media":"","overlay-type":"","overlay-color":"","overlay-opacity":"","overlay-gradient":""},"tablet":{"background-color":"","background-image":"","background-repeat":"repeat","background-position":"center center","background-size":"auto","background-attachment":"scroll","background-type":"","background-media":"","overlay-type":"","overlay-color":"","overlay-opacity":"","overlay-gradient":""},"mobile":{"background-color":"","background-image":"","background-repeat":"repeat","background-position":"center center","background-size":"auto","background-attachment":"scroll","background-type":"","background-media":"","overlay-type":"","overlay-color":"","overlay-opacity":"","overlay-gradient":""}},"ast-content-background-meta":{"desktop":{"background-color":"var(--ast-global-color-5)","background-image":"","background-repeat":"repeat","background-position":"center center","background-size":"auto","background-attachment":"scroll","background-type":"","background-media":"","overlay-type":"","overlay-color":"","overlay-opacity":"","overlay-gradient":""},"tablet":{"background-color":"var(--ast-global-color-5)","background-image":"","background-repeat":"repeat","background-position":"center center","background-size":"auto","background-attachment":"scroll","background-type":"","background-media":"","overlay-type":"","overlay-color":"","overlay-opacity":"","overlay-gradient":""},"mobile":{"background-color":"var(--ast-global-color-5)","background-image":"","background-repeat":"repeat","background-position":"center center","background-size":"auto","background-attachment":"scroll","background-type":"","background-media":"","overlay-type":"","overlay-color":"","overlay-opacity":"","overlay-gradient":""}},"_joinchat":[]},"product_brand":[],"product_cat":[25],"product_tag":[],"class_list":{"0":"post-5185","1":"product","2":"type-product","3":"status-publish","4":"has-post-thumbnail","6":"product_cat-pet","7":"desktop-align-left","8":"tablet-align-left","9":"mobile-align-left","11":"first","12":"instock","13":"shipping-taxable","14":"purchasable","15":"product-type-simple"},"acf":[],"yoast_head":"<!-- This site is optimized with the Yoast SEO plugin v27.5 - https:\/\/yoast.com\/product\/yoast-seo-wordpress\/ -->\n<title>Envase de PET 1 L Multiusos - Plastimex<\/title>\n<meta name=\"description\" content=\"El envase de PET 1 L, Multiusos, es apropiado para productos de limpieza o bebidas. Compatible con tapa de 28 mm. Solicita una cotizaci\u00f3n.\" \/>\n<meta name=\"robots\" content=\"index, follow, max-snippet:-1, max-image-preview:large, max-video-preview:-1\" \/>\n<link rel=\"canonical\" href=\"https:\/\/plastimex.mx\/en\/product\/envase-de-pet-1-l-multiusos\/\" \/>\n<meta property=\"og:locale\" content=\"en_US\" \/>\n<meta property=\"og:type\" content=\"article\" \/>\n<meta property=\"og:title\" content=\"Envase de PET 1 L Multiusos - Plastimex\" \/>\n<meta property=\"og:description\" content=\"El envase de PET 1 L, Multiusos, es apropiado para productos de limpieza o bebidas. Compatible con tapa de 28 mm. Solicita una cotizaci\u00f3n.\" \/>\n<meta property=\"og:url\" content=\"https:\/\/plastimex.mx\/en\/product\/envase-de-pet-1-l-multiusos\/\" \/>\n<meta property=\"og:site_name\" content=\"Plastimex\" \/>\n<meta property=\"article:modified_time\" content=\"2026-04-07T17:45:45+00:00\" \/>\n<meta property=\"og:image\" content=\"https:\/\/plastimex.mx\/wp-content\/uploads\/2025\/05\/Envase-PET-1-L-Multiusos-Plastimex_3.png\" \/>\n\t<meta property=\"og:image:width\" content=\"386\" \/>\n\t<meta property=\"og:image:height\" content=\"622\" \/>\n\t<meta property=\"og:image:type\" content=\"image\/png\" \/>\n<meta name=\"twitter:card\" content=\"summary_large_image\" \/>\n<meta name=\"twitter:label1\" content=\"Est. reading time\" \/>\n\t<meta name=\"twitter:data1\" content=\"3 minutes\" \/>\n<script type=\"application\/ld+json\" class=\"yoast-schema-graph\">{\"@context\":\"https:\\\/\\\/schema.org\",\"@graph\":[{\"@type\":\"WebPage\",\"@id\":\"https:\\\/\\\/plastimex.mx\\\/product\\\/envase-de-pet-1-l-multiusos\\\/\",\"url\":\"https:\\\/\\\/plastimex.mx\\\/product\\\/envase-de-pet-1-l-multiusos\\\/\",\"name\":\"Envase de PET 1 L Multiusos - Plastimex\",\"isPartOf\":{\"@id\":\"https:\\\/\\\/plastimex.mx\\\/#website\"},\"primaryImageOfPage\":{\"@id\":\"https:\\\/\\\/plastimex.mx\\\/product\\\/envase-de-pet-1-l-multiusos\\\/#primaryimage\"},\"image\":{\"@id\":\"https:\\\/\\\/plastimex.mx\\\/product\\\/envase-de-pet-1-l-multiusos\\\/#primaryimage\"},\"thumbnailUrl\":\"https:\\\/\\\/plastimex.mx\\\/wp-content\\\/uploads\\\/2025\\\/05\\\/Envase-PET-1-L-Multiusos-Plastimex_3.png\",\"datePublished\":\"2025-05-07T22:23:46+00:00\",\"dateModified\":\"2026-04-07T17:45:45+00:00\",\"description\":\"El envase de PET 1 L, Multiusos, es apropiado para productos de limpieza o bebidas. Compatible con tapa de 28 mm. Solicita una cotizaci\u00f3n.\",\"breadcrumb\":{\"@id\":\"https:\\\/\\\/plastimex.mx\\\/product\\\/envase-de-pet-1-l-multiusos\\\/#breadcrumb\"},\"inLanguage\":\"en-US\",\"potentialAction\":[{\"@type\":\"ReadAction\",\"target\":[\"https:\\\/\\\/plastimex.mx\\\/product\\\/envase-de-pet-1-l-multiusos\\\/\"]}]},{\"@type\":\"ImageObject\",\"inLanguage\":\"en-US\",\"@id\":\"https:\\\/\\\/plastimex.mx\\\/product\\\/envase-de-pet-1-l-multiusos\\\/#primaryimage\",\"url\":\"https:\\\/\\\/plastimex.mx\\\/wp-content\\\/uploads\\\/2025\\\/05\\\/Envase-PET-1-L-Multiusos-Plastimex_3.png\",\"contentUrl\":\"https:\\\/\\\/plastimex.mx\\\/wp-content\\\/uploads\\\/2025\\\/05\\\/Envase-PET-1-L-Multiusos-Plastimex_3.png\",\"width\":386,\"height\":622,\"caption\":\"Envase PET 1 L Multiusos - Plastimex_3\"},{\"@type\":\"BreadcrumbList\",\"@id\":\"https:\\\/\\\/plastimex.mx\\\/product\\\/envase-de-pet-1-l-multiusos\\\/#breadcrumb\",\"itemListElement\":[{\"@type\":\"ListItem\",\"position\":1,\"name\":\"Home\",\"item\":\"https:\\\/\\\/plastimex.mx\\\/\"},{\"@type\":\"ListItem\",\"position\":2,\"name\":\"Shop\",\"item\":\"https:\\\/\\\/plastimex.mx\\\/es_mx\\\/shop\\\/\"},{\"@type\":\"ListItem\",\"position\":3,\"name\":\"Envase de PET 1 L Multiusos\"}]},{\"@type\":\"WebSite\",\"@id\":\"https:\\\/\\\/plastimex.mx\\\/#website\",\"url\":\"https:\\\/\\\/plastimex.mx\\\/\",\"name\":\"Plastimex\",\"description\":\"Plastimex\",\"publisher\":{\"@id\":\"https:\\\/\\\/plastimex.mx\\\/#organization\"},\"potentialAction\":[{\"@type\":\"SearchAction\",\"target\":{\"@type\":\"EntryPoint\",\"urlTemplate\":\"https:\\\/\\\/plastimex.mx\\\/?s={search_term_string}\"},\"query-input\":{\"@type\":\"PropertyValueSpecification\",\"valueRequired\":true,\"valueName\":\"search_term_string\"}}],\"inLanguage\":\"en-US\"},{\"@type\":\"Organization\",\"@id\":\"https:\\\/\\\/plastimex.mx\\\/#organization\",\"name\":\"Plastimex\",\"url\":\"https:\\\/\\\/plastimex.mx\\\/\",\"logo\":{\"@type\":\"ImageObject\",\"inLanguage\":\"en-US\",\"@id\":\"https:\\\/\\\/plastimex.mx\\\/#\\\/schema\\\/logo\\\/image\\\/\",\"url\":\"https:\\\/\\\/plastimex.mx\\\/wp-content\\\/uploads\\\/2020\\\/02\\\/Plastimex-RGB.png\",\"contentUrl\":\"https:\\\/\\\/plastimex.mx\\\/wp-content\\\/uploads\\\/2020\\\/02\\\/Plastimex-RGB.png\",\"width\":540,\"height\":171,\"caption\":\"Plastimex\"},\"image\":{\"@id\":\"https:\\\/\\\/plastimex.mx\\\/#\\\/schema\\\/logo\\\/image\\\/\"}}]}<\/script>\n<!-- \/ Yoast SEO plugin. -->","yoast_head_json":{"title":"Envase de PET 1 L Multiusos - Plastimex","description":"El envase de PET 1 L, Multiusos, es apropiado para productos de limpieza o bebidas. Compatible con tapa de 28 mm. Solicita una cotizaci\u00f3n.","robots":{"index":"index","follow":"follow","max-snippet":"max-snippet:-1","max-image-preview":"max-image-preview:large","max-video-preview":"max-video-preview:-1"},"canonical":"https:\/\/plastimex.mx\/en\/product\/envase-de-pet-1-l-multiusos\/","og_locale":"en_US","og_type":"article","og_title":"Envase de PET 1 L Multiusos - Plastimex","og_description":"El envase de PET 1 L, Multiusos, es apropiado para productos de limpieza o bebidas. Compatible con tapa de 28 mm. Solicita una cotizaci\u00f3n.","og_url":"https:\/\/plastimex.mx\/en\/product\/envase-de-pet-1-l-multiusos\/","og_site_name":"Plastimex","article_modified_time":"2026-04-07T17:45:45+00:00","og_image":[{"width":386,"height":622,"url":"https:\/\/plastimex.mx\/wp-content\/uploads\/2025\/05\/Envase-PET-1-L-Multiusos-Plastimex_3.png","type":"image\/png"}],"twitter_card":"summary_large_image","twitter_misc":{"Est. reading time":"3 minutes"},"schema":{"@context":"https:\/\/schema.org","@graph":[{"@type":"WebPage","@id":"https:\/\/plastimex.mx\/product\/envase-de-pet-1-l-multiusos\/","url":"https:\/\/plastimex.mx\/product\/envase-de-pet-1-l-multiusos\/","name":"Envase de PET 1 L Multiusos - Plastimex","isPartOf":{"@id":"https:\/\/plastimex.mx\/#website"},"primaryImageOfPage":{"@id":"https:\/\/plastimex.mx\/product\/envase-de-pet-1-l-multiusos\/#primaryimage"},"image":{"@id":"https:\/\/plastimex.mx\/product\/envase-de-pet-1-l-multiusos\/#primaryimage"},"thumbnailUrl":"https:\/\/plastimex.mx\/wp-content\/uploads\/2025\/05\/Envase-PET-1-L-Multiusos-Plastimex_3.png","datePublished":"2025-05-07T22:23:46+00:00","dateModified":"2026-04-07T17:45:45+00:00","description":"El envase de PET 1 L, Multiusos, es apropiado para productos de limpieza o bebidas. Compatible con tapa de 28 mm. Solicita una cotizaci\u00f3n.","breadcrumb":{"@id":"https:\/\/plastimex.mx\/product\/envase-de-pet-1-l-multiusos\/#breadcrumb"},"inLanguage":"en-US","potentialAction":[{"@type":"ReadAction","target":["https:\/\/plastimex.mx\/product\/envase-de-pet-1-l-multiusos\/"]}]},{"@type":"ImageObject","inLanguage":"en-US","@id":"https:\/\/plastimex.mx\/product\/envase-de-pet-1-l-multiusos\/#primaryimage","url":"https:\/\/plastimex.mx\/wp-content\/uploads\/2025\/05\/Envase-PET-1-L-Multiusos-Plastimex_3.png","contentUrl":"https:\/\/plastimex.mx\/wp-content\/uploads\/2025\/05\/Envase-PET-1-L-Multiusos-Plastimex_3.png","width":386,"height":622,"caption":"Envase PET 1 L Multiusos - Plastimex_3"},{"@type":"BreadcrumbList","@id":"https:\/\/plastimex.mx\/product\/envase-de-pet-1-l-multiusos\/#breadcrumb","itemListElement":[{"@type":"ListItem","position":1,"name":"Home","item":"https:\/\/plastimex.mx\/"},{"@type":"ListItem","position":2,"name":"Shop","item":"https:\/\/plastimex.mx\/es_mx\/shop\/"},{"@type":"ListItem","position":3,"name":"Envase de PET 1 L Multiusos"}]},{"@type":"WebSite","@id":"https:\/\/plastimex.mx\/#website","url":"https:\/\/plastimex.mx\/","name":"Plastimex","description":"Plastimex","publisher":{"@id":"https:\/\/plastimex.mx\/#organization"},"potentialAction":[{"@type":"SearchAction","target":{"@type":"EntryPoint","urlTemplate":"https:\/\/plastimex.mx\/?s={search_term_string}"},"query-input":{"@type":"PropertyValueSpecification","valueRequired":true,"valueName":"search_term_string"}}],"inLanguage":"en-US"},{"@type":"Organization","@id":"https:\/\/plastimex.mx\/#organization","name":"Plastimex","url":"https:\/\/plastimex.mx\/","logo":{"@type":"ImageObject","inLanguage":"en-US","@id":"https:\/\/plastimex.mx\/#\/schema\/logo\/image\/","url":"https:\/\/plastimex.mx\/wp-content\/uploads\/2020\/02\/Plastimex-RGB.png","contentUrl":"https:\/\/plastimex.mx\/wp-content\/uploads\/2020\/02\/Plastimex-RGB.png","width":540,"height":171,"caption":"Plastimex"},"image":{"@id":"https:\/\/plastimex.mx\/#\/schema\/logo\/image\/"}}]}},"_links":{"self":[{"href":"https:\/\/plastimex.mx\/en\/wp-json\/wp\/v2\/product\/5185","targetHints":{"allow":["GET"]}}],"collection":[{"href":"https:\/\/plastimex.mx\/en\/wp-json\/wp\/v2\/product"}],"about":[{"href":"https:\/\/plastimex.mx\/en\/wp-json\/wp\/v2\/types\/product"}],"wp:featuredmedia":[{"embeddable":true,"href":"https:\/\/plastimex.mx\/en\/wp-json\/wp\/v2\/media\/6006"}],"wp:attachment":[{"href":"https:\/\/plastimex.mx\/en\/wp-json\/wp\/v2\/media?parent=5185"}],"wp:term":[{"taxonomy":"product_brand","embeddable":true,"href":"https:\/\/plastimex.mx\/en\/wp-json\/wp\/v2\/product_brand?post=5185"},{"taxonomy":"product_cat","embeddable":true,"href":"https:\/\/plastimex.mx\/en\/wp-json\/wp\/v2\/product_cat?post=5185"},{"taxonomy":"product_tag","embeddable":true,"href":"https:\/\/plastimex.mx\/en\/wp-json\/wp\/v2\/product_tag?post=5185"}],"curies":[{"name":"wp","href":"https:\/\/api.w.org\/{rel}","templated":true}]}}