{"id":4939,"date":"2025-02-19T23:40:40","date_gmt":"2025-02-19T23:40:40","guid":{"rendered":"https:\/\/plastimex.mx\/?post_type=product&#038;p=4939"},"modified":"2026-04-09T16:32:54","modified_gmt":"2026-04-09T16:32:54","slug":"antiglu-rosca-53-mm","status":"publish","type":"product","link":"https:\/\/plastimex.mx\/en\/product\/antiglu-rosca-53-mm\/","title":{"rendered":"Antigl\u00fa Rosca 53 mm"},"content":{"rendered":"<h4><strong>Antigl\u00fa<\/strong><\/h4>\n<p><span style=\"color: #000000;\"><strong>R-53 mm<\/strong><\/span><\/p>\n<p><em>Evita el rebote del l\u00edquido<\/em><\/p>\n<p>El <strong>antigl\u00fa<\/strong> es un accesorio dise\u00f1ado para actuar como un sistema rompeolas que ayuda a <strong>reducir\u00a0el rebote del l\u00edquido<\/strong>\u00a0generado en la\u00a0boquilla al ser vaciado.<\/p>\n<p>Este elemento\u00a0auxiliar mejora la experiencia de uso y\u00a0previene derrames o salpicaduras en\u00a0envases con corona de\u00a0<strong>53 mm<\/strong>. Ideal para aplicaciones industriales y de consumo que requieren un manejo eficiente de l\u00edquidos.<\/p>\n<p><strong>Especificaciones t\u00e9cnicas:<\/strong><\/p>\n<p>Altura: 53.4\u00a0\u00b1 0.5 mm<\/p>\n<p>Di\u00e1metro: 45 \u00b1 0.5 mm<\/p>\n<p>Gramaje: 7.3 \u00b1 0.5 g<\/p>\n<p><strong>Compatible with:<\/strong><\/p>\n<p><strong><a href=\"https:\/\/plastimex.mx\/en\/product\/envase-pead-1-galon\/\">Envase de PEAD Gal\u00f3n (3.78 L)<\/a><\/strong><\/p>\n<p><strong><a href=\"https:\/\/plastimex.mx\/en\/product\/envase-pead-5-l-bidon\/\">Envase de PEAD Bid\u00f3n 5 L<\/a><\/strong><\/p>\n<p><strong><a href=\"https:\/\/plastimex.mx\/en\/product\/envase-pead-5-l-supertank\/\">Envase de PEAD Supertank 5 L<\/a><\/strong><\/p>\n<p><strong><a href=\"https:\/\/plastimex.mx\/en\/product\/envase-pead-10-l-bidon\/\">Envase de PEAD Bid\u00f3n 10 L\u00a0<\/a><\/strong><\/p>\n<p><strong><a href=\"https:\/\/plastimex.mx\/en\/product\/envase-pead-10-l-supertank-high\/\">Envase de PEAD Supertank High 10 L<\/a><\/strong><\/p>\n<p><strong><a href=\"https:\/\/plastimex.mx\/en\/product\/envase-pead-10-l-supertank-short\/\">Envase de PEAD Supertank Short 10 L<\/a><\/strong><\/p>\n<p><strong><a href=\"https:\/\/plastimex.mx\/en\/product\/envase-pead-20-l-bidon\/\">Envase de PEAD Bid\u00f3n 20 L\u00a0<\/a><\/strong><\/p>\n<p><strong><a href=\"https:\/\/plastimex.mx\/en\/product\/envase-pead-20-l-supertank-high\/\">Envase de PEAD Supertank High 20 L<\/a><\/strong><\/p>\n<p><strong><a href=\"https:\/\/plastimex.mx\/en\/product\/envase-pead-20-l-supertank-short\/\">Envase de PEAD Supertank Short 20 L<\/a><\/strong><\/p>\n<p>(Caps are sold separately)<\/p>\n<div class=\"contenedor-imagen-pellet\">\n<p>&nbsp;<\/p>\n<p><strong>Available Colors:<\/strong><\/p>\n<div class=\"contenedor-iconos-producto\">\n<div><img decoding=\"async\" class=\"\" src=\"https:\/\/maxipet.net\/images\/iconosprod\/colores\/natural.webp\" alt=\"Natural\" width=\"45\" height=\"45\" \/>\u00a0Natural<\/div>\n<\/div>\n<p>&nbsp;<\/p>\n<p><strong>Ideal for Use in:<\/strong><\/p>\n<div class=\"contenedor-iconos-producto\">\n<div><img decoding=\"async\" class=\"\" src=\"https:\/\/maxipet.net\/images\/iconosprod\/usos\/liquidos.webp\" alt=\"L\u00edquidos\" width=\"45\" height=\"45\" \/>\u00a0Liquids<\/div>\n<\/div>\n<p>&nbsp;<\/p>\n<div class=\"contenedor-imagen-pellet\">\n<p><strong>Paquete<\/strong><\/p>\n<p>58 cm de largo x 39 cm de ancho y una altura de 38 cm<\/p>\n<p>Peso: 8.5 kg<\/p>\n<p><img decoding=\"async\" src=\"https:\/\/maxipet.net\/media\/pso\/s\/img\/images\/caaj_nuevas_medidas.webp\" alt=\"caaj_nuevas_medidas.png\" \/><\/p>\n<\/div>\n<\/div>","protected":false},"excerpt":{"rendered":"<h4><strong>Antigl\u00fa Rosca 53 mm<\/strong><\/h4>","protected":false},"featured_media":6120,"template":"","meta":{"_acf_changed":false,"_joinchat":[]},"product_brand":[],"product_cat":[168],"product_tag":[],"class_list":{"0":"post-4939","1":"product","2":"type-product","3":"status-publish","4":"has-post-thumbnail","6":"product_cat-accesorios","8":"first","9":"instock","10":"shipping-taxable","11":"purchasable","12":"product-type-simple"},"acf":[],"yoast_head":"<!-- This site is optimized with the Yoast SEO plugin v26.3 - https:\/\/yoast.com\/wordpress\/plugins\/seo\/ -->\n<title>Antigl\u00fa Rosca 53 mm - Plastimex<\/title>\n<meta name=\"description\" content=\"El accesorio antigl\u00fa es ideal para prevenir derrames y salpicaduras de l\u00edquidos. Compatible con envases de corona 53 mm. Solicita una cotizaci\u00f3n.\" \/>\n<meta name=\"robots\" content=\"index, follow, max-snippet:-1, max-image-preview:large, max-video-preview:-1\" \/>\n<link rel=\"canonical\" href=\"https:\/\/plastimex.mx\/en\/product\/antiglu-rosca-53-mm\/\" \/>\n<meta property=\"og:locale\" content=\"en_US\" \/>\n<meta property=\"og:type\" content=\"article\" \/>\n<meta property=\"og:title\" content=\"Antigl\u00fa Rosca 53 mm - Plastimex\" \/>\n<meta property=\"og:description\" content=\"El accesorio antigl\u00fa es ideal para prevenir derrames y salpicaduras de l\u00edquidos. Compatible con envases de corona 53 mm. Solicita una cotizaci\u00f3n.\" \/>\n<meta property=\"og:url\" content=\"https:\/\/plastimex.mx\/en\/product\/antiglu-rosca-53-mm\/\" \/>\n<meta property=\"og:site_name\" content=\"Plastimex\" \/>\n<meta property=\"article:modified_time\" content=\"2026-04-09T16:32:54+00:00\" \/>\n<meta property=\"og:image\" content=\"https:\/\/plastimex.mx\/wp-content\/uploads\/2025\/02\/Antiglu-R-53-mm-Plastimex-1.png\" \/>\n\t<meta property=\"og:image:width\" content=\"386\" \/>\n\t<meta property=\"og:image:height\" content=\"622\" \/>\n\t<meta property=\"og:image:type\" content=\"image\/png\" \/>\n<meta name=\"twitter:card\" content=\"summary_large_image\" \/>\n<meta name=\"twitter:label1\" content=\"Est. reading time\" \/>\n\t<meta name=\"twitter:data1\" content=\"2 minutes\" \/>\n<script type=\"application\/ld+json\" class=\"yoast-schema-graph\">{\"@context\":\"https:\/\/schema.org\",\"@graph\":[{\"@type\":\"WebPage\",\"@id\":\"https:\/\/plastimex.mx\/product\/antiglu-rosca-53-mm\/\",\"url\":\"https:\/\/plastimex.mx\/product\/antiglu-rosca-53-mm\/\",\"name\":\"Antigl\u00fa Rosca 53 mm - Plastimex\",\"isPartOf\":{\"@id\":\"https:\/\/plastimex.mx\/#website\"},\"primaryImageOfPage\":{\"@id\":\"https:\/\/plastimex.mx\/product\/antiglu-rosca-53-mm\/#primaryimage\"},\"image\":{\"@id\":\"https:\/\/plastimex.mx\/product\/antiglu-rosca-53-mm\/#primaryimage\"},\"thumbnailUrl\":\"https:\/\/plastimex.mx\/wp-content\/uploads\/2025\/02\/Antiglu-R-53-mm-Plastimex-1.png\",\"datePublished\":\"2025-02-19T23:40:40+00:00\",\"dateModified\":\"2026-04-09T16:32:54+00:00\",\"description\":\"El accesorio antigl\u00fa es ideal para prevenir derrames y salpicaduras de l\u00edquidos. Compatible con envases de corona 53 mm. Solicita una cotizaci\u00f3n.\",\"breadcrumb\":{\"@id\":\"https:\/\/plastimex.mx\/product\/antiglu-rosca-53-mm\/#breadcrumb\"},\"inLanguage\":\"en-US\",\"potentialAction\":[{\"@type\":\"ReadAction\",\"target\":[\"https:\/\/plastimex.mx\/product\/antiglu-rosca-53-mm\/\"]}]},{\"@type\":\"ImageObject\",\"inLanguage\":\"en-US\",\"@id\":\"https:\/\/plastimex.mx\/product\/antiglu-rosca-53-mm\/#primaryimage\",\"url\":\"https:\/\/plastimex.mx\/wp-content\/uploads\/2025\/02\/Antiglu-R-53-mm-Plastimex-1.png\",\"contentUrl\":\"https:\/\/plastimex.mx\/wp-content\/uploads\/2025\/02\/Antiglu-R-53-mm-Plastimex-1.png\",\"width\":386,\"height\":622,\"caption\":\"Antigl\u00fa R-53 mm - Plastimex\"},{\"@type\":\"BreadcrumbList\",\"@id\":\"https:\/\/plastimex.mx\/product\/antiglu-rosca-53-mm\/#breadcrumb\",\"itemListElement\":[{\"@type\":\"ListItem\",\"position\":1,\"name\":\"Home\",\"item\":\"https:\/\/plastimex.mx\/\"},{\"@type\":\"ListItem\",\"position\":2,\"name\":\"Shop\",\"item\":\"https:\/\/plastimex.mx\/es_mx\/shop\/\"},{\"@type\":\"ListItem\",\"position\":3,\"name\":\"Antigl\u00fa Rosca 53 mm\"}]},{\"@type\":\"WebSite\",\"@id\":\"https:\/\/plastimex.mx\/#website\",\"url\":\"https:\/\/plastimex.mx\/\",\"name\":\"Plastimex\",\"description\":\"Plastimex\",\"publisher\":{\"@id\":\"https:\/\/plastimex.mx\/#organization\"},\"potentialAction\":[{\"@type\":\"SearchAction\",\"target\":{\"@type\":\"EntryPoint\",\"urlTemplate\":\"https:\/\/plastimex.mx\/?s={search_term_string}\"},\"query-input\":{\"@type\":\"PropertyValueSpecification\",\"valueRequired\":true,\"valueName\":\"search_term_string\"}}],\"inLanguage\":\"en-US\"},{\"@type\":\"Organization\",\"@id\":\"https:\/\/plastimex.mx\/#organization\",\"name\":\"Plastimex\",\"url\":\"https:\/\/plastimex.mx\/\",\"logo\":{\"@type\":\"ImageObject\",\"inLanguage\":\"en-US\",\"@id\":\"https:\/\/plastimex.mx\/#\/schema\/logo\/image\/\",\"url\":\"https:\/\/plastimex.mx\/wp-content\/uploads\/2020\/02\/Plastimex-RGB.png\",\"contentUrl\":\"https:\/\/plastimex.mx\/wp-content\/uploads\/2020\/02\/Plastimex-RGB.png\",\"width\":540,\"height\":171,\"caption\":\"Plastimex\"},\"image\":{\"@id\":\"https:\/\/plastimex.mx\/#\/schema\/logo\/image\/\"}}]}<\/script>\n<!-- \/ Yoast SEO plugin. -->","yoast_head_json":{"title":"Antigl\u00fa Rosca 53 mm - Plastimex","description":"El accesorio antigl\u00fa es ideal para prevenir derrames y salpicaduras de l\u00edquidos. Compatible con envases de corona 53 mm. Solicita una cotizaci\u00f3n.","robots":{"index":"index","follow":"follow","max-snippet":"max-snippet:-1","max-image-preview":"max-image-preview:large","max-video-preview":"max-video-preview:-1"},"canonical":"https:\/\/plastimex.mx\/en\/product\/antiglu-rosca-53-mm\/","og_locale":"en_US","og_type":"article","og_title":"Antigl\u00fa Rosca 53 mm - Plastimex","og_description":"El accesorio antigl\u00fa es ideal para prevenir derrames y salpicaduras de l\u00edquidos. Compatible con envases de corona 53 mm. Solicita una cotizaci\u00f3n.","og_url":"https:\/\/plastimex.mx\/en\/product\/antiglu-rosca-53-mm\/","og_site_name":"Plastimex","article_modified_time":"2026-04-09T16:32:54+00:00","og_image":[{"width":386,"height":622,"url":"https:\/\/plastimex.mx\/wp-content\/uploads\/2025\/02\/Antiglu-R-53-mm-Plastimex-1.png","type":"image\/png"}],"twitter_card":"summary_large_image","twitter_misc":{"Est. reading time":"2 minutes"},"schema":{"@context":"https:\/\/schema.org","@graph":[{"@type":"WebPage","@id":"https:\/\/plastimex.mx\/product\/antiglu-rosca-53-mm\/","url":"https:\/\/plastimex.mx\/product\/antiglu-rosca-53-mm\/","name":"Antigl\u00fa Rosca 53 mm - Plastimex","isPartOf":{"@id":"https:\/\/plastimex.mx\/#website"},"primaryImageOfPage":{"@id":"https:\/\/plastimex.mx\/product\/antiglu-rosca-53-mm\/#primaryimage"},"image":{"@id":"https:\/\/plastimex.mx\/product\/antiglu-rosca-53-mm\/#primaryimage"},"thumbnailUrl":"https:\/\/plastimex.mx\/wp-content\/uploads\/2025\/02\/Antiglu-R-53-mm-Plastimex-1.png","datePublished":"2025-02-19T23:40:40+00:00","dateModified":"2026-04-09T16:32:54+00:00","description":"El accesorio antigl\u00fa es ideal para prevenir derrames y salpicaduras de l\u00edquidos. Compatible con envases de corona 53 mm. Solicita una cotizaci\u00f3n.","breadcrumb":{"@id":"https:\/\/plastimex.mx\/product\/antiglu-rosca-53-mm\/#breadcrumb"},"inLanguage":"en-US","potentialAction":[{"@type":"ReadAction","target":["https:\/\/plastimex.mx\/product\/antiglu-rosca-53-mm\/"]}]},{"@type":"ImageObject","inLanguage":"en-US","@id":"https:\/\/plastimex.mx\/product\/antiglu-rosca-53-mm\/#primaryimage","url":"https:\/\/plastimex.mx\/wp-content\/uploads\/2025\/02\/Antiglu-R-53-mm-Plastimex-1.png","contentUrl":"https:\/\/plastimex.mx\/wp-content\/uploads\/2025\/02\/Antiglu-R-53-mm-Plastimex-1.png","width":386,"height":622,"caption":"Antigl\u00fa R-53 mm - Plastimex"},{"@type":"BreadcrumbList","@id":"https:\/\/plastimex.mx\/product\/antiglu-rosca-53-mm\/#breadcrumb","itemListElement":[{"@type":"ListItem","position":1,"name":"Home","item":"https:\/\/plastimex.mx\/"},{"@type":"ListItem","position":2,"name":"Shop","item":"https:\/\/plastimex.mx\/es_mx\/shop\/"},{"@type":"ListItem","position":3,"name":"Antigl\u00fa Rosca 53 mm"}]},{"@type":"WebSite","@id":"https:\/\/plastimex.mx\/#website","url":"https:\/\/plastimex.mx\/","name":"Plastimex","description":"Plastimex","publisher":{"@id":"https:\/\/plastimex.mx\/#organization"},"potentialAction":[{"@type":"SearchAction","target":{"@type":"EntryPoint","urlTemplate":"https:\/\/plastimex.mx\/?s={search_term_string}"},"query-input":{"@type":"PropertyValueSpecification","valueRequired":true,"valueName":"search_term_string"}}],"inLanguage":"en-US"},{"@type":"Organization","@id":"https:\/\/plastimex.mx\/#organization","name":"Plastimex","url":"https:\/\/plastimex.mx\/","logo":{"@type":"ImageObject","inLanguage":"en-US","@id":"https:\/\/plastimex.mx\/#\/schema\/logo\/image\/","url":"https:\/\/plastimex.mx\/wp-content\/uploads\/2020\/02\/Plastimex-RGB.png","contentUrl":"https:\/\/plastimex.mx\/wp-content\/uploads\/2020\/02\/Plastimex-RGB.png","width":540,"height":171,"caption":"Plastimex"},"image":{"@id":"https:\/\/plastimex.mx\/#\/schema\/logo\/image\/"}}]}},"_links":{"self":[{"href":"https:\/\/plastimex.mx\/en\/wp-json\/wp\/v2\/product\/4939","targetHints":{"allow":["GET"]}}],"collection":[{"href":"https:\/\/plastimex.mx\/en\/wp-json\/wp\/v2\/product"}],"about":[{"href":"https:\/\/plastimex.mx\/en\/wp-json\/wp\/v2\/types\/product"}],"wp:featuredmedia":[{"embeddable":true,"href":"https:\/\/plastimex.mx\/en\/wp-json\/wp\/v2\/media\/6120"}],"wp:attachment":[{"href":"https:\/\/plastimex.mx\/en\/wp-json\/wp\/v2\/media?parent=4939"}],"wp:term":[{"taxonomy":"product_brand","embeddable":true,"href":"https:\/\/plastimex.mx\/en\/wp-json\/wp\/v2\/product_brand?post=4939"},{"taxonomy":"product_cat","embeddable":true,"href":"https:\/\/plastimex.mx\/en\/wp-json\/wp\/v2\/product_cat?post=4939"},{"taxonomy":"product_tag","embeddable":true,"href":"https:\/\/plastimex.mx\/en\/wp-json\/wp\/v2\/product_tag?post=4939"}],"curies":[{"name":"wp","href":"https:\/\/api.w.org\/{rel}","templated":true}]}}