{"id":4854,"date":"2021-06-01T23:26:52","date_gmt":"2021-06-01T23:26:52","guid":{"rendered":"https:\/\/plastimex.mx\/?post_type=product&#038;p=4854"},"modified":"2026-04-02T19:36:20","modified_gmt":"2026-04-02T19:36:20","slug":"envase-pead-5-l-supertank","status":"publish","type":"product","link":"https:\/\/plastimex.mx\/en\/product\/envase-pead-5-l-supertank\/","title":{"rendered":"Envase PEAD 5 L Supertank"},"content":{"rendered":"<h4><strong>Envase PEAD 5 L Supertank<\/strong><\/h4>\n<p><span style=\"color: #333333;\"><strong>Cap R-53 mm<\/strong><\/span><\/p>\n<p><em>M\u00e1xima rigidez para uso industrial<\/em><\/p>\n<p>El\u00a0<strong>envase PEAD 5 L, <\/strong>Supertank,\u00a0es un bid\u00f3n que tiene un dise\u00f1o estibable con soportes antideslizamiento para mayor estabilidad y protecci\u00f3n a tu producto.<\/p>\n<p><strong>Especificaciones t\u00e9cnicas:<\/strong><\/p>\n<p>Altura: 236.5 \u00b1 5 mm<\/p>\n<p>Ancho: 160 \u00b1 5 mm<\/p>\n<p>Largo: 200 \u00b1 5 mm<\/p>\n<p>Gramaje: 300 \u00b1 10 g<\/p>\n<p><strong>Tapas y accesorios compatibles:<\/strong><\/p>\n<p><strong><a href=\"https:\/\/maxipet.net\/productos\/tapas\/product\/161-tapa-bidon-rosca-53mm-liner-induccion-cintillo-seguridad-pead\">Tapa R-53 mm con Liner de inducci\u00f3n Plateado y cintillo de seguridad<\/a><\/strong><\/p>\n<p><strong><a href=\"https:\/\/maxipet.net\/productos\/tapas\/product\/129-tapa-bidon-rosca-53mm-liner-espumado-cintillo-seguridad\">Tapa R-53 mm con Liner espumado y cintillo de seguridad<\/a><\/strong><\/p>\n<p><strong><a href=\"https:\/\/maxipet.net\/productos\/tapas\/product\/221-tapa-bidon-rosca-53mm-liner-espumado-cintillo-seguridad-arandela\">Tapa R-53 mm Arandela con Liner espumado y cintillo de seguridad<\/a><\/strong><\/p>\n<p><strong><a href=\"https:\/\/maxipet.net\/productos\/tapas\/product\/162-tapa-bidon-rosca-53mm-liner-espumado-valvula-ventilacion-cintillo-seguridad-arandela\">Tapa R-53 mm Arandela con Liner espumado, v\u00e1lvula de ventilaci\u00f3n y cintillo de seguridad<\/a><\/strong><\/p>\n<p><strong><a href=\"https:\/\/maxipet.net\/productos\/tapas\/product\/272-tapa-dispensadora-grifo-rosca-53mm-liner-espumado\">Tapa R-53 mm Dispensadora\u00a0Grifo<\/a><\/strong><\/p>\n<p><strong><a href=\"https:\/\/maxipet.net\/productos\/tapas\/product\/284-antiglu-rosca-53mm\">Antigl\u00fa R-53mm\u00a0<\/a><\/strong><\/p>\n<p>(Caps are sold separately)<\/p>\n<p>&nbsp;<\/p>\n<p><strong>Available Colors:<\/strong><\/p>\n<div class=\"contenedor-iconos-producto\">\n<div><img decoding=\"async\" class=\"\" src=\"https:\/\/maxipet.net\/images\/iconosprod\/colores\/blanco.webp\" alt=\"Blanco\" width=\"45\" height=\"45\" \/> White\u00a0 \u00a0 \u00a0<img decoding=\"async\" class=\"\" src=\"https:\/\/maxipet.net\/images\/iconosprod\/colores\/natural.webp\" alt=\"Natural\" width=\"45\" height=\"45\" \/>\u00a0Natural<\/div>\n<\/div>\n<div><\/div>\n<div>\n<p>&nbsp;<\/p>\n<p><strong>Ideal for Use in:<\/strong><\/p>\n<div class=\"contenedor-iconos-producto\">\n<div>\n<p><img decoding=\"async\" class=\"\" src=\"https:\/\/maxipet.net\/images\/iconosprod\/usos\/agroquimicos.webp\" alt=\"Agroqu\u00edmicos\" width=\"45\" height=\"45\" \/> Agrochemicals\u00a0 \u00a0 \u00a0<img loading=\"lazy\" decoding=\"async\" class=\"\" src=\"https:\/\/maxipet.net\/images\/iconosprod\/usos\/alimenticio.webp\" alt=\"Alimenticio\" width=\"45\" height=\"45\" \/> Food\u00a0 \u00a0 \u00a0<img loading=\"lazy\" decoding=\"async\" class=\"\" src=\"https:\/\/maxipet.net\/images\/iconosprod\/usos\/automotriz.webp\" alt=\"Automotriz\" width=\"45\" height=\"45\" \/> Automotive\u00a0 \u00a0 \u00a0<img loading=\"lazy\" decoding=\"async\" class=\"\" src=\"https:\/\/maxipet.net\/images\/iconosprod\/usos\/farmaceutico.webp\" alt=\"Farmac\u00e9utico\" width=\"45\" height=\"45\" \/>\u00a0Pharmaceuticals<\/p>\n<p><img loading=\"lazy\" decoding=\"async\" class=\"\" src=\"https:\/\/maxipet.net\/images\/iconosprod\/usos\/limpieza.webp\" alt=\"Limpieza\" width=\"45\" height=\"45\" \/> Cleaning\u00a0 \u00a0 \u00a0 \u00a0 \u00a0 \u00a0 \u00a0 <img loading=\"lazy\" decoding=\"async\" class=\"\" src=\"https:\/\/maxipet.net\/images\/iconosprod\/usos\/liquidos.webp\" alt=\"l\u00edquidos\" width=\"44\" height=\"44\" \/> Liquids\u00a0 \u00a0 \u00a0 \u00a0 \u00a0 <img loading=\"lazy\" decoding=\"async\" class=\"\" src=\"https:\/\/maxipet.net\/images\/iconosprod\/usos\/quimicos.webp\" alt=\"Qu\u00edmicos\" width=\"45\" height=\"45\" \/> Chemicals<\/p>\n<\/div>\n<\/div>\n<\/div>\n<div><\/div>\n<div>\n<p>&nbsp;<\/p>\n<p class=\"p1\"><b>Paquete<\/b><\/p>\n<p>100 cm de largo x 62 cm de ancho y una altura de 24 cm<\/p>\n<p>Peso: 6 kg<\/p>\n<p><img loading=\"lazy\" decoding=\"async\" class=\"\" src=\"https:\/\/maxipet.net\/images\/SUPERTANK_5L_1.webp\" alt=\"SUPERTANK 5L 1\" width=\"415\" height=\"346\" \/><\/p>\n<\/div>","protected":false},"excerpt":{"rendered":"<h4><strong>Envase PEAD 5 L Supertank<\/strong><\/h4>","protected":false},"featured_media":5912,"template":"","meta":{"_acf_changed":false,"_joinchat":[]},"product_brand":[],"product_cat":[170],"product_tag":[],"class_list":{"0":"post-4854","1":"product","2":"type-product","3":"status-publish","4":"has-post-thumbnail","6":"product_cat-pead","8":"first","9":"instock","10":"shipping-taxable","11":"purchasable","12":"product-type-simple"},"acf":[],"yoast_head":"<!-- This site is optimized with the Yoast SEO plugin v26.3 - https:\/\/yoast.com\/wordpress\/plugins\/seo\/ -->\n<title>Envase PEAD 5 L Supertank - Plastimex<\/title>\n<meta name=\"description\" content=\"El envase PEAD 5 L, Supertank, es apto para productos qu\u00edmicos, farmac\u00e9uticos y alimenticios. Compatible con tapa de 53 mm. Solicita una cotizaci\u00f3n.\" \/>\n<meta name=\"robots\" content=\"index, follow, max-snippet:-1, max-image-preview:large, max-video-preview:-1\" \/>\n<link rel=\"canonical\" href=\"https:\/\/plastimex.mx\/en\/product\/envase-pead-5-l-supertank\/\" \/>\n<meta property=\"og:locale\" content=\"en_US\" \/>\n<meta property=\"og:type\" content=\"article\" \/>\n<meta property=\"og:title\" content=\"Envase PEAD 5 L Supertank - Plastimex\" \/>\n<meta property=\"og:description\" content=\"El envase PEAD 5 L, Supertank, es apto para productos qu\u00edmicos, farmac\u00e9uticos y alimenticios. Compatible con tapa de 53 mm. Solicita una cotizaci\u00f3n.\" \/>\n<meta property=\"og:url\" content=\"https:\/\/plastimex.mx\/en\/product\/envase-pead-5-l-supertank\/\" \/>\n<meta property=\"og:site_name\" content=\"Plastimex\" \/>\n<meta property=\"article:modified_time\" content=\"2026-04-02T19:36:20+00:00\" \/>\n<meta property=\"og:image\" content=\"https:\/\/plastimex.mx\/wp-content\/uploads\/2021\/06\/Bidon-PEAD-5-litros-Supertank-Plastimex-1.png\" \/>\n\t<meta property=\"og:image:width\" content=\"386\" \/>\n\t<meta property=\"og:image:height\" content=\"622\" \/>\n\t<meta property=\"og:image:type\" content=\"image\/png\" \/>\n<meta name=\"twitter:card\" content=\"summary_large_image\" \/>\n<meta name=\"twitter:label1\" content=\"Est. reading time\" \/>\n\t<meta name=\"twitter:data1\" content=\"3 minutes\" \/>\n<script type=\"application\/ld+json\" class=\"yoast-schema-graph\">{\"@context\":\"https:\/\/schema.org\",\"@graph\":[{\"@type\":\"WebPage\",\"@id\":\"https:\/\/plastimex.mx\/product\/envase-pead-5-l-supertank\/\",\"url\":\"https:\/\/plastimex.mx\/product\/envase-pead-5-l-supertank\/\",\"name\":\"Envase PEAD 5 L Supertank - Plastimex\",\"isPartOf\":{\"@id\":\"https:\/\/plastimex.mx\/#website\"},\"primaryImageOfPage\":{\"@id\":\"https:\/\/plastimex.mx\/product\/envase-pead-5-l-supertank\/#primaryimage\"},\"image\":{\"@id\":\"https:\/\/plastimex.mx\/product\/envase-pead-5-l-supertank\/#primaryimage\"},\"thumbnailUrl\":\"https:\/\/plastimex.mx\/wp-content\/uploads\/2021\/06\/Bidon-PEAD-5-litros-Supertank-Plastimex-1.png\",\"datePublished\":\"2021-06-01T23:26:52+00:00\",\"dateModified\":\"2026-04-02T19:36:20+00:00\",\"description\":\"El envase PEAD 5 L, Supertank, es apto para productos qu\u00edmicos, farmac\u00e9uticos y alimenticios. Compatible con tapa de 53 mm. Solicita una cotizaci\u00f3n.\",\"breadcrumb\":{\"@id\":\"https:\/\/plastimex.mx\/product\/envase-pead-5-l-supertank\/#breadcrumb\"},\"inLanguage\":\"en-US\",\"potentialAction\":[{\"@type\":\"ReadAction\",\"target\":[\"https:\/\/plastimex.mx\/product\/envase-pead-5-l-supertank\/\"]}]},{\"@type\":\"ImageObject\",\"inLanguage\":\"en-US\",\"@id\":\"https:\/\/plastimex.mx\/product\/envase-pead-5-l-supertank\/#primaryimage\",\"url\":\"https:\/\/plastimex.mx\/wp-content\/uploads\/2021\/06\/Bidon-PEAD-5-litros-Supertank-Plastimex-1.png\",\"contentUrl\":\"https:\/\/plastimex.mx\/wp-content\/uploads\/2021\/06\/Bidon-PEAD-5-litros-Supertank-Plastimex-1.png\",\"width\":386,\"height\":622,\"caption\":\"Bid\u00f3n PEAD 5 litros Supertank - Plastimex\"},{\"@type\":\"BreadcrumbList\",\"@id\":\"https:\/\/plastimex.mx\/product\/envase-pead-5-l-supertank\/#breadcrumb\",\"itemListElement\":[{\"@type\":\"ListItem\",\"position\":1,\"name\":\"Home\",\"item\":\"https:\/\/plastimex.mx\/\"},{\"@type\":\"ListItem\",\"position\":2,\"name\":\"Shop\",\"item\":\"https:\/\/plastimex.mx\/es_mx\/shop\/\"},{\"@type\":\"ListItem\",\"position\":3,\"name\":\"Envase PEAD 5 L Supertank\"}]},{\"@type\":\"WebSite\",\"@id\":\"https:\/\/plastimex.mx\/#website\",\"url\":\"https:\/\/plastimex.mx\/\",\"name\":\"Plastimex\",\"description\":\"Plastimex\",\"publisher\":{\"@id\":\"https:\/\/plastimex.mx\/#organization\"},\"potentialAction\":[{\"@type\":\"SearchAction\",\"target\":{\"@type\":\"EntryPoint\",\"urlTemplate\":\"https:\/\/plastimex.mx\/?s={search_term_string}\"},\"query-input\":{\"@type\":\"PropertyValueSpecification\",\"valueRequired\":true,\"valueName\":\"search_term_string\"}}],\"inLanguage\":\"en-US\"},{\"@type\":\"Organization\",\"@id\":\"https:\/\/plastimex.mx\/#organization\",\"name\":\"Plastimex\",\"url\":\"https:\/\/plastimex.mx\/\",\"logo\":{\"@type\":\"ImageObject\",\"inLanguage\":\"en-US\",\"@id\":\"https:\/\/plastimex.mx\/#\/schema\/logo\/image\/\",\"url\":\"https:\/\/plastimex.mx\/wp-content\/uploads\/2020\/02\/Plastimex-RGB.png\",\"contentUrl\":\"https:\/\/plastimex.mx\/wp-content\/uploads\/2020\/02\/Plastimex-RGB.png\",\"width\":540,\"height\":171,\"caption\":\"Plastimex\"},\"image\":{\"@id\":\"https:\/\/plastimex.mx\/#\/schema\/logo\/image\/\"}}]}<\/script>\n<!-- \/ Yoast SEO plugin. -->","yoast_head_json":{"title":"Envase PEAD 5 L Supertank - Plastimex","description":"El envase PEAD 5 L, Supertank, es apto para productos qu\u00edmicos, farmac\u00e9uticos y alimenticios. Compatible con tapa de 53 mm. Solicita una cotizaci\u00f3n.","robots":{"index":"index","follow":"follow","max-snippet":"max-snippet:-1","max-image-preview":"max-image-preview:large","max-video-preview":"max-video-preview:-1"},"canonical":"https:\/\/plastimex.mx\/en\/product\/envase-pead-5-l-supertank\/","og_locale":"en_US","og_type":"article","og_title":"Envase PEAD 5 L Supertank - Plastimex","og_description":"El envase PEAD 5 L, Supertank, es apto para productos qu\u00edmicos, farmac\u00e9uticos y alimenticios. Compatible con tapa de 53 mm. Solicita una cotizaci\u00f3n.","og_url":"https:\/\/plastimex.mx\/en\/product\/envase-pead-5-l-supertank\/","og_site_name":"Plastimex","article_modified_time":"2026-04-02T19:36:20+00:00","og_image":[{"width":386,"height":622,"url":"https:\/\/plastimex.mx\/wp-content\/uploads\/2021\/06\/Bidon-PEAD-5-litros-Supertank-Plastimex-1.png","type":"image\/png"}],"twitter_card":"summary_large_image","twitter_misc":{"Est. reading time":"3 minutes"},"schema":{"@context":"https:\/\/schema.org","@graph":[{"@type":"WebPage","@id":"https:\/\/plastimex.mx\/product\/envase-pead-5-l-supertank\/","url":"https:\/\/plastimex.mx\/product\/envase-pead-5-l-supertank\/","name":"Envase PEAD 5 L Supertank - Plastimex","isPartOf":{"@id":"https:\/\/plastimex.mx\/#website"},"primaryImageOfPage":{"@id":"https:\/\/plastimex.mx\/product\/envase-pead-5-l-supertank\/#primaryimage"},"image":{"@id":"https:\/\/plastimex.mx\/product\/envase-pead-5-l-supertank\/#primaryimage"},"thumbnailUrl":"https:\/\/plastimex.mx\/wp-content\/uploads\/2021\/06\/Bidon-PEAD-5-litros-Supertank-Plastimex-1.png","datePublished":"2021-06-01T23:26:52+00:00","dateModified":"2026-04-02T19:36:20+00:00","description":"El envase PEAD 5 L, Supertank, es apto para productos qu\u00edmicos, farmac\u00e9uticos y alimenticios. Compatible con tapa de 53 mm. Solicita una cotizaci\u00f3n.","breadcrumb":{"@id":"https:\/\/plastimex.mx\/product\/envase-pead-5-l-supertank\/#breadcrumb"},"inLanguage":"en-US","potentialAction":[{"@type":"ReadAction","target":["https:\/\/plastimex.mx\/product\/envase-pead-5-l-supertank\/"]}]},{"@type":"ImageObject","inLanguage":"en-US","@id":"https:\/\/plastimex.mx\/product\/envase-pead-5-l-supertank\/#primaryimage","url":"https:\/\/plastimex.mx\/wp-content\/uploads\/2021\/06\/Bidon-PEAD-5-litros-Supertank-Plastimex-1.png","contentUrl":"https:\/\/plastimex.mx\/wp-content\/uploads\/2021\/06\/Bidon-PEAD-5-litros-Supertank-Plastimex-1.png","width":386,"height":622,"caption":"Bid\u00f3n PEAD 5 litros Supertank - Plastimex"},{"@type":"BreadcrumbList","@id":"https:\/\/plastimex.mx\/product\/envase-pead-5-l-supertank\/#breadcrumb","itemListElement":[{"@type":"ListItem","position":1,"name":"Home","item":"https:\/\/plastimex.mx\/"},{"@type":"ListItem","position":2,"name":"Shop","item":"https:\/\/plastimex.mx\/es_mx\/shop\/"},{"@type":"ListItem","position":3,"name":"Envase PEAD 5 L Supertank"}]},{"@type":"WebSite","@id":"https:\/\/plastimex.mx\/#website","url":"https:\/\/plastimex.mx\/","name":"Plastimex","description":"Plastimex","publisher":{"@id":"https:\/\/plastimex.mx\/#organization"},"potentialAction":[{"@type":"SearchAction","target":{"@type":"EntryPoint","urlTemplate":"https:\/\/plastimex.mx\/?s={search_term_string}"},"query-input":{"@type":"PropertyValueSpecification","valueRequired":true,"valueName":"search_term_string"}}],"inLanguage":"en-US"},{"@type":"Organization","@id":"https:\/\/plastimex.mx\/#organization","name":"Plastimex","url":"https:\/\/plastimex.mx\/","logo":{"@type":"ImageObject","inLanguage":"en-US","@id":"https:\/\/plastimex.mx\/#\/schema\/logo\/image\/","url":"https:\/\/plastimex.mx\/wp-content\/uploads\/2020\/02\/Plastimex-RGB.png","contentUrl":"https:\/\/plastimex.mx\/wp-content\/uploads\/2020\/02\/Plastimex-RGB.png","width":540,"height":171,"caption":"Plastimex"},"image":{"@id":"https:\/\/plastimex.mx\/#\/schema\/logo\/image\/"}}]}},"_links":{"self":[{"href":"https:\/\/plastimex.mx\/en\/wp-json\/wp\/v2\/product\/4854","targetHints":{"allow":["GET"]}}],"collection":[{"href":"https:\/\/plastimex.mx\/en\/wp-json\/wp\/v2\/product"}],"about":[{"href":"https:\/\/plastimex.mx\/en\/wp-json\/wp\/v2\/types\/product"}],"wp:featuredmedia":[{"embeddable":true,"href":"https:\/\/plastimex.mx\/en\/wp-json\/wp\/v2\/media\/5912"}],"wp:attachment":[{"href":"https:\/\/plastimex.mx\/en\/wp-json\/wp\/v2\/media?parent=4854"}],"wp:term":[{"taxonomy":"product_brand","embeddable":true,"href":"https:\/\/plastimex.mx\/en\/wp-json\/wp\/v2\/product_brand?post=4854"},{"taxonomy":"product_cat","embeddable":true,"href":"https:\/\/plastimex.mx\/en\/wp-json\/wp\/v2\/product_cat?post=4854"},{"taxonomy":"product_tag","embeddable":true,"href":"https:\/\/plastimex.mx\/en\/wp-json\/wp\/v2\/product_tag?post=4854"}],"curies":[{"name":"wp","href":"https:\/\/api.w.org\/{rel}","templated":true}]}}