{"id":3425,"date":"2021-05-15T19:51:26","date_gmt":"2021-05-15T19:51:26","guid":{"rendered":"https:\/\/plastimex.us\/?post_type=product&#038;p=3425"},"modified":"2026-04-22T19:54:50","modified_gmt":"2026-04-22T19:54:50","slug":"garrafa-pead-1-l-rosca-37mm","status":"publish","type":"product","link":"https:\/\/plastimex.mx\/en\/product\/garrafa-pead-1-l-rosca-37mm\/","title":{"rendered":"Garrafa PEAD 1 L R37mm"},"content":{"rendered":"<h4><strong>Garrafa PEAD 1 L R37mm<\/strong><\/h4>\n<p><span style=\"color: #333333;\"><strong>Cap R-37 mm<\/strong><\/span><\/p>\n<p><em>Compacta y r\u00edgida, ideal para detergentes, productos de limpieza y qu\u00edmicos<\/em><\/p>\n<p>El\u00a0<strong>garrafa PEAD 1 L, <\/strong>R37mm, es perfecta si buscas un dise\u00f1o ergon\u00f3mico. Cuenta con una asa para mayor comodidad y practicidad, adem\u00e1s, su tama\u00f1o permite ahorrar espacio.<\/p>\n<p><strong>Technical specifications:<\/strong><\/p>\n<p>Altura: 191.5 \u00b1 1 mm<\/p>\n<p>Ancho: 62.5 \u00b1 1 mm<\/p>\n<p>Largo: 136.5 \u00b1 1 mm<\/p>\n<p>Gramaje: 87 \u00b1 3 g<\/p>\n<p><strong>Compatible with<\/strong>:<\/p>\n<p><strong><a href=\"https:\/\/plastimex.mx\/en\/product\/tapa-rosca-37-mm-liner-espumado-cintillo-seguridad\/\">Tapa R-37 mm con Liner Espumado y cintillo de seguridad<\/a><\/strong><\/p>\n<p><strong><a href=\"https:\/\/plastimex.mx\/en\/product\/tapa-rosca-37-mm-liner-induccion-cintillo-seguridad-pead\/\">Tapa R-37 mm con Liner de inducci\u00f3n Plateado y cintillo de seguridad<\/a><\/strong><\/p>\n<p><strong><a href=\"https:\/\/plastimex.mx\/en\/product\/tapa-rosca-37-mm-liner-induccion-valvula-ventilacion-cintillo-seguridad-pead\/\">Tapa R-37 mm con Liner de inducci\u00f3n Plateado, v\u00e1lvula de ventilaci\u00f3n y\u00a0\u00a0cintillo de seguridad<\/a><\/strong><\/p>\n<p>(Se vende por separado)<\/p>\n<p>&nbsp;<\/p>\n<p><strong>Available Colors:<\/strong><\/p>\n<div class=\"contenedor-iconos-producto\">\n<div><img decoding=\"async\" class=\"\" src=\"https:\/\/maxipet.net\/images\/iconosprod\/colores\/blanco.webp\" alt=\"Blanco\" width=\"45\" height=\"45\" \/> White\u00a0 \u00a0 \u00a0<img decoding=\"async\" class=\"\" src=\"https:\/\/maxipet.net\/images\/iconosprod\/colores\/natural.webp\" alt=\"Natural\" width=\"45\" height=\"45\" \/> Natural<\/div>\n<div><\/div>\n<div><strong style=\"font-size: 16px;\"><strong style=\"font-size: 16px;\"><br \/>\nIdeal for Use in:<\/strong><\/strong><\/div>\n<div><\/div>\n<div><img decoding=\"async\" class=\"\" style=\"font-style: inherit; font-weight: inherit;\" src=\"https:\/\/maxipet.net\/images\/iconosprod\/usos\/alimenticio.webp\" alt=\"Alimenticio\" width=\"45\" height=\"45\" \/><span style=\"font-size: 16px;\"> Food\u00a0 \u00a0 <\/span><img loading=\"lazy\" decoding=\"async\" class=\"\" style=\"font-style: inherit; font-weight: inherit;\" src=\"https:\/\/maxipet.net\/images\/iconosprod\/usos\/automotriz.webp\" alt=\"Automotriz\" width=\"39\" height=\"39\" \/><span style=\"font-size: 16px;\"> Automotive\u00a0 \u00a0 \u00a0<\/span><img loading=\"lazy\" decoding=\"async\" class=\"\" style=\"font-style: inherit; font-weight: inherit;\" src=\"https:\/\/maxipet.net\/images\/iconosprod\/usos\/cosmetico.webp\" alt=\"Cosm\u00e9tico\" width=\"45\" height=\"45\" \/><span style=\"font-size: 16px;\"> Cosmetics\u00a0 \u00a0 \u00a0<\/span><img loading=\"lazy\" decoding=\"async\" class=\"\" style=\"font-style: inherit; font-weight: inherit;\" src=\"https:\/\/maxipet.net\/images\/iconosprod\/usos\/farmaceutico.webp\" alt=\"Farmac\u00e9utico\" width=\"45\" height=\"45\" \/><span style=\"font-size: 16px;\"><span style=\"font-size: 16px;\"> Pharmaceuticals<\/span><\/span><\/div>\n<div><\/div>\n<div><img loading=\"lazy\" decoding=\"async\" class=\"\" style=\"font-style: inherit; font-weight: inherit;\" src=\"https:\/\/maxipet.net\/images\/iconosprod\/usos\/quimicos.webp\" alt=\"Qu\u00edmicos\" width=\"45\" height=\"45\" \/><span style=\"font-size: 16px;\">\u00a0Chemicals<\/span><\/div>\n<\/div>\n<div class=\"contenedor-iconos-producto\">\n<div><\/div>\n<\/div>\n<p><strong><br \/>\nPackage<\/strong><\/p>\n<p>82 cm (L) x 61 cm (W) x 19 cm (H)<\/p>\n<p>Weight: 5.5 kg<\/p>\n<p><img decoding=\"async\" src=\"https:\/\/maxipet.net\/media\/pso\/s\/img\/images\/garrafa_1l.png.webp\" alt=\"garrafa 1l\" \/><\/p>","protected":false},"excerpt":{"rendered":"<h4><strong>Garrafa PEAD 1 L R37mm<\/strong><\/h4>","protected":false},"featured_media":5820,"template":"","meta":{"_acf_changed":false,"site-sidebar-layout":"default","site-content-layout":"default","ast-site-content-layout":"default","site-content-style":"default","site-sidebar-style":"default","ast-global-header-display":"","ast-banner-title-visibility":"","ast-main-header-display":"","ast-hfb-above-header-display":"","ast-hfb-below-header-display":"","ast-hfb-mobile-header-display":"","site-post-title":"","ast-breadcrumbs-content":"","ast-featured-img":"","footer-sml-layout":"","ast-disable-related-posts":"","theme-transparent-header-meta":"default","adv-header-id-meta":"","stick-header-meta":"default","header-above-stick-meta":"","header-main-stick-meta":"","header-below-stick-meta":"","astra-migrate-meta-layouts":"default","ast-page-background-enabled":"default","ast-page-background-meta":{"desktop":{"background-color":"var(--ast-global-color-4)","background-image":"","background-repeat":"repeat","background-position":"center center","background-size":"auto","background-attachment":"scroll","background-type":"","background-media":"","overlay-type":"","overlay-color":"","overlay-opacity":"","overlay-gradient":""},"tablet":{"background-color":"","background-image":"","background-repeat":"repeat","background-position":"center center","background-size":"auto","background-attachment":"scroll","background-type":"","background-media":"","overlay-type":"","overlay-color":"","overlay-opacity":"","overlay-gradient":""},"mobile":{"background-color":"","background-image":"","background-repeat":"repeat","background-position":"center center","background-size":"auto","background-attachment":"scroll","background-type":"","background-media":"","overlay-type":"","overlay-color":"","overlay-opacity":"","overlay-gradient":""}},"ast-content-background-meta":{"desktop":{"background-color":"var(--ast-global-color-5)","background-image":"","background-repeat":"repeat","background-position":"center center","background-size":"auto","background-attachment":"scroll","background-type":"","background-media":"","overlay-type":"","overlay-color":"","overlay-opacity":"","overlay-gradient":""},"tablet":{"background-color":"var(--ast-global-color-5)","background-image":"","background-repeat":"repeat","background-position":"center center","background-size":"auto","background-attachment":"scroll","background-type":"","background-media":"","overlay-type":"","overlay-color":"","overlay-opacity":"","overlay-gradient":""},"mobile":{"background-color":"var(--ast-global-color-5)","background-image":"","background-repeat":"repeat","background-position":"center center","background-size":"auto","background-attachment":"scroll","background-type":"","background-media":"","overlay-type":"","overlay-color":"","overlay-opacity":"","overlay-gradient":""}},"_joinchat":[]},"product_brand":[],"product_cat":[170],"product_tag":[],"class_list":{"0":"post-3425","1":"product","2":"type-product","3":"status-publish","4":"has-post-thumbnail","6":"product_cat-pead","7":"desktop-align-left","8":"tablet-align-left","9":"mobile-align-left","11":"first","12":"instock","13":"shipping-taxable","14":"purchasable","15":"product-type-simple"},"acf":[],"yoast_head":"<!-- This site is optimized with the Yoast SEO plugin v27.5 - https:\/\/yoast.com\/product\/yoast-seo-wordpress\/ -->\n<title>Garrafa PEAD 1 L R37mm - Plastimex<\/title>\n<meta name=\"description\" content=\"La garrafa PEAD 1 L, R37mm, est\u00e1 dise\u00f1ada para qu\u00edmicos, f\u00e1rmacos, cosm\u00e9ticos o alimentos y es compatible con tapa de 37 mm. Solicita una cotizaci\u00f3n.\" \/>\n<meta name=\"robots\" content=\"index, follow, max-snippet:-1, max-image-preview:large, max-video-preview:-1\" \/>\n<link rel=\"canonical\" href=\"https:\/\/plastimex.mx\/en\/product\/garrafa-pead-1-l-rosca-37mm\/\" \/>\n<meta property=\"og:locale\" content=\"en_US\" \/>\n<meta property=\"og:type\" content=\"article\" \/>\n<meta property=\"og:title\" content=\"Garrafa PEAD 1 L R37mm - Plastimex\" \/>\n<meta property=\"og:description\" content=\"La garrafa PEAD 1 L, R37mm, est\u00e1 dise\u00f1ada para qu\u00edmicos, f\u00e1rmacos, cosm\u00e9ticos o alimentos y es compatible con tapa de 37 mm. Solicita una cotizaci\u00f3n.\" \/>\n<meta property=\"og:url\" content=\"https:\/\/plastimex.mx\/en\/product\/garrafa-pead-1-l-rosca-37mm\/\" \/>\n<meta property=\"og:site_name\" content=\"Plastimex\" \/>\n<meta property=\"article:modified_time\" content=\"2026-04-22T19:54:50+00:00\" \/>\n<meta property=\"og:image\" content=\"https:\/\/plastimex.mx\/wp-content\/uploads\/2021\/05\/Garrafa-PEAD-1-litro-R-37-mm-Plastimex-1.png\" \/>\n\t<meta property=\"og:image:width\" content=\"386\" \/>\n\t<meta property=\"og:image:height\" content=\"622\" \/>\n\t<meta property=\"og:image:type\" content=\"image\/png\" \/>\n<meta name=\"twitter:card\" content=\"summary_large_image\" \/>\n<meta name=\"twitter:label1\" content=\"Est. reading time\" \/>\n\t<meta name=\"twitter:data1\" content=\"3 minutes\" \/>\n<script type=\"application\/ld+json\" class=\"yoast-schema-graph\">{\"@context\":\"https:\\\/\\\/schema.org\",\"@graph\":[{\"@type\":\"WebPage\",\"@id\":\"https:\\\/\\\/plastimex.mx\\\/product\\\/garrafa-pead-1-l-rosca-37mm\\\/\",\"url\":\"https:\\\/\\\/plastimex.mx\\\/product\\\/garrafa-pead-1-l-rosca-37mm\\\/\",\"name\":\"Garrafa PEAD 1 L R37mm - Plastimex\",\"isPartOf\":{\"@id\":\"https:\\\/\\\/plastimex.mx\\\/#website\"},\"primaryImageOfPage\":{\"@id\":\"https:\\\/\\\/plastimex.mx\\\/product\\\/garrafa-pead-1-l-rosca-37mm\\\/#primaryimage\"},\"image\":{\"@id\":\"https:\\\/\\\/plastimex.mx\\\/product\\\/garrafa-pead-1-l-rosca-37mm\\\/#primaryimage\"},\"thumbnailUrl\":\"https:\\\/\\\/plastimex.mx\\\/wp-content\\\/uploads\\\/2021\\\/05\\\/Garrafa-PEAD-1-litro-R-37-mm-Plastimex-1.png\",\"datePublished\":\"2021-05-15T19:51:26+00:00\",\"dateModified\":\"2026-04-22T19:54:50+00:00\",\"description\":\"La garrafa PEAD 1 L, R37mm, est\u00e1 dise\u00f1ada para qu\u00edmicos, f\u00e1rmacos, cosm\u00e9ticos o alimentos y es compatible con tapa de 37 mm. Solicita una cotizaci\u00f3n.\",\"breadcrumb\":{\"@id\":\"https:\\\/\\\/plastimex.mx\\\/product\\\/garrafa-pead-1-l-rosca-37mm\\\/#breadcrumb\"},\"inLanguage\":\"en-US\",\"potentialAction\":[{\"@type\":\"ReadAction\",\"target\":[\"https:\\\/\\\/plastimex.mx\\\/product\\\/garrafa-pead-1-l-rosca-37mm\\\/\"]}]},{\"@type\":\"ImageObject\",\"inLanguage\":\"en-US\",\"@id\":\"https:\\\/\\\/plastimex.mx\\\/product\\\/garrafa-pead-1-l-rosca-37mm\\\/#primaryimage\",\"url\":\"https:\\\/\\\/plastimex.mx\\\/wp-content\\\/uploads\\\/2021\\\/05\\\/Garrafa-PEAD-1-litro-R-37-mm-Plastimex-1.png\",\"contentUrl\":\"https:\\\/\\\/plastimex.mx\\\/wp-content\\\/uploads\\\/2021\\\/05\\\/Garrafa-PEAD-1-litro-R-37-mm-Plastimex-1.png\",\"width\":386,\"height\":622,\"caption\":\"Garrafa PEAD 1 litro R-37 mm - Plastimex\"},{\"@type\":\"BreadcrumbList\",\"@id\":\"https:\\\/\\\/plastimex.mx\\\/product\\\/garrafa-pead-1-l-rosca-37mm\\\/#breadcrumb\",\"itemListElement\":[{\"@type\":\"ListItem\",\"position\":1,\"name\":\"Home\",\"item\":\"https:\\\/\\\/plastimex.mx\\\/\"},{\"@type\":\"ListItem\",\"position\":2,\"name\":\"Shop\",\"item\":\"https:\\\/\\\/plastimex.mx\\\/es_mx\\\/shop\\\/\"},{\"@type\":\"ListItem\",\"position\":3,\"name\":\"Garrafa PEAD 1 L R37mm\"}]},{\"@type\":\"WebSite\",\"@id\":\"https:\\\/\\\/plastimex.mx\\\/#website\",\"url\":\"https:\\\/\\\/plastimex.mx\\\/\",\"name\":\"Plastimex\",\"description\":\"Plastimex\",\"publisher\":{\"@id\":\"https:\\\/\\\/plastimex.mx\\\/#organization\"},\"potentialAction\":[{\"@type\":\"SearchAction\",\"target\":{\"@type\":\"EntryPoint\",\"urlTemplate\":\"https:\\\/\\\/plastimex.mx\\\/?s={search_term_string}\"},\"query-input\":{\"@type\":\"PropertyValueSpecification\",\"valueRequired\":true,\"valueName\":\"search_term_string\"}}],\"inLanguage\":\"en-US\"},{\"@type\":\"Organization\",\"@id\":\"https:\\\/\\\/plastimex.mx\\\/#organization\",\"name\":\"Plastimex\",\"url\":\"https:\\\/\\\/plastimex.mx\\\/\",\"logo\":{\"@type\":\"ImageObject\",\"inLanguage\":\"en-US\",\"@id\":\"https:\\\/\\\/plastimex.mx\\\/#\\\/schema\\\/logo\\\/image\\\/\",\"url\":\"https:\\\/\\\/plastimex.mx\\\/wp-content\\\/uploads\\\/2020\\\/02\\\/Plastimex-RGB.png\",\"contentUrl\":\"https:\\\/\\\/plastimex.mx\\\/wp-content\\\/uploads\\\/2020\\\/02\\\/Plastimex-RGB.png\",\"width\":540,\"height\":171,\"caption\":\"Plastimex\"},\"image\":{\"@id\":\"https:\\\/\\\/plastimex.mx\\\/#\\\/schema\\\/logo\\\/image\\\/\"}}]}<\/script>\n<!-- \/ Yoast SEO plugin. -->","yoast_head_json":{"title":"Garrafa PEAD 1 L R37mm - Plastimex","description":"La garrafa PEAD 1 L, R37mm, est\u00e1 dise\u00f1ada para qu\u00edmicos, f\u00e1rmacos, cosm\u00e9ticos o alimentos y es compatible con tapa de 37 mm. Solicita una cotizaci\u00f3n.","robots":{"index":"index","follow":"follow","max-snippet":"max-snippet:-1","max-image-preview":"max-image-preview:large","max-video-preview":"max-video-preview:-1"},"canonical":"https:\/\/plastimex.mx\/en\/product\/garrafa-pead-1-l-rosca-37mm\/","og_locale":"en_US","og_type":"article","og_title":"Garrafa PEAD 1 L R37mm - Plastimex","og_description":"La garrafa PEAD 1 L, R37mm, est\u00e1 dise\u00f1ada para qu\u00edmicos, f\u00e1rmacos, cosm\u00e9ticos o alimentos y es compatible con tapa de 37 mm. Solicita una cotizaci\u00f3n.","og_url":"https:\/\/plastimex.mx\/en\/product\/garrafa-pead-1-l-rosca-37mm\/","og_site_name":"Plastimex","article_modified_time":"2026-04-22T19:54:50+00:00","og_image":[{"width":386,"height":622,"url":"https:\/\/plastimex.mx\/wp-content\/uploads\/2021\/05\/Garrafa-PEAD-1-litro-R-37-mm-Plastimex-1.png","type":"image\/png"}],"twitter_card":"summary_large_image","twitter_misc":{"Est. reading time":"3 minutes"},"schema":{"@context":"https:\/\/schema.org","@graph":[{"@type":"WebPage","@id":"https:\/\/plastimex.mx\/product\/garrafa-pead-1-l-rosca-37mm\/","url":"https:\/\/plastimex.mx\/product\/garrafa-pead-1-l-rosca-37mm\/","name":"Garrafa PEAD 1 L R37mm - Plastimex","isPartOf":{"@id":"https:\/\/plastimex.mx\/#website"},"primaryImageOfPage":{"@id":"https:\/\/plastimex.mx\/product\/garrafa-pead-1-l-rosca-37mm\/#primaryimage"},"image":{"@id":"https:\/\/plastimex.mx\/product\/garrafa-pead-1-l-rosca-37mm\/#primaryimage"},"thumbnailUrl":"https:\/\/plastimex.mx\/wp-content\/uploads\/2021\/05\/Garrafa-PEAD-1-litro-R-37-mm-Plastimex-1.png","datePublished":"2021-05-15T19:51:26+00:00","dateModified":"2026-04-22T19:54:50+00:00","description":"La garrafa PEAD 1 L, R37mm, est\u00e1 dise\u00f1ada para qu\u00edmicos, f\u00e1rmacos, cosm\u00e9ticos o alimentos y es compatible con tapa de 37 mm. Solicita una cotizaci\u00f3n.","breadcrumb":{"@id":"https:\/\/plastimex.mx\/product\/garrafa-pead-1-l-rosca-37mm\/#breadcrumb"},"inLanguage":"en-US","potentialAction":[{"@type":"ReadAction","target":["https:\/\/plastimex.mx\/product\/garrafa-pead-1-l-rosca-37mm\/"]}]},{"@type":"ImageObject","inLanguage":"en-US","@id":"https:\/\/plastimex.mx\/product\/garrafa-pead-1-l-rosca-37mm\/#primaryimage","url":"https:\/\/plastimex.mx\/wp-content\/uploads\/2021\/05\/Garrafa-PEAD-1-litro-R-37-mm-Plastimex-1.png","contentUrl":"https:\/\/plastimex.mx\/wp-content\/uploads\/2021\/05\/Garrafa-PEAD-1-litro-R-37-mm-Plastimex-1.png","width":386,"height":622,"caption":"Garrafa PEAD 1 litro R-37 mm - Plastimex"},{"@type":"BreadcrumbList","@id":"https:\/\/plastimex.mx\/product\/garrafa-pead-1-l-rosca-37mm\/#breadcrumb","itemListElement":[{"@type":"ListItem","position":1,"name":"Home","item":"https:\/\/plastimex.mx\/"},{"@type":"ListItem","position":2,"name":"Shop","item":"https:\/\/plastimex.mx\/es_mx\/shop\/"},{"@type":"ListItem","position":3,"name":"Garrafa PEAD 1 L R37mm"}]},{"@type":"WebSite","@id":"https:\/\/plastimex.mx\/#website","url":"https:\/\/plastimex.mx\/","name":"Plastimex","description":"Plastimex","publisher":{"@id":"https:\/\/plastimex.mx\/#organization"},"potentialAction":[{"@type":"SearchAction","target":{"@type":"EntryPoint","urlTemplate":"https:\/\/plastimex.mx\/?s={search_term_string}"},"query-input":{"@type":"PropertyValueSpecification","valueRequired":true,"valueName":"search_term_string"}}],"inLanguage":"en-US"},{"@type":"Organization","@id":"https:\/\/plastimex.mx\/#organization","name":"Plastimex","url":"https:\/\/plastimex.mx\/","logo":{"@type":"ImageObject","inLanguage":"en-US","@id":"https:\/\/plastimex.mx\/#\/schema\/logo\/image\/","url":"https:\/\/plastimex.mx\/wp-content\/uploads\/2020\/02\/Plastimex-RGB.png","contentUrl":"https:\/\/plastimex.mx\/wp-content\/uploads\/2020\/02\/Plastimex-RGB.png","width":540,"height":171,"caption":"Plastimex"},"image":{"@id":"https:\/\/plastimex.mx\/#\/schema\/logo\/image\/"}}]}},"_links":{"self":[{"href":"https:\/\/plastimex.mx\/en\/wp-json\/wp\/v2\/product\/3425","targetHints":{"allow":["GET"]}}],"collection":[{"href":"https:\/\/plastimex.mx\/en\/wp-json\/wp\/v2\/product"}],"about":[{"href":"https:\/\/plastimex.mx\/en\/wp-json\/wp\/v2\/types\/product"}],"wp:featuredmedia":[{"embeddable":true,"href":"https:\/\/plastimex.mx\/en\/wp-json\/wp\/v2\/media\/5820"}],"wp:attachment":[{"href":"https:\/\/plastimex.mx\/en\/wp-json\/wp\/v2\/media?parent=3425"}],"wp:term":[{"taxonomy":"product_brand","embeddable":true,"href":"https:\/\/plastimex.mx\/en\/wp-json\/wp\/v2\/product_brand?post=3425"},{"taxonomy":"product_cat","embeddable":true,"href":"https:\/\/plastimex.mx\/en\/wp-json\/wp\/v2\/product_cat?post=3425"},{"taxonomy":"product_tag","embeddable":true,"href":"https:\/\/plastimex.mx\/en\/wp-json\/wp\/v2\/product_tag?post=3425"}],"curies":[{"name":"wp","href":"https:\/\/api.w.org\/{rel}","templated":true}]}}