{"id":3421,"date":"2021-07-26T19:41:05","date_gmt":"2021-07-26T19:41:05","guid":{"rendered":"https:\/\/plastimex.us\/?post_type=product&#038;p=3421"},"modified":"2026-04-08T17:58:00","modified_gmt":"2026-04-08T17:58:00","slug":"tapa-rosca-37-mm-liner-espumado-cintillo-seguridad","status":"publish","type":"product","link":"https:\/\/plastimex.mx\/en\/product\/tapa-rosca-37-mm-liner-espumado-cintillo-seguridad\/","title":{"rendered":"Tapa Rosca 37 mm Liner espumado con cintillo de seguridad"},"content":{"rendered":"<h4><span data-sheets-root=\"1\"><strong>Tapa Rosca 37 mm<\/strong> <\/span><\/h4>\n<p><span style=\"color: #000000;\"><strong>Liner espumado con cintillo de seguridad<\/strong><\/span><\/p>\n<p><em>Garantiza un doble nivel de protecci\u00f3n<\/em><\/p>\n<p>La <strong>tapa<\/strong> <strong>rosca 37 mm<\/strong> est\u00e1 fabricada con resina de Polietileno de Alta Densidad (PEAD) mediante moldeo por inyecci\u00f3n y enlainado autom\u00e1tico. Cuenta con un<strong> liner espumado y cintillo de seguridad<\/strong> inviolable para garantizar la seguridad del producto.<\/p>\n<p><strong>Technical specifications:<\/strong><\/p>\n<p>Altura: 19.3\u00a0\u00b1 0.3 mm<\/p>\n<p>Di\u00e1metro: 37 \u00b1 0.5 mm<\/p>\n<p>Gramaje: 4.5 \u00b1 0.5 g<\/p>\n<p><strong><b>Compatible with<\/b>:<\/strong><\/p>\n<p><strong><a href=\"https:\/\/plastimex.mx\/en\/product\/garrafa-pead-1-l-rosca-37mm\/\">Envase de PEAD Garrafa 1 L<\/a><\/strong><\/p>\n<p><strong><a href=\"https:\/\/plastimex.mx\/en\/product\/garrafa-pead-1-galon-cilindrica-rosca-36mm-37mm\/\">Envase de PEAD Garrafa Cil\u00edndrica 1 Gal\u00f3n (3.78 L)<\/a><\/strong><\/p>\n<p><strong><a href=\"https:\/\/plastimex.mx\/en\/product\/garrafa-pead-4-l-cilindrica-rosca-36mm-37mm\/\">Envase de PEAD Garrafa Cil\u00edndrica 4 L<\/a><\/strong><\/p>\n<p>(Caps are sold separately)<\/p>\n<p>&nbsp;<\/p>\n<p><strong style=\"font-size: 16px;\">Available Colors:<\/strong><\/p>\n<div class=\"contenedor-iconos-producto\">\n<div><img decoding=\"async\" class=\"\" src=\"https:\/\/maxipet.net\/images\/iconosprod\/colores\/azul.webp\" alt=\"Azul\" width=\"45\" height=\"45\" \/> Azul\u00a0 \u00a0 \u00a0<img decoding=\"async\" class=\"\" src=\"https:\/\/maxipet.net\/images\/iconosprod\/colores\/blanco.webp\" alt=\"Blanco\" width=\"45\" height=\"45\" \/> White\u00a0 \u00a0 \u00a0<img decoding=\"async\" class=\"\" src=\"https:\/\/maxipet.net\/images\/iconosprod\/colores\/negro.webp\" alt=\"Negro\" width=\"45\" height=\"45\" \/> Negro\u00a0 \u00a0 <img loading=\"lazy\" decoding=\"async\" class=\"\" src=\"https:\/\/maxipet.net\/images\/iconosprod\/colores\/verde.webp\" alt=\"Verde\" width=\"45\" height=\"45\" \/>\u00a0Verde<\/div>\n<\/div>\n<p>&nbsp;<\/p>\n<p><strong>Ideal for Use in:<\/strong><\/p>\n<div class=\"contenedor-iconos-producto\">\n<div><img loading=\"lazy\" decoding=\"async\" class=\"\" src=\"https:\/\/maxipet.net\/images\/iconosprod\/usos\/alimenticio.webp\" alt=\"Alimenticio\" width=\"46\" height=\"46\" \/> Food\u00a0 \u00a0 \u00a0<img loading=\"lazy\" decoding=\"async\" class=\"\" src=\"https:\/\/maxipet.net\/images\/iconosprod\/usos\/cosmetico.webp\" alt=\"Cosm\u00e9tico\" width=\"45\" height=\"45\" \/> Cosmetics\u00a0 \u00a0 \u00a0<img loading=\"lazy\" decoding=\"async\" class=\"\" src=\"https:\/\/maxipet.net\/images\/iconosprod\/usos\/farmaceutico.webp\" alt=\"Farmac\u00e9utico\" width=\"45\" height=\"45\" \/> Pharmaceuticals\u00a0 \u00a0 \u00a0<img loading=\"lazy\" decoding=\"async\" class=\"\" src=\"https:\/\/maxipet.net\/images\/iconosprod\/usos\/quimicos.webp\" alt=\"Qu\u00edmicos\" width=\"45\" height=\"45\" \/>\u00a0Chemicals<\/div>\n<\/div>\n<p>&nbsp;<\/p>\n<div class=\"contenedor-imagen-pellet\">\n<p><strong>Package<\/strong><\/p>\n<p>58 cm de largo x 39 cm de ancho y una altura de 38 cm<\/p>\n<p>Peso: 11 kg<\/p>\n<p><img decoding=\"async\" src=\"https:\/\/maxipet.net\/media\/pso\/s\/img\/images\/caaj_nuevas_medidas.png.webp\" alt=\"caaj_nuevas_medidas.png\" \/><\/p>\n<\/div>","protected":false},"excerpt":{"rendered":"<h4><strong>Tapa Rosca 37 mm Liner espumado con cintillo de seguridad<\/strong><\/h4>","protected":false},"featured_media":6131,"template":"","meta":{"_acf_changed":false,"site-sidebar-layout":"default","site-content-layout":"default","ast-site-content-layout":"default","site-content-style":"default","site-sidebar-style":"default","ast-global-header-display":"","ast-banner-title-visibility":"","ast-main-header-display":"","ast-hfb-above-header-display":"","ast-hfb-below-header-display":"","ast-hfb-mobile-header-display":"","site-post-title":"","ast-breadcrumbs-content":"","ast-featured-img":"","footer-sml-layout":"","ast-disable-related-posts":"","theme-transparent-header-meta":"default","adv-header-id-meta":"","stick-header-meta":"default","header-above-stick-meta":"","header-main-stick-meta":"","header-below-stick-meta":"","astra-migrate-meta-layouts":"default","ast-page-background-enabled":"default","ast-page-background-meta":{"desktop":{"background-color":"var(--ast-global-color-4)","background-image":"","background-repeat":"repeat","background-position":"center center","background-size":"auto","background-attachment":"scroll","background-type":"","background-media":"","overlay-type":"","overlay-color":"","overlay-opacity":"","overlay-gradient":""},"tablet":{"background-color":"","background-image":"","background-repeat":"repeat","background-position":"center center","background-size":"auto","background-attachment":"scroll","background-type":"","background-media":"","overlay-type":"","overlay-color":"","overlay-opacity":"","overlay-gradient":""},"mobile":{"background-color":"","background-image":"","background-repeat":"repeat","background-position":"center center","background-size":"auto","background-attachment":"scroll","background-type":"","background-media":"","overlay-type":"","overlay-color":"","overlay-opacity":"","overlay-gradient":""}},"ast-content-background-meta":{"desktop":{"background-color":"var(--ast-global-color-5)","background-image":"","background-repeat":"repeat","background-position":"center center","background-size":"auto","background-attachment":"scroll","background-type":"","background-media":"","overlay-type":"","overlay-color":"","overlay-opacity":"","overlay-gradient":""},"tablet":{"background-color":"var(--ast-global-color-5)","background-image":"","background-repeat":"repeat","background-position":"center center","background-size":"auto","background-attachment":"scroll","background-type":"","background-media":"","overlay-type":"","overlay-color":"","overlay-opacity":"","overlay-gradient":""},"mobile":{"background-color":"var(--ast-global-color-5)","background-image":"","background-repeat":"repeat","background-position":"center center","background-size":"auto","background-attachment":"scroll","background-type":"","background-media":"","overlay-type":"","overlay-color":"","overlay-opacity":"","overlay-gradient":""}},"_joinchat":[]},"product_brand":[],"product_cat":[169],"product_tag":[],"class_list":{"0":"post-3421","1":"product","2":"type-product","3":"status-publish","4":"has-post-thumbnail","6":"product_cat-tapas","7":"desktop-align-left","8":"tablet-align-left","9":"mobile-align-left","11":"first","12":"instock","13":"shipping-taxable","14":"purchasable","15":"product-type-simple"},"acf":[],"yoast_head":"<!-- This site is optimized with the Yoast SEO plugin v27.5 - https:\/\/yoast.com\/product\/yoast-seo-wordpress\/ -->\n<title>Tapa Rosca 37 mm Liner espumado con cintillo de seguridad - Plastimex<\/title>\n<meta name=\"description\" content=\"La tapa rosca 37 mm con Liner espumado y cintillo de seguridad es perfecta para envases con un di\u00e1metro de corona de 37 mm. Solicita una cotizaci\u00f3n.\" \/>\n<meta name=\"robots\" content=\"index, follow, max-snippet:-1, max-image-preview:large, max-video-preview:-1\" \/>\n<link rel=\"canonical\" href=\"https:\/\/plastimex.mx\/en\/product\/tapa-rosca-37-mm-liner-espumado-cintillo-seguridad\/\" \/>\n<meta property=\"og:locale\" content=\"en_US\" \/>\n<meta property=\"og:type\" content=\"article\" \/>\n<meta property=\"og:title\" content=\"Tapa Rosca 37 mm Liner espumado con cintillo de seguridad - Plastimex\" \/>\n<meta property=\"og:description\" content=\"La tapa rosca 37 mm con Liner espumado y cintillo de seguridad es perfecta para envases con un di\u00e1metro de corona de 37 mm. Solicita una cotizaci\u00f3n.\" \/>\n<meta property=\"og:url\" content=\"https:\/\/plastimex.mx\/en\/product\/tapa-rosca-37-mm-liner-espumado-cintillo-seguridad\/\" \/>\n<meta property=\"og:site_name\" content=\"Plastimex\" \/>\n<meta property=\"article:modified_time\" content=\"2026-04-08T17:58:00+00:00\" \/>\n<meta property=\"og:image\" content=\"https:\/\/plastimex.mx\/wp-content\/uploads\/2021\/07\/Tapa-Rosca-37-mm-Liner-espumado-con-cintillo-de-seguridad-Plastimex-1.png\" \/>\n\t<meta property=\"og:image:width\" content=\"386\" \/>\n\t<meta property=\"og:image:height\" content=\"622\" \/>\n\t<meta property=\"og:image:type\" content=\"image\/png\" \/>\n<meta name=\"twitter:card\" content=\"summary_large_image\" \/>\n<meta name=\"twitter:label1\" content=\"Est. reading time\" \/>\n\t<meta name=\"twitter:data1\" content=\"3 minutes\" \/>\n<script type=\"application\/ld+json\" class=\"yoast-schema-graph\">{\"@context\":\"https:\\\/\\\/schema.org\",\"@graph\":[{\"@type\":\"WebPage\",\"@id\":\"https:\\\/\\\/plastimex.mx\\\/product\\\/tapa-rosca-37-mm-liner-espumado-cintillo-seguridad\\\/\",\"url\":\"https:\\\/\\\/plastimex.mx\\\/product\\\/tapa-rosca-37-mm-liner-espumado-cintillo-seguridad\\\/\",\"name\":\"Tapa Rosca 37 mm Liner espumado con cintillo de seguridad - Plastimex\",\"isPartOf\":{\"@id\":\"https:\\\/\\\/plastimex.mx\\\/#website\"},\"primaryImageOfPage\":{\"@id\":\"https:\\\/\\\/plastimex.mx\\\/product\\\/tapa-rosca-37-mm-liner-espumado-cintillo-seguridad\\\/#primaryimage\"},\"image\":{\"@id\":\"https:\\\/\\\/plastimex.mx\\\/product\\\/tapa-rosca-37-mm-liner-espumado-cintillo-seguridad\\\/#primaryimage\"},\"thumbnailUrl\":\"https:\\\/\\\/plastimex.mx\\\/wp-content\\\/uploads\\\/2021\\\/07\\\/Tapa-Rosca-37-mm-Liner-espumado-con-cintillo-de-seguridad-Plastimex-1.png\",\"datePublished\":\"2021-07-26T19:41:05+00:00\",\"dateModified\":\"2026-04-08T17:58:00+00:00\",\"description\":\"La tapa rosca 37 mm con Liner espumado y cintillo de seguridad es perfecta para envases con un di\u00e1metro de corona de 37 mm. Solicita una cotizaci\u00f3n.\",\"breadcrumb\":{\"@id\":\"https:\\\/\\\/plastimex.mx\\\/product\\\/tapa-rosca-37-mm-liner-espumado-cintillo-seguridad\\\/#breadcrumb\"},\"inLanguage\":\"en-US\",\"potentialAction\":[{\"@type\":\"ReadAction\",\"target\":[\"https:\\\/\\\/plastimex.mx\\\/product\\\/tapa-rosca-37-mm-liner-espumado-cintillo-seguridad\\\/\"]}]},{\"@type\":\"ImageObject\",\"inLanguage\":\"en-US\",\"@id\":\"https:\\\/\\\/plastimex.mx\\\/product\\\/tapa-rosca-37-mm-liner-espumado-cintillo-seguridad\\\/#primaryimage\",\"url\":\"https:\\\/\\\/plastimex.mx\\\/wp-content\\\/uploads\\\/2021\\\/07\\\/Tapa-Rosca-37-mm-Liner-espumado-con-cintillo-de-seguridad-Plastimex-1.png\",\"contentUrl\":\"https:\\\/\\\/plastimex.mx\\\/wp-content\\\/uploads\\\/2021\\\/07\\\/Tapa-Rosca-37-mm-Liner-espumado-con-cintillo-de-seguridad-Plastimex-1.png\",\"width\":386,\"height\":622,\"caption\":\"Tapa Rosca 37 mm Liner espumado con cintillo de seguridad - Plastimex 1\"},{\"@type\":\"BreadcrumbList\",\"@id\":\"https:\\\/\\\/plastimex.mx\\\/product\\\/tapa-rosca-37-mm-liner-espumado-cintillo-seguridad\\\/#breadcrumb\",\"itemListElement\":[{\"@type\":\"ListItem\",\"position\":1,\"name\":\"Home\",\"item\":\"https:\\\/\\\/plastimex.mx\\\/\"},{\"@type\":\"ListItem\",\"position\":2,\"name\":\"Shop\",\"item\":\"https:\\\/\\\/plastimex.mx\\\/es_mx\\\/shop\\\/\"},{\"@type\":\"ListItem\",\"position\":3,\"name\":\"Tapa Rosca 37 mm Liner espumado con cintillo de seguridad\"}]},{\"@type\":\"WebSite\",\"@id\":\"https:\\\/\\\/plastimex.mx\\\/#website\",\"url\":\"https:\\\/\\\/plastimex.mx\\\/\",\"name\":\"Plastimex\",\"description\":\"Plastimex\",\"publisher\":{\"@id\":\"https:\\\/\\\/plastimex.mx\\\/#organization\"},\"potentialAction\":[{\"@type\":\"SearchAction\",\"target\":{\"@type\":\"EntryPoint\",\"urlTemplate\":\"https:\\\/\\\/plastimex.mx\\\/?s={search_term_string}\"},\"query-input\":{\"@type\":\"PropertyValueSpecification\",\"valueRequired\":true,\"valueName\":\"search_term_string\"}}],\"inLanguage\":\"en-US\"},{\"@type\":\"Organization\",\"@id\":\"https:\\\/\\\/plastimex.mx\\\/#organization\",\"name\":\"Plastimex\",\"url\":\"https:\\\/\\\/plastimex.mx\\\/\",\"logo\":{\"@type\":\"ImageObject\",\"inLanguage\":\"en-US\",\"@id\":\"https:\\\/\\\/plastimex.mx\\\/#\\\/schema\\\/logo\\\/image\\\/\",\"url\":\"https:\\\/\\\/plastimex.mx\\\/wp-content\\\/uploads\\\/2020\\\/02\\\/Plastimex-RGB.png\",\"contentUrl\":\"https:\\\/\\\/plastimex.mx\\\/wp-content\\\/uploads\\\/2020\\\/02\\\/Plastimex-RGB.png\",\"width\":540,\"height\":171,\"caption\":\"Plastimex\"},\"image\":{\"@id\":\"https:\\\/\\\/plastimex.mx\\\/#\\\/schema\\\/logo\\\/image\\\/\"}}]}<\/script>\n<!-- \/ Yoast SEO plugin. -->","yoast_head_json":{"title":"Tapa Rosca 37 mm Liner espumado con cintillo de seguridad - Plastimex","description":"La tapa rosca 37 mm con Liner espumado y cintillo de seguridad es perfecta para envases con un di\u00e1metro de corona de 37 mm. Solicita una cotizaci\u00f3n.","robots":{"index":"index","follow":"follow","max-snippet":"max-snippet:-1","max-image-preview":"max-image-preview:large","max-video-preview":"max-video-preview:-1"},"canonical":"https:\/\/plastimex.mx\/en\/product\/tapa-rosca-37-mm-liner-espumado-cintillo-seguridad\/","og_locale":"en_US","og_type":"article","og_title":"Tapa Rosca 37 mm Liner espumado con cintillo de seguridad - Plastimex","og_description":"La tapa rosca 37 mm con Liner espumado y cintillo de seguridad es perfecta para envases con un di\u00e1metro de corona de 37 mm. Solicita una cotizaci\u00f3n.","og_url":"https:\/\/plastimex.mx\/en\/product\/tapa-rosca-37-mm-liner-espumado-cintillo-seguridad\/","og_site_name":"Plastimex","article_modified_time":"2026-04-08T17:58:00+00:00","og_image":[{"width":386,"height":622,"url":"https:\/\/plastimex.mx\/wp-content\/uploads\/2021\/07\/Tapa-Rosca-37-mm-Liner-espumado-con-cintillo-de-seguridad-Plastimex-1.png","type":"image\/png"}],"twitter_card":"summary_large_image","twitter_misc":{"Est. reading time":"3 minutes"},"schema":{"@context":"https:\/\/schema.org","@graph":[{"@type":"WebPage","@id":"https:\/\/plastimex.mx\/product\/tapa-rosca-37-mm-liner-espumado-cintillo-seguridad\/","url":"https:\/\/plastimex.mx\/product\/tapa-rosca-37-mm-liner-espumado-cintillo-seguridad\/","name":"Tapa Rosca 37 mm Liner espumado con cintillo de seguridad - Plastimex","isPartOf":{"@id":"https:\/\/plastimex.mx\/#website"},"primaryImageOfPage":{"@id":"https:\/\/plastimex.mx\/product\/tapa-rosca-37-mm-liner-espumado-cintillo-seguridad\/#primaryimage"},"image":{"@id":"https:\/\/plastimex.mx\/product\/tapa-rosca-37-mm-liner-espumado-cintillo-seguridad\/#primaryimage"},"thumbnailUrl":"https:\/\/plastimex.mx\/wp-content\/uploads\/2021\/07\/Tapa-Rosca-37-mm-Liner-espumado-con-cintillo-de-seguridad-Plastimex-1.png","datePublished":"2021-07-26T19:41:05+00:00","dateModified":"2026-04-08T17:58:00+00:00","description":"La tapa rosca 37 mm con Liner espumado y cintillo de seguridad es perfecta para envases con un di\u00e1metro de corona de 37 mm. Solicita una cotizaci\u00f3n.","breadcrumb":{"@id":"https:\/\/plastimex.mx\/product\/tapa-rosca-37-mm-liner-espumado-cintillo-seguridad\/#breadcrumb"},"inLanguage":"en-US","potentialAction":[{"@type":"ReadAction","target":["https:\/\/plastimex.mx\/product\/tapa-rosca-37-mm-liner-espumado-cintillo-seguridad\/"]}]},{"@type":"ImageObject","inLanguage":"en-US","@id":"https:\/\/plastimex.mx\/product\/tapa-rosca-37-mm-liner-espumado-cintillo-seguridad\/#primaryimage","url":"https:\/\/plastimex.mx\/wp-content\/uploads\/2021\/07\/Tapa-Rosca-37-mm-Liner-espumado-con-cintillo-de-seguridad-Plastimex-1.png","contentUrl":"https:\/\/plastimex.mx\/wp-content\/uploads\/2021\/07\/Tapa-Rosca-37-mm-Liner-espumado-con-cintillo-de-seguridad-Plastimex-1.png","width":386,"height":622,"caption":"Tapa Rosca 37 mm Liner espumado con cintillo de seguridad - Plastimex 1"},{"@type":"BreadcrumbList","@id":"https:\/\/plastimex.mx\/product\/tapa-rosca-37-mm-liner-espumado-cintillo-seguridad\/#breadcrumb","itemListElement":[{"@type":"ListItem","position":1,"name":"Home","item":"https:\/\/plastimex.mx\/"},{"@type":"ListItem","position":2,"name":"Shop","item":"https:\/\/plastimex.mx\/es_mx\/shop\/"},{"@type":"ListItem","position":3,"name":"Tapa Rosca 37 mm Liner espumado con cintillo de seguridad"}]},{"@type":"WebSite","@id":"https:\/\/plastimex.mx\/#website","url":"https:\/\/plastimex.mx\/","name":"Plastimex","description":"Plastimex","publisher":{"@id":"https:\/\/plastimex.mx\/#organization"},"potentialAction":[{"@type":"SearchAction","target":{"@type":"EntryPoint","urlTemplate":"https:\/\/plastimex.mx\/?s={search_term_string}"},"query-input":{"@type":"PropertyValueSpecification","valueRequired":true,"valueName":"search_term_string"}}],"inLanguage":"en-US"},{"@type":"Organization","@id":"https:\/\/plastimex.mx\/#organization","name":"Plastimex","url":"https:\/\/plastimex.mx\/","logo":{"@type":"ImageObject","inLanguage":"en-US","@id":"https:\/\/plastimex.mx\/#\/schema\/logo\/image\/","url":"https:\/\/plastimex.mx\/wp-content\/uploads\/2020\/02\/Plastimex-RGB.png","contentUrl":"https:\/\/plastimex.mx\/wp-content\/uploads\/2020\/02\/Plastimex-RGB.png","width":540,"height":171,"caption":"Plastimex"},"image":{"@id":"https:\/\/plastimex.mx\/#\/schema\/logo\/image\/"}}]}},"_links":{"self":[{"href":"https:\/\/plastimex.mx\/en\/wp-json\/wp\/v2\/product\/3421","targetHints":{"allow":["GET"]}}],"collection":[{"href":"https:\/\/plastimex.mx\/en\/wp-json\/wp\/v2\/product"}],"about":[{"href":"https:\/\/plastimex.mx\/en\/wp-json\/wp\/v2\/types\/product"}],"wp:featuredmedia":[{"embeddable":true,"href":"https:\/\/plastimex.mx\/en\/wp-json\/wp\/v2\/media\/6131"}],"wp:attachment":[{"href":"https:\/\/plastimex.mx\/en\/wp-json\/wp\/v2\/media?parent=3421"}],"wp:term":[{"taxonomy":"product_brand","embeddable":true,"href":"https:\/\/plastimex.mx\/en\/wp-json\/wp\/v2\/product_brand?post=3421"},{"taxonomy":"product_cat","embeddable":true,"href":"https:\/\/plastimex.mx\/en\/wp-json\/wp\/v2\/product_cat?post=3421"},{"taxonomy":"product_tag","embeddable":true,"href":"https:\/\/plastimex.mx\/en\/wp-json\/wp\/v2\/product_tag?post=3421"}],"curies":[{"name":"wp","href":"https:\/\/api.w.org\/{rel}","templated":true}]}}