{"id":1580,"date":"2021-07-02T23:12:24","date_gmt":"2021-07-02T23:12:24","guid":{"rendered":"https:\/\/plastimex.us\/?post_type=product&#038;p=1580"},"modified":"2026-04-07T15:15:59","modified_gmt":"2026-04-07T15:15:59","slug":"tapa-rosca-20-mm-liner-induccion","status":"publish","type":"product","link":"https:\/\/plastimex.mx\/en\/product\/tapa-rosca-20-mm-liner-induccion\/","title":{"rendered":"Tapa Rosca 20 mm Liner de inducci\u00f3n plateado"},"content":{"rendered":"<h4><strong>Tapa Rosca 20 mm<\/strong><\/h4>\n<p><span style=\"color: #000000;\"><strong><span class=\"caracteristicas-producto\">L<\/span><span class=\"nombre-interno\">iner de inducci\u00f3n plateado<\/span><\/strong><\/span><\/p>\n<p><em>Sellado herm\u00e9tico para envases peque\u00f1os<\/em><\/p>\n<p>La <strong>tapa rosca 20 mm<\/strong> fabricada con Polietileno de Alta Densidad (PEAD) mediante el proceso de moldeo por inyecci\u00f3n, cuenta con un<strong>\u00a0Liner\u00a0<\/strong><strong>de inducci\u00f3n<\/strong>\u00a0<strong>plateado\u00a0<\/strong>para evitar derrames y garantizar un sellado herm\u00e9tico a prueba de manipulaci\u00f3n.<\/p>\n<p>Ideal para envases peque\u00f1os que requieren\u00a0<span style=\"font-size: 16px; font-style: normal; font-weight: 400;\">protecci\u00f3n superior contra agentes contaminantes.\u00a0<\/span><\/p>\n<p><strong>Technical specifications:<\/strong><\/p>\n<p>Altura: 14.65 \u00b1 0.5 mm<\/p>\n<p>Di\u00e1metro: 20 \u00b1 0.5 mm<\/p>\n<p>Gramaje: 1.8 \u00b1 0.5 g<\/p>\n<p><strong>Compatible with:<\/strong><\/p>\n<p><a href=\"https:\/\/plastimex.mx\/en\/product\/envase-de-pet-60-ml-max\/\"><strong>Envase de PET Max 60 ml<\/strong><\/a><\/p>\n<p>(Se vende por separado)<\/p>\n<p>&nbsp;<\/p>\n<p><strong>Available Colors:<\/strong><\/p>\n<div class=\"contenedor-iconos-producto\">\n<div><img decoding=\"async\" class=\"\" src=\"https:\/\/maxipet.net\/images\/iconosprod\/colores\/blanco.webp\" alt=\"Blanco\" width=\"45\" height=\"45\" \/> White<\/div>\n<div><\/div>\n<\/div>\n<p>&nbsp;<\/p>\n<p><strong>Ideal for Use in:<\/strong><\/p>\n<div class=\"contenedor-iconos-producto\">\n<div><img decoding=\"async\" class=\"\" src=\"https:\/\/maxipet.net\/images\/iconosprod\/usos\/cosmetico.webp\" alt=\"Cosm\u00e9tico\" width=\"45\" height=\"45\" \/> Cosmetics\u00a0 \u00a0 \u00a0<img decoding=\"async\" class=\"\" src=\"https:\/\/maxipet.net\/images\/iconosprod\/usos\/farmaceutico.webp\" alt=\"Farmac\u00e9utico\" width=\"45\" height=\"45\" \/> Pharmaceuticals<\/div>\n<\/div>\n<p>&nbsp;<\/p>\n<div class=\"contenedor-imagen-pellet\">\n<p><strong>Package<\/strong><\/p>\n<p>58 cm de largo x 39 cm de ancho y una altura de 38 cm<\/p>\n<p>Peso: 12.1 kg<\/p>\n<div class=\"contenedor-imagen-pellet\">\n<p><img decoding=\"async\" src=\"https:\/\/maxipet.net\/media\/pso\/s\/img\/images\/caaj_nuevas_medidas.png.webp\" alt=\"caaj_nuevas_medidas.png\" \/><\/p>\n<\/div>\n<p>&nbsp;<\/p>\n<\/div>","protected":false},"excerpt":{"rendered":"<h4><strong>Tapa Rosca 20 mm <span style=\"color: #000000;\"><span class=\"caracteristicas-producto\">L<\/span><span class=\"nombre-interno\">iner de inducci\u00f3n plateado<\/span><\/span><\/strong><\/h4>","protected":false},"featured_media":6102,"template":"","meta":{"_acf_changed":false,"site-sidebar-layout":"default","site-content-layout":"default","ast-site-content-layout":"default","site-content-style":"default","site-sidebar-style":"default","ast-global-header-display":"","ast-banner-title-visibility":"","ast-main-header-display":"","ast-hfb-above-header-display":"","ast-hfb-below-header-display":"","ast-hfb-mobile-header-display":"","site-post-title":"","ast-breadcrumbs-content":"","ast-featured-img":"","footer-sml-layout":"","ast-disable-related-posts":"","theme-transparent-header-meta":"default","adv-header-id-meta":"","stick-header-meta":"default","header-above-stick-meta":"","header-main-stick-meta":"","header-below-stick-meta":"","astra-migrate-meta-layouts":"default","ast-page-background-enabled":"default","ast-page-background-meta":{"desktop":{"background-color":"var(--ast-global-color-4)","background-image":"","background-repeat":"repeat","background-position":"center center","background-size":"auto","background-attachment":"scroll","background-type":"","background-media":"","overlay-type":"","overlay-color":"","overlay-opacity":"","overlay-gradient":""},"tablet":{"background-color":"","background-image":"","background-repeat":"repeat","background-position":"center center","background-size":"auto","background-attachment":"scroll","background-type":"","background-media":"","overlay-type":"","overlay-color":"","overlay-opacity":"","overlay-gradient":""},"mobile":{"background-color":"","background-image":"","background-repeat":"repeat","background-position":"center center","background-size":"auto","background-attachment":"scroll","background-type":"","background-media":"","overlay-type":"","overlay-color":"","overlay-opacity":"","overlay-gradient":""}},"ast-content-background-meta":{"desktop":{"background-color":"var(--ast-global-color-5)","background-image":"","background-repeat":"repeat","background-position":"center center","background-size":"auto","background-attachment":"scroll","background-type":"","background-media":"","overlay-type":"","overlay-color":"","overlay-opacity":"","overlay-gradient":""},"tablet":{"background-color":"var(--ast-global-color-5)","background-image":"","background-repeat":"repeat","background-position":"center center","background-size":"auto","background-attachment":"scroll","background-type":"","background-media":"","overlay-type":"","overlay-color":"","overlay-opacity":"","overlay-gradient":""},"mobile":{"background-color":"var(--ast-global-color-5)","background-image":"","background-repeat":"repeat","background-position":"center center","background-size":"auto","background-attachment":"scroll","background-type":"","background-media":"","overlay-type":"","overlay-color":"","overlay-opacity":"","overlay-gradient":""}},"_joinchat":[]},"product_brand":[],"product_cat":[169],"product_tag":[],"class_list":{"0":"post-1580","1":"product","2":"type-product","3":"status-publish","4":"has-post-thumbnail","6":"product_cat-tapas","7":"desktop-align-left","8":"tablet-align-left","9":"mobile-align-left","11":"first","12":"instock","13":"shipping-taxable","14":"purchasable","15":"product-type-simple"},"acf":[],"yoast_head":"<!-- This site is optimized with the Yoast SEO plugin v27.5 - https:\/\/yoast.com\/product\/yoast-seo-wordpress\/ -->\n<title>Tapa Rosca 20 mm Liner de inducci\u00f3n plateado - Plastimex<\/title>\n<meta name=\"description\" content=\"La tapa rosca 20 mm con Liner de inducci\u00f3n plateado es perfecta para envases con un di\u00e1metro de corona de 20 mm. Solicita una cotizaci\u00f3n.\" \/>\n<meta name=\"robots\" content=\"index, follow, max-snippet:-1, max-image-preview:large, max-video-preview:-1\" \/>\n<link rel=\"canonical\" href=\"https:\/\/plastimex.mx\/en\/product\/tapa-rosca-20-mm-liner-induccion\/\" \/>\n<meta property=\"og:locale\" content=\"en_US\" \/>\n<meta property=\"og:type\" content=\"article\" \/>\n<meta property=\"og:title\" content=\"Tapa Rosca 20 mm Liner de inducci\u00f3n plateado - Plastimex\" \/>\n<meta property=\"og:description\" content=\"La tapa rosca 20 mm con Liner de inducci\u00f3n plateado es perfecta para envases con un di\u00e1metro de corona de 20 mm. Solicita una cotizaci\u00f3n.\" \/>\n<meta property=\"og:url\" content=\"https:\/\/plastimex.mx\/en\/product\/tapa-rosca-20-mm-liner-induccion\/\" \/>\n<meta property=\"og:site_name\" content=\"Plastimex\" \/>\n<meta property=\"article:modified_time\" content=\"2026-04-07T15:15:59+00:00\" \/>\n<meta property=\"og:image\" content=\"https:\/\/plastimex.mx\/wp-content\/uploads\/2021\/07\/Tapa-Rosca-20-mm-Liner-Plateado-de-induccion-Plastimex.png\" \/>\n\t<meta property=\"og:image:width\" content=\"386\" \/>\n\t<meta property=\"og:image:height\" content=\"622\" \/>\n\t<meta property=\"og:image:type\" content=\"image\/png\" \/>\n<meta name=\"twitter:card\" content=\"summary_large_image\" \/>\n<meta name=\"twitter:label1\" content=\"Est. reading time\" \/>\n\t<meta name=\"twitter:data1\" content=\"2 minutes\" \/>\n<script type=\"application\/ld+json\" class=\"yoast-schema-graph\">{\"@context\":\"https:\\\/\\\/schema.org\",\"@graph\":[{\"@type\":\"WebPage\",\"@id\":\"https:\\\/\\\/plastimex.mx\\\/product\\\/tapa-rosca-20-mm-liner-induccion\\\/\",\"url\":\"https:\\\/\\\/plastimex.mx\\\/product\\\/tapa-rosca-20-mm-liner-induccion\\\/\",\"name\":\"Tapa Rosca 20 mm Liner de inducci\u00f3n plateado - Plastimex\",\"isPartOf\":{\"@id\":\"https:\\\/\\\/plastimex.mx\\\/#website\"},\"primaryImageOfPage\":{\"@id\":\"https:\\\/\\\/plastimex.mx\\\/product\\\/tapa-rosca-20-mm-liner-induccion\\\/#primaryimage\"},\"image\":{\"@id\":\"https:\\\/\\\/plastimex.mx\\\/product\\\/tapa-rosca-20-mm-liner-induccion\\\/#primaryimage\"},\"thumbnailUrl\":\"https:\\\/\\\/plastimex.mx\\\/wp-content\\\/uploads\\\/2021\\\/07\\\/Tapa-Rosca-20-mm-Liner-Plateado-de-induccion-Plastimex.png\",\"datePublished\":\"2021-07-02T23:12:24+00:00\",\"dateModified\":\"2026-04-07T15:15:59+00:00\",\"description\":\"La tapa rosca 20 mm con Liner de inducci\u00f3n plateado es perfecta para envases con un di\u00e1metro de corona de 20 mm. Solicita una cotizaci\u00f3n.\",\"breadcrumb\":{\"@id\":\"https:\\\/\\\/plastimex.mx\\\/product\\\/tapa-rosca-20-mm-liner-induccion\\\/#breadcrumb\"},\"inLanguage\":\"en-US\",\"potentialAction\":[{\"@type\":\"ReadAction\",\"target\":[\"https:\\\/\\\/plastimex.mx\\\/product\\\/tapa-rosca-20-mm-liner-induccion\\\/\"]}]},{\"@type\":\"ImageObject\",\"inLanguage\":\"en-US\",\"@id\":\"https:\\\/\\\/plastimex.mx\\\/product\\\/tapa-rosca-20-mm-liner-induccion\\\/#primaryimage\",\"url\":\"https:\\\/\\\/plastimex.mx\\\/wp-content\\\/uploads\\\/2021\\\/07\\\/Tapa-Rosca-20-mm-Liner-Plateado-de-induccion-Plastimex.png\",\"contentUrl\":\"https:\\\/\\\/plastimex.mx\\\/wp-content\\\/uploads\\\/2021\\\/07\\\/Tapa-Rosca-20-mm-Liner-Plateado-de-induccion-Plastimex.png\",\"width\":386,\"height\":622,\"caption\":\"Tapa Rosca 20 mm Liner Plateado de inducci\u00f3n - Plastimex\"},{\"@type\":\"BreadcrumbList\",\"@id\":\"https:\\\/\\\/plastimex.mx\\\/product\\\/tapa-rosca-20-mm-liner-induccion\\\/#breadcrumb\",\"itemListElement\":[{\"@type\":\"ListItem\",\"position\":1,\"name\":\"Home\",\"item\":\"https:\\\/\\\/plastimex.mx\\\/\"},{\"@type\":\"ListItem\",\"position\":2,\"name\":\"Shop\",\"item\":\"https:\\\/\\\/plastimex.mx\\\/es_mx\\\/shop\\\/\"},{\"@type\":\"ListItem\",\"position\":3,\"name\":\"Tapa Rosca 20 mm Liner de inducci\u00f3n plateado\"}]},{\"@type\":\"WebSite\",\"@id\":\"https:\\\/\\\/plastimex.mx\\\/#website\",\"url\":\"https:\\\/\\\/plastimex.mx\\\/\",\"name\":\"Plastimex\",\"description\":\"Plastimex\",\"publisher\":{\"@id\":\"https:\\\/\\\/plastimex.mx\\\/#organization\"},\"potentialAction\":[{\"@type\":\"SearchAction\",\"target\":{\"@type\":\"EntryPoint\",\"urlTemplate\":\"https:\\\/\\\/plastimex.mx\\\/?s={search_term_string}\"},\"query-input\":{\"@type\":\"PropertyValueSpecification\",\"valueRequired\":true,\"valueName\":\"search_term_string\"}}],\"inLanguage\":\"en-US\"},{\"@type\":\"Organization\",\"@id\":\"https:\\\/\\\/plastimex.mx\\\/#organization\",\"name\":\"Plastimex\",\"url\":\"https:\\\/\\\/plastimex.mx\\\/\",\"logo\":{\"@type\":\"ImageObject\",\"inLanguage\":\"en-US\",\"@id\":\"https:\\\/\\\/plastimex.mx\\\/#\\\/schema\\\/logo\\\/image\\\/\",\"url\":\"https:\\\/\\\/plastimex.mx\\\/wp-content\\\/uploads\\\/2020\\\/02\\\/Plastimex-RGB.png\",\"contentUrl\":\"https:\\\/\\\/plastimex.mx\\\/wp-content\\\/uploads\\\/2020\\\/02\\\/Plastimex-RGB.png\",\"width\":540,\"height\":171,\"caption\":\"Plastimex\"},\"image\":{\"@id\":\"https:\\\/\\\/plastimex.mx\\\/#\\\/schema\\\/logo\\\/image\\\/\"}}]}<\/script>\n<!-- \/ Yoast SEO plugin. -->","yoast_head_json":{"title":"Tapa Rosca 20 mm Liner de inducci\u00f3n plateado - Plastimex","description":"La tapa rosca 20 mm con Liner de inducci\u00f3n plateado es perfecta para envases con un di\u00e1metro de corona de 20 mm. Solicita una cotizaci\u00f3n.","robots":{"index":"index","follow":"follow","max-snippet":"max-snippet:-1","max-image-preview":"max-image-preview:large","max-video-preview":"max-video-preview:-1"},"canonical":"https:\/\/plastimex.mx\/en\/product\/tapa-rosca-20-mm-liner-induccion\/","og_locale":"en_US","og_type":"article","og_title":"Tapa Rosca 20 mm Liner de inducci\u00f3n plateado - Plastimex","og_description":"La tapa rosca 20 mm con Liner de inducci\u00f3n plateado es perfecta para envases con un di\u00e1metro de corona de 20 mm. Solicita una cotizaci\u00f3n.","og_url":"https:\/\/plastimex.mx\/en\/product\/tapa-rosca-20-mm-liner-induccion\/","og_site_name":"Plastimex","article_modified_time":"2026-04-07T15:15:59+00:00","og_image":[{"width":386,"height":622,"url":"https:\/\/plastimex.mx\/wp-content\/uploads\/2021\/07\/Tapa-Rosca-20-mm-Liner-Plateado-de-induccion-Plastimex.png","type":"image\/png"}],"twitter_card":"summary_large_image","twitter_misc":{"Est. reading time":"2 minutes"},"schema":{"@context":"https:\/\/schema.org","@graph":[{"@type":"WebPage","@id":"https:\/\/plastimex.mx\/product\/tapa-rosca-20-mm-liner-induccion\/","url":"https:\/\/plastimex.mx\/product\/tapa-rosca-20-mm-liner-induccion\/","name":"Tapa Rosca 20 mm Liner de inducci\u00f3n plateado - Plastimex","isPartOf":{"@id":"https:\/\/plastimex.mx\/#website"},"primaryImageOfPage":{"@id":"https:\/\/plastimex.mx\/product\/tapa-rosca-20-mm-liner-induccion\/#primaryimage"},"image":{"@id":"https:\/\/plastimex.mx\/product\/tapa-rosca-20-mm-liner-induccion\/#primaryimage"},"thumbnailUrl":"https:\/\/plastimex.mx\/wp-content\/uploads\/2021\/07\/Tapa-Rosca-20-mm-Liner-Plateado-de-induccion-Plastimex.png","datePublished":"2021-07-02T23:12:24+00:00","dateModified":"2026-04-07T15:15:59+00:00","description":"La tapa rosca 20 mm con Liner de inducci\u00f3n plateado es perfecta para envases con un di\u00e1metro de corona de 20 mm. Solicita una cotizaci\u00f3n.","breadcrumb":{"@id":"https:\/\/plastimex.mx\/product\/tapa-rosca-20-mm-liner-induccion\/#breadcrumb"},"inLanguage":"en-US","potentialAction":[{"@type":"ReadAction","target":["https:\/\/plastimex.mx\/product\/tapa-rosca-20-mm-liner-induccion\/"]}]},{"@type":"ImageObject","inLanguage":"en-US","@id":"https:\/\/plastimex.mx\/product\/tapa-rosca-20-mm-liner-induccion\/#primaryimage","url":"https:\/\/plastimex.mx\/wp-content\/uploads\/2021\/07\/Tapa-Rosca-20-mm-Liner-Plateado-de-induccion-Plastimex.png","contentUrl":"https:\/\/plastimex.mx\/wp-content\/uploads\/2021\/07\/Tapa-Rosca-20-mm-Liner-Plateado-de-induccion-Plastimex.png","width":386,"height":622,"caption":"Tapa Rosca 20 mm Liner Plateado de inducci\u00f3n - Plastimex"},{"@type":"BreadcrumbList","@id":"https:\/\/plastimex.mx\/product\/tapa-rosca-20-mm-liner-induccion\/#breadcrumb","itemListElement":[{"@type":"ListItem","position":1,"name":"Home","item":"https:\/\/plastimex.mx\/"},{"@type":"ListItem","position":2,"name":"Shop","item":"https:\/\/plastimex.mx\/es_mx\/shop\/"},{"@type":"ListItem","position":3,"name":"Tapa Rosca 20 mm Liner de inducci\u00f3n plateado"}]},{"@type":"WebSite","@id":"https:\/\/plastimex.mx\/#website","url":"https:\/\/plastimex.mx\/","name":"Plastimex","description":"Plastimex","publisher":{"@id":"https:\/\/plastimex.mx\/#organization"},"potentialAction":[{"@type":"SearchAction","target":{"@type":"EntryPoint","urlTemplate":"https:\/\/plastimex.mx\/?s={search_term_string}"},"query-input":{"@type":"PropertyValueSpecification","valueRequired":true,"valueName":"search_term_string"}}],"inLanguage":"en-US"},{"@type":"Organization","@id":"https:\/\/plastimex.mx\/#organization","name":"Plastimex","url":"https:\/\/plastimex.mx\/","logo":{"@type":"ImageObject","inLanguage":"en-US","@id":"https:\/\/plastimex.mx\/#\/schema\/logo\/image\/","url":"https:\/\/plastimex.mx\/wp-content\/uploads\/2020\/02\/Plastimex-RGB.png","contentUrl":"https:\/\/plastimex.mx\/wp-content\/uploads\/2020\/02\/Plastimex-RGB.png","width":540,"height":171,"caption":"Plastimex"},"image":{"@id":"https:\/\/plastimex.mx\/#\/schema\/logo\/image\/"}}]}},"_links":{"self":[{"href":"https:\/\/plastimex.mx\/en\/wp-json\/wp\/v2\/product\/1580","targetHints":{"allow":["GET"]}}],"collection":[{"href":"https:\/\/plastimex.mx\/en\/wp-json\/wp\/v2\/product"}],"about":[{"href":"https:\/\/plastimex.mx\/en\/wp-json\/wp\/v2\/types\/product"}],"wp:featuredmedia":[{"embeddable":true,"href":"https:\/\/plastimex.mx\/en\/wp-json\/wp\/v2\/media\/6102"}],"wp:attachment":[{"href":"https:\/\/plastimex.mx\/en\/wp-json\/wp\/v2\/media?parent=1580"}],"wp:term":[{"taxonomy":"product_brand","embeddable":true,"href":"https:\/\/plastimex.mx\/en\/wp-json\/wp\/v2\/product_brand?post=1580"},{"taxonomy":"product_cat","embeddable":true,"href":"https:\/\/plastimex.mx\/en\/wp-json\/wp\/v2\/product_cat?post=1580"},{"taxonomy":"product_tag","embeddable":true,"href":"https:\/\/plastimex.mx\/en\/wp-json\/wp\/v2\/product_tag?post=1580"}],"curies":[{"name":"wp","href":"https:\/\/api.w.org\/{rel}","templated":true}]}}