{"id":1577,"date":"2021-05-05T21:25:35","date_gmt":"2021-05-05T21:25:35","guid":{"rendered":"https:\/\/plastimex.us\/?post_type=product&#038;p=1577"},"modified":"2026-04-02T22:54:06","modified_gmt":"2026-04-02T22:54:06","slug":"envase-pead-1-l-misil-light-anillado","status":"publish","type":"product","link":"https:\/\/plastimex.mx\/en\/product\/envase-pead-1-l-misil-light-anillado\/","title":{"rendered":"Envase PEAD 1 L Misil-Light Anillado"},"content":{"rendered":"<h4><strong>Envase PEAD 1 L Misil-Light Anillado<\/strong><\/h4>\n<p><span style=\"color: #333333;\"><strong>Cap R-50 mm<\/strong><\/span><\/p>\n<p><em>Mayor agarre y menor peso<\/em><\/p>\n<p>El\u00a0<strong>envase PEAD 1 L, <\/strong>Misil-Light, es una botella fabricada para almacenar y transportar productos que requieren mayor seguridad. La estructura de su cuerpo anillado permite que sea m\u00e1s resistente y de f\u00e1cil sujeci\u00f3n. Su construcci\u00f3n optimizada reduce el gramaje sin sacrificar resistencia estructural, por lo que es ideal para aquellas marcas que requieren funcionalidad premium en su l\u00ednea de productos.<\/p>\n<p>Es perfecto para m\u00faltiples aplicaciones industriales, sobre todo si se busca resistencia y ligereza a la vez. Con este envase no solo ahorrar\u00e1s almacenamiento, sino tambi\u00e9n peso, lo que se traduce en un menor gasto de transportaci\u00f3n y log\u00edstica. Es compatible con tapas cuya rosca sea de 50 mm.<\/p>\n<p><strong>Especificaciones t\u00e9cnicas:<\/strong><\/p>\n<p>Altura: 232.5 \u00b1 1 mm<\/p>\n<p>Di\u00e1metro: 85 \u00b1 1 mm<\/p>\n<p>Gramaje:\u00a070 \u00b1 3 g<\/p>\n<p><b><strong>Tapas compatibles con<\/strong>:\u00a0<\/b><\/p>\n<p><strong><a href=\"https:\/\/maxipet.net\/productos\/tapas\/product\/50-tapa-rosca-50mm-liner-induccion-pead\">Tapa R-50 mm con Liner de inducci\u00f3n Plateado<\/a><\/strong><\/p>\n<p><strong><a href=\"https:\/\/maxipet.net\/productos\/tapas\/product\/195-tapa-rosca-50mm-liner-induccion-valvula-ventilacion-pead\">Tapa R-50 mm con Liner de inducci\u00f3n Plateado y v\u00e1lvula de ventilaci\u00f3n<\/a><\/strong><\/p>\n<p>(Caps are sold separately)<\/p>\n<p>&nbsp;<\/p>\n<p><strong>Available Colors:<\/strong><\/p>\n<div class=\"contenedor-iconos-producto\">\n<div><img decoding=\"async\" class=\"\" src=\"https:\/\/maxipet.net\/images\/iconosprod\/colores\/blanco.webp\" alt=\"Blanco\" width=\"46\" height=\"46\" \/> White<\/div>\n<div><\/div>\n<\/div>\n<p>&nbsp;<\/p>\n<p><strong>Ideal for Use in:<\/strong><\/p>\n<p><img decoding=\"async\" class=\"\" style=\"font-style: inherit; font-weight: inherit;\" src=\"https:\/\/maxipet.net\/images\/iconosprod\/usos\/agroquimicos.webp\" alt=\"Agroqu\u00edmicos\" width=\"45\" height=\"45\" \/><span style=\"font-size: 16px;\"> Agrochemicals\u00a0 \u00a0 <img decoding=\"async\" class=\"\" src=\"https:\/\/maxipet.net\/images\/iconosprod\/usos\/alimenticio.webp\" alt=\"Alimenticio\" width=\"45\" height=\"45\" \/> Food\u00a0 \u00a0 \u00a0<\/span><img loading=\"lazy\" decoding=\"async\" class=\"\" style=\"font-style: inherit; font-weight: inherit;\" src=\"https:\/\/maxipet.net\/images\/iconosprod\/usos\/bebida.webp\" alt=\"Bebida\" width=\"46\" height=\"46\" \/><span style=\"font-size: 16px;\"> Bebidas\u00a0 \u00a0 <img loading=\"lazy\" decoding=\"async\" class=\"\" src=\"https:\/\/maxipet.net\/images\/iconosprod\/usos\/farmaceutico.webp\" alt=\"Farmac\u00e9utico\" width=\"40\" height=\"40\" \/> Pharmaceuticals<\/span><\/p>\n<p><img loading=\"lazy\" decoding=\"async\" class=\"\" style=\"font-style: inherit; font-weight: inherit;\" src=\"https:\/\/maxipet.net\/images\/iconosprod\/usos\/naturista.webp\" alt=\"Naturista\" width=\"47\" height=\"47\" \/><span style=\"font-size: 16px;\"> Natural\u00a0 \u00a0 \u00a0 \u00a0 \u00a0 \u00a0 <\/span><img loading=\"lazy\" decoding=\"async\" class=\"\" style=\"font-style: inherit; font-weight: inherit;\" src=\"https:\/\/maxipet.net\/images\/iconosprod\/usos\/quimicos.webp\" alt=\"Qu\u00edmicos\" width=\"45\" height=\"45\" \/><span style=\"font-size: 16px;\"> Chemicals<\/span><\/p>\n<p><strong style=\"font-size: 16px;\"><br \/>\nPaquete<\/strong><\/p>\n<div class=\"contenedor-imagen-pellet\">\n<p>91 cm (L) x 60 cm (W) x 24 cm (H)<\/p>\n<p>Weight: 5.5 kg<\/p>\n<\/div>\n<p><img loading=\"lazy\" decoding=\"async\" class=\"\" src=\"https:\/\/maxipet.net\/images\/MISIL_1L.webp\" alt=\"MISIL 1L\" width=\"415\" height=\"346\" \/><\/p>","protected":false},"excerpt":{"rendered":"<h4><strong>Envase PEAD 1 L Misil-Light Anillado<\/strong><\/h4>","protected":false},"featured_media":5835,"template":"","meta":{"_acf_changed":false,"_joinchat":[]},"product_brand":[],"product_cat":[170],"product_tag":[],"class_list":{"0":"post-1577","1":"product","2":"type-product","3":"status-publish","4":"has-post-thumbnail","6":"product_cat-pead","8":"first","9":"instock","10":"shipping-taxable","11":"purchasable","12":"product-type-simple"},"acf":[],"yoast_head":"<!-- This site is optimized with the Yoast SEO plugin v26.3 - https:\/\/yoast.com\/wordpress\/plugins\/seo\/ -->\n<title>Envase PEAD 1 L Misil-Light Anillado - Plastimex<\/title>\n<meta name=\"description\" content=\"El envase PEAD 1 L, Misil-Light Anillado, es apto para qu\u00edmicos, f\u00e1rmacos y alimentos. Compatible con tapa de 50 mm. Solicita una cotizaci\u00f3n.\" \/>\n<meta name=\"robots\" content=\"index, follow, max-snippet:-1, max-image-preview:large, max-video-preview:-1\" \/>\n<link rel=\"canonical\" href=\"https:\/\/plastimex.mx\/en\/product\/envase-pead-1-l-misil-light-anillado\/\" \/>\n<meta property=\"og:locale\" content=\"en_US\" \/>\n<meta property=\"og:type\" content=\"article\" \/>\n<meta property=\"og:title\" content=\"Envase PEAD 1 L Misil-Light Anillado - Plastimex\" \/>\n<meta property=\"og:description\" content=\"El envase PEAD 1 L, Misil-Light Anillado, es apto para qu\u00edmicos, f\u00e1rmacos y alimentos. Compatible con tapa de 50 mm. Solicita una cotizaci\u00f3n.\" \/>\n<meta property=\"og:url\" content=\"https:\/\/plastimex.mx\/en\/product\/envase-pead-1-l-misil-light-anillado\/\" \/>\n<meta property=\"og:site_name\" content=\"Plastimex\" \/>\n<meta property=\"article:modified_time\" content=\"2026-04-02T22:54:06+00:00\" \/>\n<meta property=\"og:image\" content=\"https:\/\/plastimex.mx\/wp-content\/uploads\/2021\/05\/Envase-PEAD-1-litro-Misil-Light-Anillado-Plastimex-1.png\" \/>\n\t<meta property=\"og:image:width\" content=\"386\" \/>\n\t<meta property=\"og:image:height\" content=\"622\" \/>\n\t<meta property=\"og:image:type\" content=\"image\/png\" \/>\n<meta name=\"twitter:card\" content=\"summary_large_image\" \/>\n<meta name=\"twitter:label1\" content=\"Est. reading time\" \/>\n\t<meta name=\"twitter:data1\" content=\"3 minutes\" \/>\n<script type=\"application\/ld+json\" class=\"yoast-schema-graph\">{\"@context\":\"https:\/\/schema.org\",\"@graph\":[{\"@type\":\"WebPage\",\"@id\":\"https:\/\/plastimex.mx\/product\/envase-pead-1-l-misil-light-anillado\/\",\"url\":\"https:\/\/plastimex.mx\/product\/envase-pead-1-l-misil-light-anillado\/\",\"name\":\"Envase PEAD 1 L Misil-Light Anillado - Plastimex\",\"isPartOf\":{\"@id\":\"https:\/\/plastimex.mx\/#website\"},\"primaryImageOfPage\":{\"@id\":\"https:\/\/plastimex.mx\/product\/envase-pead-1-l-misil-light-anillado\/#primaryimage\"},\"image\":{\"@id\":\"https:\/\/plastimex.mx\/product\/envase-pead-1-l-misil-light-anillado\/#primaryimage\"},\"thumbnailUrl\":\"https:\/\/plastimex.mx\/wp-content\/uploads\/2021\/05\/Envase-PEAD-1-litro-Misil-Light-Anillado-Plastimex-1.png\",\"datePublished\":\"2021-05-05T21:25:35+00:00\",\"dateModified\":\"2026-04-02T22:54:06+00:00\",\"description\":\"El envase PEAD 1 L, Misil-Light Anillado, es apto para qu\u00edmicos, f\u00e1rmacos y alimentos. Compatible con tapa de 50 mm. Solicita una cotizaci\u00f3n.\",\"breadcrumb\":{\"@id\":\"https:\/\/plastimex.mx\/product\/envase-pead-1-l-misil-light-anillado\/#breadcrumb\"},\"inLanguage\":\"en-US\",\"potentialAction\":[{\"@type\":\"ReadAction\",\"target\":[\"https:\/\/plastimex.mx\/product\/envase-pead-1-l-misil-light-anillado\/\"]}]},{\"@type\":\"ImageObject\",\"inLanguage\":\"en-US\",\"@id\":\"https:\/\/plastimex.mx\/product\/envase-pead-1-l-misil-light-anillado\/#primaryimage\",\"url\":\"https:\/\/plastimex.mx\/wp-content\/uploads\/2021\/05\/Envase-PEAD-1-litro-Misil-Light-Anillado-Plastimex-1.png\",\"contentUrl\":\"https:\/\/plastimex.mx\/wp-content\/uploads\/2021\/05\/Envase-PEAD-1-litro-Misil-Light-Anillado-Plastimex-1.png\",\"width\":386,\"height\":622,\"caption\":\"Envase PEAD 1 litro Misil-Light Anillado - Plastimex\"},{\"@type\":\"BreadcrumbList\",\"@id\":\"https:\/\/plastimex.mx\/product\/envase-pead-1-l-misil-light-anillado\/#breadcrumb\",\"itemListElement\":[{\"@type\":\"ListItem\",\"position\":1,\"name\":\"Home\",\"item\":\"https:\/\/plastimex.mx\/\"},{\"@type\":\"ListItem\",\"position\":2,\"name\":\"Shop\",\"item\":\"https:\/\/plastimex.mx\/es_mx\/shop\/\"},{\"@type\":\"ListItem\",\"position\":3,\"name\":\"Envase PEAD 1 L Misil-Light Anillado\"}]},{\"@type\":\"WebSite\",\"@id\":\"https:\/\/plastimex.mx\/#website\",\"url\":\"https:\/\/plastimex.mx\/\",\"name\":\"Plastimex\",\"description\":\"Plastimex\",\"publisher\":{\"@id\":\"https:\/\/plastimex.mx\/#organization\"},\"potentialAction\":[{\"@type\":\"SearchAction\",\"target\":{\"@type\":\"EntryPoint\",\"urlTemplate\":\"https:\/\/plastimex.mx\/?s={search_term_string}\"},\"query-input\":{\"@type\":\"PropertyValueSpecification\",\"valueRequired\":true,\"valueName\":\"search_term_string\"}}],\"inLanguage\":\"en-US\"},{\"@type\":\"Organization\",\"@id\":\"https:\/\/plastimex.mx\/#organization\",\"name\":\"Plastimex\",\"url\":\"https:\/\/plastimex.mx\/\",\"logo\":{\"@type\":\"ImageObject\",\"inLanguage\":\"en-US\",\"@id\":\"https:\/\/plastimex.mx\/#\/schema\/logo\/image\/\",\"url\":\"https:\/\/plastimex.mx\/wp-content\/uploads\/2020\/02\/Plastimex-RGB.png\",\"contentUrl\":\"https:\/\/plastimex.mx\/wp-content\/uploads\/2020\/02\/Plastimex-RGB.png\",\"width\":540,\"height\":171,\"caption\":\"Plastimex\"},\"image\":{\"@id\":\"https:\/\/plastimex.mx\/#\/schema\/logo\/image\/\"}}]}<\/script>\n<!-- \/ Yoast SEO plugin. -->","yoast_head_json":{"title":"Envase PEAD 1 L Misil-Light Anillado - Plastimex","description":"El envase PEAD 1 L, Misil-Light Anillado, es apto para qu\u00edmicos, f\u00e1rmacos y alimentos. Compatible con tapa de 50 mm. Solicita una cotizaci\u00f3n.","robots":{"index":"index","follow":"follow","max-snippet":"max-snippet:-1","max-image-preview":"max-image-preview:large","max-video-preview":"max-video-preview:-1"},"canonical":"https:\/\/plastimex.mx\/en\/product\/envase-pead-1-l-misil-light-anillado\/","og_locale":"en_US","og_type":"article","og_title":"Envase PEAD 1 L Misil-Light Anillado - Plastimex","og_description":"El envase PEAD 1 L, Misil-Light Anillado, es apto para qu\u00edmicos, f\u00e1rmacos y alimentos. Compatible con tapa de 50 mm. Solicita una cotizaci\u00f3n.","og_url":"https:\/\/plastimex.mx\/en\/product\/envase-pead-1-l-misil-light-anillado\/","og_site_name":"Plastimex","article_modified_time":"2026-04-02T22:54:06+00:00","og_image":[{"width":386,"height":622,"url":"https:\/\/plastimex.mx\/wp-content\/uploads\/2021\/05\/Envase-PEAD-1-litro-Misil-Light-Anillado-Plastimex-1.png","type":"image\/png"}],"twitter_card":"summary_large_image","twitter_misc":{"Est. reading time":"3 minutes"},"schema":{"@context":"https:\/\/schema.org","@graph":[{"@type":"WebPage","@id":"https:\/\/plastimex.mx\/product\/envase-pead-1-l-misil-light-anillado\/","url":"https:\/\/plastimex.mx\/product\/envase-pead-1-l-misil-light-anillado\/","name":"Envase PEAD 1 L Misil-Light Anillado - Plastimex","isPartOf":{"@id":"https:\/\/plastimex.mx\/#website"},"primaryImageOfPage":{"@id":"https:\/\/plastimex.mx\/product\/envase-pead-1-l-misil-light-anillado\/#primaryimage"},"image":{"@id":"https:\/\/plastimex.mx\/product\/envase-pead-1-l-misil-light-anillado\/#primaryimage"},"thumbnailUrl":"https:\/\/plastimex.mx\/wp-content\/uploads\/2021\/05\/Envase-PEAD-1-litro-Misil-Light-Anillado-Plastimex-1.png","datePublished":"2021-05-05T21:25:35+00:00","dateModified":"2026-04-02T22:54:06+00:00","description":"El envase PEAD 1 L, Misil-Light Anillado, es apto para qu\u00edmicos, f\u00e1rmacos y alimentos. Compatible con tapa de 50 mm. Solicita una cotizaci\u00f3n.","breadcrumb":{"@id":"https:\/\/plastimex.mx\/product\/envase-pead-1-l-misil-light-anillado\/#breadcrumb"},"inLanguage":"en-US","potentialAction":[{"@type":"ReadAction","target":["https:\/\/plastimex.mx\/product\/envase-pead-1-l-misil-light-anillado\/"]}]},{"@type":"ImageObject","inLanguage":"en-US","@id":"https:\/\/plastimex.mx\/product\/envase-pead-1-l-misil-light-anillado\/#primaryimage","url":"https:\/\/plastimex.mx\/wp-content\/uploads\/2021\/05\/Envase-PEAD-1-litro-Misil-Light-Anillado-Plastimex-1.png","contentUrl":"https:\/\/plastimex.mx\/wp-content\/uploads\/2021\/05\/Envase-PEAD-1-litro-Misil-Light-Anillado-Plastimex-1.png","width":386,"height":622,"caption":"Envase PEAD 1 litro Misil-Light Anillado - Plastimex"},{"@type":"BreadcrumbList","@id":"https:\/\/plastimex.mx\/product\/envase-pead-1-l-misil-light-anillado\/#breadcrumb","itemListElement":[{"@type":"ListItem","position":1,"name":"Home","item":"https:\/\/plastimex.mx\/"},{"@type":"ListItem","position":2,"name":"Shop","item":"https:\/\/plastimex.mx\/es_mx\/shop\/"},{"@type":"ListItem","position":3,"name":"Envase PEAD 1 L Misil-Light Anillado"}]},{"@type":"WebSite","@id":"https:\/\/plastimex.mx\/#website","url":"https:\/\/plastimex.mx\/","name":"Plastimex","description":"Plastimex","publisher":{"@id":"https:\/\/plastimex.mx\/#organization"},"potentialAction":[{"@type":"SearchAction","target":{"@type":"EntryPoint","urlTemplate":"https:\/\/plastimex.mx\/?s={search_term_string}"},"query-input":{"@type":"PropertyValueSpecification","valueRequired":true,"valueName":"search_term_string"}}],"inLanguage":"en-US"},{"@type":"Organization","@id":"https:\/\/plastimex.mx\/#organization","name":"Plastimex","url":"https:\/\/plastimex.mx\/","logo":{"@type":"ImageObject","inLanguage":"en-US","@id":"https:\/\/plastimex.mx\/#\/schema\/logo\/image\/","url":"https:\/\/plastimex.mx\/wp-content\/uploads\/2020\/02\/Plastimex-RGB.png","contentUrl":"https:\/\/plastimex.mx\/wp-content\/uploads\/2020\/02\/Plastimex-RGB.png","width":540,"height":171,"caption":"Plastimex"},"image":{"@id":"https:\/\/plastimex.mx\/#\/schema\/logo\/image\/"}}]}},"_links":{"self":[{"href":"https:\/\/plastimex.mx\/en\/wp-json\/wp\/v2\/product\/1577","targetHints":{"allow":["GET"]}}],"collection":[{"href":"https:\/\/plastimex.mx\/en\/wp-json\/wp\/v2\/product"}],"about":[{"href":"https:\/\/plastimex.mx\/en\/wp-json\/wp\/v2\/types\/product"}],"wp:featuredmedia":[{"embeddable":true,"href":"https:\/\/plastimex.mx\/en\/wp-json\/wp\/v2\/media\/5835"}],"wp:attachment":[{"href":"https:\/\/plastimex.mx\/en\/wp-json\/wp\/v2\/media?parent=1577"}],"wp:term":[{"taxonomy":"product_brand","embeddable":true,"href":"https:\/\/plastimex.mx\/en\/wp-json\/wp\/v2\/product_brand?post=1577"},{"taxonomy":"product_cat","embeddable":true,"href":"https:\/\/plastimex.mx\/en\/wp-json\/wp\/v2\/product_cat?post=1577"},{"taxonomy":"product_tag","embeddable":true,"href":"https:\/\/plastimex.mx\/en\/wp-json\/wp\/v2\/product_tag?post=1577"}],"curies":[{"name":"wp","href":"https:\/\/api.w.org\/{rel}","templated":true}]}}