{"id":1566,"date":"2021-04-15T21:23:45","date_gmt":"2021-04-15T21:23:45","guid":{"rendered":"https:\/\/plastimex.us\/?post_type=product&#038;p=1566"},"modified":"2026-04-22T19:49:32","modified_gmt":"2026-04-22T19:49:32","slug":"garrafa-de-pet-5-l-quimi-garrafa","status":"publish","type":"product","link":"https:\/\/plastimex.mx\/en\/product\/garrafa-de-pet-5-l-quimi-garrafa\/","title":{"rendered":"Garrafa de PET 5 L Quimi-Garrafa"},"content":{"rendered":"<h4><strong><span dir=\"auto\" style=\"vertical-align: inherit;\"><span dir=\"auto\" style=\"vertical-align: inherit;\"><span dir=\"auto\" style=\"vertical-align: inherit;\"><span dir=\"auto\" style=\"vertical-align: inherit;\">Garrafa de PET 5 L Quimi-Garrafa<\/span><\/span><\/span><\/span><\/strong><\/h4>\n<p><strong><span style=\"color: #333333;\"><span dir=\"auto\" style=\"vertical-align: inherit;\"><span dir=\"auto\" style=\"vertical-align: inherit;\"><span dir=\"auto\" style=\"vertical-align: inherit;\"><span dir=\"auto\" style=\"vertical-align: inherit;\">Cap R-50 mm<\/span><\/span><\/span><\/span><\/span><\/strong><\/p>\n<p class=\"font-claude-response-body break-words whitespace-normal leading-[1.7]\"><em>Resistente, segura y con certificaci\u00f3n UN<\/em><\/p>\n<p class=\"font-claude-response-body break-words whitespace-normal leading-[1.7]\"><span style=\"font-size: 16px; font-style: normal; font-weight: 400;\">La <\/span><strong style=\"font-size: 16px; font-style: normal;\">Garrafa de PET 5 L, <\/strong>Quimi-Garrafa,<span style=\"font-size: 16px; font-style: normal; font-weight: 400;\"> es la soluci\u00f3n ideal s<\/span>i buscas un envase seguro para productos qu\u00edmicos y agroqu\u00edmicos. Su dise\u00f1o cil\u00edndrico con cuerpo anillado ofrece una excelente resistencia mec\u00e1nica que evita su colapso. Como resultado, el almacenamiento y transporte de sustancias se vuelve mucho m\u00e1s seguro y confiable.<\/p>\n<p class=\"font-claude-response-body break-words whitespace-normal leading-[1.7]\">Adem\u00e1s, est\u00e1 fabricada en Tereftalato de Polietileno (PET) de alta calidad, por lo que garantiza durabilidad y resistencia qu\u00edmica superior. Tambi\u00e9n cuenta con <strong>certificaci\u00f3n UN<\/strong>, lo cual asegura el cumplimiento de normativas internacionales para el envasado de sustancias peligrosas.<\/p>\n<p class=\"font-claude-response-body break-words whitespace-normal leading-[1.7]\">Es la opci\u00f3n preferida por empresas de la industria qu\u00edmica, agroqu\u00edmica e industrial que necesitan un envase alineado con los m\u00e1s altos est\u00e1ndares de seguridad.<\/p>\n<p class=\"font-claude-response-body break-words whitespace-normal leading-[1.7]\"><strong>Technical specifications:<\/strong><\/p>\n<p>Altura: 314 \u00b1 1 mm<\/p>\n<p>Di\u00e1metro: 167.1 \u00b1 1 mm<\/p>\n<p>Gramaje: 121.5 \u00b1 1 g<\/p>\n<p class=\"p1\"><b>Compatible with:<\/b><\/p>\n<p><strong><a href=\"https:\/\/plastimex.mx\/en\/product\/tapa-rosca-50-mm-liner-induccion-pet\/\">Tapa R-50 mm con Liner de inducci\u00f3n Dorado<\/a><\/strong><\/p>\n<p><strong><a href=\"https:\/\/plastimex.mx\/en\/product\/tapa-rosca-50-mm-liner-induccion-valvula-ventilacion-pet\/\">Tapa R-50 mm con Liner de inducci\u00f3n Dorado y v\u00e1lvula de ventilaci\u00f3n<\/a><\/strong><\/p>\n<p><strong><a href=\"https:\/\/plastimex.mx\/en\/product\/asa-rosca-48-mm-50-mm\/\">Asa R-48 mm<\/a><\/strong><\/p>\n<p>(Caps are sold separately)<\/p>\n<p>&nbsp;<\/p>\n<p><strong>Available Colors:<\/strong><\/p>\n<div class=\"contenedor-iconos-producto\">\n<div><img decoding=\"async\" class=\"\" src=\"https:\/\/maxipet.net\/images\/iconosprod\/colores\/ambar.webp\" alt=\"\u00c1mbar\" width=\"38\" height=\"38\" \/> Amber\u00a0 \u00a0 \u00a0<img decoding=\"async\" class=\"\" src=\"https:\/\/maxipet.net\/images\/iconosprod\/colores\/blanco.webp\" alt=\"Blanco\" width=\"38\" height=\"38\" \/> White\u00a0 \u00a0 \u00a0<img decoding=\"async\" class=\"\" src=\"https:\/\/maxipet.net\/images\/iconosprod\/colores\/transparente.webp\" alt=\"Transparente\" width=\"39\" height=\"39\" \/> Transparent\u00a0 \u00a0 \u00a0<img loading=\"lazy\" decoding=\"async\" class=\"\" src=\"https:\/\/maxipet.net\/images\/iconosprod\/colores\/plata.webp\" alt=\"Gris\" width=\"38\" height=\"38\" \/>\u00a0Gray<\/div>\n<\/div>\n<p>&nbsp;<\/p>\n<p><strong>Ideal for Use in:<\/strong><\/p>\n<p><img loading=\"lazy\" decoding=\"async\" class=\"\" style=\"font-style: inherit; font-weight: inherit;\" src=\"https:\/\/maxipet.net\/images\/iconosprod\/usos\/agroquimicos.webp\" alt=\"Agroqu\u00edmicos\" width=\"39\" height=\"39\" \/><span style=\"font-size: 16px;\">\u00a0Agroqu\u00edmico\u00a0 \u00a0 \u00a0<\/span><img loading=\"lazy\" decoding=\"async\" class=\"\" style=\"font-style: inherit; font-weight: inherit;\" src=\"https:\/\/maxipet.net\/images\/iconosprod\/usos\/alimenticio.webp\" alt=\"Alimenticio\" width=\"38\" height=\"38\" \/><span style=\"font-size: 16px;\"> Food\u00a0 \u00a0 \u00a0<\/span><img loading=\"lazy\" decoding=\"async\" class=\"\" style=\"font-style: inherit; font-weight: inherit;\" src=\"https:\/\/maxipet.net\/images\/iconosprod\/usos\/farmaceutico.webp\" alt=\"Farmac\u00e9utico\" width=\"40\" height=\"40\" \/><span style=\"font-size: 16px;\"> Pharmaceuticals\u00a0 \u00a0 <\/span><img loading=\"lazy\" decoding=\"async\" class=\"\" style=\"font-style: inherit; font-weight: inherit;\" src=\"https:\/\/maxipet.net\/images\/iconosprod\/usos\/liquidos.webp\" alt=\"l\u00edquidos\" width=\"38\" height=\"38\" \/><span style=\"font-size: 16px;\"> Liquids\u00a0 \u00a0\u00a0<\/span><\/p>\n<p><img loading=\"lazy\" decoding=\"async\" class=\"\" src=\"https:\/\/maxipet.net\/images\/iconosprod\/usos\/quimicos.webp\" alt=\"Qu\u00edmicos\" width=\"38\" height=\"38\" \/> Qu\u00edmico\u00a0 \u00a0 \u00a0 \u00a0 \u00a0 \u00a0 \u00a0 \u00a0<img loading=\"lazy\" decoding=\"async\" class=\"\" src=\"https:\/\/maxipet.net\/images\/iconosprod\/usos\/veterinario.webp\" alt=\"Veterinario\" width=\"38\" height=\"38\" \/>\u00a0Veterinary<\/p>\n<p>&nbsp;<\/p>\n<p><strong>Package<\/strong><\/p>\n<p>120 cm (L) x 100 cm (W) x 95 cm (H)<\/p>\n<p>Weight: 15 kg<\/p>\n<p><img loading=\"lazy\" decoding=\"async\" class=\"\" src=\"https:\/\/maxipet.net\/images\/productos\/pallets\/pet\/Quimi-Garrafa-con-medida.webp\" alt=\"Quimi-Garrafa\" width=\"413\" height=\"321\" \/><\/p>","protected":false},"excerpt":{"rendered":"<h4><strong><span dir=\"auto\" style=\"vertical-align: inherit;\"><span dir=\"auto\" style=\"vertical-align: inherit;\"><span dir=\"auto\" style=\"vertical-align: inherit;\"><span dir=\"auto\" style=\"vertical-align: inherit;\">Garrafa de PET 5 L Quimi-Garrafa<\/span><\/span><\/span><\/span><\/strong><\/h4>","protected":false},"featured_media":5740,"template":"","meta":{"_acf_changed":false,"site-sidebar-layout":"default","site-content-layout":"default","ast-site-content-layout":"default","site-content-style":"default","site-sidebar-style":"default","ast-global-header-display":"","ast-banner-title-visibility":"","ast-main-header-display":"","ast-hfb-above-header-display":"","ast-hfb-below-header-display":"","ast-hfb-mobile-header-display":"","site-post-title":"","ast-breadcrumbs-content":"","ast-featured-img":"","footer-sml-layout":"","ast-disable-related-posts":"","theme-transparent-header-meta":"default","adv-header-id-meta":"","stick-header-meta":"default","header-above-stick-meta":"","header-main-stick-meta":"","header-below-stick-meta":"","astra-migrate-meta-layouts":"default","ast-page-background-enabled":"default","ast-page-background-meta":{"desktop":{"background-color":"var(--ast-global-color-4)","background-image":"","background-repeat":"repeat","background-position":"center center","background-size":"auto","background-attachment":"scroll","background-type":"","background-media":"","overlay-type":"","overlay-color":"","overlay-opacity":"","overlay-gradient":""},"tablet":{"background-color":"","background-image":"","background-repeat":"repeat","background-position":"center center","background-size":"auto","background-attachment":"scroll","background-type":"","background-media":"","overlay-type":"","overlay-color":"","overlay-opacity":"","overlay-gradient":""},"mobile":{"background-color":"","background-image":"","background-repeat":"repeat","background-position":"center center","background-size":"auto","background-attachment":"scroll","background-type":"","background-media":"","overlay-type":"","overlay-color":"","overlay-opacity":"","overlay-gradient":""}},"ast-content-background-meta":{"desktop":{"background-color":"var(--ast-global-color-5)","background-image":"","background-repeat":"repeat","background-position":"center center","background-size":"auto","background-attachment":"scroll","background-type":"","background-media":"","overlay-type":"","overlay-color":"","overlay-opacity":"","overlay-gradient":""},"tablet":{"background-color":"var(--ast-global-color-5)","background-image":"","background-repeat":"repeat","background-position":"center center","background-size":"auto","background-attachment":"scroll","background-type":"","background-media":"","overlay-type":"","overlay-color":"","overlay-opacity":"","overlay-gradient":""},"mobile":{"background-color":"var(--ast-global-color-5)","background-image":"","background-repeat":"repeat","background-position":"center center","background-size":"auto","background-attachment":"scroll","background-type":"","background-media":"","overlay-type":"","overlay-color":"","overlay-opacity":"","overlay-gradient":""}},"_joinchat":[]},"product_brand":[],"product_cat":[25],"product_tag":[],"class_list":{"0":"post-1566","1":"product","2":"type-product","3":"status-publish","4":"has-post-thumbnail","6":"product_cat-pet","7":"desktop-align-left","8":"tablet-align-left","9":"mobile-align-left","11":"first","12":"instock","13":"shipping-taxable","14":"purchasable","15":"product-type-simple"},"acf":[],"yoast_head":"<!-- This site is optimized with the Yoast SEO plugin v27.5 - https:\/\/yoast.com\/product\/yoast-seo-wordpress\/ -->\n<title>Garrafa de PET 5 L Quimi-Garrafa - Plastimex<\/title>\n<meta name=\"description\" content=\"La garrafa de PET 5 L, Quimi-Garrafa, es ideal para productos agroqu\u00edmicos y qu\u00edmicos. Compatible con tapa de 50 mm. Solicita una cotizaci\u00f3n.\" \/>\n<meta name=\"robots\" content=\"index, follow, max-snippet:-1, max-image-preview:large, max-video-preview:-1\" \/>\n<link rel=\"canonical\" href=\"https:\/\/plastimex.mx\/en\/product\/garrafa-de-pet-5-l-quimi-garrafa\/\" \/>\n<meta property=\"og:locale\" content=\"en_US\" \/>\n<meta property=\"og:type\" content=\"article\" \/>\n<meta property=\"og:title\" content=\"Garrafa de PET 5 L Quimi-Garrafa - Plastimex\" \/>\n<meta property=\"og:description\" content=\"La garrafa de PET 5 L, Quimi-Garrafa, es ideal para productos agroqu\u00edmicos y qu\u00edmicos. Compatible con tapa de 50 mm. Solicita una cotizaci\u00f3n.\" \/>\n<meta property=\"og:url\" content=\"https:\/\/plastimex.mx\/en\/product\/garrafa-de-pet-5-l-quimi-garrafa\/\" \/>\n<meta property=\"og:site_name\" content=\"Plastimex\" \/>\n<meta property=\"article:modified_time\" content=\"2026-04-22T19:49:32+00:00\" \/>\n<meta property=\"og:image\" content=\"https:\/\/plastimex.mx\/wp-content\/uploads\/2021\/04\/Envase-PET-5-L-Quimi-Garrafa-Plastimex-2.png\" \/>\n\t<meta property=\"og:image:width\" content=\"386\" \/>\n\t<meta property=\"og:image:height\" content=\"622\" \/>\n\t<meta property=\"og:image:type\" content=\"image\/png\" \/>\n<meta name=\"twitter:card\" content=\"summary_large_image\" \/>\n<meta name=\"twitter:label1\" content=\"Est. reading time\" \/>\n\t<meta name=\"twitter:data1\" content=\"4 minutes\" \/>\n<script type=\"application\/ld+json\" class=\"yoast-schema-graph\">{\"@context\":\"https:\\\/\\\/schema.org\",\"@graph\":[{\"@type\":\"WebPage\",\"@id\":\"https:\\\/\\\/plastimex.mx\\\/product\\\/garrafa-de-pet-5-l-quimi-garrafa\\\/\",\"url\":\"https:\\\/\\\/plastimex.mx\\\/product\\\/garrafa-de-pet-5-l-quimi-garrafa\\\/\",\"name\":\"Garrafa de PET 5 L Quimi-Garrafa - Plastimex\",\"isPartOf\":{\"@id\":\"https:\\\/\\\/plastimex.mx\\\/#website\"},\"primaryImageOfPage\":{\"@id\":\"https:\\\/\\\/plastimex.mx\\\/product\\\/garrafa-de-pet-5-l-quimi-garrafa\\\/#primaryimage\"},\"image\":{\"@id\":\"https:\\\/\\\/plastimex.mx\\\/product\\\/garrafa-de-pet-5-l-quimi-garrafa\\\/#primaryimage\"},\"thumbnailUrl\":\"https:\\\/\\\/plastimex.mx\\\/wp-content\\\/uploads\\\/2021\\\/04\\\/Envase-PET-5-L-Quimi-Garrafa-Plastimex-2.png\",\"datePublished\":\"2021-04-15T21:23:45+00:00\",\"dateModified\":\"2026-04-22T19:49:32+00:00\",\"description\":\"La garrafa de PET 5 L, Quimi-Garrafa, es ideal para productos agroqu\u00edmicos y qu\u00edmicos. Compatible con tapa de 50 mm. Solicita una cotizaci\u00f3n.\",\"breadcrumb\":{\"@id\":\"https:\\\/\\\/plastimex.mx\\\/product\\\/garrafa-de-pet-5-l-quimi-garrafa\\\/#breadcrumb\"},\"inLanguage\":\"en-US\",\"potentialAction\":[{\"@type\":\"ReadAction\",\"target\":[\"https:\\\/\\\/plastimex.mx\\\/product\\\/garrafa-de-pet-5-l-quimi-garrafa\\\/\"]}]},{\"@type\":\"ImageObject\",\"inLanguage\":\"en-US\",\"@id\":\"https:\\\/\\\/plastimex.mx\\\/product\\\/garrafa-de-pet-5-l-quimi-garrafa\\\/#primaryimage\",\"url\":\"https:\\\/\\\/plastimex.mx\\\/wp-content\\\/uploads\\\/2021\\\/04\\\/Envase-PET-5-L-Quimi-Garrafa-Plastimex-2.png\",\"contentUrl\":\"https:\\\/\\\/plastimex.mx\\\/wp-content\\\/uploads\\\/2021\\\/04\\\/Envase-PET-5-L-Quimi-Garrafa-Plastimex-2.png\",\"width\":386,\"height\":622,\"caption\":\"Envase PET 5 L Quimi-Garrafa - Plastimex 2\"},{\"@type\":\"BreadcrumbList\",\"@id\":\"https:\\\/\\\/plastimex.mx\\\/product\\\/garrafa-de-pet-5-l-quimi-garrafa\\\/#breadcrumb\",\"itemListElement\":[{\"@type\":\"ListItem\",\"position\":1,\"name\":\"Home\",\"item\":\"https:\\\/\\\/plastimex.mx\\\/\"},{\"@type\":\"ListItem\",\"position\":2,\"name\":\"Shop\",\"item\":\"https:\\\/\\\/plastimex.mx\\\/es_mx\\\/shop\\\/\"},{\"@type\":\"ListItem\",\"position\":3,\"name\":\"Garrafa de PET 5 L Quimi-Garrafa\"}]},{\"@type\":\"WebSite\",\"@id\":\"https:\\\/\\\/plastimex.mx\\\/#website\",\"url\":\"https:\\\/\\\/plastimex.mx\\\/\",\"name\":\"Plastimex\",\"description\":\"Plastimex\",\"publisher\":{\"@id\":\"https:\\\/\\\/plastimex.mx\\\/#organization\"},\"potentialAction\":[{\"@type\":\"SearchAction\",\"target\":{\"@type\":\"EntryPoint\",\"urlTemplate\":\"https:\\\/\\\/plastimex.mx\\\/?s={search_term_string}\"},\"query-input\":{\"@type\":\"PropertyValueSpecification\",\"valueRequired\":true,\"valueName\":\"search_term_string\"}}],\"inLanguage\":\"en-US\"},{\"@type\":\"Organization\",\"@id\":\"https:\\\/\\\/plastimex.mx\\\/#organization\",\"name\":\"Plastimex\",\"url\":\"https:\\\/\\\/plastimex.mx\\\/\",\"logo\":{\"@type\":\"ImageObject\",\"inLanguage\":\"en-US\",\"@id\":\"https:\\\/\\\/plastimex.mx\\\/#\\\/schema\\\/logo\\\/image\\\/\",\"url\":\"https:\\\/\\\/plastimex.mx\\\/wp-content\\\/uploads\\\/2020\\\/02\\\/Plastimex-RGB.png\",\"contentUrl\":\"https:\\\/\\\/plastimex.mx\\\/wp-content\\\/uploads\\\/2020\\\/02\\\/Plastimex-RGB.png\",\"width\":540,\"height\":171,\"caption\":\"Plastimex\"},\"image\":{\"@id\":\"https:\\\/\\\/plastimex.mx\\\/#\\\/schema\\\/logo\\\/image\\\/\"}}]}<\/script>\n<!-- \/ Yoast SEO plugin. -->","yoast_head_json":{"title":"Garrafa de PET 5 L Quimi-Garrafa - Plastimex","description":"La garrafa de PET 5 L, Quimi-Garrafa, es ideal para productos agroqu\u00edmicos y qu\u00edmicos. Compatible con tapa de 50 mm. Solicita una cotizaci\u00f3n.","robots":{"index":"index","follow":"follow","max-snippet":"max-snippet:-1","max-image-preview":"max-image-preview:large","max-video-preview":"max-video-preview:-1"},"canonical":"https:\/\/plastimex.mx\/en\/product\/garrafa-de-pet-5-l-quimi-garrafa\/","og_locale":"en_US","og_type":"article","og_title":"Garrafa de PET 5 L Quimi-Garrafa - Plastimex","og_description":"La garrafa de PET 5 L, Quimi-Garrafa, es ideal para productos agroqu\u00edmicos y qu\u00edmicos. Compatible con tapa de 50 mm. Solicita una cotizaci\u00f3n.","og_url":"https:\/\/plastimex.mx\/en\/product\/garrafa-de-pet-5-l-quimi-garrafa\/","og_site_name":"Plastimex","article_modified_time":"2026-04-22T19:49:32+00:00","og_image":[{"width":386,"height":622,"url":"https:\/\/plastimex.mx\/wp-content\/uploads\/2021\/04\/Envase-PET-5-L-Quimi-Garrafa-Plastimex-2.png","type":"image\/png"}],"twitter_card":"summary_large_image","twitter_misc":{"Est. reading time":"4 minutes"},"schema":{"@context":"https:\/\/schema.org","@graph":[{"@type":"WebPage","@id":"https:\/\/plastimex.mx\/product\/garrafa-de-pet-5-l-quimi-garrafa\/","url":"https:\/\/plastimex.mx\/product\/garrafa-de-pet-5-l-quimi-garrafa\/","name":"Garrafa de PET 5 L Quimi-Garrafa - Plastimex","isPartOf":{"@id":"https:\/\/plastimex.mx\/#website"},"primaryImageOfPage":{"@id":"https:\/\/plastimex.mx\/product\/garrafa-de-pet-5-l-quimi-garrafa\/#primaryimage"},"image":{"@id":"https:\/\/plastimex.mx\/product\/garrafa-de-pet-5-l-quimi-garrafa\/#primaryimage"},"thumbnailUrl":"https:\/\/plastimex.mx\/wp-content\/uploads\/2021\/04\/Envase-PET-5-L-Quimi-Garrafa-Plastimex-2.png","datePublished":"2021-04-15T21:23:45+00:00","dateModified":"2026-04-22T19:49:32+00:00","description":"La garrafa de PET 5 L, Quimi-Garrafa, es ideal para productos agroqu\u00edmicos y qu\u00edmicos. Compatible con tapa de 50 mm. Solicita una cotizaci\u00f3n.","breadcrumb":{"@id":"https:\/\/plastimex.mx\/product\/garrafa-de-pet-5-l-quimi-garrafa\/#breadcrumb"},"inLanguage":"en-US","potentialAction":[{"@type":"ReadAction","target":["https:\/\/plastimex.mx\/product\/garrafa-de-pet-5-l-quimi-garrafa\/"]}]},{"@type":"ImageObject","inLanguage":"en-US","@id":"https:\/\/plastimex.mx\/product\/garrafa-de-pet-5-l-quimi-garrafa\/#primaryimage","url":"https:\/\/plastimex.mx\/wp-content\/uploads\/2021\/04\/Envase-PET-5-L-Quimi-Garrafa-Plastimex-2.png","contentUrl":"https:\/\/plastimex.mx\/wp-content\/uploads\/2021\/04\/Envase-PET-5-L-Quimi-Garrafa-Plastimex-2.png","width":386,"height":622,"caption":"Envase PET 5 L Quimi-Garrafa - Plastimex 2"},{"@type":"BreadcrumbList","@id":"https:\/\/plastimex.mx\/product\/garrafa-de-pet-5-l-quimi-garrafa\/#breadcrumb","itemListElement":[{"@type":"ListItem","position":1,"name":"Home","item":"https:\/\/plastimex.mx\/"},{"@type":"ListItem","position":2,"name":"Shop","item":"https:\/\/plastimex.mx\/es_mx\/shop\/"},{"@type":"ListItem","position":3,"name":"Garrafa de PET 5 L Quimi-Garrafa"}]},{"@type":"WebSite","@id":"https:\/\/plastimex.mx\/#website","url":"https:\/\/plastimex.mx\/","name":"Plastimex","description":"Plastimex","publisher":{"@id":"https:\/\/plastimex.mx\/#organization"},"potentialAction":[{"@type":"SearchAction","target":{"@type":"EntryPoint","urlTemplate":"https:\/\/plastimex.mx\/?s={search_term_string}"},"query-input":{"@type":"PropertyValueSpecification","valueRequired":true,"valueName":"search_term_string"}}],"inLanguage":"en-US"},{"@type":"Organization","@id":"https:\/\/plastimex.mx\/#organization","name":"Plastimex","url":"https:\/\/plastimex.mx\/","logo":{"@type":"ImageObject","inLanguage":"en-US","@id":"https:\/\/plastimex.mx\/#\/schema\/logo\/image\/","url":"https:\/\/plastimex.mx\/wp-content\/uploads\/2020\/02\/Plastimex-RGB.png","contentUrl":"https:\/\/plastimex.mx\/wp-content\/uploads\/2020\/02\/Plastimex-RGB.png","width":540,"height":171,"caption":"Plastimex"},"image":{"@id":"https:\/\/plastimex.mx\/#\/schema\/logo\/image\/"}}]}},"_links":{"self":[{"href":"https:\/\/plastimex.mx\/en\/wp-json\/wp\/v2\/product\/1566","targetHints":{"allow":["GET"]}}],"collection":[{"href":"https:\/\/plastimex.mx\/en\/wp-json\/wp\/v2\/product"}],"about":[{"href":"https:\/\/plastimex.mx\/en\/wp-json\/wp\/v2\/types\/product"}],"wp:featuredmedia":[{"embeddable":true,"href":"https:\/\/plastimex.mx\/en\/wp-json\/wp\/v2\/media\/5740"}],"wp:attachment":[{"href":"https:\/\/plastimex.mx\/en\/wp-json\/wp\/v2\/media?parent=1566"}],"wp:term":[{"taxonomy":"product_brand","embeddable":true,"href":"https:\/\/plastimex.mx\/en\/wp-json\/wp\/v2\/product_brand?post=1566"},{"taxonomy":"product_cat","embeddable":true,"href":"https:\/\/plastimex.mx\/en\/wp-json\/wp\/v2\/product_cat?post=1566"},{"taxonomy":"product_tag","embeddable":true,"href":"https:\/\/plastimex.mx\/en\/wp-json\/wp\/v2\/product_tag?post=1566"}],"curies":[{"name":"wp","href":"https:\/\/api.w.org\/{rel}","templated":true}]}}