{"id":1519,"date":"2021-02-15T17:39:09","date_gmt":"2021-02-15T17:39:09","guid":{"rendered":"https:\/\/plastimex.us\/?post_type=product&#038;p=1519"},"modified":"2026-04-07T17:41:23","modified_gmt":"2026-04-07T17:41:23","slug":"envase-de-pet-120-ml-max","status":"publish","type":"product","link":"https:\/\/plastimex.mx\/en\/product\/envase-de-pet-120-ml-max\/","title":{"rendered":"PET Container 120 ml Max-120"},"content":{"rendered":"<h4><strong>PET Container 120 ml Max-120<\/strong><\/h4>\n<p><span style=\"color: #333333;\"><strong><span dir=\"auto\" style=\"vertical-align: inherit;\"><span dir=\"auto\" style=\"vertical-align: inherit;\">Cap R-24 mm<\/span><\/span><\/strong><\/span><\/p>\n<p><em>Practical and versatile for liquids and cosmetics<\/em><\/p>\n<p class=\"font-claude-response-body break-words whitespace-normal leading-[1.7]\">El <strong>The 120 ml PET container<\/strong> Max-120, is the perfect solution for those looking for a practical and versatile option for storing and distributing liquids. Made from high-quality Polyethylene Terephthalate (PET), it offers excellent impact resistance while keeping the contents safe and protected.<\/p>\n<p class=\"font-claude-response-body break-words whitespace-normal leading-[1.7]\">Its compact size makes it ideal for samples, travel, and everyday-use products, facilitating both distribution and storage. A reliable option for cosmetic, pharmaceutical, and personal care brands seeking functionality and a professional presentation.<\/p>\n<p class=\"font-claude-response-body break-words whitespace-normal leading-[1.7]\"><strong>Technical specifications:<\/strong><\/p>\n<p>Height: 114 \u00b1 1 mm<\/p>\n<p>Diameter: 45.1 \u00b1 0.5 mm<\/p>\n<p>Weight: 14 \u00b1 0.8 g<\/p>\n<p><b>Compatible with<\/b>:<\/p>\n<div>\n<p><a href=\"https:\/\/plastimex.mx\/en\/product\/tapa-fliptop-rosca-24-mm-linerless\/\"><strong>R-24 mm Flip Top Linerless Cap<\/strong><\/a><\/p>\n<p><a href=\"https:\/\/plastimex.mx\/en\/product\/tapa-rosca-24-mm-linerless-cintillo-seguridad\/\"><strong>R-24 mm Linerless Cap with safety band<\/strong><\/a><\/p>\n<div><a href=\"https:\/\/plastimex.mx\/en\/product\/tapa-rosca-24-mm-liner-pebd-cintillo-seguridad\/\"><strong>R-24 Cap with LDPE liner and safety band<\/strong><\/a><\/div>\n<p>(Caps are sold separately)<\/p>\n<\/div>\n<p>&nbsp;<\/p>\n<p><strong>Available Colors:<\/strong><\/p>\n<div class=\"contenedor-iconos-producto\">\n<div><img decoding=\"async\" class=\"\" src=\"https:\/\/maxipet.net\/images\/iconosprod\/colores\/ambar.webp\" alt=\"\u00c1mbar\" width=\"40\" height=\"40\" \/> Amber\u00a0 \u00a0 \u00a0<img decoding=\"async\" class=\"\" src=\"https:\/\/maxipet.net\/images\/iconosprod\/colores\/blanco.webp\" alt=\"Blanco\" width=\"41\" height=\"41\" \/> White\u00a0 \u00a0 \u00a0<img decoding=\"async\" class=\"\" src=\"https:\/\/maxipet.net\/images\/iconosprod\/colores\/transparente.webp\" alt=\"Transparente\" width=\"39\" height=\"39\" \/> Transparent<\/div>\n<div><\/div>\n<\/div>\n<p>&nbsp;<\/p>\n<p><strong>Ideal for Use in:<\/strong><\/p>\n<div class=\"contenedor-iconos-producto\">\n<div><img loading=\"lazy\" decoding=\"async\" class=\"\" src=\"https:\/\/maxipet.net\/images\/iconosprod\/usos\/alimenticio.webp\" alt=\"Alimenticio\" width=\"38\" height=\"38\" \/> Food\u00a0 \u00a0 \u00a0<img loading=\"lazy\" decoding=\"async\" class=\"\" src=\"https:\/\/maxipet.net\/images\/iconosprod\/usos\/cosmetico.webp\" alt=\"Cosm\u00e9tico\" width=\"38\" height=\"38\" \/> Cosmetics\u00a0 \u00a0 \u00a0<img loading=\"lazy\" decoding=\"async\" class=\"\" src=\"https:\/\/maxipet.net\/images\/iconosprod\/usos\/farmaceutico.webp\" alt=\"Farmac\u00e9utico\" width=\"36\" height=\"36\" \/> Pharmaceuticals\u00a0 \u00a0 \u00a0<img loading=\"lazy\" decoding=\"async\" class=\"\" src=\"https:\/\/maxipet.net\/images\/iconosprod\/usos\/quimicos.webp\" alt=\"Qu\u00edmicos\" width=\"40\" height=\"40\" \/>\u00a0Chemicals<\/div>\n<\/div>\n<p>&nbsp;<\/p>\n<p><strong>Package<\/strong><\/p>\n<p>112 cm length x 71 cm width x 14 cm height<\/p>\n<p>Wight: 6.5 kg<\/p>\n<p><img decoding=\"async\" src=\"https:\/\/maxipet.net\/media\/pso\/s\/img\/images\/max_120-60.png.webp\" alt=\"max 120 60\" \/><\/p>","protected":false},"excerpt":{"rendered":"<h4><strong>Envase de PET 120 ml\u00a0 Max-120<\/strong><\/h4>","protected":false},"featured_media":5892,"template":"","meta":{"_acf_changed":false,"site-sidebar-layout":"default","site-content-layout":"default","ast-site-content-layout":"default","site-content-style":"default","site-sidebar-style":"default","ast-global-header-display":"","ast-banner-title-visibility":"","ast-main-header-display":"","ast-hfb-above-header-display":"","ast-hfb-below-header-display":"","ast-hfb-mobile-header-display":"","site-post-title":"","ast-breadcrumbs-content":"","ast-featured-img":"","footer-sml-layout":"","ast-disable-related-posts":"","theme-transparent-header-meta":"default","adv-header-id-meta":"","stick-header-meta":"default","header-above-stick-meta":"","header-main-stick-meta":"","header-below-stick-meta":"","astra-migrate-meta-layouts":"default","ast-page-background-enabled":"default","ast-page-background-meta":{"desktop":{"background-color":"var(--ast-global-color-4)","background-image":"","background-repeat":"repeat","background-position":"center center","background-size":"auto","background-attachment":"scroll","background-type":"","background-media":"","overlay-type":"","overlay-color":"","overlay-opacity":"","overlay-gradient":""},"tablet":{"background-color":"","background-image":"","background-repeat":"repeat","background-position":"center center","background-size":"auto","background-attachment":"scroll","background-type":"","background-media":"","overlay-type":"","overlay-color":"","overlay-opacity":"","overlay-gradient":""},"mobile":{"background-color":"","background-image":"","background-repeat":"repeat","background-position":"center center","background-size":"auto","background-attachment":"scroll","background-type":"","background-media":"","overlay-type":"","overlay-color":"","overlay-opacity":"","overlay-gradient":""}},"ast-content-background-meta":{"desktop":{"background-color":"var(--ast-global-color-5)","background-image":"","background-repeat":"repeat","background-position":"center center","background-size":"auto","background-attachment":"scroll","background-type":"","background-media":"","overlay-type":"","overlay-color":"","overlay-opacity":"","overlay-gradient":""},"tablet":{"background-color":"var(--ast-global-color-5)","background-image":"","background-repeat":"repeat","background-position":"center center","background-size":"auto","background-attachment":"scroll","background-type":"","background-media":"","overlay-type":"","overlay-color":"","overlay-opacity":"","overlay-gradient":""},"mobile":{"background-color":"var(--ast-global-color-5)","background-image":"","background-repeat":"repeat","background-position":"center center","background-size":"auto","background-attachment":"scroll","background-type":"","background-media":"","overlay-type":"","overlay-color":"","overlay-opacity":"","overlay-gradient":""}},"_joinchat":[]},"product_brand":[],"product_cat":[25],"product_tag":[],"class_list":{"0":"post-1519","1":"product","2":"type-product","3":"status-publish","4":"has-post-thumbnail","6":"product_cat-pet","7":"desktop-align-left","8":"tablet-align-left","9":"mobile-align-left","11":"first","12":"instock","13":"shipping-taxable","14":"purchasable","15":"product-type-simple"},"acf":[],"yoast_head":"<!-- This site is optimized with the Yoast SEO plugin v27.5 - https:\/\/yoast.com\/product\/yoast-seo-wordpress\/ -->\n<title>Envase de PET 120 ml Max-120 - Plastimex<\/title>\n<meta name=\"description\" content=\"El envase de PET 120 ml es ideal para productos alimenticios, farmac\u00e9uticos, cosm\u00e9ticos y qu\u00edmicos. Compatible con tapa de 24 mm. Solicita una cotizaci\u00f3n.\" \/>\n<meta name=\"robots\" content=\"index, follow, max-snippet:-1, max-image-preview:large, max-video-preview:-1\" \/>\n<link rel=\"canonical\" href=\"https:\/\/plastimex.mx\/en\/product\/envase-de-pet-120-ml-max\/\" \/>\n<meta property=\"og:locale\" content=\"en_US\" \/>\n<meta property=\"og:type\" content=\"article\" \/>\n<meta property=\"og:title\" content=\"Envase de PET 120 ml Max-120 - Plastimex\" \/>\n<meta property=\"og:description\" content=\"El envase de PET 120 ml es ideal para productos alimenticios, farmac\u00e9uticos, cosm\u00e9ticos y qu\u00edmicos. Compatible con tapa de 24 mm. Solicita una cotizaci\u00f3n.\" \/>\n<meta property=\"og:url\" content=\"https:\/\/plastimex.mx\/en\/product\/envase-de-pet-120-ml-max\/\" \/>\n<meta property=\"og:site_name\" content=\"Plastimex\" \/>\n<meta property=\"article:modified_time\" content=\"2026-04-07T17:41:23+00:00\" \/>\n<meta property=\"og:image\" content=\"https:\/\/plastimex.mx\/wp-content\/uploads\/2021\/02\/Envase-PET-120-ml-Max-120-Plastimex-3.png\" \/>\n\t<meta property=\"og:image:width\" content=\"386\" \/>\n\t<meta property=\"og:image:height\" content=\"622\" \/>\n\t<meta property=\"og:image:type\" content=\"image\/png\" \/>\n<meta name=\"twitter:card\" content=\"summary_large_image\" \/>\n<meta name=\"twitter:label1\" content=\"Est. reading time\" \/>\n\t<meta name=\"twitter:data1\" content=\"3 minutes\" \/>\n<script type=\"application\/ld+json\" class=\"yoast-schema-graph\">{\"@context\":\"https:\\\/\\\/schema.org\",\"@graph\":[{\"@type\":\"WebPage\",\"@id\":\"https:\\\/\\\/plastimex.mx\\\/product\\\/envase-de-pet-120-ml-max\\\/\",\"url\":\"https:\\\/\\\/plastimex.mx\\\/product\\\/envase-de-pet-120-ml-max\\\/\",\"name\":\"Envase de PET 120 ml Max-120 - Plastimex\",\"isPartOf\":{\"@id\":\"https:\\\/\\\/plastimex.mx\\\/#website\"},\"primaryImageOfPage\":{\"@id\":\"https:\\\/\\\/plastimex.mx\\\/product\\\/envase-de-pet-120-ml-max\\\/#primaryimage\"},\"image\":{\"@id\":\"https:\\\/\\\/plastimex.mx\\\/product\\\/envase-de-pet-120-ml-max\\\/#primaryimage\"},\"thumbnailUrl\":\"https:\\\/\\\/plastimex.mx\\\/wp-content\\\/uploads\\\/2021\\\/02\\\/Envase-PET-120-ml-Max-120-Plastimex-3.png\",\"datePublished\":\"2021-02-15T17:39:09+00:00\",\"dateModified\":\"2026-04-07T17:41:23+00:00\",\"description\":\"El envase de PET 120 ml es ideal para productos alimenticios, farmac\u00e9uticos, cosm\u00e9ticos y qu\u00edmicos. Compatible con tapa de 24 mm. Solicita una cotizaci\u00f3n.\",\"breadcrumb\":{\"@id\":\"https:\\\/\\\/plastimex.mx\\\/product\\\/envase-de-pet-120-ml-max\\\/#breadcrumb\"},\"inLanguage\":\"en-US\",\"potentialAction\":[{\"@type\":\"ReadAction\",\"target\":[\"https:\\\/\\\/plastimex.mx\\\/product\\\/envase-de-pet-120-ml-max\\\/\"]}]},{\"@type\":\"ImageObject\",\"inLanguage\":\"en-US\",\"@id\":\"https:\\\/\\\/plastimex.mx\\\/product\\\/envase-de-pet-120-ml-max\\\/#primaryimage\",\"url\":\"https:\\\/\\\/plastimex.mx\\\/wp-content\\\/uploads\\\/2021\\\/02\\\/Envase-PET-120-ml-Max-120-Plastimex-3.png\",\"contentUrl\":\"https:\\\/\\\/plastimex.mx\\\/wp-content\\\/uploads\\\/2021\\\/02\\\/Envase-PET-120-ml-Max-120-Plastimex-3.png\",\"width\":386,\"height\":622,\"caption\":\"Envase PET 120 ml Max-120 - Plastimex 3\"},{\"@type\":\"BreadcrumbList\",\"@id\":\"https:\\\/\\\/plastimex.mx\\\/product\\\/envase-de-pet-120-ml-max\\\/#breadcrumb\",\"itemListElement\":[{\"@type\":\"ListItem\",\"position\":1,\"name\":\"Home\",\"item\":\"https:\\\/\\\/plastimex.mx\\\/\"},{\"@type\":\"ListItem\",\"position\":2,\"name\":\"Shop\",\"item\":\"https:\\\/\\\/plastimex.mx\\\/es_mx\\\/shop\\\/\"},{\"@type\":\"ListItem\",\"position\":3,\"name\":\"Envase de PET 120 ml Max-120\"}]},{\"@type\":\"WebSite\",\"@id\":\"https:\\\/\\\/plastimex.mx\\\/#website\",\"url\":\"https:\\\/\\\/plastimex.mx\\\/\",\"name\":\"Plastimex\",\"description\":\"Plastimex\",\"publisher\":{\"@id\":\"https:\\\/\\\/plastimex.mx\\\/#organization\"},\"potentialAction\":[{\"@type\":\"SearchAction\",\"target\":{\"@type\":\"EntryPoint\",\"urlTemplate\":\"https:\\\/\\\/plastimex.mx\\\/?s={search_term_string}\"},\"query-input\":{\"@type\":\"PropertyValueSpecification\",\"valueRequired\":true,\"valueName\":\"search_term_string\"}}],\"inLanguage\":\"en-US\"},{\"@type\":\"Organization\",\"@id\":\"https:\\\/\\\/plastimex.mx\\\/#organization\",\"name\":\"Plastimex\",\"url\":\"https:\\\/\\\/plastimex.mx\\\/\",\"logo\":{\"@type\":\"ImageObject\",\"inLanguage\":\"en-US\",\"@id\":\"https:\\\/\\\/plastimex.mx\\\/#\\\/schema\\\/logo\\\/image\\\/\",\"url\":\"https:\\\/\\\/plastimex.mx\\\/wp-content\\\/uploads\\\/2020\\\/02\\\/Plastimex-RGB.png\",\"contentUrl\":\"https:\\\/\\\/plastimex.mx\\\/wp-content\\\/uploads\\\/2020\\\/02\\\/Plastimex-RGB.png\",\"width\":540,\"height\":171,\"caption\":\"Plastimex\"},\"image\":{\"@id\":\"https:\\\/\\\/plastimex.mx\\\/#\\\/schema\\\/logo\\\/image\\\/\"}}]}<\/script>\n<!-- \/ Yoast SEO plugin. -->","yoast_head_json":{"title":"Envase de PET 120 ml Max-120 - Plastimex","description":"El envase de PET 120 ml es ideal para productos alimenticios, farmac\u00e9uticos, cosm\u00e9ticos y qu\u00edmicos. Compatible con tapa de 24 mm. Solicita una cotizaci\u00f3n.","robots":{"index":"index","follow":"follow","max-snippet":"max-snippet:-1","max-image-preview":"max-image-preview:large","max-video-preview":"max-video-preview:-1"},"canonical":"https:\/\/plastimex.mx\/en\/product\/envase-de-pet-120-ml-max\/","og_locale":"en_US","og_type":"article","og_title":"Envase de PET 120 ml Max-120 - Plastimex","og_description":"El envase de PET 120 ml es ideal para productos alimenticios, farmac\u00e9uticos, cosm\u00e9ticos y qu\u00edmicos. Compatible con tapa de 24 mm. Solicita una cotizaci\u00f3n.","og_url":"https:\/\/plastimex.mx\/en\/product\/envase-de-pet-120-ml-max\/","og_site_name":"Plastimex","article_modified_time":"2026-04-07T17:41:23+00:00","og_image":[{"width":386,"height":622,"url":"https:\/\/plastimex.mx\/wp-content\/uploads\/2021\/02\/Envase-PET-120-ml-Max-120-Plastimex-3.png","type":"image\/png"}],"twitter_card":"summary_large_image","twitter_misc":{"Est. reading time":"3 minutes"},"schema":{"@context":"https:\/\/schema.org","@graph":[{"@type":"WebPage","@id":"https:\/\/plastimex.mx\/product\/envase-de-pet-120-ml-max\/","url":"https:\/\/plastimex.mx\/product\/envase-de-pet-120-ml-max\/","name":"Envase de PET 120 ml Max-120 - Plastimex","isPartOf":{"@id":"https:\/\/plastimex.mx\/#website"},"primaryImageOfPage":{"@id":"https:\/\/plastimex.mx\/product\/envase-de-pet-120-ml-max\/#primaryimage"},"image":{"@id":"https:\/\/plastimex.mx\/product\/envase-de-pet-120-ml-max\/#primaryimage"},"thumbnailUrl":"https:\/\/plastimex.mx\/wp-content\/uploads\/2021\/02\/Envase-PET-120-ml-Max-120-Plastimex-3.png","datePublished":"2021-02-15T17:39:09+00:00","dateModified":"2026-04-07T17:41:23+00:00","description":"El envase de PET 120 ml es ideal para productos alimenticios, farmac\u00e9uticos, cosm\u00e9ticos y qu\u00edmicos. Compatible con tapa de 24 mm. Solicita una cotizaci\u00f3n.","breadcrumb":{"@id":"https:\/\/plastimex.mx\/product\/envase-de-pet-120-ml-max\/#breadcrumb"},"inLanguage":"en-US","potentialAction":[{"@type":"ReadAction","target":["https:\/\/plastimex.mx\/product\/envase-de-pet-120-ml-max\/"]}]},{"@type":"ImageObject","inLanguage":"en-US","@id":"https:\/\/plastimex.mx\/product\/envase-de-pet-120-ml-max\/#primaryimage","url":"https:\/\/plastimex.mx\/wp-content\/uploads\/2021\/02\/Envase-PET-120-ml-Max-120-Plastimex-3.png","contentUrl":"https:\/\/plastimex.mx\/wp-content\/uploads\/2021\/02\/Envase-PET-120-ml-Max-120-Plastimex-3.png","width":386,"height":622,"caption":"Envase PET 120 ml Max-120 - Plastimex 3"},{"@type":"BreadcrumbList","@id":"https:\/\/plastimex.mx\/product\/envase-de-pet-120-ml-max\/#breadcrumb","itemListElement":[{"@type":"ListItem","position":1,"name":"Home","item":"https:\/\/plastimex.mx\/"},{"@type":"ListItem","position":2,"name":"Shop","item":"https:\/\/plastimex.mx\/es_mx\/shop\/"},{"@type":"ListItem","position":3,"name":"Envase de PET 120 ml Max-120"}]},{"@type":"WebSite","@id":"https:\/\/plastimex.mx\/#website","url":"https:\/\/plastimex.mx\/","name":"Plastimex","description":"Plastimex","publisher":{"@id":"https:\/\/plastimex.mx\/#organization"},"potentialAction":[{"@type":"SearchAction","target":{"@type":"EntryPoint","urlTemplate":"https:\/\/plastimex.mx\/?s={search_term_string}"},"query-input":{"@type":"PropertyValueSpecification","valueRequired":true,"valueName":"search_term_string"}}],"inLanguage":"en-US"},{"@type":"Organization","@id":"https:\/\/plastimex.mx\/#organization","name":"Plastimex","url":"https:\/\/plastimex.mx\/","logo":{"@type":"ImageObject","inLanguage":"en-US","@id":"https:\/\/plastimex.mx\/#\/schema\/logo\/image\/","url":"https:\/\/plastimex.mx\/wp-content\/uploads\/2020\/02\/Plastimex-RGB.png","contentUrl":"https:\/\/plastimex.mx\/wp-content\/uploads\/2020\/02\/Plastimex-RGB.png","width":540,"height":171,"caption":"Plastimex"},"image":{"@id":"https:\/\/plastimex.mx\/#\/schema\/logo\/image\/"}}]}},"_links":{"self":[{"href":"https:\/\/plastimex.mx\/en\/wp-json\/wp\/v2\/product\/1519","targetHints":{"allow":["GET"]}}],"collection":[{"href":"https:\/\/plastimex.mx\/en\/wp-json\/wp\/v2\/product"}],"about":[{"href":"https:\/\/plastimex.mx\/en\/wp-json\/wp\/v2\/types\/product"}],"wp:featuredmedia":[{"embeddable":true,"href":"https:\/\/plastimex.mx\/en\/wp-json\/wp\/v2\/media\/5892"}],"wp:attachment":[{"href":"https:\/\/plastimex.mx\/en\/wp-json\/wp\/v2\/media?parent=1519"}],"wp:term":[{"taxonomy":"product_brand","embeddable":true,"href":"https:\/\/plastimex.mx\/en\/wp-json\/wp\/v2\/product_brand?post=1519"},{"taxonomy":"product_cat","embeddable":true,"href":"https:\/\/plastimex.mx\/en\/wp-json\/wp\/v2\/product_cat?post=1519"},{"taxonomy":"product_tag","embeddable":true,"href":"https:\/\/plastimex.mx\/en\/wp-json\/wp\/v2\/product_tag?post=1519"}],"curies":[{"name":"wp","href":"https:\/\/api.w.org\/{rel}","templated":true}]}}