{"id":1511,"date":"2021-02-10T17:19:48","date_gmt":"2021-02-10T17:19:48","guid":{"rendered":"https:\/\/plastimex.us\/?post_type=product&#038;p=1511"},"modified":"2026-04-07T17:40:43","modified_gmt":"2026-04-07T17:40:43","slug":"envase-de-pet-60-ml-max","status":"publish","type":"product","link":"https:\/\/plastimex.mx\/en\/product\/envase-de-pet-60-ml-max\/","title":{"rendered":"Envase de PET 60 ml  Max-60"},"content":{"rendered":"<h4><strong>Envase de PET 60 ml\u00a0 Max-60<\/strong><\/h4>\n<p><span style=\"color: #333333;\"><strong>Cap R-20 mm<\/strong><\/span><\/p>\n<p><em>Pr\u00e1ctico y Vers\u00e1til para L\u00edquidos y Cosm\u00e9ticos<\/em><\/p>\n<p class=\"font-claude-response-body break-words whitespace-normal leading-[1.7]\">El <strong>envase de PET 60 ml, <\/strong>Max-60, es la soluci\u00f3n perfecta para quienes buscan una opci\u00f3n pr\u00e1ctica y vers\u00e1til para el almacenamiento y distribuci\u00f3n de l\u00edquidos. Fabricado en Tereftalato de Polietileno (PET) de alta calidad, ofrece excelente resistencia a impactos manteniendo el contenido seguro y protegido.<\/p>\n<p class=\"font-claude-response-body break-words whitespace-normal leading-[1.7]\">Its compact size makes it ideal for samples, travel, and everyday-use products, facilitating both distribution and storage. A reliable option for cosmetic, pharmaceutical, and personal care brands seeking functionality and a professional presentation.<\/p>\n<p class=\"font-claude-response-body break-words whitespace-normal leading-[1.7]\"><strong>Technical specifications:<\/strong><\/p>\n<p>Altura: 104 \u00b1 1 mm<\/p>\n<p>Di\u00e1metro: 33.2 \u00b1 0.5 mm<\/p>\n<p>Gramaje:\u00a010 \u00b1 0.5 g<\/p>\n<p class=\"p1\"><b>Compatible with<\/b>:<\/p>\n<p><a href=\"https:\/\/plastimex.mx\/en\/product\/tapa-rosca-20-mm-liner-induccion\/\"><strong>Tapa R-20 mm con Liner de inducci\u00f3n Plateado<\/strong><\/a><\/p>\n<p><strong><a href=\"https:\/\/plastimex.mx\/en\/product\/tapa-fliptop-rosca-20-mm-linerless\/\">Tapa R-20 mm Flip Top Linerless<\/a>\u00a0<\/strong><\/p>\n<p>(Caps are sold separately)<\/p>\n<p>&nbsp;<\/p>\n<p><strong>Available Colors:<\/strong><\/p>\n<div class=\"contenedor-iconos-producto\">\n<div><img decoding=\"async\" class=\"\" src=\"https:\/\/maxipet.net\/images\/iconosprod\/colores\/ambar.webp\" alt=\"\u00c1mbar\" width=\"44\" height=\"44\" \/> Amber\u00a0 \u00a0 \u00a0<img decoding=\"async\" class=\"\" src=\"https:\/\/maxipet.net\/images\/iconosprod\/colores\/blanco.webp\" alt=\"Blanco\" width=\"45\" height=\"45\" \/> White\u00a0 \u00a0 \u00a0<img decoding=\"async\" class=\"\" src=\"https:\/\/maxipet.net\/images\/iconosprod\/colores\/transparente.webp\" alt=\"Transparente\" width=\"45\" height=\"45\" \/> Transparent<\/div>\n<\/div>\n<div><\/div>\n<div>\n<p>&nbsp;<\/p>\n<p><strong>Ideal for Use in:<\/strong><\/p>\n<div class=\"contenedor-iconos-producto\">\n<div><img loading=\"lazy\" decoding=\"async\" class=\"\" src=\"https:\/\/maxipet.net\/images\/iconosprod\/usos\/alimenticio.webp\" alt=\"Alimenticio\" width=\"38\" height=\"38\" \/> Food\u00a0 \u00a0 \u00a0<img loading=\"lazy\" decoding=\"async\" class=\"\" src=\"https:\/\/maxipet.net\/images\/iconosprod\/usos\/cosmetico.webp\" alt=\"Cosm\u00e9tico\" width=\"45\" height=\"45\" \/> Cosmetics\u00a0 \u00a0 \u00a0<img loading=\"lazy\" decoding=\"async\" class=\"\" src=\"https:\/\/maxipet.net\/images\/iconosprod\/usos\/farmaceutico.webp\" alt=\"Farmac\u00e9utico\" width=\"45\" height=\"45\" \/> Pharmaceuticals\u00a0 \u00a0 \u00a0<img loading=\"lazy\" decoding=\"async\" class=\"\" src=\"https:\/\/maxipet.net\/images\/iconosprod\/usos\/naturista.webp\" alt=\"Naturista\" width=\"45\" height=\"45\" \/> Natural<\/div>\n<div><\/div>\n<div><img loading=\"lazy\" decoding=\"async\" class=\"\" src=\"https:\/\/maxipet.net\/images\/iconosprod\/usos\/quimicos.webp\" alt=\"Qu\u00edmicos\" width=\"45\" height=\"45\" \/> Chemicals<\/div>\n<\/div>\n<\/div>\n<div><\/div>\n<div>\n<p>&nbsp;<\/p>\n<p class=\"p1\"><b>Package<\/b><\/p>\n<p class=\"p1\">70 cm de largo x 109 cm de ancho y una altura de 10.5 cm<\/p>\n<p class=\"p1\">Weight: 8 kg<\/p>\n<p><img decoding=\"async\" src=\"https:\/\/maxipet.net\/media\/pso\/s\/img\/images\/max_60-20_1.webp\" alt=\"max 60 20 1\" \/><\/p>\n<\/div>\n<div><\/div>","protected":false},"excerpt":{"rendered":"<h4><strong>Envase de PET 60 ml\u00a0 Max-60<\/strong><\/h4>","protected":false},"featured_media":5878,"template":"","meta":{"_acf_changed":false,"site-sidebar-layout":"default","site-content-layout":"default","ast-site-content-layout":"default","site-content-style":"default","site-sidebar-style":"default","ast-global-header-display":"","ast-banner-title-visibility":"","ast-main-header-display":"","ast-hfb-above-header-display":"","ast-hfb-below-header-display":"","ast-hfb-mobile-header-display":"","site-post-title":"","ast-breadcrumbs-content":"","ast-featured-img":"","footer-sml-layout":"","ast-disable-related-posts":"","theme-transparent-header-meta":"default","adv-header-id-meta":"","stick-header-meta":"default","header-above-stick-meta":"","header-main-stick-meta":"","header-below-stick-meta":"","astra-migrate-meta-layouts":"default","ast-page-background-enabled":"default","ast-page-background-meta":{"desktop":{"background-color":"var(--ast-global-color-4)","background-image":"","background-repeat":"repeat","background-position":"center center","background-size":"auto","background-attachment":"scroll","background-type":"","background-media":"","overlay-type":"","overlay-color":"","overlay-opacity":"","overlay-gradient":""},"tablet":{"background-color":"","background-image":"","background-repeat":"repeat","background-position":"center center","background-size":"auto","background-attachment":"scroll","background-type":"","background-media":"","overlay-type":"","overlay-color":"","overlay-opacity":"","overlay-gradient":""},"mobile":{"background-color":"","background-image":"","background-repeat":"repeat","background-position":"center center","background-size":"auto","background-attachment":"scroll","background-type":"","background-media":"","overlay-type":"","overlay-color":"","overlay-opacity":"","overlay-gradient":""}},"ast-content-background-meta":{"desktop":{"background-color":"var(--ast-global-color-5)","background-image":"","background-repeat":"repeat","background-position":"center center","background-size":"auto","background-attachment":"scroll","background-type":"","background-media":"","overlay-type":"","overlay-color":"","overlay-opacity":"","overlay-gradient":""},"tablet":{"background-color":"var(--ast-global-color-5)","background-image":"","background-repeat":"repeat","background-position":"center center","background-size":"auto","background-attachment":"scroll","background-type":"","background-media":"","overlay-type":"","overlay-color":"","overlay-opacity":"","overlay-gradient":""},"mobile":{"background-color":"var(--ast-global-color-5)","background-image":"","background-repeat":"repeat","background-position":"center center","background-size":"auto","background-attachment":"scroll","background-type":"","background-media":"","overlay-type":"","overlay-color":"","overlay-opacity":"","overlay-gradient":""}},"_joinchat":[]},"product_brand":[],"product_cat":[25],"product_tag":[],"class_list":{"0":"post-1511","1":"product","2":"type-product","3":"status-publish","4":"has-post-thumbnail","6":"product_cat-pet","7":"desktop-align-left","8":"tablet-align-left","9":"mobile-align-left","11":"first","12":"instock","13":"shipping-taxable","14":"purchasable","15":"product-type-simple"},"acf":[],"yoast_head":"<!-- This site is optimized with the Yoast SEO plugin v27.5 - https:\/\/yoast.com\/product\/yoast-seo-wordpress\/ -->\n<title>Envase de PET 60 ml Max-60 - Plastimex<\/title>\n<meta name=\"description\" content=\"El envase de PET 60 ml es ideal para productos farmac\u00e9uticos, cosm\u00e9ticos y qu\u00edmicos. Compatible con tapa de 20 mm. Solicita una cotizaci\u00f3n.\" \/>\n<meta name=\"robots\" content=\"index, follow, max-snippet:-1, max-image-preview:large, max-video-preview:-1\" \/>\n<link rel=\"canonical\" href=\"https:\/\/plastimex.mx\/en\/product\/envase-de-pet-60-ml-max\/\" \/>\n<meta property=\"og:locale\" content=\"en_US\" \/>\n<meta property=\"og:type\" content=\"article\" \/>\n<meta property=\"og:title\" content=\"Envase de PET 60 ml Max-60 - Plastimex\" \/>\n<meta property=\"og:description\" content=\"El envase de PET 60 ml es ideal para productos farmac\u00e9uticos, cosm\u00e9ticos y qu\u00edmicos. Compatible con tapa de 20 mm. Solicita una cotizaci\u00f3n.\" \/>\n<meta property=\"og:url\" content=\"https:\/\/plastimex.mx\/en\/product\/envase-de-pet-60-ml-max\/\" \/>\n<meta property=\"og:site_name\" content=\"Plastimex\" \/>\n<meta property=\"article:modified_time\" content=\"2026-04-07T17:40:43+00:00\" \/>\n<meta property=\"og:image\" content=\"https:\/\/plastimex.mx\/wp-content\/uploads\/2021\/02\/Envase-PET-60-ml-Max-60-Plastimex-3.png\" \/>\n\t<meta property=\"og:image:width\" content=\"386\" \/>\n\t<meta property=\"og:image:height\" content=\"622\" \/>\n\t<meta property=\"og:image:type\" content=\"image\/png\" \/>\n<meta name=\"twitter:card\" content=\"summary_large_image\" \/>\n<meta name=\"twitter:label1\" content=\"Est. reading time\" \/>\n\t<meta name=\"twitter:data1\" content=\"3 minutes\" \/>\n<script type=\"application\/ld+json\" class=\"yoast-schema-graph\">{\"@context\":\"https:\\\/\\\/schema.org\",\"@graph\":[{\"@type\":\"WebPage\",\"@id\":\"https:\\\/\\\/plastimex.mx\\\/product\\\/envase-de-pet-60-ml-max\\\/\",\"url\":\"https:\\\/\\\/plastimex.mx\\\/product\\\/envase-de-pet-60-ml-max\\\/\",\"name\":\"Envase de PET 60 ml Max-60 - Plastimex\",\"isPartOf\":{\"@id\":\"https:\\\/\\\/plastimex.mx\\\/#website\"},\"primaryImageOfPage\":{\"@id\":\"https:\\\/\\\/plastimex.mx\\\/product\\\/envase-de-pet-60-ml-max\\\/#primaryimage\"},\"image\":{\"@id\":\"https:\\\/\\\/plastimex.mx\\\/product\\\/envase-de-pet-60-ml-max\\\/#primaryimage\"},\"thumbnailUrl\":\"https:\\\/\\\/plastimex.mx\\\/wp-content\\\/uploads\\\/2021\\\/02\\\/Envase-PET-60-ml-Max-60-Plastimex-3.png\",\"datePublished\":\"2021-02-10T17:19:48+00:00\",\"dateModified\":\"2026-04-07T17:40:43+00:00\",\"description\":\"El envase de PET 60 ml es ideal para productos farmac\u00e9uticos, cosm\u00e9ticos y qu\u00edmicos. Compatible con tapa de 20 mm. Solicita una cotizaci\u00f3n.\",\"breadcrumb\":{\"@id\":\"https:\\\/\\\/plastimex.mx\\\/product\\\/envase-de-pet-60-ml-max\\\/#breadcrumb\"},\"inLanguage\":\"en-US\",\"potentialAction\":[{\"@type\":\"ReadAction\",\"target\":[\"https:\\\/\\\/plastimex.mx\\\/product\\\/envase-de-pet-60-ml-max\\\/\"]}]},{\"@type\":\"ImageObject\",\"inLanguage\":\"en-US\",\"@id\":\"https:\\\/\\\/plastimex.mx\\\/product\\\/envase-de-pet-60-ml-max\\\/#primaryimage\",\"url\":\"https:\\\/\\\/plastimex.mx\\\/wp-content\\\/uploads\\\/2021\\\/02\\\/Envase-PET-60-ml-Max-60-Plastimex-3.png\",\"contentUrl\":\"https:\\\/\\\/plastimex.mx\\\/wp-content\\\/uploads\\\/2021\\\/02\\\/Envase-PET-60-ml-Max-60-Plastimex-3.png\",\"width\":386,\"height\":622,\"caption\":\"Envase PET 60 ml Max-60 - Plastimex 3\"},{\"@type\":\"BreadcrumbList\",\"@id\":\"https:\\\/\\\/plastimex.mx\\\/product\\\/envase-de-pet-60-ml-max\\\/#breadcrumb\",\"itemListElement\":[{\"@type\":\"ListItem\",\"position\":1,\"name\":\"Home\",\"item\":\"https:\\\/\\\/plastimex.mx\\\/\"},{\"@type\":\"ListItem\",\"position\":2,\"name\":\"Shop\",\"item\":\"https:\\\/\\\/plastimex.mx\\\/es_mx\\\/shop\\\/\"},{\"@type\":\"ListItem\",\"position\":3,\"name\":\"Envase de PET 60 ml Max-60\"}]},{\"@type\":\"WebSite\",\"@id\":\"https:\\\/\\\/plastimex.mx\\\/#website\",\"url\":\"https:\\\/\\\/plastimex.mx\\\/\",\"name\":\"Plastimex\",\"description\":\"Plastimex\",\"publisher\":{\"@id\":\"https:\\\/\\\/plastimex.mx\\\/#organization\"},\"potentialAction\":[{\"@type\":\"SearchAction\",\"target\":{\"@type\":\"EntryPoint\",\"urlTemplate\":\"https:\\\/\\\/plastimex.mx\\\/?s={search_term_string}\"},\"query-input\":{\"@type\":\"PropertyValueSpecification\",\"valueRequired\":true,\"valueName\":\"search_term_string\"}}],\"inLanguage\":\"en-US\"},{\"@type\":\"Organization\",\"@id\":\"https:\\\/\\\/plastimex.mx\\\/#organization\",\"name\":\"Plastimex\",\"url\":\"https:\\\/\\\/plastimex.mx\\\/\",\"logo\":{\"@type\":\"ImageObject\",\"inLanguage\":\"en-US\",\"@id\":\"https:\\\/\\\/plastimex.mx\\\/#\\\/schema\\\/logo\\\/image\\\/\",\"url\":\"https:\\\/\\\/plastimex.mx\\\/wp-content\\\/uploads\\\/2020\\\/02\\\/Plastimex-RGB.png\",\"contentUrl\":\"https:\\\/\\\/plastimex.mx\\\/wp-content\\\/uploads\\\/2020\\\/02\\\/Plastimex-RGB.png\",\"width\":540,\"height\":171,\"caption\":\"Plastimex\"},\"image\":{\"@id\":\"https:\\\/\\\/plastimex.mx\\\/#\\\/schema\\\/logo\\\/image\\\/\"}}]}<\/script>\n<!-- \/ Yoast SEO plugin. -->","yoast_head_json":{"title":"Envase de PET 60 ml Max-60 - Plastimex","description":"El envase de PET 60 ml es ideal para productos farmac\u00e9uticos, cosm\u00e9ticos y qu\u00edmicos. Compatible con tapa de 20 mm. Solicita una cotizaci\u00f3n.","robots":{"index":"index","follow":"follow","max-snippet":"max-snippet:-1","max-image-preview":"max-image-preview:large","max-video-preview":"max-video-preview:-1"},"canonical":"https:\/\/plastimex.mx\/en\/product\/envase-de-pet-60-ml-max\/","og_locale":"en_US","og_type":"article","og_title":"Envase de PET 60 ml Max-60 - Plastimex","og_description":"El envase de PET 60 ml es ideal para productos farmac\u00e9uticos, cosm\u00e9ticos y qu\u00edmicos. Compatible con tapa de 20 mm. Solicita una cotizaci\u00f3n.","og_url":"https:\/\/plastimex.mx\/en\/product\/envase-de-pet-60-ml-max\/","og_site_name":"Plastimex","article_modified_time":"2026-04-07T17:40:43+00:00","og_image":[{"width":386,"height":622,"url":"https:\/\/plastimex.mx\/wp-content\/uploads\/2021\/02\/Envase-PET-60-ml-Max-60-Plastimex-3.png","type":"image\/png"}],"twitter_card":"summary_large_image","twitter_misc":{"Est. reading time":"3 minutes"},"schema":{"@context":"https:\/\/schema.org","@graph":[{"@type":"WebPage","@id":"https:\/\/plastimex.mx\/product\/envase-de-pet-60-ml-max\/","url":"https:\/\/plastimex.mx\/product\/envase-de-pet-60-ml-max\/","name":"Envase de PET 60 ml Max-60 - Plastimex","isPartOf":{"@id":"https:\/\/plastimex.mx\/#website"},"primaryImageOfPage":{"@id":"https:\/\/plastimex.mx\/product\/envase-de-pet-60-ml-max\/#primaryimage"},"image":{"@id":"https:\/\/plastimex.mx\/product\/envase-de-pet-60-ml-max\/#primaryimage"},"thumbnailUrl":"https:\/\/plastimex.mx\/wp-content\/uploads\/2021\/02\/Envase-PET-60-ml-Max-60-Plastimex-3.png","datePublished":"2021-02-10T17:19:48+00:00","dateModified":"2026-04-07T17:40:43+00:00","description":"El envase de PET 60 ml es ideal para productos farmac\u00e9uticos, cosm\u00e9ticos y qu\u00edmicos. Compatible con tapa de 20 mm. Solicita una cotizaci\u00f3n.","breadcrumb":{"@id":"https:\/\/plastimex.mx\/product\/envase-de-pet-60-ml-max\/#breadcrumb"},"inLanguage":"en-US","potentialAction":[{"@type":"ReadAction","target":["https:\/\/plastimex.mx\/product\/envase-de-pet-60-ml-max\/"]}]},{"@type":"ImageObject","inLanguage":"en-US","@id":"https:\/\/plastimex.mx\/product\/envase-de-pet-60-ml-max\/#primaryimage","url":"https:\/\/plastimex.mx\/wp-content\/uploads\/2021\/02\/Envase-PET-60-ml-Max-60-Plastimex-3.png","contentUrl":"https:\/\/plastimex.mx\/wp-content\/uploads\/2021\/02\/Envase-PET-60-ml-Max-60-Plastimex-3.png","width":386,"height":622,"caption":"Envase PET 60 ml Max-60 - Plastimex 3"},{"@type":"BreadcrumbList","@id":"https:\/\/plastimex.mx\/product\/envase-de-pet-60-ml-max\/#breadcrumb","itemListElement":[{"@type":"ListItem","position":1,"name":"Home","item":"https:\/\/plastimex.mx\/"},{"@type":"ListItem","position":2,"name":"Shop","item":"https:\/\/plastimex.mx\/es_mx\/shop\/"},{"@type":"ListItem","position":3,"name":"Envase de PET 60 ml Max-60"}]},{"@type":"WebSite","@id":"https:\/\/plastimex.mx\/#website","url":"https:\/\/plastimex.mx\/","name":"Plastimex","description":"Plastimex","publisher":{"@id":"https:\/\/plastimex.mx\/#organization"},"potentialAction":[{"@type":"SearchAction","target":{"@type":"EntryPoint","urlTemplate":"https:\/\/plastimex.mx\/?s={search_term_string}"},"query-input":{"@type":"PropertyValueSpecification","valueRequired":true,"valueName":"search_term_string"}}],"inLanguage":"en-US"},{"@type":"Organization","@id":"https:\/\/plastimex.mx\/#organization","name":"Plastimex","url":"https:\/\/plastimex.mx\/","logo":{"@type":"ImageObject","inLanguage":"en-US","@id":"https:\/\/plastimex.mx\/#\/schema\/logo\/image\/","url":"https:\/\/plastimex.mx\/wp-content\/uploads\/2020\/02\/Plastimex-RGB.png","contentUrl":"https:\/\/plastimex.mx\/wp-content\/uploads\/2020\/02\/Plastimex-RGB.png","width":540,"height":171,"caption":"Plastimex"},"image":{"@id":"https:\/\/plastimex.mx\/#\/schema\/logo\/image\/"}}]}},"_links":{"self":[{"href":"https:\/\/plastimex.mx\/en\/wp-json\/wp\/v2\/product\/1511","targetHints":{"allow":["GET"]}}],"collection":[{"href":"https:\/\/plastimex.mx\/en\/wp-json\/wp\/v2\/product"}],"about":[{"href":"https:\/\/plastimex.mx\/en\/wp-json\/wp\/v2\/types\/product"}],"wp:featuredmedia":[{"embeddable":true,"href":"https:\/\/plastimex.mx\/en\/wp-json\/wp\/v2\/media\/5878"}],"wp:attachment":[{"href":"https:\/\/plastimex.mx\/en\/wp-json\/wp\/v2\/media?parent=1511"}],"wp:term":[{"taxonomy":"product_brand","embeddable":true,"href":"https:\/\/plastimex.mx\/en\/wp-json\/wp\/v2\/product_brand?post=1511"},{"taxonomy":"product_cat","embeddable":true,"href":"https:\/\/plastimex.mx\/en\/wp-json\/wp\/v2\/product_cat?post=1511"},{"taxonomy":"product_tag","embeddable":true,"href":"https:\/\/plastimex.mx\/en\/wp-json\/wp\/v2\/product_tag?post=1511"}],"curies":[{"name":"wp","href":"https:\/\/api.w.org\/{rel}","templated":true}]}}