{"id":1081,"date":"2019-01-23T06:32:08","date_gmt":"2019-01-23T06:32:08","guid":{"rendered":"https:\/\/plastimex.us\/contact-us\/"},"modified":"2026-03-18T19:24:57","modified_gmt":"2026-03-18T19:24:57","slug":"contacto","status":"publish","type":"page","link":"https:\/\/plastimex.mx\/en\/contacto\/","title":{"rendered":"Contact Us"},"content":{"rendered":"<div data-elementor-type=\"wp-page\" data-elementor-id=\"1081\" class=\"elementor elementor-1081\" data-elementor-post-type=\"page\">\n\t\t\t\t\t\t<section class=\"elementor-section elementor-top-section elementor-element elementor-element-d7caf9b elementor-section-full_width elementor-hidden-mobile elementor-section-height-default elementor-section-height-default\" data-id=\"d7caf9b\" data-element_type=\"section\" data-settings=\"{&quot;background_background&quot;:&quot;classic&quot;}\">\n\t\t\t\t\t\t<div class=\"elementor-container elementor-column-gap-default\">\n\t\t\t\t\t<div class=\"elementor-column elementor-col-100 elementor-top-column elementor-element elementor-element-4c5266f\" data-id=\"4c5266f\" data-element_type=\"column\">\n\t\t\t<div class=\"elementor-widget-wrap elementor-element-populated\">\n\t\t\t\t\t\t<div class=\"elementor-element elementor-element-38cc654 elementor-widget elementor-widget-heading\" data-id=\"38cc654\" data-element_type=\"widget\" data-widget_type=\"heading.default\">\n\t\t\t\t<div class=\"elementor-widget-container\">\n\t\t\t\t\t<h2 class=\"elementor-heading-title elementor-size-default\">Contact Us<\/h2>\t\t\t\t<\/div>\n\t\t\t\t<\/div>\n\t\t\t\t<section class=\"elementor-section elementor-inner-section elementor-element elementor-element-39cfdc9 elementor-section-full_width elementor-section-height-min-height elementor-section-height-default\" data-id=\"39cfdc9\" data-element_type=\"section\" data-settings=\"{&quot;background_background&quot;:&quot;classic&quot;,&quot;background_motion_fx_motion_fx_scrolling&quot;:&quot;yes&quot;,&quot;background_motion_fx_devices&quot;:[&quot;desktop&quot;,&quot;tablet&quot;,&quot;mobile&quot;]}\">\n\t\t\t\t\t\t<div class=\"elementor-container elementor-column-gap-default\">\n\t\t\t\t\t<div class=\"elementor-column elementor-col-100 elementor-inner-column elementor-element elementor-element-4e8d049\" data-id=\"4e8d049\" data-element_type=\"column\">\n\t\t\t<div class=\"elementor-widget-wrap elementor-element-populated\">\n\t\t\t\t\t\t<div class=\"elementor-element elementor-element-5af5765 elementor-widget elementor-widget-text-editor\" data-id=\"5af5765\" data-element_type=\"widget\" data-widget_type=\"text-editor.default\">\n\t\t\t\t<div class=\"elementor-widget-container\">\n\t\t\t\t\t\t\t\t\t<p><a href=\"https:\/\/plastimex.mx\/en\/\">Home<\/a> \/ <a href=\"https:\/\/plastimex.mx\/en\/contacto\/\">Contact Us<\/a> \/ Clients<\/p>\t\t\t\t\t\t\t\t<\/div>\n\t\t\t\t<\/div>\n\t\t\t\t\t<\/div>\n\t\t<\/div>\n\t\t\t\t\t<\/div>\n\t\t<\/section>\n\t\t\t\t\t<\/div>\n\t\t<\/div>\n\t\t\t\t\t<\/div>\n\t\t<\/section>\n\t\t\t\t<section class=\"elementor-section elementor-top-section elementor-element elementor-element-2096522 elementor-hidden-desktop elementor-hidden-tablet elementor-section-boxed elementor-section-height-default elementor-section-height-default\" data-id=\"2096522\" data-element_type=\"section\" data-settings=\"{&quot;background_background&quot;:&quot;classic&quot;}\">\n\t\t\t\t\t\t<div class=\"elementor-container elementor-column-gap-default\">\n\t\t\t\t\t<div class=\"elementor-column elementor-col-100 elementor-top-column elementor-element elementor-element-3bbe36d\" data-id=\"3bbe36d\" data-element_type=\"column\">\n\t\t\t<div class=\"elementor-widget-wrap elementor-element-populated\">\n\t\t\t\t\t\t<div class=\"elementor-element elementor-element-35c2c55 elementor-widget elementor-widget-heading\" data-id=\"35c2c55\" data-element_type=\"widget\" data-widget_type=\"heading.default\">\n\t\t\t\t<div class=\"elementor-widget-container\">\n\t\t\t\t\t<h2 class=\"elementor-heading-title elementor-size-default\">Contact Us<\/h2>\t\t\t\t<\/div>\n\t\t\t\t<\/div>\n\t\t\t\t<div class=\"elementor-element elementor-element-76ece3c elementor-widget elementor-widget-text-editor\" data-id=\"76ece3c\" data-element_type=\"widget\" data-widget_type=\"text-editor.default\">\n\t\t\t\t<div class=\"elementor-widget-container\">\n\t\t\t\t\t\t\t\t\t<p><a href=\"https:\/\/plastimex.mx\/en\/\">Home<\/a> \/ <a href=\"https:\/\/plastimex.mx\/en\/contacto\/\">Contact Us<\/a> \/ Clients<\/p>\t\t\t\t\t\t\t\t<\/div>\n\t\t\t\t<\/div>\n\t\t\t\t\t<\/div>\n\t\t<\/div>\n\t\t\t\t\t<\/div>\n\t\t<\/section>\n\t\t\t\t<section class=\"elementor-section elementor-top-section elementor-element elementor-element-1c721a0 elementor-hidden-mobile elementor-section-boxed elementor-section-height-default elementor-section-height-default\" data-id=\"1c721a0\" data-element_type=\"section\">\n\t\t\t\t\t\t<div class=\"elementor-container elementor-column-gap-default\">\n\t\t\t\t\t<div class=\"elementor-column elementor-col-50 elementor-top-column elementor-element elementor-element-bc551ad elementor-hidden-mobile\" data-id=\"bc551ad\" data-element_type=\"column\">\n\t\t\t<div class=\"elementor-widget-wrap elementor-element-populated\">\n\t\t\t\t\t\t<div class=\"elementor-element elementor-element-1d2c758 elementor-widget__width-initial elementor-widget elementor-widget-html\" data-id=\"1d2c758\" data-element_type=\"widget\" data-widget_type=\"html.default\">\n\t\t\t\t<div class=\"elementor-widget-container\">\n\t\t\t\t\t<div id=\"zf_div_FWz90G9ZLseeuO9Ym0I-MX8-5VQN_o6l7b7ssn1GGGc\"><\/div>\n<script type=\"text\/javascript\">\n(function() {\n  try {\n    var container = document.getElementById(\"zf_div_FWz90G9ZLseeuO9Ym0I-MX8-5VQN_o6l7b7ssn1GGGc\");\n    \/\/ Verificar si ya existe un iframe\n    if (!container.querySelector('iframe')) {\n      var f = document.createElement(\"iframe\");\n      f.src = 'https:\/\/forms.zohopublic.com\/atencionaclientes1\/form\/Contact\/formperma\/FWz90G9ZLseeuO9Ym0I-MX8-5VQN_o6l7b7ssn1GGGc?zf_rszfm=1';\n      f.style.border = \"none\";\n      f.style.height = \"827px\";\n      f.style.width = \"90%\";\n      f.style.transition = \"all 0.5s ease\";\n      f.setAttribute(\"aria-label\", 'Contacto');\n      container.appendChild(f);\n    }\n    \n    window.addEventListener('message', function(event) {\n      var evntData = event.data;\n      if (evntData && evntData.constructor == String) {\n        var zf_ifrm_data = evntData.split(\"|\");\n        if (zf_ifrm_data.length == 2 || zf_ifrm_data.length == 3) {\n          var zf_perma = zf_ifrm_data[0];\n          var zf_ifrm_ht_nw = (parseInt(zf_ifrm_data[1], 10) + 15) + \"px\";\n          var iframe = container.getElementsByTagName(\"iframe\")[0];\n          if ((iframe.src).indexOf('formperma') > 0 && (iframe.src).indexOf(zf_perma) > 0) {\n            var prevIframeHeight = iframe.style.height;\n            var zf_tout = false;\n            if (zf_ifrm_data.length == 3) {\n              iframe.scrollIntoView();\n              zf_tout = true;\n            }\n            if (prevIframeHeight != zf_ifrm_ht_nw) {\n              if (zf_tout) {\n                setTimeout(function(){\n                  iframe.style.height = zf_ifrm_ht_nw;\n                }, 500);\n              } else {\n                iframe.style.height = zf_ifrm_ht_nw;\n              }\n            }\n          }\n        }\n      }\n    }, false);\n  } catch(e) {}\n})();\n<\/script>\n\t\t\t\t<\/div>\n\t\t\t\t<\/div>\n\t\t\t\t\t<\/div>\n\t\t<\/div>\n\t\t\t\t<div class=\"elementor-column elementor-col-50 elementor-top-column elementor-element elementor-element-a25c187\" data-id=\"a25c187\" data-element_type=\"column\">\n\t\t\t<div class=\"elementor-widget-wrap elementor-element-populated\">\n\t\t\t\t\t\t<div class=\"elementor-element elementor-element-70c9add elementor-widget elementor-widget-google_maps\" data-id=\"70c9add\" data-element_type=\"widget\" data-widget_type=\"google_maps.default\">\n\t\t\t\t<div class=\"elementor-widget-container\">\n\t\t\t\t\t\t\t<div class=\"elementor-custom-embed\">\n\t\t\t<iframe loading=\"lazy\"\n\t\t\t\t\tsrc=\"https:\/\/maps.google.com\/maps?q=Av.%20Central%20206%2C%20San%20Pedro%20de%20los%20Pinos%2C%20%C3%81lvaro%20Obreg%C3%B3n%2C%2001180%2C%20Ciudad%20de%20M%C3%A9xico&#038;t=m&#038;z=16&#038;output=embed&#038;iwloc=near\"\n\t\t\t\t\ttitle=\"Av. Central 206, San Pedro de los Pinos, \u00c1lvaro Obreg\u00f3n, 01180, Mexico City\"\n\t\t\t\t\taria-label=\"Av. Central 206, San Pedro de los Pinos, \u00c1lvaro Obreg\u00f3n, 01180, Mexico City\"\n\t\t\t><\/iframe>\n\t\t<\/div>\n\t\t\t\t\t\t<\/div>\n\t\t\t\t<\/div>\n\t\t\t\t<div class=\"elementor-element elementor-element-998be37 elementor-widget elementor-widget-heading\" data-id=\"998be37\" data-element_type=\"widget\" data-widget_type=\"heading.default\">\n\t\t\t\t<div class=\"elementor-widget-container\">\n\t\t\t\t\t<h2 class=\"elementor-heading-title elementor-size-default\">Contact Us<\/h2>\t\t\t\t<\/div>\n\t\t\t\t<\/div>\n\t\t\t\t<div class=\"elementor-element elementor-element-b6e6cf3 elementor-widget elementor-widget-text-editor\" data-id=\"b6e6cf3\" data-element_type=\"widget\" data-widget_type=\"text-editor.default\">\n\t\t\t\t<div class=\"elementor-widget-container\">\n\t\t\t\t\t\t\t\t\t<p><strong>Address:<\/strong><br \/>Av. Central No.206, Col. San Pedro de los Pinos, Alcald\u00eda \u00c1lvaro Obreg\u00f3n, C.P. 01180, Mexico City.<br \/><strong>Office hours (GMT-6: M\u00e9xico):<\/strong><br \/>Monday to Thursday 8:00 am - 6:00 pm<br \/>Friday de 8:30 am a 2:00 pm<br \/><strong>WhatsApp:<\/strong><br \/>Monday to Friday 8:00 am - 6:00 pm<br \/><a href=\"https:\/\/wa.me\/525579662389\">+52 55 7966 2389<\/a><br \/><strong>Phones:<\/strong><br \/><a href=\"tel:+525552729719\">55 5272 9719<\/a> <br \/><a href=\"tel:+525552762977\">55 5276 2977<\/a><br \/><strong>Email:<\/strong><br \/><a href=\"mailto:atencionaclientes@maxipet.net\">atencionaclientes@maxipet.net<\/a><\/p>\t\t\t\t\t\t\t\t<\/div>\n\t\t\t\t<\/div>\n\t\t\t\t<div class=\"elementor-element elementor-element-148f7a9 elementor-widget elementor-widget-heading\" data-id=\"148f7a9\" data-element_type=\"widget\" data-widget_type=\"heading.default\">\n\t\t\t\t<div class=\"elementor-widget-container\">\n\t\t\t\t\t<h2 class=\"elementor-heading-title elementor-size-default\">Distributor in the Dominican Republic and Cuba<\/h2>\t\t\t\t<\/div>\n\t\t\t\t<\/div>\n\t\t\t\t<div class=\"elementor-element elementor-element-d470b20 elementor-widget elementor-widget-heading\" data-id=\"d470b20\" data-element_type=\"widget\" data-widget_type=\"heading.default\">\n\t\t\t\t<div class=\"elementor-widget-container\">\n\t\t\t\t\t<h2 class=\"elementor-heading-title elementor-size-default\">LANIPLAST<\/h2>\t\t\t\t<\/div>\n\t\t\t\t<\/div>\n\t\t\t\t<div class=\"elementor-element elementor-element-5eedfcf elementor-widget elementor-widget-text-editor\" data-id=\"5eedfcf\" data-element_type=\"widget\" data-widget_type=\"text-editor.default\">\n\t\t\t\t<div class=\"elementor-widget-container\">\n\t\t\t\t\t\t\t\t\t<p><strong>Phones:<\/strong><br \/><a href=\"tel:+18092249574\">809 224 95 74<\/a> <br \/><a href=\"tel:+18095662224\">809 566 22 24<\/a> <br \/><strong>Email:<\/strong><br \/><a href=\"mailto:distribuidor.rd@maxipet.net\">distribuidor.rd@maxipet.net<\/a><\/p>\t\t\t\t\t\t\t\t<\/div>\n\t\t\t\t<\/div>\n\t\t\t\t\t<\/div>\n\t\t<\/div>\n\t\t\t\t\t<\/div>\n\t\t<\/section>\n\t\t\t\t<section class=\"elementor-section elementor-top-section elementor-element elementor-element-31eaaaa elementor-hidden-desktop elementor-hidden-tablet elementor-section-boxed elementor-section-height-default elementor-section-height-default\" data-id=\"31eaaaa\" data-element_type=\"section\">\n\t\t\t\t\t\t<div class=\"elementor-container elementor-column-gap-default\">\n\t\t\t\t\t<div class=\"elementor-column elementor-col-100 elementor-top-column elementor-element elementor-element-fd034b8\" data-id=\"fd034b8\" data-element_type=\"column\">\n\t\t\t<div class=\"elementor-widget-wrap elementor-element-populated\">\n\t\t\t\t\t\t<div class=\"elementor-element elementor-element-ba2d21f elementor-widget elementor-widget-html\" data-id=\"ba2d21f\" data-element_type=\"widget\" data-widget_type=\"html.default\">\n\t\t\t\t<div class=\"elementor-widget-container\">\n\t\t\t\t\t<iframe src=\"https:\/\/forms.zohopublic.com\/atencionaclientes1\/form\/Contact\/formperma\/FWz90G9ZLseeuO9Ym0I-MX8-5VQN_o6l7b7ssn1GGGc?zf_rszfm=1\" \n    style=\"border: none; width: 100%; height: 850px; display: block;\"><\/iframe>\n\t\t\t\t<\/div>\n\t\t\t\t<\/div>\n\t\t\t\t<div class=\"elementor-element elementor-element-88379e8 elementor-widget elementor-widget-google_maps\" data-id=\"88379e8\" data-element_type=\"widget\" data-widget_type=\"google_maps.default\">\n\t\t\t\t<div class=\"elementor-widget-container\">\n\t\t\t\t\t\t\t<div class=\"elementor-custom-embed\">\n\t\t\t<iframe loading=\"lazy\"\n\t\t\t\t\tsrc=\"https:\/\/maps.google.com\/maps?q=Av.%20Central%20206%2C%20San%20Pedro%20de%20los%20Pinos%2C%20%C3%81lvaro%20Obreg%C3%B3n%2C%2001180%2C%20Ciudad%20de%20M%C3%A9xico&#038;t=m&#038;z=16&#038;output=embed&#038;iwloc=near\"\n\t\t\t\t\ttitle=\"Av. Central 206, San Pedro de los Pinos, \u00c1lvaro Obreg\u00f3n, 01180, Mexico City\"\n\t\t\t\t\taria-label=\"Av. Central 206, San Pedro de los Pinos, \u00c1lvaro Obreg\u00f3n, 01180, Mexico City\"\n\t\t\t><\/iframe>\n\t\t<\/div>\n\t\t\t\t\t\t<\/div>\n\t\t\t\t<\/div>\n\t\t\t\t<div class=\"elementor-element elementor-element-8d9e19f elementor-widget elementor-widget-heading\" data-id=\"8d9e19f\" data-element_type=\"widget\" data-widget_type=\"heading.default\">\n\t\t\t\t<div class=\"elementor-widget-container\">\n\t\t\t\t\t<h2 class=\"elementor-heading-title elementor-size-default\">Contact Us<\/h2>\t\t\t\t<\/div>\n\t\t\t\t<\/div>\n\t\t\t\t<div class=\"elementor-element elementor-element-3d00b47 elementor-widget elementor-widget-text-editor\" data-id=\"3d00b47\" data-element_type=\"widget\" data-widget_type=\"text-editor.default\">\n\t\t\t\t<div class=\"elementor-widget-container\">\n\t\t\t\t\t\t\t\t\t<p class=\"translation-block\"><strong>Address:<\/strong><br>Av. Central No.206, Col. San Pedro de los Pinos, Alcald\u00eda \u00c1lvaro Obreg\u00f3n, C.P. 01180, Mexico City.<br><strong>Office hours (GMT-6: M\u00e9xico):<\/strong><br>Monday to Thursday 8:30 a 18:00, Friday 8:30 a 14:00<br><strong>WhatsApp:<\/strong><br>Monday to Friday 8:30 a 18:00<br><a href=\"https:\/\/wa.me\/525579662389\" target=\"_self\">+52 55 7966 2389<\/a><br><strong>Phones:<\/strong><br><a href=\"tel:+525552729719\" target=\"_self\">(55) 5272 9719<\/a> <br><a href=\"tel:+525552762977\" target=\"_self\">(55) 5276 2977<\/a><br><strong>Email:<\/strong><br><a href=\"mailto:atencionaclientes@maxipet.net\" target=\"_self\">atencionaclientes@maxipet.net<\/a><\/p>\t\t\t\t\t\t\t\t<\/div>\n\t\t\t\t<\/div>\n\t\t\t\t<div class=\"elementor-element elementor-element-cf9194f elementor-widget elementor-widget-heading\" data-id=\"cf9194f\" data-element_type=\"widget\" data-widget_type=\"heading.default\">\n\t\t\t\t<div class=\"elementor-widget-container\">\n\t\t\t\t\t<h2 class=\"elementor-heading-title elementor-size-default\">Distributor in the Dominican Republic and Cuba<\/h2>\t\t\t\t<\/div>\n\t\t\t\t<\/div>\n\t\t\t\t<div class=\"elementor-element elementor-element-a33706a elementor-widget elementor-widget-heading\" data-id=\"a33706a\" data-element_type=\"widget\" data-widget_type=\"heading.default\">\n\t\t\t\t<div class=\"elementor-widget-container\">\n\t\t\t\t\t<h2 class=\"elementor-heading-title elementor-size-default\">LANIPLAST<\/h2>\t\t\t\t<\/div>\n\t\t\t\t<\/div>\n\t\t\t\t<div class=\"elementor-element elementor-element-f8f4f32 elementor-widget elementor-widget-text-editor\" data-id=\"f8f4f32\" data-element_type=\"widget\" data-widget_type=\"text-editor.default\">\n\t\t\t\t<div class=\"elementor-widget-container\">\n\t\t\t\t\t\t\t\t\t<p><strong>Phones:<\/strong><br \/><a href=\"tel:+18092249574\">809 224 95 74<\/a> <br \/><a href=\"tel:+18095662224\">809 566 22 24<\/a> <br \/><strong>Email:<\/strong><br \/><a href=\"mailto:distribuidor.rd@maxipet.net\">distribuidor.rd@maxipet.net<\/a><\/p>\t\t\t\t\t\t\t\t<\/div>\n\t\t\t\t<\/div>\n\t\t\t\t\t<\/div>\n\t\t<\/div>\n\t\t\t\t\t<\/div>\n\t\t<\/section>\n\t\t\t\t<\/div>","protected":false},"excerpt":{"rendered":"<p>Contacto Inicio \/ Contacto \/ Clientes Contacto Inicio \/ Contacto \/ Clientes Contacto Direcci\u00f3n:Av. Central No.206, Col. San Pedro de los Pinos, Alcald\u00eda \u00c1lvaro Obreg\u00f3n, C.P. 01180, Ciudad de M\u00e9xico.Horario de oficina:Lunes a Jueves de 8:00 am a 6:00 pmViernes de 8:30 am a 2:00 pmAtenci\u00f3n a clientes v\u00eda WhatsApp:Lunes a Viernes de 8:30 am &hellip;<\/p>\n<p class=\"read-more\"> <a class=\"\" href=\"https:\/\/plastimex.mx\/en\/contacto\/\"> <span class=\"screen-reader-text\">Contact Us<\/span> Read More &raquo;<\/a><\/p>","protected":false},"author":1,"featured_media":3599,"parent":0,"menu_order":0,"comment_status":"closed","ping_status":"closed","template":"","meta":{"_acf_changed":false,"_joinchat":[],"footnotes":""},"class_list":["post-1081","page","type-page","status-publish","has-post-thumbnail","hentry"],"acf":[],"yoast_head":"<!-- This site is optimized with the Yoast SEO plugin v26.3 - https:\/\/yoast.com\/wordpress\/plugins\/seo\/ -->\n<title>Contacto - Plastimex<\/title>\n<meta name=\"description\" content=\"Si deseas comprar los mejores envases y tapas para tu producto, no dudes en ponerte en contacto. Estaremos encantados de ayudarte.\" \/>\n<meta name=\"robots\" content=\"index, follow, max-snippet:-1, max-image-preview:large, max-video-preview:-1\" \/>\n<link rel=\"canonical\" href=\"https:\/\/plastimex.mx\/en\/contacto\/\" \/>\n<meta property=\"og:locale\" content=\"en_US\" \/>\n<meta property=\"og:type\" content=\"article\" \/>\n<meta property=\"og:title\" content=\"Contacto - Plastimex\" \/>\n<meta property=\"og:description\" content=\"Si deseas comprar los mejores envases y tapas para tu producto, no dudes en ponerte en contacto. Estaremos encantados de ayudarte.\" \/>\n<meta property=\"og:url\" content=\"https:\/\/plastimex.mx\/en\/contacto\/\" \/>\n<meta property=\"og:site_name\" content=\"Plastimex\" \/>\n<meta property=\"article:modified_time\" content=\"2026-03-18T19:24:57+00:00\" \/>\n<meta property=\"og:image\" content=\"https:\/\/plastimex.mx\/wp-content\/uploads\/2023\/08\/Banner-contacto_Mesa-de-trabajo-1-copia-1.png\" \/>\n\t<meta property=\"og:image:width\" content=\"5116\" \/>\n\t<meta property=\"og:image:height\" content=\"1178\" \/>\n\t<meta property=\"og:image:type\" content=\"image\/png\" \/>\n<meta name=\"twitter:card\" content=\"summary_large_image\" \/>\n<meta name=\"twitter:label1\" content=\"Est. reading time\" \/>\n\t<meta name=\"twitter:data1\" content=\"1 minute\" \/>\n<script type=\"application\/ld+json\" class=\"yoast-schema-graph\">{\"@context\":\"https:\/\/schema.org\",\"@graph\":[{\"@type\":\"WebPage\",\"@id\":\"https:\/\/plastimex.mx\/es_mx\/contacto\/\",\"url\":\"https:\/\/plastimex.mx\/es_mx\/contacto\/\",\"name\":\"Contacto - Plastimex\",\"isPartOf\":{\"@id\":\"https:\/\/plastimex.mx\/#website\"},\"primaryImageOfPage\":{\"@id\":\"https:\/\/plastimex.mx\/es_mx\/contacto\/#primaryimage\"},\"image\":{\"@id\":\"https:\/\/plastimex.mx\/es_mx\/contacto\/#primaryimage\"},\"thumbnailUrl\":\"https:\/\/plastimex.mx\/wp-content\/uploads\/2023\/08\/Banner-contacto_Mesa-de-trabajo-1-copia-1.png\",\"datePublished\":\"2019-01-23T06:32:08+00:00\",\"dateModified\":\"2026-03-18T19:24:57+00:00\",\"description\":\"Si deseas comprar los mejores envases y tapas para tu producto, no dudes en ponerte en contacto. Estaremos encantados de ayudarte.\",\"breadcrumb\":{\"@id\":\"https:\/\/plastimex.mx\/es_mx\/contacto\/#breadcrumb\"},\"inLanguage\":\"en-US\",\"potentialAction\":[{\"@type\":\"ReadAction\",\"target\":[\"https:\/\/plastimex.mx\/es_mx\/contacto\/\"]}]},{\"@type\":\"ImageObject\",\"inLanguage\":\"en-US\",\"@id\":\"https:\/\/plastimex.mx\/es_mx\/contacto\/#primaryimage\",\"url\":\"https:\/\/plastimex.mx\/wp-content\/uploads\/2023\/08\/Banner-contacto_Mesa-de-trabajo-1-copia-1.png\",\"contentUrl\":\"https:\/\/plastimex.mx\/wp-content\/uploads\/2023\/08\/Banner-contacto_Mesa-de-trabajo-1-copia-1.png\",\"width\":5116,\"height\":1178},{\"@type\":\"BreadcrumbList\",\"@id\":\"https:\/\/plastimex.mx\/es_mx\/contacto\/#breadcrumb\",\"itemListElement\":[{\"@type\":\"ListItem\",\"position\":1,\"name\":\"Home\",\"item\":\"https:\/\/plastimex.mx\/\"},{\"@type\":\"ListItem\",\"position\":2,\"name\":\"Contacto\"}]},{\"@type\":\"WebSite\",\"@id\":\"https:\/\/plastimex.mx\/#website\",\"url\":\"https:\/\/plastimex.mx\/\",\"name\":\"Plastimex\",\"description\":\"Plastimex\",\"publisher\":{\"@id\":\"https:\/\/plastimex.mx\/#organization\"},\"potentialAction\":[{\"@type\":\"SearchAction\",\"target\":{\"@type\":\"EntryPoint\",\"urlTemplate\":\"https:\/\/plastimex.mx\/?s={search_term_string}\"},\"query-input\":{\"@type\":\"PropertyValueSpecification\",\"valueRequired\":true,\"valueName\":\"search_term_string\"}}],\"inLanguage\":\"en-US\"},{\"@type\":\"Organization\",\"@id\":\"https:\/\/plastimex.mx\/#organization\",\"name\":\"Plastimex\",\"url\":\"https:\/\/plastimex.mx\/\",\"logo\":{\"@type\":\"ImageObject\",\"inLanguage\":\"en-US\",\"@id\":\"https:\/\/plastimex.mx\/#\/schema\/logo\/image\/\",\"url\":\"https:\/\/plastimex.mx\/wp-content\/uploads\/2020\/02\/Plastimex-RGB.png\",\"contentUrl\":\"https:\/\/plastimex.mx\/wp-content\/uploads\/2020\/02\/Plastimex-RGB.png\",\"width\":540,\"height\":171,\"caption\":\"Plastimex\"},\"image\":{\"@id\":\"https:\/\/plastimex.mx\/#\/schema\/logo\/image\/\"}}]}<\/script>\n<!-- \/ Yoast SEO plugin. -->","yoast_head_json":{"title":"Contacto - Plastimex","description":"Si deseas comprar los mejores envases y tapas para tu producto, no dudes en ponerte en contacto. Estaremos encantados de ayudarte.","robots":{"index":"index","follow":"follow","max-snippet":"max-snippet:-1","max-image-preview":"max-image-preview:large","max-video-preview":"max-video-preview:-1"},"canonical":"https:\/\/plastimex.mx\/en\/contacto\/","og_locale":"en_US","og_type":"article","og_title":"Contacto - Plastimex","og_description":"Si deseas comprar los mejores envases y tapas para tu producto, no dudes en ponerte en contacto. Estaremos encantados de ayudarte.","og_url":"https:\/\/plastimex.mx\/en\/contacto\/","og_site_name":"Plastimex","article_modified_time":"2026-03-18T19:24:57+00:00","og_image":[{"width":5116,"height":1178,"url":"https:\/\/plastimex.mx\/wp-content\/uploads\/2023\/08\/Banner-contacto_Mesa-de-trabajo-1-copia-1.png","type":"image\/png"}],"twitter_card":"summary_large_image","twitter_misc":{"Est. reading time":"1 minute"},"schema":{"@context":"https:\/\/schema.org","@graph":[{"@type":"WebPage","@id":"https:\/\/plastimex.mx\/es_mx\/contacto\/","url":"https:\/\/plastimex.mx\/es_mx\/contacto\/","name":"Contacto - Plastimex","isPartOf":{"@id":"https:\/\/plastimex.mx\/#website"},"primaryImageOfPage":{"@id":"https:\/\/plastimex.mx\/es_mx\/contacto\/#primaryimage"},"image":{"@id":"https:\/\/plastimex.mx\/es_mx\/contacto\/#primaryimage"},"thumbnailUrl":"https:\/\/plastimex.mx\/wp-content\/uploads\/2023\/08\/Banner-contacto_Mesa-de-trabajo-1-copia-1.png","datePublished":"2019-01-23T06:32:08+00:00","dateModified":"2026-03-18T19:24:57+00:00","description":"Si deseas comprar los mejores envases y tapas para tu producto, no dudes en ponerte en contacto. Estaremos encantados de ayudarte.","breadcrumb":{"@id":"https:\/\/plastimex.mx\/es_mx\/contacto\/#breadcrumb"},"inLanguage":"en-US","potentialAction":[{"@type":"ReadAction","target":["https:\/\/plastimex.mx\/es_mx\/contacto\/"]}]},{"@type":"ImageObject","inLanguage":"en-US","@id":"https:\/\/plastimex.mx\/es_mx\/contacto\/#primaryimage","url":"https:\/\/plastimex.mx\/wp-content\/uploads\/2023\/08\/Banner-contacto_Mesa-de-trabajo-1-copia-1.png","contentUrl":"https:\/\/plastimex.mx\/wp-content\/uploads\/2023\/08\/Banner-contacto_Mesa-de-trabajo-1-copia-1.png","width":5116,"height":1178},{"@type":"BreadcrumbList","@id":"https:\/\/plastimex.mx\/es_mx\/contacto\/#breadcrumb","itemListElement":[{"@type":"ListItem","position":1,"name":"Home","item":"https:\/\/plastimex.mx\/"},{"@type":"ListItem","position":2,"name":"Contacto"}]},{"@type":"WebSite","@id":"https:\/\/plastimex.mx\/#website","url":"https:\/\/plastimex.mx\/","name":"Plastimex","description":"Plastimex","publisher":{"@id":"https:\/\/plastimex.mx\/#organization"},"potentialAction":[{"@type":"SearchAction","target":{"@type":"EntryPoint","urlTemplate":"https:\/\/plastimex.mx\/?s={search_term_string}"},"query-input":{"@type":"PropertyValueSpecification","valueRequired":true,"valueName":"search_term_string"}}],"inLanguage":"en-US"},{"@type":"Organization","@id":"https:\/\/plastimex.mx\/#organization","name":"Plastimex","url":"https:\/\/plastimex.mx\/","logo":{"@type":"ImageObject","inLanguage":"en-US","@id":"https:\/\/plastimex.mx\/#\/schema\/logo\/image\/","url":"https:\/\/plastimex.mx\/wp-content\/uploads\/2020\/02\/Plastimex-RGB.png","contentUrl":"https:\/\/plastimex.mx\/wp-content\/uploads\/2020\/02\/Plastimex-RGB.png","width":540,"height":171,"caption":"Plastimex"},"image":{"@id":"https:\/\/plastimex.mx\/#\/schema\/logo\/image\/"}}]}},"_links":{"self":[{"href":"https:\/\/plastimex.mx\/en\/wp-json\/wp\/v2\/pages\/1081","targetHints":{"allow":["GET"]}}],"collection":[{"href":"https:\/\/plastimex.mx\/en\/wp-json\/wp\/v2\/pages"}],"about":[{"href":"https:\/\/plastimex.mx\/en\/wp-json\/wp\/v2\/types\/page"}],"author":[{"embeddable":true,"href":"https:\/\/plastimex.mx\/en\/wp-json\/wp\/v2\/users\/1"}],"replies":[{"embeddable":true,"href":"https:\/\/plastimex.mx\/en\/wp-json\/wp\/v2\/comments?post=1081"}],"version-history":[{"count":0,"href":"https:\/\/plastimex.mx\/en\/wp-json\/wp\/v2\/pages\/1081\/revisions"}],"wp:featuredmedia":[{"embeddable":true,"href":"https:\/\/plastimex.mx\/en\/wp-json\/wp\/v2\/media\/3599"}],"wp:attachment":[{"href":"https:\/\/plastimex.mx\/en\/wp-json\/wp\/v2\/media?parent=1081"}],"curies":[{"name":"wp","href":"https:\/\/api.w.org\/{rel}","templated":true}]}}